{"id":10050,"date":"2023-05-18T11:12:10","date_gmt":"2023-05-18T09:12:10","guid":{"rendered":"https:\/\/wpd.ugr.es\/~aagil\/?page_id=10050"},"modified":"2024-03-07T09:40:25","modified_gmt":"2024-03-07T07:40:25","slug":"funding","status":"publish","type":"page","link":"https:\/\/wpd.ugr.es\/~aagil\/funding\/","title":{"rendered":"Funding"},"content":{"rendered":"\t\t<div data-elementor-type=\"wp-page\" data-elementor-id=\"10050\" class=\"elementor elementor-10050\">\n\t\t\t\t\t\t\t\t\t<section class=\"elementor-section elementor-top-section elementor-element elementor-element-0adb477 elementor-section-full_width qode_elementor_container_inner elementor-section-stretched elementor-section-height-default elementor-section-height-default parallax_section_no\" data-id=\"0adb477\" data-element_type=\"section\" data-settings=\"{&quot;stretch_section&quot;:&quot;section-stretched&quot;,&quot;background_background&quot;:&quot;classic&quot;}\">\n\t\t\t\t\t\t<div class=\"elementor-container elementor-column-gap-default\">\n\t\t\t\t\t<div class=\"elementor-column elementor-col-100 elementor-top-column elementor-element elementor-element-ca7ab9f\" data-id=\"ca7ab9f\" data-element_type=\"column\" data-settings=\"{&quot;background_background&quot;:&quot;classic&quot;}\">\n\t\t\t<div class=\"elementor-widget-wrap elementor-element-populated\">\n\t\t\t\t\t\t\t\t<div class=\"elementor-element elementor-element-3b6d894 elementor-widget elementor-widget-text-editor\" data-id=\"3b6d894\" data-element_type=\"widget\" data-widget_type=\"text-editor.default\">\n\t\t\t\t<div class=\"elementor-widget-container\">\n\t\t\t<style>\/*! elementor - v3.14.0 - 26-06-2023 *\/\n.elementor-widget-text-editor.elementor-drop-cap-view-stacked .elementor-drop-cap{background-color:#69727d;color:#fff}.elementor-widget-text-editor.elementor-drop-cap-view-framed .elementor-drop-cap{color:#69727d;border:3px solid;background-color:transparent}.elementor-widget-text-editor:not(.elementor-drop-cap-view-default) .elementor-drop-cap{margin-top:8px}.elementor-widget-text-editor:not(.elementor-drop-cap-view-default) .elementor-drop-cap-letter{width:1em;height:1em}.elementor-widget-text-editor .elementor-drop-cap{float:left;text-align:center;line-height:1;font-size:50px}.elementor-widget-text-editor .elementor-drop-cap-letter{display:inline-block}<\/style>\t\t\t\t<h2><span style=\"color: #ffffff;\">FUNDING<\/span><\/h2>\t\t\t\t\t\t<\/div>\n\t\t\t\t<\/div>\n\t\t\t\t\t<\/div>\n\t\t<\/div>\n\t\t\t\t\t\t\t<\/div>\n\t\t<\/section>\n\t\t\t\t<section class=\"elementor-section elementor-top-section elementor-element elementor-element-1bdf190 elementor-section-full_width qode_elementor_container_inner elementor-section-height-default elementor-section-height-default parallax_section_no\" data-id=\"1bdf190\" data-element_type=\"section\">\n\t\t\t\t\t\t<div class=\"elementor-container elementor-column-gap-default\">\n\t\t\t\t\t<div class=\"elementor-column elementor-col-100 elementor-top-column elementor-element elementor-element-2c7b354\" data-id=\"2c7b354\" data-element_type=\"column\" data-settings=\"{&quot;background_background&quot;:&quot;classic&quot;}\">\n\t\t\t<div class=\"elementor-widget-wrap elementor-element-populated\">\n\t\t\t\t\t\t\t\t<section class=\"elementor-section elementor-inner-section elementor-element elementor-element-2d4d124 elementor-section-full_width elementor-section-height-default elementor-section-height-default parallax_section_no qode_elementor_container_no\" data-id=\"2d4d124\" data-element_type=\"section\">\n\t\t\t\t\t\t<div class=\"elementor-container elementor-column-gap-default\">\n\t\t\t\t\t<div class=\"elementor-column elementor-col-100 elementor-inner-column elementor-element elementor-element-f212bca\" data-id=\"f212bca\" data-element_type=\"column\">\n\t\t\t<div class=\"elementor-widget-wrap elementor-element-populated\">\n\t\t\t\t\t\t\t\t<div class=\"elementor-element elementor-element-dfd2af0 elementor-widget elementor-widget-text-editor\" data-id=\"dfd2af0\" data-element_type=\"widget\" data-widget_type=\"text-editor.default\">\n\t\t\t\t<div class=\"elementor-widget-container\">\n\t\t\t\t\t\t\t<h6><strong>Refe: PID2021-125900OB-I00.<\/strong><\/h6><p><strong>T\u00edtulo<\/strong>: \u201cEFECTO DE LA MELATONINA SOBRE LA TERMOGENESIS MUSCULAR Ca2+-DEPENDIENTE IN VIVO E IN VITRO (RATAS OBESAS Y DIABETICAS ZDF- Y MIOBLASTOS HUMANOS)\u00bb.<\/p><ul><li>Ent. Financiad.: PROYECTOS DE GENERACI\u00d3N DE CONOCIMIENTO 2021-2023 \u2013 Ministerio Ciencia e Innovaci\u00f3n &#8211; FEDER.<\/li><li>Entid. Particip.: UGR &#8211; US. Duraci\u00f3n: 01\/09\/2022- 31\/8\/2025. Cuant\u00eda: 108.900,00. N\u00ba de investigadores participantes: 4<\/li><\/ul><h6><strong>Refe: B-CTS-102-UGR20.<\/strong><\/h6><p><strong>T\u00edtulo<\/strong>: \u201cModulaci\u00f3n de la din\u00e1mica mitocondrial y del estr\u00e9s del ret\u00edculo endoplasm\u00e1tico del tejido adiposo marr\u00f3n y renal en respuesta al efecto anti-obesidad de la melatonina en ratas obesas y diab\u00e9ticas\u00bb.<\/p><ul><li>Ent. Financiad.: Proyectos I+D+i FEDER Andaluc\u00eda-UGR 2014-2020.<\/li><li>Entid. Particip.: UGR. Duraci\u00f3n: 01\/06\/2021- 31\/5\/2023. Cuant\u00eda: 25.000.<\/li><li>N\u00ba de investigadores participantes: 3<\/li><\/ul><p>Molecular mechanisms involved in the activation or recruitment of beige adipocytes\u00a0and organular functionality in adipose tissue and kidney in response to melatonin in vitro and in vivo\u00bb. (SAF2016-79794-R) from the Ministery de Economy y Competity (Spain). 2017-2019.<\/p><p>\u00a0<\/p><p>Molecular mechanisms of anti-obesity effect of melatonin in Zucker diabetic fatty rat. (SAF 2013-45752-R) from the Ministery de Economy y Competity (Spain). 2014-2017.<\/p>\t\t\t\t\t\t<\/div>\n\t\t\t\t<\/div>\n\t\t\t\t\t<\/div>\n\t\t<\/div>\n\t\t\t\t\t\t\t<\/div>\n\t\t<\/section>\n\t\t\t\t\t<\/div>\n\t\t<\/div>\n\t\t\t\t\t\t\t<\/div>\n\t\t<\/section>\n\t\t\t\t\t\t\t<\/div>\n\t\t","protected":false},"excerpt":{"rendered":"<p>FUNDING Refe: PID2021-125900OB-I00. T\u00edtulo: \u201cEFECTO DE LA MELATONINA SOBRE LA TERMOGENESIS MUSCULAR Ca2+-DEPENDIENTE IN VIVO E IN VITRO (RATAS OBESAS Y DIABETICAS ZDF- Y MIOBLASTOS HUMANOS)\u00bb. Ent. Financiad.: PROYECTOS DE GENERACI\u00d3N DE CONOCIMIENTO 2021-2023 \u2013 Ministerio Ciencia e Innovaci\u00f3n &#8211; FEDER. Entid. Particip.: UGR &#8211;&#8230;<\/p>\n","protected":false},"author":1,"featured_media":0,"parent":0,"menu_order":0,"comment_status":"closed","ping_status":"closed","template":"full_width.php","meta":[],"_links":{"self":[{"href":"https:\/\/wpd.ugr.es\/~aagil\/wp-json\/wp\/v2\/pages\/10050"}],"collection":[{"href":"https:\/\/wpd.ugr.es\/~aagil\/wp-json\/wp\/v2\/pages"}],"about":[{"href":"https:\/\/wpd.ugr.es\/~aagil\/wp-json\/wp\/v2\/types\/page"}],"author":[{"embeddable":true,"href":"https:\/\/wpd.ugr.es\/~aagil\/wp-json\/wp\/v2\/users\/1"}],"replies":[{"embeddable":true,"href":"https:\/\/wpd.ugr.es\/~aagil\/wp-json\/wp\/v2\/comments?post=10050"}],"version-history":[{"count":16,"href":"https:\/\/wpd.ugr.es\/~aagil\/wp-json\/wp\/v2\/pages\/10050\/revisions"}],"predecessor-version":[{"id":10455,"href":"https:\/\/wpd.ugr.es\/~aagil\/wp-json\/wp\/v2\/pages\/10050\/revisions\/10455"}],"wp:attachment":[{"href":"https:\/\/wpd.ugr.es\/~aagil\/wp-json\/wp\/v2\/media?parent=10050"}],"curies":[{"name":"wp","href":"https:\/\/api.w.org\/{rel}","templated":true}]}}