{"id":2,"date":"2021-11-23T07:48:07","date_gmt":"2021-11-23T06:48:07","guid":{"rendered":"https:\/\/wpd.ugr.es\/~able\/wordpress\/?page_id=2"},"modified":"2025-03-19T08:43:29","modified_gmt":"2025-03-19T07:43:29","slug":"pagina-ejemplo","status":"publish","type":"page","link":"https:\/\/wpd.ugr.es\/~able\/wordpress\/","title":{"rendered":"P\u00e1gina de ejemplo"},"content":{"rendered":"\t\t<div data-elementor-type=\"wp-page\" data-elementor-id=\"2\" class=\"elementor elementor-2\" data-elementor-settings=\"[]\">\n\t\t\t\t\t\t\t<div class=\"elementor-section-wrap\">\n\t\t\t\t\t\t\t<section class=\"elementor-section elementor-top-section elementor-element elementor-element-bc1a10d elementor-section-full_width elementor-section-stretched elementor-section-height-default elementor-section-height-default qodef-elementor-content-no\" data-id=\"bc1a10d\" data-element_type=\"section\" data-settings=\"{&quot;stretch_section&quot;:&quot;section-stretched&quot;}\">\n\t\t\t\t\t\t<div class=\"elementor-container elementor-column-gap-default\">\n\t\t\t\t\t<div class=\"elementor-column elementor-col-50 elementor-top-column elementor-element elementor-element-3b71023\" data-id=\"3b71023\" data-element_type=\"column\" data-settings=\"{&quot;background_background&quot;:&quot;classic&quot;}\">\n\t\t\t<div class=\"elementor-widget-wrap elementor-element-populated\">\n\t\t\t\t\t\t\t\t<div class=\"elementor-element elementor-element-04f2df6 elementor-widget elementor-widget-text-editor\" data-id=\"04f2df6\" data-element_type=\"widget\" data-widget_type=\"text-editor.default\">\n\t\t\t\t<div class=\"elementor-widget-container\">\n\t\t\t\t\t\t\t<h2>Os damos la bienvenida a ABLE<\/h2>\t\t\t\t\t\t<\/div>\n\t\t\t\t<\/div>\n\t\t\t\t<div class=\"elementor-element elementor-element-0bdc0d7 elementor-widget elementor-widget-text-editor\" data-id=\"0bdc0d7\" data-element_type=\"widget\" data-widget_type=\"text-editor.default\">\n\t\t\t\t<div class=\"elementor-widget-container\">\n\t\t\t\t\t\t\t<p><strong>ABLE: Aborto no punible en Espa\u00f1a: ciencia, asistencia y movimientos sociales (d\u00e9cadas de 1980 y 1990)<\/strong><\/p><p>ABLE es un proyecto de investigaci\u00f3n financiado por el Ministerio de Ciencia e Innovaci\u00f3n (Convocatoria de proyectos I + D + i 2020, modalidad Generaci\u00f3n de Conocimiento, ref. PID2020-113312GA-I00). Est\u00e1 adscrito al Departamento de Anatom\u00eda Patol\u00f3gica e Historia de la Ciencia de la Universidad de Granada. Investigamos la implementaci\u00f3n de la Ley Org\u00e1nica 9\/1985 que regul\u00f3 la despenalizaci\u00f3n parcial del aborto en Espa\u00f1a en tres espacios interconectados: el cient\u00edfico, asistencial y de movimientos sociales.<\/p>\t\t\t\t\t\t<\/div>\n\t\t\t\t<\/div>\n\t\t\t\t\t<\/div>\n\t\t<\/div>\n\t\t\t\t<div class=\"elementor-column elementor-col-50 elementor-top-column elementor-element elementor-element-34c62f6\" data-id=\"34c62f6\" data-element_type=\"column\" data-settings=\"{&quot;background_background&quot;:&quot;classic&quot;}\">\n\t\t\t<div class=\"elementor-widget-wrap elementor-element-populated\">\n\t\t\t\t\t\t\t\t<div class=\"elementor-element elementor-element-c694809 elementor-widget elementor-widget-spacer\" data-id=\"c694809\" data-element_type=\"widget\" data-widget_type=\"spacer.default\">\n\t\t\t\t<div class=\"elementor-widget-container\">\n\t\t\t\t\t<div class=\"elementor-spacer\">\n\t\t\t<div class=\"elementor-spacer-inner\"><\/div>\n\t\t<\/div>\n\t\t\t\t<\/div>\n\t\t\t\t<\/div>\n\t\t\t\t\t<\/div>\n\t\t<\/div>\n\t\t\t\t\t\t\t<\/div>\n\t\t<\/section>\n\t\t\t\t<section class=\"elementor-section elementor-top-section elementor-element elementor-element-6921775 elementor-section-full_width elementor-section-stretched elementor-section-height-default elementor-section-height-default qodef-elementor-content-no\" data-id=\"6921775\" data-element_type=\"section\" data-settings=\"{&quot;stretch_section&quot;:&quot;section-stretched&quot;}\">\n\t\t\t\t\t\t<div class=\"elementor-container elementor-column-gap-default\">\n\t\t\t\t\t<div class=\"elementor-column elementor-col-100 elementor-top-column elementor-element elementor-element-179bad6\" data-id=\"179bad6\" data-element_type=\"column\" data-settings=\"{&quot;background_background&quot;:&quot;classic&quot;}\">\n\t\t\t<div class=\"elementor-widget-wrap elementor-element-populated\">\n\t\t\t\t\t\t\t\t<div class=\"elementor-element elementor-element-4b049eb elementor-widget elementor-widget-qi_addons_for_elementor_call_to_action\" data-id=\"4b049eb\" data-element_type=\"widget\" data-widget_type=\"qi_addons_for_elementor_call_to_action.default\">\n\t\t\t\t<div class=\"elementor-widget-container\">\n\t\t\t<div class=\"qodef-shortcode qodef-m  qodef-qi-call-to-action qodef-layout--standard qodef-button-below--680 \">\n\t<div class=\"qodef-m-inner\">\n\t\t<div class=\"qodef-m-content\">\n\t\t\t<h5 class=\"qodef-m-title\">\n\t\t\tAcerca de\t\t<\/h5>\n\t\t\t\t<div class=\"qodef-m-text\">\n\t\t\tEl proyecto ABLE estudia la historia de la implementaci\u00f3n del aborto legal en Espa\u00f1a durante los primeros quince a\u00f1os de vigencia de la Ley Org\u00e1nica 9\/1985.\t\t<\/div>\n\t<\/div>\n\t\t\t<div class=\"qodef-m-button\">\n\t\t<a class=\"qodef-shortcode qodef-m  qodef-qi-button qodef-html--link qodef-layout--filled qodef-type--standard   qodef-icon--right qodef-hover--icon-move-horizontal-short     \" href=\"https:\/\/wpd.ugr.es\/~able\/wordpress\/acerca-de\/\" target=\"_self\">\t<span class=\"qodef-m-text\">Conocer m\u00e1s<\/span>\t<\/a>\t<\/div>\n\t\t\t<\/div>\n<\/div>\n\t\t<\/div>\n\t\t\t\t<\/div>\n\t\t\t\t\t<\/div>\n\t\t<\/div>\n\t\t\t\t\t\t\t<\/div>\n\t\t<\/section>\n\t\t\t\t<section class=\"elementor-section elementor-top-section elementor-element elementor-element-797f55b elementor-section-boxed elementor-section-height-default elementor-section-height-default qodef-elementor-content-no\" data-id=\"797f55b\" data-element_type=\"section\">\n\t\t\t\t\t\t<div class=\"elementor-container elementor-column-gap-default\">\n\t\t\t\t\t<div class=\"elementor-column elementor-col-100 elementor-top-column elementor-element elementor-element-234cf11\" data-id=\"234cf11\" data-element_type=\"column\">\n\t\t\t<div class=\"elementor-widget-wrap elementor-element-populated\">\n\t\t\t\t\t\t\t\t<div class=\"elementor-element elementor-element-3e1600c elementor-widget elementor-widget-text-editor\" data-id=\"3e1600c\" data-element_type=\"widget\" data-widget_type=\"text-editor.default\">\n\t\t\t\t<div class=\"elementor-widget-container\">\n\t\t\t\t\t\t\t<p><span style=\"text-align: justify; font-weight: var( --e-global-typography-text-font-weight ); font-size: 11pt; font-family: Arial, sans-serif; color: #000000; font-variant-numeric: normal; font-variant-east-asian: normal; font-variant-alternates: normal; font-variant-position: normal; font-variant-emoji: normal; white-space-collapse: preserve;\">En 1985 se despenaliz\u00f3 en Espa\u00f1a la interrupci\u00f3n voluntaria del embarazo (en adelante IVE) bajo tres supuestos: riesgo para la vida o la salud de la embarazada, sospecha de malformaciones fetales y violaci\u00f3n, previamente denunciada. En un primer momento el alcance de la despenalizaci\u00f3n estuvo limitado dado que los requisitos establecidos por la normativa de implementaci\u00f3n s\u00f3lo pod\u00edan ser cumplidos por los servicios hospitalarios. No obstante, a partir del oto\u00f1o de 1986, se flexibilizaron las exigencias relativas al personal y a las instalaciones de los centros proveedores de la IVE, lo que permiti\u00f3 la acreditaci\u00f3n de las primeras cl\u00ednicas especializadas en esta prestaci\u00f3n sanitaria.<\/span><\/p><p><span style=\"font-size: 11pt; font-family: Arial, sans-serif; color: #000000; font-variant-numeric: normal; font-variant-east-asian: normal; font-variant-alternates: normal; font-variant-position: normal; font-variant-emoji: normal; white-space-collapse: preserve;\">El proyecto <\/span><span style=\"font-size: 11pt; font-family: Arial, sans-serif; color: #000000; font-weight: bold; font-variant-numeric: normal; font-variant-east-asian: normal; font-variant-alternates: normal; font-variant-position: normal; font-variant-emoji: normal; white-space-collapse: preserve;\">ABLE<\/span><span style=\"font-size: 11pt; font-family: Arial, sans-serif; color: #000000; font-variant-numeric: normal; font-variant-east-asian: normal; font-variant-alternates: normal; font-variant-position: normal; font-variant-emoji: normal; white-space-collapse: preserve;\"> analiza la historia de los primeros a\u00f1os del aborto legal en Espa\u00f1a en tres \u00e1mbitos interconectados: el cient\u00edfico-tecnol\u00f3gico, el asistencial y el de los movimientos sociales.<\/span><\/p><p><span style=\"font-size: 11pt; font-family: Arial, sans-serif; color: #000000; font-variant-numeric: normal; font-variant-east-asian: normal; font-variant-alternates: normal; font-variant-position: normal; font-variant-emoji: normal; white-space-collapse: preserve;\">\u00a0<\/span><span style=\"font-size: 11pt; font-family: Arial, sans-serif; color: #000000; font-variant-numeric: normal; font-variant-east-asian: normal; font-variant-alternates: normal; font-variant-position: normal; font-variant-emoji: normal; white-space-collapse: preserve;\">Investigamos los <\/span><span style=\"font-size: 11pt; font-family: Arial, sans-serif; color: #000000; font-weight: bold; font-variant-numeric: normal; font-variant-east-asian: normal; font-variant-alternates: normal; font-variant-position: normal; font-variant-emoji: normal; white-space-collapse: preserve;\">debates cient\u00edficos en torno a las nuevas tecnolog\u00edas de la IVE<\/span><span style=\"font-size: 11pt; font-family: Arial, sans-serif; color: #000000; font-variant-numeric: normal; font-variant-east-asian: normal; font-variant-alternates: normal; font-variant-position: normal; font-variant-emoji: normal; white-space-collapse: preserve;\">. Ciertos sectores de la \u00e9lite m\u00e9dica espa\u00f1ola investigaban y publicaban trabajos sobre la t\u00e9cnica de la aspiraci\u00f3n, al menos, desde mediados de la d\u00e9cada de 1960, a pesar de la prohibici\u00f3n total del aborto instaurada por el r\u00e9gimen franquista en 1941. Durante las \u00faltimas d\u00e9cadas del franquismo, ginec\u00f3logos espa\u00f1oles emplearon y divulgaron esta t\u00e9cnica, present\u00e1ndola como un procedimiento tanto terap\u00e9utico como diagn\u00f3stico, sin ocultar, sin embargo, su uso para la interrupci\u00f3n del embarazo en otros pa\u00edses europeos. Desde finales de la d\u00e9cada de 1970, algunos ginec\u00f3logos politizados y activistas comenzaron a practicar abortos clandestinos mediante aspiraci\u00f3n, que m\u00e1s tarde se convertir\u00eda en la t\u00e9cnica m\u00e1s utilizada en las cl\u00ednicas acreditadas para la IVE a partir de 1986. En lo que respecta al aborto farmacol\u00f3gico, este fue objeto de renovados debates p\u00fablicos en Espa\u00f1a durante las d\u00e9cadas de 1980 y 1990. Sin embargo, la mifepristona no fue introducida en el mercado espa\u00f1ol hasta el a\u00f1o 2000, y su acceso permaneci\u00f3 limitado hasta la reforma legislativa de 2010, con la aprobaci\u00f3n de la Ley Org\u00e1nica 2\/2010, de 10 de marzo, de salud sexual y reproductiva y de la interrupci\u00f3n voluntaria del embarazo, que reconoci\u00f3 el derecho al aborto durante las primeras 14 semanas de gestaci\u00f3n.<\/span><\/p><p><span style=\"font-size: 11pt; font-family: Arial, sans-serif; color: #000000; font-variant-numeric: normal; font-variant-east-asian: normal; font-variant-alternates: normal; font-variant-position: normal; font-variant-emoji: normal; white-space-collapse: preserve;\">\u00a0<\/span><span style=\"font-size: 11pt; font-family: Arial, sans-serif; color: #000000; font-variant-numeric: normal; font-variant-east-asian: normal; font-variant-alternates: normal; font-variant-position: normal; font-variant-emoji: normal; white-space-collapse: preserve;\">Tambi\u00e9n examinamos <\/span><span style=\"font-size: 11pt; font-family: Arial, sans-serif; color: #000000; font-weight: bold; font-variant-numeric: normal; font-variant-east-asian: normal; font-variant-alternates: normal; font-variant-position: normal; font-variant-emoji: normal; white-space-collapse: preserve;\">las experiencias de profesionales sanitarios y activistas proveedores, tanto de aquellos que trabajaron en la clandestinidad como quienes, tras la despenalizaci\u00f3n, realizaron o gestionaron abortos en hospitales, cl\u00ednicas y centros de salud<\/span><span style=\"font-size: 11pt; font-family: Arial, sans-serif; color: #000000; font-variant-numeric: normal; font-variant-east-asian: normal; font-variant-alternates: normal; font-variant-position: normal; font-variant-emoji: normal; white-space-collapse: preserve;\">. Profundizamos en sus trayectorias, motivaciones y dificultades en distintos contextos auton\u00f3micos. Asimismo, analizamos de manera espec\u00edfica el papel de las primeras m\u00e9dicas que realizaron abortos legales en las d\u00e9cadas de 1980 y 1990, destacando c\u00f3mo sus militancias pol\u00edticas y feministas influyeron en su pr\u00e1ctica profesional.<\/span><\/p><p><span style=\"font-size: 11pt; font-family: Arial, sans-serif; color: #000000; font-variant-numeric: normal; font-variant-east-asian: normal; font-variant-alternates: normal; font-variant-position: normal; font-variant-emoji: normal; white-space-collapse: preserve;\">\u00a0<\/span><span style=\"font-size: 11pt; font-family: Arial, sans-serif; color: #000000; font-variant-numeric: normal; font-variant-east-asian: normal; font-variant-alternates: normal; font-variant-position: normal; font-variant-emoji: normal; white-space-collapse: preserve;\">Finalmente, estudiamos <\/span><span style=\"font-size: 11pt; font-family: Arial, sans-serif; color: #000000; font-weight: bold; font-variant-numeric: normal; font-variant-east-asian: normal; font-variant-alternates: normal; font-variant-position: normal; font-variant-emoji: normal; white-space-collapse: preserve;\">los inicios del movimiento provida organizado<\/span><span style=\"font-size: 11pt; font-family: Arial, sans-serif; color: #000000; font-variant-numeric: normal; font-variant-east-asian: normal; font-variant-alternates: normal; font-variant-position: normal; font-variant-emoji: normal; white-space-collapse: preserve;\"> durante la transici\u00f3n democr\u00e1tica espa\u00f1ola. Examinamos sus l\u00edneas de actuaci\u00f3n, como el uso del litigio estrat\u00e9gico para obstaculizar la implementaci\u00f3n de la ley de 1985, as\u00ed como sus conexiones transnacionales. Tambi\u00e9n analizamos las <\/span><span style=\"font-size: 11pt; font-family: Arial, sans-serif; color: #000000; font-weight: bold; font-variant-numeric: normal; font-variant-east-asian: normal; font-variant-alternates: normal; font-variant-position: normal; font-variant-emoji: normal; white-space-collapse: preserve;\">interacciones entre grupos feministas espa\u00f1oles que luchaban por el derecho al aborto y los activistas y profesionales proveedores<\/span><span style=\"font-size: 11pt; font-family: Arial, sans-serif; color: #000000; font-variant-numeric: normal; font-variant-east-asian: normal; font-variant-alternates: normal; font-variant-position: normal; font-variant-emoji: normal; white-space-collapse: preserve;\">. A diferencia de pa\u00edses como Italia o Francia, en Espa\u00f1a el movimiento feminista utiliz\u00f3 la pr\u00e1ctica del aborto de manera m\u00e1s limitada y con un enfoque predominantemente pol\u00edtico antes que asistencial.<\/span><\/p><p><span style=\"font-size: 11pt; font-family: Arial, sans-serif; color: #000000; font-variant-numeric: normal; font-variant-east-asian: normal; font-variant-alternates: normal; font-variant-position: normal; font-variant-emoji: normal; white-space-collapse: preserve;\">\u00a0<\/span><span style=\"font-size: 11pt; font-family: Arial, sans-serif; color: #000000; font-variant-numeric: normal; font-variant-east-asian: normal; font-variant-alternates: normal; font-variant-position: normal; font-variant-emoji: normal; white-space-collapse: preserve;\">Con este an\u00e1lisis, nos aproximamos a la complejidad de la implementaci\u00f3n del aborto legal en Espa\u00f1a entre las d\u00e9cadas de 1980 y 2000, considerando tanto los espacios sanitarios como los activistas.<\/span><\/p><p><span style=\"font-size: 11pt; font-family: Arial, sans-serif; color: #000000; font-variant-numeric: normal; font-variant-east-asian: normal; font-variant-alternates: normal; font-variant-position: normal; font-variant-emoji: normal; white-space-collapse: preserve;\">\u00a0<\/span><\/p>\t\t\t\t\t\t<\/div>\n\t\t\t\t<\/div>\n\t\t\t\t\t<\/div>\n\t\t<\/div>\n\t\t\t\t\t\t\t<\/div>\n\t\t<\/section>\n\t\t\t\t\t\t<\/div>\n\t\t\t\t\t<\/div>\n\t\t","protected":false},"excerpt":{"rendered":"<p>Os damos la bienvenida a ABLE ABLE: Aborto no punible en Espa\u00f1a: ciencia, asistencia y movimientos sociales (d\u00e9cadas de 1980 y 1990) ABLE es un proyecto de investigaci\u00f3n financiado por el Ministerio de Ciencia e Innovaci\u00f3n (Convocatoria de proyectos I + D + i 2020, modalidad Generaci\u00f3n de Conocimiento, ref. PID2020-113312GA-I00). Est\u00e1 adscrito al Departamento [&hellip;]<\/p>\n","protected":false},"author":1,"featured_media":0,"parent":0,"menu_order":0,"comment_status":"closed","ping_status":"open","template":"","meta":{"footnotes":""},"_links":{"self":[{"href":"https:\/\/wpd.ugr.es\/~able\/wordpress\/wp-json\/wp\/v2\/pages\/2"}],"collection":[{"href":"https:\/\/wpd.ugr.es\/~able\/wordpress\/wp-json\/wp\/v2\/pages"}],"about":[{"href":"https:\/\/wpd.ugr.es\/~able\/wordpress\/wp-json\/wp\/v2\/types\/page"}],"author":[{"embeddable":true,"href":"https:\/\/wpd.ugr.es\/~able\/wordpress\/wp-json\/wp\/v2\/users\/1"}],"replies":[{"embeddable":true,"href":"https:\/\/wpd.ugr.es\/~able\/wordpress\/wp-json\/wp\/v2\/comments?post=2"}],"version-history":[{"count":91,"href":"https:\/\/wpd.ugr.es\/~able\/wordpress\/wp-json\/wp\/v2\/pages\/2\/revisions"}],"predecessor-version":[{"id":486,"href":"https:\/\/wpd.ugr.es\/~able\/wordpress\/wp-json\/wp\/v2\/pages\/2\/revisions\/486"}],"wp:attachment":[{"href":"https:\/\/wpd.ugr.es\/~able\/wordpress\/wp-json\/wp\/v2\/media?parent=2"}],"curies":[{"name":"wp","href":"https:\/\/api.w.org\/{rel}","templated":true}]}}