{"id":6,"date":"2021-11-23T09:11:53","date_gmt":"2021-11-23T08:11:53","guid":{"rendered":"https:\/\/wpd.ugr.es\/~able\/wordpress\/?page_id=6"},"modified":"2025-03-20T09:26:44","modified_gmt":"2025-03-20T08:26:44","slug":"acerca-de","status":"publish","type":"page","link":"https:\/\/wpd.ugr.es\/~able\/wordpress\/acerca-de\/","title":{"rendered":"Acerca de"},"content":{"rendered":"\t\t<div data-elementor-type=\"wp-page\" data-elementor-id=\"6\" class=\"elementor elementor-6\" data-elementor-settings=\"[]\">\n\t\t\t\t\t\t\t<div class=\"elementor-section-wrap\">\n\t\t\t\t\t\t\t<section class=\"elementor-section elementor-top-section elementor-element elementor-element-473000b elementor-section-full_width elementor-section-stretched elementor-section-height-default elementor-section-height-default qodef-elementor-content-no\" data-id=\"473000b\" data-element_type=\"section\" data-settings=\"{&quot;stretch_section&quot;:&quot;section-stretched&quot;,&quot;background_background&quot;:&quot;classic&quot;}\">\n\t\t\t\t\t\t<div class=\"elementor-container elementor-column-gap-default\">\n\t\t\t\t\t<div class=\"elementor-column elementor-col-50 elementor-top-column elementor-element elementor-element-468f2e4\" data-id=\"468f2e4\" data-element_type=\"column\" data-settings=\"{&quot;background_background&quot;:&quot;classic&quot;}\">\n\t\t\t<div class=\"elementor-widget-wrap elementor-element-populated\">\n\t\t\t\t\t\t\t\t<div class=\"elementor-element elementor-element-1428362 elementor-widget elementor-widget-text-editor\" data-id=\"1428362\" data-element_type=\"widget\" data-widget_type=\"text-editor.default\">\n\t\t\t\t<div class=\"elementor-widget-container\">\n\t\t\t\t\t\t\t<h2>Acerca de<\/h2>\t\t\t\t\t\t<\/div>\n\t\t\t\t<\/div>\n\t\t\t\t<div class=\"elementor-element elementor-element-7e5b677 elementor-widget elementor-widget-text-editor\" data-id=\"7e5b677\" data-element_type=\"widget\" data-widget_type=\"text-editor.default\">\n\t\t\t\t<div class=\"elementor-widget-container\">\n\t\t\t\t\t\t\t<p>Este proyecto estudia la historia de la implementaci\u00f3n del aborto legal en Espa\u00f1a durante los primeros quince a\u00f1os de vigencia de la Ley Org\u00e1nica 9\/1985.<\/p>\t\t\t\t\t\t<\/div>\n\t\t\t\t<\/div>\n\t\t\t\t\t<\/div>\n\t\t<\/div>\n\t\t\t\t<div class=\"elementor-column elementor-col-50 elementor-top-column elementor-element elementor-element-9c00ff3\" data-id=\"9c00ff3\" data-element_type=\"column\" data-settings=\"{&quot;background_background&quot;:&quot;classic&quot;}\">\n\t\t\t<div class=\"elementor-widget-wrap elementor-element-populated\">\n\t\t\t\t\t\t\t\t<div class=\"elementor-element elementor-element-11a97d8 elementor-widget elementor-widget-text-editor\" data-id=\"11a97d8\" data-element_type=\"widget\" data-widget_type=\"text-editor.default\">\n\t\t\t\t<div class=\"elementor-widget-container\">\n\t\t\t\t\t\t\t<p>Planteamos tres objetivos principales:<\/p>\n<p>1) Examinar la constituci\u00f3n de la ciencia del aborto legal en Espa\u00f1a, prestando atenci\u00f3n a las tecnolog\u00edas m\u00e1s recientes del aborto (aspiraci\u00f3n y aborto farmacol\u00f3gico) y a los debates sobre la objeci\u00f3n de conciencia relacionadas con la interrupci\u00f3n voluntaria del embarazo (IVE).<\/p>\n<p>2) Analizar la fundaci\u00f3n de servicios asistenciales espec\u00edficos para la IVE, las din\u00e1micas de la puesta en marcha de los centros p\u00fablicos y privados, y las motivaciones de los\/as profesionales de estos centros y de quienes hicieron objeci\u00f3n de conciencia.<\/p>\n<p>3) Explorar la historia de los movimientos sociales en torno al aborto legal, concretamente la reacci\u00f3n de las organizaciones feministas a la despenalizaci\u00f3n parcial, y la formaci\u00f3n del movimiento pro-vida en Espa\u00f1a, teniendo en cuenta las trayectorias de activistas de estos movimientos y sus conexiones transnacionales.<\/p>\t\t\t\t\t\t<\/div>\n\t\t\t\t<\/div>\n\t\t\t\t\t<\/div>\n\t\t<\/div>\n\t\t\t\t\t\t\t<\/div>\n\t\t<\/section>\n\t\t\t\t<section class=\"elementor-section elementor-top-section elementor-element elementor-element-b237837 elementor-section-full_width elementor-section-stretched elementor-section-height-default elementor-section-height-default qodef-elementor-content-no\" data-id=\"b237837\" data-element_type=\"section\" data-settings=\"{&quot;stretch_section&quot;:&quot;section-stretched&quot;,&quot;background_background&quot;:&quot;classic&quot;}\">\n\t\t\t\t\t\t<div class=\"elementor-container elementor-column-gap-default\">\n\t\t\t\t\t<div class=\"elementor-column elementor-col-100 elementor-top-column elementor-element elementor-element-b2e13e3\" data-id=\"b2e13e3\" data-element_type=\"column\">\n\t\t\t<div class=\"elementor-widget-wrap elementor-element-populated\">\n\t\t\t\t\t\t\t\t<div class=\"elementor-element elementor-element-608d48c elementor-widget elementor-widget-text-editor\" data-id=\"608d48c\" data-element_type=\"widget\" data-widget_type=\"text-editor.default\">\n\t\t\t\t<div class=\"elementor-widget-container\">\n\t\t\t\t\t\t\t<p>Para alcanzar los objetivos, manejamos fuentes archiv\u00edsticas, documentales e iconogr\u00e1ficas como: prensa m\u00e9dica; publicaciones y documentos emitidos por asociaciones y organizaciones profesionales de m\u00e9dicos\/as; libros de ginecolog\u00eda; documentaci\u00f3n sobre y de centros acreditados para la IVE; material generado por el activismo feminista y el movimiento pro-vida. Utilizamos tambi\u00e9n entrevistas, tanto publicadas como realizadas por el equipo, con profesionales m\u00e9dicos y sanitarios involucrados en la provisi\u00f3n de la IVE y con activistas feministas y pro-vida.<\/p>\t\t\t\t\t\t<\/div>\n\t\t\t\t<\/div>\n\t\t\t\t\t<\/div>\n\t\t<\/div>\n\t\t\t\t\t\t\t<\/div>\n\t\t<\/section>\n\t\t\t\t\t\t<\/div>\n\t\t\t\t\t<\/div>\n\t\t","protected":false},"excerpt":{"rendered":"<p>Acerca de Este proyecto estudia la historia de la implementaci\u00f3n del aborto legal en Espa\u00f1a durante los primeros quince a\u00f1os de vigencia de la Ley Org\u00e1nica 9\/1985. Planteamos tres objetivos principales: 1) Examinar la constituci\u00f3n de la ciencia del aborto legal en Espa\u00f1a, prestando atenci\u00f3n a las tecnolog\u00edas m\u00e1s recientes del aborto (aspiraci\u00f3n y aborto [&hellip;]<\/p>\n","protected":false},"author":1,"featured_media":0,"parent":0,"menu_order":0,"comment_status":"closed","ping_status":"closed","template":"","meta":{"footnotes":""},"_links":{"self":[{"href":"https:\/\/wpd.ugr.es\/~able\/wordpress\/wp-json\/wp\/v2\/pages\/6"}],"collection":[{"href":"https:\/\/wpd.ugr.es\/~able\/wordpress\/wp-json\/wp\/v2\/pages"}],"about":[{"href":"https:\/\/wpd.ugr.es\/~able\/wordpress\/wp-json\/wp\/v2\/types\/page"}],"author":[{"embeddable":true,"href":"https:\/\/wpd.ugr.es\/~able\/wordpress\/wp-json\/wp\/v2\/users\/1"}],"replies":[{"embeddable":true,"href":"https:\/\/wpd.ugr.es\/~able\/wordpress\/wp-json\/wp\/v2\/comments?post=6"}],"version-history":[{"count":63,"href":"https:\/\/wpd.ugr.es\/~able\/wordpress\/wp-json\/wp\/v2\/pages\/6\/revisions"}],"predecessor-version":[{"id":492,"href":"https:\/\/wpd.ugr.es\/~able\/wordpress\/wp-json\/wp\/v2\/pages\/6\/revisions\/492"}],"wp:attachment":[{"href":"https:\/\/wpd.ugr.es\/~able\/wordpress\/wp-json\/wp\/v2\/media?parent=6"}],"curies":[{"name":"wp","href":"https:\/\/api.w.org\/{rel}","templated":true}]}}