{"id":7,"date":"2021-11-23T09:11:53","date_gmt":"2021-11-23T08:11:53","guid":{"rendered":"https:\/\/wpd.ugr.es\/~able\/wordpress\/?page_id=7"},"modified":"2023-02-04T11:10:44","modified_gmt":"2023-02-04T10:10:44","slug":"equipo","status":"publish","type":"page","link":"https:\/\/wpd.ugr.es\/~able\/wordpress\/equipo\/","title":{"rendered":"Equipo"},"content":{"rendered":"\t\t<div data-elementor-type=\"wp-page\" data-elementor-id=\"7\" class=\"elementor elementor-7\" data-elementor-settings=\"[]\">\n\t\t\t\t\t\t\t<div class=\"elementor-section-wrap\">\n\t\t\t\t\t\t\t<section class=\"elementor-section elementor-top-section elementor-element elementor-element-d9b5fb0 elementor-section-full_width elementor-section-stretched elementor-section-height-default elementor-section-height-default qodef-elementor-content-no\" data-id=\"d9b5fb0\" data-element_type=\"section\" data-settings=\"{&quot;stretch_section&quot;:&quot;section-stretched&quot;,&quot;background_background&quot;:&quot;classic&quot;}\">\n\t\t\t\t\t\t<div class=\"elementor-container elementor-column-gap-default\">\n\t\t\t\t\t<div class=\"elementor-column elementor-col-100 elementor-top-column elementor-element elementor-element-93d20b6\" data-id=\"93d20b6\" data-element_type=\"column\">\n\t\t\t<div class=\"elementor-widget-wrap elementor-element-populated\">\n\t\t\t\t\t\t\t\t<div class=\"elementor-element elementor-element-c0fbd71 elementor-widget elementor-widget-text-editor\" data-id=\"c0fbd71\" data-element_type=\"widget\" data-widget_type=\"text-editor.default\">\n\t\t\t\t<div class=\"elementor-widget-container\">\n\t\t\t\t\t\t\t<h2>Equipo<\/h2>\t\t\t\t\t\t<\/div>\n\t\t\t\t<\/div>\n\t\t\t\t\t<\/div>\n\t\t<\/div>\n\t\t\t\t\t\t\t<\/div>\n\t\t<\/section>\n\t\t\t\t<section class=\"elementor-section elementor-top-section elementor-element elementor-element-cb71dc7 elementor-section-full_width elementor-section-stretched elementor-section-height-default elementor-section-height-default qodef-elementor-content-no\" data-id=\"cb71dc7\" data-element_type=\"section\" data-settings=\"{&quot;stretch_section&quot;:&quot;section-stretched&quot;,&quot;background_background&quot;:&quot;classic&quot;}\">\n\t\t\t\t\t\t<div class=\"elementor-container elementor-column-gap-default\">\n\t\t\t\t\t<div class=\"elementor-column elementor-col-50 elementor-top-column elementor-element elementor-element-fcd4adf\" data-id=\"fcd4adf\" data-element_type=\"column\">\n\t\t\t<div class=\"elementor-widget-wrap elementor-element-populated\">\n\t\t\t\t\t\t\t\t<div class=\"elementor-element elementor-element-3c57ecc elementor-widget elementor-widget-qi_addons_for_elementor_accordion\" data-id=\"3c57ecc\" data-element_type=\"widget\" data-widget_type=\"qi_addons_for_elementor_accordion.default\">\n\t\t\t\t<div class=\"elementor-widget-container\">\n\t\t\t<div class=\"qodef-shortcode qodef-m  qodef-qi-accordion qodef-qi-clear qodef-behavior--toggle qodef-layout--simple qodef-style--boxed \">\n\t<p class=\"qodef-e-title-holder\">\n\t<span class=\"qodef-e-title\">Agata Ignaciuk <\/span>\n\t<span class=\"qodef-e-mark\">\n\t\t<span class=\"qodef-icon--plus\">\n\t\t\t\t<span class=\"qodef-e-icon\">\n\t\t<i aria-hidden=\"true\" class=\"fas fa-plus\"><\/i>\t<\/span>\n\t\t\t<\/span>\n\t\t<span class=\"qodef-icon--minus\">\n\t\t\t\t<span class=\"qodef-e-icon\">\n\t\t<i aria-hidden=\"true\" class=\"fas fa-minus\"><\/i>\t<\/span>\n\t\t\t<\/span>\n\t<\/span>\n<\/p>\n<div class=\"qodef-e-content\">\n\t<div class=\"qodef-e-content-inner\">\n\t\t<p>Investigadora Principal. Es Profesora ayudante Doctora en el Departamento de Anatom\u00eda Patol\u00f3gica e Historia de la Ciencia, Universidad de Granada. Su principal l\u00ednea de investigaci\u00f3n es la historia de la salud y derechos reproductivos con la perspectiva de g\u00e9nero. Ha publicado sobre la historia de la p\u00edldora anticonceptiva en Espa\u00f1a y Polonia, los viajes para abortar que emprend\u00edan las mujeres espa\u00f1olas en las d\u00e9cadas de los setenta y ochenta, y las tecnolog\u00edas anticonceptivas en la Polonia comunista. Web personal: <a href=\"https:\/\/agataignaciuk.com\/\" target=\"_blank\" rel=\"noopener\"><span style=\"color: #bb9fb8\">\ud83e\udc62 Enlace<\/span><\/a><\/p>\t<\/div>\n<\/div>\n<p class=\"qodef-e-title-holder\">\n\t<span class=\"qodef-e-title\">Mikel Astrain<\/span>\n\t<span class=\"qodef-e-mark\">\n\t\t<span class=\"qodef-icon--plus\">\n\t\t\t\t<span class=\"qodef-e-icon\">\n\t\t<i aria-hidden=\"true\" class=\"fas fa-plus\"><\/i>\t<\/span>\n\t\t\t<\/span>\n\t\t<span class=\"qodef-icon--minus\">\n\t\t\t\t<span class=\"qodef-e-icon\">\n\t\t<i aria-hidden=\"true\" class=\"fas fa-minus\"><\/i>\t<\/span>\n\t\t\t<\/span>\n\t<\/span>\n<\/p>\n<div class=\"qodef-e-content\">\n\t<div class=\"qodef-e-content-inner\">\n\t\t<p>Es profesor titular de Historia de la Ciencia en el Departamento de Anatom\u00eda Patol\u00f3gica e Historia de la Ciencia, Universidad de Granada. Es Director de la revista Dynamis Director del Departamento de Anatom\u00eda Patol\u00f3gica e Historia de la Ciencia. Ha trabajado sobre la medicina y la ciencia ilustrada y el analisis del ejercicio m\u00e9dico en el reino de Granada. Cuenta con una amplia trayectoria en public engagement y transferencia.<\/p>\t<\/div>\n<\/div>\n<p class=\"qodef-e-title-holder\">\n\t<span class=\"qodef-e-title\">Ram\u00f3n Castej\u00f3n Bolea <\/span>\n\t<span class=\"qodef-e-mark\">\n\t\t<span class=\"qodef-icon--plus\">\n\t\t\t\t<span class=\"qodef-e-icon\">\n\t\t<i aria-hidden=\"true\" class=\"fas fa-plus\"><\/i>\t<\/span>\n\t\t\t<\/span>\n\t\t<span class=\"qodef-icon--minus\">\n\t\t\t\t<span class=\"qodef-e-icon\">\n\t\t<i aria-hidden=\"true\" class=\"fas fa-minus\"><\/i>\t<\/span>\n\t\t\t<\/span>\n\t<\/span>\n<\/p>\n<div class=\"qodef-e-content\">\n\t<div class=\"qodef-e-content-inner\">\n\t\t<p>Es Profesor titular de Historia de la Ciencia en el Departamento de Salud P\u00fablica, Historia de la Ciencia y Ginecolog\u00eda, Universidad Miguel Hern\u00e1ndez de Elche, e investigador del Instituto Interuniversitario L\u00f3pez Pi\u00f1ero-Sede UMH. Su principal l\u00ednea de investigaci\u00f3n es la historia de la medicina, de la salud p\u00fablica y de la sexualidad con perspectiva de g\u00e9nero. Ha publicado sobre la historia de las enfermedades de transmisi\u00f3n sexual, la medicina social, la sexualidad y la eugenesia. Web personal: <a href=\"http:\/\/iilp.edu.umh.es\/2019\/09\/23\/969\/\" target=\"_blank\" rel=\"noopener\"><span style=\"color: #bb9fb8\">\ud83e\udc62 Enlace<\/span><\/a><\/p>\t<\/div>\n<\/div>\n<p class=\"qodef-e-title-holder\">\n\t<span class=\"qodef-e-title\">\u00c1ngela Segura Arenas<\/span>\n\t<span class=\"qodef-e-mark\">\n\t\t<span class=\"qodef-icon--plus\">\n\t\t\t\t<span class=\"qodef-e-icon\">\n\t\t<i aria-hidden=\"true\" class=\"fas fa-plus\"><\/i>\t<\/span>\n\t\t\t<\/span>\n\t\t<span class=\"qodef-icon--minus\">\n\t\t\t\t<span class=\"qodef-e-icon\">\n\t\t<i aria-hidden=\"true\" class=\"fas fa-minus\"><\/i>\t<\/span>\n\t\t\t<\/span>\n\t<\/span>\n<\/p>\n<div class=\"qodef-e-content\">\n\t<div class=\"qodef-e-content-inner\">\n\t\t<p>Es graduada en Biolog\u00eda en la rama biosanitaria por la Universidad de Val\u00e8ncia (2020) y con un m\u00e1ster en Historia de la Ciencia y Comunicaci\u00f3n Cient\u00edfica por la misma universidad (2021). Actualmente es doctoranda de la Universidad Miguel Hern\u00e1ndez de Elche con un proyecto de tesis sobre la educaci\u00f3n sexual en la Espa\u00f1a tardofranquista y de la Transici\u00f3n (enmarcado entre 1965 y 1985).<\/p>\t<\/div>\n<\/div>\n<\/div>\n\t\t<\/div>\n\t\t\t\t<\/div>\n\t\t\t\t<div class=\"elementor-element elementor-element-029a8f6 elementor-widget elementor-widget-spacer\" data-id=\"029a8f6\" data-element_type=\"widget\" data-widget_type=\"spacer.default\">\n\t\t\t\t<div class=\"elementor-widget-container\">\n\t\t\t\t\t<div class=\"elementor-spacer\">\n\t\t\t<div class=\"elementor-spacer-inner\"><\/div>\n\t\t<\/div>\n\t\t\t\t<\/div>\n\t\t\t\t<\/div>\n\t\t\t\t\t<\/div>\n\t\t<\/div>\n\t\t\t\t<div class=\"elementor-column elementor-col-50 elementor-top-column elementor-element elementor-element-a75fe72\" data-id=\"a75fe72\" data-element_type=\"column\">\n\t\t\t<div class=\"elementor-widget-wrap elementor-element-populated\">\n\t\t\t\t\t\t\t\t<div class=\"elementor-element elementor-element-f4dfffc elementor-widget elementor-widget-qi_addons_for_elementor_accordion\" data-id=\"f4dfffc\" data-element_type=\"widget\" data-widget_type=\"qi_addons_for_elementor_accordion.default\">\n\t\t\t\t<div class=\"elementor-widget-container\">\n\t\t\t<div class=\"qodef-shortcode qodef-m  qodef-qi-accordion qodef-qi-clear qodef-behavior--toggle qodef-layout--simple qodef-style--boxed \">\n\t<p class=\"qodef-e-title-holder\">\n\t<span class=\"qodef-e-title\">Eugenia Gil Garc\u00eda <\/span>\n\t<span class=\"qodef-e-mark\">\n\t\t<span class=\"qodef-icon--plus\">\n\t\t\t\t<span class=\"qodef-e-icon\">\n\t\t<i aria-hidden=\"true\" class=\"fas fa-plus\"><\/i>\t<\/span>\n\t\t\t<\/span>\n\t\t<span class=\"qodef-icon--minus\">\n\t\t\t\t<span class=\"qodef-e-icon\">\n\t\t<i aria-hidden=\"true\" class=\"fas fa-minus\"><\/i>\t<\/span>\n\t\t\t<\/span>\n\t<\/span>\n<\/p>\n<div class=\"qodef-e-content\">\n\t<div class=\"qodef-e-content-inner\">\n\t\t<p>Es enfermera cl\u00ednica (1982) y licenciada en sociolog\u00eda (1999) y doctora por el Instituto de Estudios de la Mujer de la Universidad de Granada (2005). Ha participado en 8 proyectos de investigaci\u00f3n que analizaban diversos aspectos relacionados con la salud de las mujeres y el liderazgo de las profesiones sanitarias. Ha liderado dos contratos de con la perspectiva de g\u00e9nero. Ha publicado ampliamente en el campo de g\u00e9nero y salud. M\u00e1s informaci\u00f3n: <a href=\"https:\/\/investigacion.us.es\/sisius\/sis_showpub.php?idpers=14057\" target=\"_blank\" rel=\"noopener\"><span style=\"color: #bb9fb8\">\ud83e\udc62 Enlace<\/span><\/a>\u00a0<\/p>\t<\/div>\n<\/div>\n<p class=\"qodef-e-title-holder\">\n\t<span class=\"qodef-e-title\">Gracia Maroto Navarro <\/span>\n\t<span class=\"qodef-e-mark\">\n\t\t<span class=\"qodef-icon--plus\">\n\t\t\t\t<span class=\"qodef-e-icon\">\n\t\t<i aria-hidden=\"true\" class=\"fas fa-plus\"><\/i>\t<\/span>\n\t\t\t<\/span>\n\t\t<span class=\"qodef-icon--minus\">\n\t\t\t\t<span class=\"qodef-e-icon\">\n\t\t<i aria-hidden=\"true\" class=\"fas fa-minus\"><\/i>\t<\/span>\n\t\t\t<\/span>\n\t<\/span>\n<\/p>\n<div class=\"qodef-e-content\">\n\t<div class=\"qodef-e-content-inner\">\n\t\t<p>Es psic\u00f3loga, doctora en Ciencias de la Salud y profesora de la Escuela Andaluza de la Salud P\u00fablica. Es Experta en Epidemiolog\u00eda e Investigaci\u00f3n Cl\u00ednica, pertenece a diferentes grupos de investigaci\u00f3n local y nacional de Epidemiolog\u00eda y Salud P\u00fablica. Tiene una amplia trayectoria en metodolog\u00edas de investigaci\u00f3n, as\u00ed como en proyectos de investigaci\u00f3n, docencia y consultor\u00eda relacionados con desigualdades sociales y de g\u00e9nero en salud. Ha trabajado en distintas l\u00edneas tem\u00e1ticas, entre las que cabe se\u00f1alar una larga trayectoria en Salud Sexual y Reproductiva.<\/p>\t<\/div>\n<\/div>\n<p class=\"qodef-e-title-holder\">\n\t<span class=\"qodef-e-title\">Teresa Ortiz G\u00f3mez <\/span>\n\t<span class=\"qodef-e-mark\">\n\t\t<span class=\"qodef-icon--plus\">\n\t\t\t\t<span class=\"qodef-e-icon\">\n\t\t<i aria-hidden=\"true\" class=\"fas fa-plus\"><\/i>\t<\/span>\n\t\t\t<\/span>\n\t\t<span class=\"qodef-icon--minus\">\n\t\t\t\t<span class=\"qodef-e-icon\">\n\t\t<i aria-hidden=\"true\" class=\"fas fa-minus\"><\/i>\t<\/span>\n\t\t\t<\/span>\n\t<\/span>\n<\/p>\n<div class=\"qodef-e-content\">\n\t<div class=\"qodef-e-content-inner\">\n\t\t<p>Es Catedr\u00e1tica jubilada de Historia de la Ciencia y Profesora colaboradora extraordinaria del Departamento de Anatom\u00eda Patol\u00f3gica e Historia de la Ciencia, Universidad de Granada. Su l\u00ednea de investigaci\u00f3n m\u00e1s reciente se centra en la historia de la planificaci\u00f3n familiar en Espa\u00f1a. Web personal: <a href=\"http:\/\/wpd.ugr.es\/~tortiz\/\" target=\"_blank\" rel=\"noopener\"><span style=\"color: #bb9fb8\">\ud83e\udc62 Enlace<\/span><\/a><\/p>\t<\/div>\n<\/div>\n<p class=\"qodef-e-title-holder\">\n\t<span class=\"qodef-e-title\">Mar\u00eda Mundi L\u00f3pez<\/span>\n\t<span class=\"qodef-e-mark\">\n\t\t<span class=\"qodef-icon--plus\">\n\t\t\t\t<span class=\"qodef-e-icon\">\n\t\t<i aria-hidden=\"true\" class=\"fas fa-plus\"><\/i>\t<\/span>\n\t\t\t<\/span>\n\t\t<span class=\"qodef-icon--minus\">\n\t\t\t\t<span class=\"qodef-e-icon\">\n\t\t<i aria-hidden=\"true\" class=\"fas fa-minus\"><\/i>\t<\/span>\n\t\t\t<\/span>\n\t<\/span>\n<\/p>\n<div class=\"qodef-e-content\">\n\t<div class=\"qodef-e-content-inner\">\n\t\t<p>Es graduada en Medicina por la Universidad de Granada (2022). Actualmente es estudiante de M\u00e1ster de Historia de la Ciencia, los Saberes y la T\u00e9cnica en el \u00c9cole d\u2019Hautes \u00c9tudes en Sciences Sociales de Par\u00eds (EHESS) y doctoranda de la Universidad de Granada donde lleva a cabo un proyecto sobre la historia del aborto medicamentoso en Espa\u00f1a a partir de la d\u00e9cada de 1980.<\/p>\t<\/div>\n<\/div>\n<\/div>\n\t\t<\/div>\n\t\t\t\t<\/div>\n\t\t\t\t\t<\/div>\n\t\t<\/div>\n\t\t\t\t\t\t\t<\/div>\n\t\t<\/section>\n\t\t\t\t\t\t<\/div>\n\t\t\t\t\t<\/div>\n\t\t","protected":false},"excerpt":{"rendered":"<p>Equipo Agata Ignaciuk Investigadora Principal. Es Profesora ayudante Doctora en el Departamento de Anatom\u00eda Patol\u00f3gica e Historia de la Ciencia, Universidad de Granada. Su principal l\u00ednea de investigaci\u00f3n es la historia de la salud y derechos reproductivos con la perspectiva de g\u00e9nero. Ha publicado sobre la historia de la p\u00edldora anticonceptiva en Espa\u00f1a y Polonia, [&hellip;]<\/p>\n","protected":false},"author":1,"featured_media":0,"parent":0,"menu_order":0,"comment_status":"closed","ping_status":"closed","template":"","meta":{"footnotes":""},"_links":{"self":[{"href":"https:\/\/wpd.ugr.es\/~able\/wordpress\/wp-json\/wp\/v2\/pages\/7"}],"collection":[{"href":"https:\/\/wpd.ugr.es\/~able\/wordpress\/wp-json\/wp\/v2\/pages"}],"about":[{"href":"https:\/\/wpd.ugr.es\/~able\/wordpress\/wp-json\/wp\/v2\/types\/page"}],"author":[{"embeddable":true,"href":"https:\/\/wpd.ugr.es\/~able\/wordpress\/wp-json\/wp\/v2\/users\/1"}],"replies":[{"embeddable":true,"href":"https:\/\/wpd.ugr.es\/~able\/wordpress\/wp-json\/wp\/v2\/comments?post=7"}],"version-history":[{"count":71,"href":"https:\/\/wpd.ugr.es\/~able\/wordpress\/wp-json\/wp\/v2\/pages\/7\/revisions"}],"predecessor-version":[{"id":412,"href":"https:\/\/wpd.ugr.es\/~able\/wordpress\/wp-json\/wp\/v2\/pages\/7\/revisions\/412"}],"wp:attachment":[{"href":"https:\/\/wpd.ugr.es\/~able\/wordpress\/wp-json\/wp\/v2\/media?parent=7"}],"curies":[{"name":"wp","href":"https:\/\/api.w.org\/{rel}","templated":true}]}}