{"id":9,"date":"2021-11-23T09:11:54","date_gmt":"2021-11-23T08:11:54","guid":{"rendered":"https:\/\/wpd.ugr.es\/~able\/wordpress\/?page_id=9"},"modified":"2025-03-12T16:08:17","modified_gmt":"2025-03-12T15:08:17","slug":"novedades","status":"publish","type":"page","link":"https:\/\/wpd.ugr.es\/~able\/wordpress\/novedades\/","title":{"rendered":"Novedades"},"content":{"rendered":"\t\t<div data-elementor-type=\"wp-page\" data-elementor-id=\"9\" class=\"elementor elementor-9\" data-elementor-settings=\"[]\">\n\t\t\t\t\t\t\t<div class=\"elementor-section-wrap\">\n\t\t\t\t\t\t\t<section class=\"elementor-section elementor-top-section elementor-element elementor-element-385c461 elementor-section-full_width elementor-section-stretched elementor-section-height-default elementor-section-height-default qodef-elementor-content-no\" data-id=\"385c461\" data-element_type=\"section\" data-settings=\"{&quot;stretch_section&quot;:&quot;section-stretched&quot;,&quot;background_background&quot;:&quot;classic&quot;}\">\n\t\t\t\t\t\t<div class=\"elementor-container elementor-column-gap-default\">\n\t\t\t\t\t<div class=\"elementor-column elementor-col-100 elementor-top-column elementor-element elementor-element-4311a1d\" data-id=\"4311a1d\" data-element_type=\"column\">\n\t\t\t<div class=\"elementor-widget-wrap elementor-element-populated\">\n\t\t\t\t\t\t\t\t<div class=\"elementor-element elementor-element-01a00af elementor-widget elementor-widget-text-editor\" data-id=\"01a00af\" data-element_type=\"widget\" data-widget_type=\"text-editor.default\">\n\t\t\t\t<div class=\"elementor-widget-container\">\n\t\t\t\t\t\t\t<h2>Novedades<\/h2>\t\t\t\t\t\t<\/div>\n\t\t\t\t<\/div>\n\t\t\t\t<div class=\"elementor-element elementor-element-62042de elementor-widget elementor-widget-text-editor\" data-id=\"62042de\" data-element_type=\"widget\" data-widget_type=\"text-editor.default\">\n\t\t\t\t<div class=\"elementor-widget-container\">\n\t\t\t\t\t\t\t<p>El 11 y 12 de noviembre de 2024 Agata Ignaciuk y Mar\u00eda Mundi participaron el el workshop internacional \u00abHumanitarianism and Southern Europe: New perspectives in (re)thinking the transitions to democracy\u00bb\u00a0 (Universidad de Florencia). Presentaron la comunicaci\u00f3n titulada \u00abConservative radicalities in transition: the pro-life movement in Spain (1970s-1990s).\u00bb M\u00e1s informaci\u00f3n <a href=\"https:\/\/www.humaneuromed.unifi.it\/upload\/sub\/Humanitarianism%20and%20Southern%20Europe%20Workshop.pdf\" target=\"_blank\" rel=\"noopener\">aqu\u00ed<\/a>.<\/p><p>El 4 de octubre de 2024 Mar\u00eda Mundi fue invitada a participar en el seminario interdisciplinar \u201cRegards crois\u00e9s sur la petite enfance\u201d del Centre Population &amp; D\u00e9veloppement (Ceped), celebrado en la Maison Suger (Fondation Maison des Sciences de l\u2019Homme), Par\u00eds. Present\u00f3 la ponencia \u00abHistoire et actualit\u00e9 des techniques d&#8217;avortement en Espagne: M\u00e9decine et activisme dans l&#8217;acc\u00e8s \u00e0 l&#8217;avortement\u00bb<\/p><p>Agata Ignaciuk particip\u00f3 en el 11 congreso de la European Society for the History of Science (Universidad Pompeu Fabra, Barcelona, 4-7 de septiembre de 2024), con la ponencia titulada \u00abSocialist reproductive medicine? Abortion reform and the provision of abortion services in Spain (1970s-1990s).\u00bb<\/p><p>Agata Ignaciuk present\u00f3 la comunicaci\u00f3n \u00abImplementing and resisting legal abortion in Andalusia, Spain (1985-2010)\u00bb en el congreso bianual de la Society for Social History of Medicine, celebrado en la Universidad de Strathclyde, Glasgow, del 16 a 19 de julio de 2024. En el congreso particip\u00f3 tambi\u00e9n Mar\u00eda Mundi con la comunicaci\u00f3n \u00abPro-life generations: Acci\u00f3n Familiar, J\u00f3venes Pro-Vida and the early strategies of the pro-life movement\u2019s resistance to the sexual reform in Spain (1970s-1990s).\u00bb<\/p><p>El 18 de junio de 2024 Mar\u00eda Mundi fue invitada a participar en el seminario online del proyecto \u201cProviders\u201d de la COST Action CA22159: National, International and Transnational Histories of Healthcare, 1850-2000, con la ponencia Gynaecology and abortion technologies in Spain: The cases of medication and vacuum aspiration abortion (1965-2010).\u00bb<\/p><p>Mar\u00eda Mundi y Agata Ignaciuk participaron en el congreso Radical Europe: Violence, emancipation and reaction (30th International Conference of Europeanists) (3-7 de julio de 2024), con la comunicaci\u00f3n \u00abRadicality and democratization: The origins of the pro-life movement in Spain (1970s-2010s),\u00bb presentada por Mar\u00eda Mundi.<\/p><p>Mar\u00eda Mundi particip\u00f3 en la conferencia \u2018Expertise in medicine and the human sciences during the 20th century in Europe and beyond\u2019 celebrada en Praga entre el 16 y el 18 de mayo de 2024. Present\u00f3 la comunicaci\u00f3n \u00abVacuum curettage: transnational journeys and transformations of an abortion technique.\u00bb<\/p><p>El 21 de marzo de 2024 Agata Ignaciuk fue invitada a participar en el seminario online del proyecto Connecting3Worlds, con ponencia \u00abSocialist reproductive medicine? Abortion reform and the provision of abortion services in Spain (1970s-1990s).\u00bb<\/p><p>Entre 30 de noviembre y 1 de diciembre de 2023, Agata Ignaciuk y Mikel Astrain asistieron al XXIII Simposio de la Sociedad Espa\u00f1ola de Historia de la Medicina, celebrado en la Universidad de Salamanca, con la ponencia titulada \u00abTransferencia de la investigaci\u00f3n a la docencia del Grado en Medicina: la did\u00e1ctica del aborto en la docencia del Departamento de Historia de la Ciencia de la Universidad de Granada.\u00bb<\/p><p>El 23 de noviembre de 2023, Agata Ignaciuk particip\u00f3 en un workshop \u00abHow do we write women into the history of science,?\u00bb organizado por la c\u00e1tedra Science, Technology and Gender Studies de la Friedrich-Alexander-Universit\u00e4t Erlangen-N\u00fcrnberg. Present\u00f3 la ponencia \u00abOral history and shared authority: women gynaecologists \u2013 abortion providers in Spain (1980s).\u00bb<\/p><p>Entre el 19 y 21 de octubre de 2023, el equipo ABLE asisti\u00f3 al workshop \u00abWomen\u2019s bodies, women\u2019s rights. Health feminism, reproductive knowledge and women\u2019s activism across Europe in the long 20<sup>th<\/sup> century\u00bb (Universidad de Constanza). Agata Ignaciuk present\u00f3 la comunicaci\u00f3n titulada \u201cGender, activism and healthcare: abortion providers in Spain (1980s-2000s)\u00bb y Mar\u00eda Mundi, el paper sobre \u00abRU486: Social controversies provoked by a new technology (1980-1990).\u00bb<\/p><p>Entre el 30 de agosto y 2 de septiembre de 2023, el equipo ABLE particip\u00f3 en el congreso de la European Association for the History of Medicine and Health, celebrado en la Universidad de Oslo. Agata Ignaciuk organiz\u00f3 una sesi\u00f3n sobre la historia del aborto en el sur de Europa, en la que presentaron sus comunicaciones Agata Ignaciuk, Maria Mundi, Bibia Pavard y Azzurra Tafuro. M\u00e1s detalles <a href=\"https:\/\/virtual.oxfordabstracts.com\/#\/event\/3836\/program?session=71008&amp;s=160\" target=\"_blank\" rel=\"noopener\">aqu\u00ed.<\/a><\/p><p>El 18 de abril de 2023, Maria Mundi particip\u00f3 en el coloquio internacional \u00abGenre &amp; Gyn\u00e9cologie. Savoirs, pratiques et mobilisations,\u00bb celebrado en la Maison des Sciences de l&#8217;Homme Paris Nord. Present\u00f3 una comunicaci\u00f3n titulada \u00abAspirations diverses: la m\u00e9thode Karman et le curetage par aspiration en Espagne (1965-1985).\u00bb<\/p><p>Entre el 12 y el 15 de abril de 2023, Agata Ignaciuk, \u00c1ngela Segura y Ram\u00f3n Castej\u00f3n participaron en la European Social Science History Conference, celebrada en la Universidad de Gotemburgo. Agata Ignaciuk organiz\u00f3 una sesi\u00f3n sobre la historia de los movimientos pro-vida en Europa, con una comunicaci\u00f3n dedicada a la historia de la Acci\u00f3n Familiar. Agata Ignaciuk adem\u00e1s particip\u00f3 en una mesa redonda sobre la ense\u00f1anza universitaria de la historia de la sexualidad en Europa y realiz\u00f3 la labor de discussant en sendas sesiones del congreso. Ram\u00f3n Castej\u00f3n y \u00c1ngela Segura presentaron una comunicaci\u00f3n titulada \u00abLet&#8217;s talk about sex: Sex education, masculinities and family planning centres in Spain (1979-1985).\u00bb<\/p><p>El 13 de marzo de 2023, Agata Ignaciuk present\u00f3 el proyecto ABLE en la reuni\u00f3n de la <a href=\"https:\/\/gendercarehub.web.ox.ac.uk\/\">Hub on Global Experiences of Gender in the Age of Care Crisis and Transformations<\/a> (University of Oxford), de la que es integrante.<\/p><p>Agata Ignaciuk particip\u00f3 en el 28 congreso de europe\u00edstas organizado por la Council of European Studies, celebrado entre 29 de junio y 1 de julio de 2022 en Lisboa. Present\u00f3 la comunicaci\u00f3n titulada \u00abSpaces of democratization: The provision of abortion services in early democratic Spain, 1970s-1980s\u00bb .<\/p><p>Agata Ignaciuk, Mikel Astrain, Ram\u00f3n Castej\u00f3n y \u00c1ngela Segura participaron en el XVIII Congreso de la Sociedad Espa\u00f1ola de Historia de la Medicina celebrado los d\u00edas 15, 16 y 17 de junio de 2022 en Valencia. El trabajo \u00abLegrado uterino por aspiraci\u00f3n en Espa\u00f1a. Producci\u00f3n cient\u00edfica y discursos m\u00e9dicos (1965-1985)\u00bb presentado por Mar\u00eda Mundi, realizado en colaboraci\u00f3n con el proyecto, gan\u00f3 el premio al mejor p\u00f3ster.<\/p><p>Mar\u00eda Mundi particip\u00f3 en la conferencia \u2018Whose choice, whose rights? Global-historical and intersectional approaches to the emergence of reproductive rights after 1945\u2019, celebrada entre el 9 y el 10 de junio de 2022 en la Universidad de Glasgow. Present\u00f3 la comunicaci\u00f3n titulada \u00abThe science of the \u2018Karman method\u2019.\u00bb<\/p><p>El 8 de noviembre de 2021 el proyecto ABLE obtuvo el informe favorable del Comit\u00e9 de \u00c9tica de la Universidad de Granada.<\/p>\t\t\t\t\t\t<\/div>\n\t\t\t\t<\/div>\n\t\t\t\t\t<\/div>\n\t\t<\/div>\n\t\t\t\t\t\t\t<\/div>\n\t\t<\/section>\n\t\t\t\t<section class=\"elementor-section elementor-top-section elementor-element elementor-element-4071bab elementor-section-boxed elementor-section-height-default elementor-section-height-default qodef-elementor-content-no\" data-id=\"4071bab\" data-element_type=\"section\">\n\t\t\t\t\t\t<div class=\"elementor-container elementor-column-gap-default\">\n\t\t\t\t\t<div class=\"elementor-column elementor-col-100 elementor-top-column elementor-element elementor-element-329ca30\" data-id=\"329ca30\" data-element_type=\"column\">\n\t\t\t<div class=\"elementor-widget-wrap\">\n\t\t\t\t\t\t\t\t\t<\/div>\n\t\t<\/div>\n\t\t\t\t\t\t\t<\/div>\n\t\t<\/section>\n\t\t\t\t\t\t<\/div>\n\t\t\t\t\t<\/div>\n\t\t","protected":false},"excerpt":{"rendered":"<p>Novedades El 11 y 12 de noviembre de 2024 Agata Ignaciuk y Mar\u00eda Mundi participaron el el workshop internacional \u00abHumanitarianism and Southern Europe: New perspectives in (re)thinking the transitions to democracy\u00bb\u00a0 (Universidad de Florencia). Presentaron la comunicaci\u00f3n titulada \u00abConservative radicalities in transition: the pro-life movement in Spain (1970s-1990s).\u00bb M\u00e1s informaci\u00f3n aqu\u00ed. El 4 de octubre [&hellip;]<\/p>\n","protected":false},"author":1,"featured_media":0,"parent":0,"menu_order":0,"comment_status":"closed","ping_status":"closed","template":"","meta":{"footnotes":""},"_links":{"self":[{"href":"https:\/\/wpd.ugr.es\/~able\/wordpress\/wp-json\/wp\/v2\/pages\/9"}],"collection":[{"href":"https:\/\/wpd.ugr.es\/~able\/wordpress\/wp-json\/wp\/v2\/pages"}],"about":[{"href":"https:\/\/wpd.ugr.es\/~able\/wordpress\/wp-json\/wp\/v2\/types\/page"}],"author":[{"embeddable":true,"href":"https:\/\/wpd.ugr.es\/~able\/wordpress\/wp-json\/wp\/v2\/users\/1"}],"replies":[{"embeddable":true,"href":"https:\/\/wpd.ugr.es\/~able\/wordpress\/wp-json\/wp\/v2\/comments?post=9"}],"version-history":[{"count":85,"href":"https:\/\/wpd.ugr.es\/~able\/wordpress\/wp-json\/wp\/v2\/pages\/9\/revisions"}],"predecessor-version":[{"id":479,"href":"https:\/\/wpd.ugr.es\/~able\/wordpress\/wp-json\/wp\/v2\/pages\/9\/revisions\/479"}],"wp:attachment":[{"href":"https:\/\/wpd.ugr.es\/~able\/wordpress\/wp-json\/wp\/v2\/media?parent=9"}],"curies":[{"name":"wp","href":"https:\/\/api.w.org\/{rel}","templated":true}]}}