{"id":165,"date":"2025-07-17T12:19:59","date_gmt":"2025-07-17T10:19:59","guid":{"rendered":"https:\/\/wpd.ugr.es\/~aesla26\/?page_id=165"},"modified":"2025-08-06T15:43:46","modified_gmt":"2025-08-06T13:43:46","slug":"comite-cientifico","status":"publish","type":"page","link":"https:\/\/wpd.ugr.es\/~aesla26\/comite-cientifico\/","title":{"rendered":"Comit\u00e9 cient\u00edfico"},"content":{"rendered":"\n<p class=\"ticss-1a7f660c has-accent-color has-text-color has-link-color wp-elements-c1f2d52bc473d19902ad3edfadee059d\"><o-anim-typing><strong>Comit\u00e9 cient\u00edfico<\/strong><\/o-anim-typing><\/p>\n\n\n\n<ul class=\"wp-block-list\">\n<li>Antonio \u00c1vila Mu\u00f1oz (Universidad de M\u00e1laga)<\/li>\n\n\n\n<li>Silvia Betti (Univesrit\u00e0 di Bologna)<\/li>\n\n\n\n<li>David Britain (Universidad de Bern)<\/li>\n\n\n\n<li>Juan Antonio Cutillas Espinosa (Universidad de Murcia)<\/li>\n\n\n\n<li>Manuel D\u00edaz Campos (Universidad de Indiana)<\/li>\n\n\n\n<li>Clara Von Essen (Universidad de M\u00e1laga)<\/li>\n\n\n\n<li>Jannis Harjus (Universidad de Innsbruck)<\/li>\n\n\n\n<li>Juan Manuel Hern\u00e1ndez Campoy (Universidad de Murcia)<\/li>\n\n\n\n<li>Marta Le\u00f3n Castro (Universidad de Sevilla)<\/li>\n\n\n\n<li>Andrea Pizarro Pedraza (UCLouvain Saint-Louis, Bruselas)<\/li>\n\n\n\n<li>Mathew Pollock (Universidad de Indiana)<\/li>\n\n\n\n<li>Juana Santana Marrero (Universidad de Sevilla)<\/li>\n\n\n\n<li>Carlos Soler Montes (Universidad de Edimburgo)<\/li>\n\n\n\n<li>Mercedes Soto Melgar (Universidad de Ja\u00e9n)<\/li>\n\n\n\n<li>Matilde Vida Castro (Universidad de M\u00e1laga)<\/li>\n<\/ul>\n","protected":false},"excerpt":{"rendered":"<p>Comit\u00e9 cient\u00edfico<\/p>\n","protected":false},"author":1,"featured_media":56,"parent":0,"menu_order":0,"comment_status":"closed","ping_status":"closed","template":"","meta":{"_themeisle_gutenberg_block_has_review":false,"footnotes":""},"class_list":["post-165","page","type-page","status-publish","has-post-thumbnail","hentry"],"jetpack_sharing_enabled":true,"_links":{"self":[{"href":"https:\/\/wpd.ugr.es\/~aesla26\/wp-json\/wp\/v2\/pages\/165","targetHints":{"allow":["GET"]}}],"collection":[{"href":"https:\/\/wpd.ugr.es\/~aesla26\/wp-json\/wp\/v2\/pages"}],"about":[{"href":"https:\/\/wpd.ugr.es\/~aesla26\/wp-json\/wp\/v2\/types\/page"}],"author":[{"embeddable":true,"href":"https:\/\/wpd.ugr.es\/~aesla26\/wp-json\/wp\/v2\/users\/1"}],"replies":[{"embeddable":true,"href":"https:\/\/wpd.ugr.es\/~aesla26\/wp-json\/wp\/v2\/comments?post=165"}],"version-history":[{"count":3,"href":"https:\/\/wpd.ugr.es\/~aesla26\/wp-json\/wp\/v2\/pages\/165\/revisions"}],"predecessor-version":[{"id":170,"href":"https:\/\/wpd.ugr.es\/~aesla26\/wp-json\/wp\/v2\/pages\/165\/revisions\/170"}],"wp:featuredmedia":[{"embeddable":true,"href":"https:\/\/wpd.ugr.es\/~aesla26\/wp-json\/wp\/v2\/media\/56"}],"wp:attachment":[{"href":"https:\/\/wpd.ugr.es\/~aesla26\/wp-json\/wp\/v2\/media?parent=165"}],"curies":[{"name":"wp","href":"https:\/\/api.w.org\/{rel}","templated":true}]}}