{"id":173,"date":"2025-07-17T14:29:58","date_gmt":"2025-07-17T12:29:58","guid":{"rendered":"https:\/\/wpd.ugr.es\/~aesla26\/?page_id=173"},"modified":"2025-08-06T16:15:13","modified_gmt":"2025-08-06T14:15:13","slug":"paneles-cientificos","status":"publish","type":"page","link":"https:\/\/wpd.ugr.es\/~aesla26\/paneles-cientificos\/","title":{"rendered":"Paneles cient\u00edficos"},"content":{"rendered":"\n<p><strong>Directores\/as de panel<\/strong><\/p>\n\n\n\n<p>La Asociaci\u00f3n espa\u00f1ola de Ling\u00fc\u00edstica Aplicada cuenta con 9 paneles cient\u00edficos que son coordinados con investigadores e investigadoras con gran experiencia en cada l\u00ednea tem\u00e1tica. En este <a href=\"https:\/\/www.aesla.org.es\/es\/paneles-cientificos\" data-type=\"link\" data-id=\"https:\/\/www.aesla.org.es\/es\/paneles-cientificos\">enlace<\/a> encontrar\u00e1s m\u00e1s informaci\u00f3n sobre los paneles<\/p>\n\n\n\n<ul class=\"wp-block-list\">\n<li><strong>Ling\u00fc\u00edstica computacional, de corpus y procesamiento del lenguaje natural<\/strong>\n<ul class=\"wp-block-list\">\n<li>\u00c1ngela Almela S\u00e1nchez-Lafuente, Universidad de Murcia<\/li>\n<\/ul>\n<\/li>\n\n\n\n<li><strong>Pragm\u00e1tica y an\u00e1lisis del discurso<\/strong>\n<ul class=\"wp-block-list\">\n<li>Patricia Bou Franch, Universitat de Val\u00e8ncia<\/li>\n<\/ul>\n<\/li>\n\n\n\n<li><strong>Traducci\u00f3n e interpretaci\u00f3n<\/strong>\n<ul class=\"wp-block-list\">\n<li>Jos\u00e9 Ram\u00f3n Calvo Ferrer, Universidad de Alicante<\/li>\n<\/ul>\n<\/li>\n\n\n\n<li><strong>Socioling\u00fc\u00edstica<\/strong>\n<ul class=\"wp-block-list\">\n<li>Tamara Garc\u00eda Vidal, UNED<\/li>\n<\/ul>\n<\/li>\n\n\n\n<li><strong>Ense\u00f1anza de lenguas<\/strong>\n<ul class=\"wp-block-list\">\n<li>Isabel Garc\u00eda Parejo, Universidad Complutense de Madrid<\/li>\n<\/ul>\n<\/li>\n\n\n\n<li><strong>Psicoling\u00fc\u00edstica, neuroling\u00fc\u00edstica y ling\u00fc\u00edstica cl\u00ednica<\/strong>\n<ul class=\"wp-block-list\">\n<li>Natalia L\u00f3pez Cort\u00e9s, Universidad de Zaragoza<\/li>\n<\/ul>\n<\/li>\n\n\n\n<li><strong>Lengua para fines acad\u00e9micos y profesionales<\/strong>\n<ul class=\"wp-block-list\">\n<li>Barbara Eizaga Rebollar, Universidad de C\u00e1diz<\/li>\n<\/ul>\n<\/li>\n\n\n\n<li><strong>Adquisici\u00f3n de lenguas<\/strong>\n<ul class=\"wp-block-list\">\n<li>Gloria Luque Agull\u00f3, Universidad de Ja\u00e9n<\/li>\n<\/ul>\n<\/li>\n\n\n\n<li><strong>Lexicolog\u00eda y lexicograf\u00eda<\/strong>\n<ul class=\"wp-block-list\">\n<li>In\u00e9s Olza Moreno, Universidad de Navarra<\/li>\n<\/ul>\n<\/li>\n\n\n\n<li><strong>Adquisici\u00f3n de lenguas<\/strong>\n<ul class=\"wp-block-list\">\n<li>Elisabet Pladevall Ballester, Universitat Aut\u00f2noma de Barcelona<\/li>\n<\/ul>\n<\/li>\n<\/ul>\n","protected":false},"excerpt":{"rendered":"<p>Directores\/as de panel La Asociaci\u00f3n espa\u00f1ola de Ling\u00fc\u00edstica Aplicada cuenta con 9 paneles cient\u00edficos que son coordinados con investigadores e investigadoras con gran experiencia en cada l\u00ednea tem\u00e1tica. En este enlace encontrar\u00e1s m\u00e1s informaci\u00f3n sobre los paneles<\/p>\n","protected":false},"author":1,"featured_media":4412,"parent":0,"menu_order":0,"comment_status":"closed","ping_status":"closed","template":"","meta":{"_themeisle_gutenberg_block_has_review":false,"footnotes":""},"class_list":["post-173","page","type-page","status-publish","has-post-thumbnail","hentry"],"jetpack_sharing_enabled":true,"_links":{"self":[{"href":"https:\/\/wpd.ugr.es\/~aesla26\/wp-json\/wp\/v2\/pages\/173","targetHints":{"allow":["GET"]}}],"collection":[{"href":"https:\/\/wpd.ugr.es\/~aesla26\/wp-json\/wp\/v2\/pages"}],"about":[{"href":"https:\/\/wpd.ugr.es\/~aesla26\/wp-json\/wp\/v2\/types\/page"}],"author":[{"embeddable":true,"href":"https:\/\/wpd.ugr.es\/~aesla26\/wp-json\/wp\/v2\/users\/1"}],"replies":[{"embeddable":true,"href":"https:\/\/wpd.ugr.es\/~aesla26\/wp-json\/wp\/v2\/comments?post=173"}],"version-history":[{"count":3,"href":"https:\/\/wpd.ugr.es\/~aesla26\/wp-json\/wp\/v2\/pages\/173\/revisions"}],"predecessor-version":[{"id":4421,"href":"https:\/\/wpd.ugr.es\/~aesla26\/wp-json\/wp\/v2\/pages\/173\/revisions\/4421"}],"wp:featuredmedia":[{"embeddable":true,"href":"https:\/\/wpd.ugr.es\/~aesla26\/wp-json\/wp\/v2\/media\/4412"}],"wp:attachment":[{"href":"https:\/\/wpd.ugr.es\/~aesla26\/wp-json\/wp\/v2\/media?parent=173"}],"curies":[{"name":"wp","href":"https:\/\/api.w.org\/{rel}","templated":true}]}}