{"id":4373,"date":"2025-07-25T09:16:09","date_gmt":"2025-07-25T07:16:09","guid":{"rendered":"https:\/\/wpd.ugr.es\/~aesla26\/?page_id=4373"},"modified":"2026-02-03T16:10:34","modified_gmt":"2026-02-03T15:10:34","slug":"registration","status":"publish","type":"page","link":"https:\/\/wpd.ugr.es\/~aesla26\/en\/registration\/","title":{"rendered":"Registration"},"content":{"rendered":"\t\t<div data-elementor-type=\"wp-page\" data-elementor-id=\"4373\" class=\"elementor elementor-4373\">\n\t\t\t\t<div class=\"elementor-element elementor-element-9f85c2a e-flex e-con-boxed e-con e-parent\" data-id=\"9f85c2a\" data-element_type=\"container\">\n\t\t\t\t\t<div class=\"e-con-inner\">\n\t\t<div class=\"elementor-element elementor-element-89db084 e-con-full e-flex e-con e-child\" data-id=\"89db084\" data-element_type=\"container\">\n\t\t\t\t<div class=\"elementor-element elementor-element-dc9345d elementor-widget elementor-widget-text-editor\" data-id=\"dc9345d\" data-element_type=\"widget\" data-widget_type=\"text-editor.default\">\n\t\t\t\t\t\t\t\t\t<p><strong>Speakers<\/strong><\/p>\n<p><!-- \/wp:paragraph --><!-- wp:table --><\/p>\n<figure class=\"wp-block-table\">\n<table style=\"font-size: 14px;\" width=\"1500\" height=\"391\">\n<tbody>\n<tr>\n<td>\u00a0<\/td>\n<td><strong>Reduced<\/strong> <br \/>20 December 26 &#8211; 1 March 26<\/td>\n<td><strong>Standard<\/strong> 2 March 26 \u2013 15 March 26<\/td>\n<\/tr>\n<tr>\n<td><strong>AESLA members<\/strong><\/td>\n<td>160 \u20ac<\/td>\n<td>200<strong> <\/strong>\u20ac<\/td>\n<\/tr>\n<tr>\n<td><strong>AESLA non-members<\/strong><\/td>\n<td>210 \u20ac<\/td>\n<td>250<strong> <\/strong>\u20ac<\/td>\n<\/tr>\n<tr>\n<td><strong>Student, unemployed or retired<\/strong><\/td>\n<td>120\u20ac<\/td>\n<td>160<strong> <\/strong>\u20ac<\/td>\n<\/tr>\n<\/tbody>\n<\/table>\n<\/figure>\t\t\t\t\t\t\t\t<\/div>\n\t\t\t\t<\/div>\n\t\t<div class=\"elementor-element elementor-element-c0966da e-con-full e-flex e-con e-child\" data-id=\"c0966da\" data-element_type=\"container\">\n\t\t\t\t<div class=\"elementor-element elementor-element-dfd356a elementor-widget elementor-widget-text-editor\" data-id=\"dfd356a\" data-element_type=\"widget\" data-widget_type=\"text-editor.default\">\n\t\t\t\t\t\t\t\t\t<p><strong>Attendees<\/strong><\/p>\n<p><!-- \/wp:paragraph --><!-- wp:table --><\/p>\n<figure class=\"wp-block-table\">\n<table style=\"font-size: 14px;\" width=\"1500\" height=\"391\">\n<tbody>\n<tr>\n<td>\u00a0<\/td>\n<td><strong>Reduced<\/strong> <br \/>20 December 26 &#8211; 1 March 26<\/td>\n<td><strong>Standard<\/strong> <br \/>2 March 26 \u2013 1 April 26<\/td>\n<\/tr>\n<tr>\n<td><strong>AESLA members<\/strong><\/td>\n<td>100 \u20ac<\/td>\n<td>140\u20ac<\/td>\n<\/tr>\n<tr>\n<td><strong>AESLA non-members<\/strong><\/td>\n<td>150 \u20ac<\/td>\n<td>190<strong> <\/strong>\u20ac<\/td>\n<\/tr>\n<tr>\n<td><strong>Student, unemployed or retired<\/strong><\/td>\n<td>40\u20ac<\/td>\n<td>80<strong> <\/strong>\u20ac<\/td>\n<\/tr>\n<\/tbody>\n<\/table>\n<\/figure>\t\t\t\t\t\t\t\t<\/div>\n\t\t\t\t<\/div>\n\t\t\t\t\t<\/div>\n\t\t\t\t<\/div>\n\t\t<div class=\"elementor-element elementor-element-d1edfba e-flex e-con-boxed e-con e-parent\" data-id=\"d1edfba\" data-element_type=\"container\">\n\t\t\t\t\t<div class=\"e-con-inner\">\n\t\t\t\t<div class=\"elementor-element elementor-element-81b0c55 elementor-widget-divider--view-line elementor-widget elementor-widget-divider\" data-id=\"81b0c55\" data-element_type=\"widget\" data-widget_type=\"divider.default\">\n\t\t\t\t\t\t\t<div class=\"elementor-divider\">\n\t\t\t<span class=\"elementor-divider-separator\">\n\t\t\t\t\t\t<\/span>\n\t\t<\/div>\n\t\t\t\t\t\t<\/div>\n\t\t\t\t\t<\/div>\n\t\t\t\t<\/div>\n\t\t<div class=\"elementor-element elementor-element-1e74f0f e-flex e-con-boxed e-con e-parent\" data-id=\"1e74f0f\" data-element_type=\"container\">\n\t\t\t\t\t<div class=\"e-con-inner\">\n\t\t\t\t<div class=\"elementor-element elementor-element-9b82d0e elementor-widget elementor-widget-text-editor\" data-id=\"9b82d0e\" data-element_type=\"widget\" data-widget_type=\"text-editor.default\">\n\t\t\t\t\t\t\t\t\t<p>Once you have received confirmation that your proposal has been accepted for the conference, please make the payment according to your profile (member, non-member, other groups).<\/p>\n<p><br \/>We remind participants that, <strong>in communications with multiple authors<\/strong>, each participant must pay the fee individually in order for their certificate to be issued.<\/p>\n<p><br \/>Conference payments should be made to the account held by the \u00abAsociaci\u00f3n espa\u00f1ola de Ling\u00fc\u00edstica Aplicada\u2019 at Banco Santander:<\/p>\n<p><br \/><strong>IBAN<\/strong>: ES2100492840242514198965<br \/><strong>SWIFT code<\/strong>: BSCHESMM<\/p>\n<p><br \/>The following information must appear in the payment description:<br \/>SURNAME_NAME_AESLA26<br \/>SURNAME_NAME_DINNER<br \/>SURNAME_NAME_TOUR<\/p>\n<p><br \/>After paying the fee, <strong>complete your conference registration<\/strong>. In the following form, upload the conference payment documents and, if you are participating in the cultural and social program, also include the payments for the gala dinner and the guided city tour.<\/p>\t\t\t\t\t\t\t\t<\/div>\n\t\t\t\t\t<\/div>\n\t\t\t\t<\/div>\n\t\t<div class=\"elementor-element elementor-element-a012453 e-flex e-con-boxed e-con e-parent\" data-id=\"a012453\" data-element_type=\"container\">\n\t\t\t\t\t<div class=\"e-con-inner\">\n\t\t\t\t<div class=\"elementor-element elementor-element-fae2da7 elementor-align-center elementor-widget elementor-widget-button\" data-id=\"fae2da7\" data-element_type=\"widget\" data-widget_type=\"button.default\">\n\t\t\t\t\t\t\t\t\t\t<a class=\"elementor-button elementor-button-link elementor-size-sm\" href=\"https:\/\/forms.gle\/Wts2cQ6sCugW9jhFA\">\n\t\t\t\t\t\t<span class=\"elementor-button-content-wrapper\">\n\t\t\t\t\t\t\t\t\t<span class=\"elementor-button-text\">REGISTRATION<\/span>\n\t\t\t\t\t<\/span>\n\t\t\t\t\t<\/a>\n\t\t\t\t\t\t\t\t<\/div>\n\t\t\t\t\t<\/div>\n\t\t\t\t<\/div>\n\t\t<div class=\"elementor-element elementor-element-796dcd6 e-flex e-con-boxed e-con e-parent\" data-id=\"796dcd6\" data-element_type=\"container\">\n\t\t\t\t\t<div class=\"e-con-inner\">\n\t\t\t\t<div class=\"elementor-element elementor-element-59a8eb1 elementor-widget elementor-widget-text-editor\" data-id=\"59a8eb1\" data-element_type=\"widget\" data-widget_type=\"text-editor.default\">\n\t\t\t\t\t\t\t\t\t<p>IMPORTANT INFORMATION:<\/p>\n<p>Invoices will be issued from 1 March onwards, except in exceptional cases. Only participation fees (attendee or with communication\/poster) will be invoiced. If you require an invoice, please tick the option on the registration form and provide the relevant details.\u00a0<\/p>\t\t\t\t\t\t\t\t<\/div>\n\t\t\t\t\t<\/div>\n\t\t\t\t<\/div>\n\t\t\t\t<\/div>\n\t\t","protected":false},"excerpt":{"rendered":"<p>Speakers \u00a0 Reduced 20 December 26 &#8211; 1 March 26 Standard 2 March 26 \u2013 15 March 26 AESLA members 160 \u20ac 200 \u20ac AESLA non-members 210 \u20ac 250 \u20ac Student, unemployed or retired 120\u20ac 160 \u20ac Attendees \u00a0 Reduced 20 December 26 &#8211; 1 March 26 Standard 2 March [&hellip;]<\/p>\n","protected":false},"author":1,"featured_media":4411,"parent":0,"menu_order":0,"comment_status":"closed","ping_status":"closed","template":"","meta":{"_themeisle_gutenberg_block_has_review":false,"footnotes":""},"class_list":["post-4373","page","type-page","status-publish","has-post-thumbnail","hentry"],"jetpack_sharing_enabled":true,"_links":{"self":[{"href":"https:\/\/wpd.ugr.es\/~aesla26\/wp-json\/wp\/v2\/pages\/4373","targetHints":{"allow":["GET"]}}],"collection":[{"href":"https:\/\/wpd.ugr.es\/~aesla26\/wp-json\/wp\/v2\/pages"}],"about":[{"href":"https:\/\/wpd.ugr.es\/~aesla26\/wp-json\/wp\/v2\/types\/page"}],"author":[{"embeddable":true,"href":"https:\/\/wpd.ugr.es\/~aesla26\/wp-json\/wp\/v2\/users\/1"}],"replies":[{"embeddable":true,"href":"https:\/\/wpd.ugr.es\/~aesla26\/wp-json\/wp\/v2\/comments?post=4373"}],"version-history":[{"count":20,"href":"https:\/\/wpd.ugr.es\/~aesla26\/wp-json\/wp\/v2\/pages\/4373\/revisions"}],"predecessor-version":[{"id":4688,"href":"https:\/\/wpd.ugr.es\/~aesla26\/wp-json\/wp\/v2\/pages\/4373\/revisions\/4688"}],"wp:featuredmedia":[{"embeddable":true,"href":"https:\/\/wpd.ugr.es\/~aesla26\/wp-json\/wp\/v2\/media\/4411"}],"wp:attachment":[{"href":"https:\/\/wpd.ugr.es\/~aesla26\/wp-json\/wp\/v2\/media?parent=4373"}],"curies":[{"name":"wp","href":"https:\/\/api.w.org\/{rel}","templated":true}]}}