{"id":4388,"date":"2025-07-25T09:33:42","date_gmt":"2025-07-25T07:33:42","guid":{"rendered":"https:\/\/wpd.ugr.es\/~aesla26\/?page_id=4388"},"modified":"2026-04-15T07:00:06","modified_gmt":"2026-04-15T05:00:06","slug":"program","status":"publish","type":"page","link":"https:\/\/wpd.ugr.es\/~aesla26\/en\/program\/","title":{"rendered":"Program"},"content":{"rendered":"\n<p>Final programme now available (April 15, 2026)<\/p>\n\n\n\n<div data-wp-interactive=\"core\/file\" class=\"wp-block-file\"><object data-wp-bind--hidden=\"!state.hasPdfPreview\" hidden class=\"wp-block-file__embed\" data=\"https:\/\/wpd.ugr.es\/~aesla26\/wp-content\/uploads\/2026\/04\/Programa-completo-1504.pdf\" type=\"application\/pdf\" style=\"width:100%;height:600px\" aria-label=\"Incrustado de Programa completo (15:04).\"><\/object><a id=\"wp-block-file--media-e302e5f3-bc79-4099-9991-fb5e42b35131\" href=\"https:\/\/wpd.ugr.es\/~aesla26\/wp-content\/uploads\/2026\/04\/Programa-completo-1504.pdf\">Programa completo (15:04)<\/a><a href=\"https:\/\/wpd.ugr.es\/~aesla26\/wp-content\/uploads\/2026\/04\/Programa-completo-1504.pdf\" class=\"wp-block-file__button wp-element-button\" download aria-describedby=\"wp-block-file--media-e302e5f3-bc79-4099-9991-fb5e42b35131\">Descarga<\/a><\/div>\n\n\n\n<div data-wp-interactive=\"core\/file\" class=\"wp-block-file\"><object data-wp-bind--hidden=\"!state.hasPdfPreview\" hidden class=\"wp-block-file__embed\" data=\"https:\/\/wpd.ugr.es\/~aesla26\/wp-content\/uploads\/2026\/04\/Horario-resumido-1504.pdf\" type=\"application\/pdf\" style=\"width:100%;height:600px\" aria-label=\"Incrustado de Horario resumido (15:04).\"><\/object><a id=\"wp-block-file--media-03670ae7-f551-48ab-89fa-299f124414a6\" href=\"https:\/\/wpd.ugr.es\/~aesla26\/wp-content\/uploads\/2026\/04\/Horario-resumido-1504.pdf\">Horario resumido (15:04)<\/a><a href=\"https:\/\/wpd.ugr.es\/~aesla26\/wp-content\/uploads\/2026\/04\/Horario-resumido-1504.pdf\" class=\"wp-block-file__button wp-element-button\" download aria-describedby=\"wp-block-file--media-03670ae7-f551-48ab-89fa-299f124414a6\">Descarga<\/a><\/div>\n\n\n\n<div data-wp-interactive=\"core\/file\" class=\"wp-block-file\"><object data-wp-bind--hidden=\"!state.hasPdfPreview\" hidden class=\"wp-block-file__embed\" data=\"https:\/\/wpd.ugr.es\/~aesla26\/wp-content\/uploads\/2026\/04\/LIBRO-DE-RESUMENES_AESLA26-2.pdf\" type=\"application\/pdf\" style=\"width:100%;height:600px\" aria-label=\"Incrustado de LIBRO DE RESU\u0301MENES_AESLA26.\"><\/object><a id=\"wp-block-file--media-ad650d69-a4fe-4bad-b477-c1dfaab76c23\" href=\"https:\/\/wpd.ugr.es\/~aesla26\/wp-content\/uploads\/2026\/04\/LIBRO-DE-RESUMENES_AESLA26-2.pdf\">LIBRO DE RESU\u0301MENES_AESLA26<\/a><a href=\"https:\/\/wpd.ugr.es\/~aesla26\/wp-content\/uploads\/2026\/04\/LIBRO-DE-RESUMENES_AESLA26-2.pdf\" class=\"wp-block-file__button wp-element-button\" download aria-describedby=\"wp-block-file--media-ad650d69-a4fe-4bad-b477-c1dfaab76c23\">Descarga<\/a><\/div>\n\n\n\n<p>General program<\/p>\n\n\n\n<p><strong>Wednesday, 15 April<\/strong><\/p>\n\n\n\n<p><br>8:30-9:00: Registration and handing out of documentation. ETSI (Escuela T\u00e9cnica de Caminos, Canales y Puertos). Floor: -2<br>9:00-9:30: Opening ceremony. ETSI (Escuela T\u00e9cnica de Caminos, Canales y Puertos). Floor: -2<br>9:30-10:30: Plenary Lecture. ETSI (Escuela T\u00e9cnica de Caminos, Canales y Puertos). Floor: -2<br>10:30-11:00: Coffee break.<br>11:00-13:30. Parallel sessions for paper presentations.<br>1:30-3:00 p.m. Lunch break.<\/p>\n\n\n\n<p>3:00-6:00 p.m. Parallel sessions for paper presentations.<br>6:30-7:30 p.m. Guided tour of the historic centre of Granada. Optional (see website).<br>8:00 p.m. Welcome reception. Las Tomasas Restaurant (Albaic\u00edn, Granada).<\/p>\n\n\n\n<p><strong>Thursday, 16 April<\/strong><\/p>\n\n\n\n<p>8:30-11:00 Parallel sessions for paper presentations.<br>11:00-11:30 Coffee break.<br>11:30-12:30 Plenary Lecture.<br>12:30-14:00 Parallel sessions for paper presentations.<br>2:00-3:30 p.m. Lunch break.<br>3:30-5:00 p.m. Parallel sessions for paper presentations.<br>5:00-6:00 p.m. Plenary conference.<br>6:00-6:30 p.m. Coffee break and poster presentations.<br>6:45-8:00 p.m. General Assembly of AESLA members.<br>9:00 p.m. Gala dinner. Palacio de Santa Paula (see website for information).<\/p>\n\n\n\n<p><strong>Friday, 17 April<\/strong><\/p>\n\n\n\n<p>09:00-10:40 Parallel sessions for paper presentations.<br>10:40-11:30 Coffee break.<\/p>\n\n\n\n<p>11:30-13:10 Parallel sessions for paper presentations.<br>13:30-14:10 Plenary conference.<br>14:10-14:30 Closing ceremony.<\/p>\n\n\n\n<p><\/p>\n\n\n\n<p><\/p>\n","protected":false},"excerpt":{"rendered":"<p>Final programme now available (April 15, 2026) General program Wednesday, 15 April 8:30-9:00: Registration and handing out of documentation. ETSI (Escuela T\u00e9cnica de Caminos, Canales y Puertos). Floor: -29:00-9:30: Opening ceremony. ETSI (Escuela T\u00e9cnica de Caminos, Canales y Puertos). Floor: -29:30-10:30: Plenary Lecture. ETSI (Escuela T\u00e9cnica de Caminos, Canales y [&hellip;]<\/p>\n","protected":false},"author":1,"featured_media":4409,"parent":0,"menu_order":0,"comment_status":"closed","ping_status":"closed","template":"","meta":{"_themeisle_gutenberg_block_has_review":false,"footnotes":""},"class_list":["post-4388","page","type-page","status-publish","has-post-thumbnail","hentry"],"jetpack_sharing_enabled":true,"_links":{"self":[{"href":"https:\/\/wpd.ugr.es\/~aesla26\/wp-json\/wp\/v2\/pages\/4388","targetHints":{"allow":["GET"]}}],"collection":[{"href":"https:\/\/wpd.ugr.es\/~aesla26\/wp-json\/wp\/v2\/pages"}],"about":[{"href":"https:\/\/wpd.ugr.es\/~aesla26\/wp-json\/wp\/v2\/types\/page"}],"author":[{"embeddable":true,"href":"https:\/\/wpd.ugr.es\/~aesla26\/wp-json\/wp\/v2\/users\/1"}],"replies":[{"embeddable":true,"href":"https:\/\/wpd.ugr.es\/~aesla26\/wp-json\/wp\/v2\/comments?post=4388"}],"version-history":[{"count":11,"href":"https:\/\/wpd.ugr.es\/~aesla26\/wp-json\/wp\/v2\/pages\/4388\/revisions"}],"predecessor-version":[{"id":4799,"href":"https:\/\/wpd.ugr.es\/~aesla26\/wp-json\/wp\/v2\/pages\/4388\/revisions\/4799"}],"wp:featuredmedia":[{"embeddable":true,"href":"https:\/\/wpd.ugr.es\/~aesla26\/wp-json\/wp\/v2\/media\/4409"}],"wp:attachment":[{"href":"https:\/\/wpd.ugr.es\/~aesla26\/wp-json\/wp\/v2\/media?parent=4388"}],"curies":[{"name":"wp","href":"https:\/\/api.w.org\/{rel}","templated":true}]}}