{"id":4415,"date":"2025-08-06T16:01:27","date_gmt":"2025-08-06T14:01:27","guid":{"rendered":"https:\/\/wpd.ugr.es\/~aesla26\/?page_id=4415"},"modified":"2025-10-02T11:45:34","modified_gmt":"2025-10-02T09:45:34","slug":"call-of-papers","status":"publish","type":"page","link":"https:\/\/wpd.ugr.es\/~aesla26\/call-of-papers\/","title":{"rendered":"Env\u00edo de propuestas"},"content":{"rendered":"\n<p>El plazo de env\u00edo de propuestas ser\u00e1 desde el&nbsp;<strong>15 de octubre hasta el 20 de diciembre de 2025.<\/strong><\/p>\n\n\n\n<p>Se podr\u00e1n enviar como m\u00e1ximo&nbsp;<strong>2 propuestas por autor<\/strong> relacionadas con cualquiera de las 9 \u00e1reas tem\u00e1ticas de la Ling\u00fc\u00edstica Aplicada: Adquisici\u00f3n de lenguas, Ense\u00f1anza de lenguas, Lengua para fines acad\u00e9micos y profesionales, Psicoling\u00fc\u00edstica, neuroling\u00fc\u00edstica y ling\u00fc\u00edstica cl\u00ednica, Socioling\u00fc\u00edstica, Pragm\u00e1tica y an\u00e1lisis del discurso, Ling\u00fc\u00edstica computacional, de corpus y procesamiento del lenguaje natural, Lexicolog\u00eda y lexicograf\u00eda, y Traducci\u00f3n e interpretaci\u00f3n. En este <a href=\"https:\/\/wpd.ugr.es\/~aesla26\/paneles-cientificos\/\">enlace<\/a> de pueden consultar los objetivos y los enfoques de cada \u00e1rea, representadas en AESLA en distintos paneles cient\u00edficos. <\/p>\n\n\n\n<p>Por favor, se ruega a los interesados que se sigan las instrucciones para el env\u00edo de las propuestas:<\/p>\n\n\n\n<ul class=\"wp-block-list\">\n<li>Los archivos deben tener formato OpenOffice o Microsoft Word.<\/li>\n\n\n\n<li>Los res\u00famenes deben enviarse utilizando la siguiente plantilla en <a href=\"https:\/\/wpd.ugr.es\/~aesla26\/wp-content\/uploads\/2025\/10\/Plantilla-resumenes-espanol.docx\">espa\u00f1ol<\/a> o en <a href=\"https:\/\/wpd.ugr.es\/~aesla26\/wp-content\/uploads\/2025\/10\/Proposal-Template-english.docx\">ingl\u00e9s<\/a>. Las propuestas que no se ajusten a esta plantilla no ser\u00e1n consideradas para su evaluaci\u00f3n.<\/li>\n\n\n\n<li>Los autores deben indicar si env\u00edan una propuesta para ser evaluada como comunicaci\u00f3n oral, p\u00f3ster o mesa redonda. Pueden encontrar esta opci\u00f3n en el encabezado de la plantilla.<\/li>\n\n\n\n<li>El <strong>resumen<\/strong> debe incluir el t\u00edtulo de la comunicaci\u00f3n y en el texto se deben se\u00f1alar, <strong>de forma expl\u00edcita<\/strong>, los objetivos, la metodolog\u00eda, los resultados y las conclusiones del estudio. <strong>Aquellas propuestas que no sigan esta estructura no ser\u00e1n evaluadas.<\/strong> <\/li>\n\n\n\n<li>El&nbsp;t\u00edtulo deber\u00e1 ir centrado y ubicado en la parte superior del resumen. La fuente recomendada es Aptos (14 puntos). Solo se debe utilizar may\u00fascula en la primera letra de la primera palabra y en el resto de las palabras significativas (sustantivos, adjetivos, verbos y adverbios), as\u00ed como en los nombres propios. No se debe incluir un punto al final del t\u00edtulo.<\/li>\n\n\n\n<li>Se incluir\u00e1n un m\u00e1ximo de&nbsp;<strong>5 palabras clave<\/strong>.<\/li>\n\n\n\n<li>El resumen no debe exceder las&nbsp;<strong>400 palabras<\/strong>&nbsp;(excluyendo las referencias, en estilo APA).<\/li>\n\n\n\n<li>La propuesta se enviar\u00e1 <strong>sin datos personales<\/strong>, siguiendo la plantilla proporcionada, para su evaluaci\u00f3n por pares ciegos.&nbsp;Si fuera necesario, se puede adjuntar un archivo PDF complementario para el resumen en caso de utilizarse caracteres especiales.<\/li>\n\n\n\n<li>En caso de p\u00f3ster, las caracter\u00edsticas son las siguientes: orientaci\u00f3n vertical y tama\u00f1o A3 (29,7 x 42 cm).<\/li>\n<\/ul>\n\n\n\n<p>A trav\u00e9s del siguiente enlace podr\u00e1s realizar el env\u00edo de tu propuesta:<\/p>\n\n\n\n<div class=\"wp-block-buttons is-layout-flex wp-block-buttons-is-layout-flex\">\n<div class=\"wp-block-button is-style-fill\"><a class=\"wp-block-button__link has-accent-background-color has-background has-small-font-size has-custom-font-size wp-element-button\" href=\"https:\/\/matrix.aesla.org.es\/aesla2026\">Env\u00edo de propuestas<\/a><\/div>\n<\/div>\n\n\n\n<p>Si tienes alguna consulta sobre las presentaciones puedes contactar con el comit\u00e9 local a trav\u00e9s del correo electr\u00f3nico\u00a0<a href=\"mailto:aesla26@aesla.org.es\">aesla26@aesla.org.es<\/a> \u00a0<\/p>\n\n\n\n<p><\/p>\n\n\n\n<p><\/p>\n\n\n\n<p><\/p>\n","protected":false},"excerpt":{"rendered":"<p>El plazo de env\u00edo de propuestas ser\u00e1 desde el&nbsp;15 de octubre hasta el 20 de diciembre de 2025. Se podr\u00e1n enviar como m\u00e1ximo&nbsp;2 propuestas por autor relacionadas con cualquiera de las 9 \u00e1reas tem\u00e1ticas de la Ling\u00fc\u00edstica Aplicada: Adquisici\u00f3n de lenguas, Ense\u00f1anza de lenguas, Lengua para fines acad\u00e9micos y profesionales, [&hellip;]<\/p>\n","protected":false},"author":1,"featured_media":56,"parent":0,"menu_order":0,"comment_status":"closed","ping_status":"closed","template":"","meta":{"_themeisle_gutenberg_block_has_review":false,"footnotes":""},"class_list":["post-4415","page","type-page","status-publish","has-post-thumbnail","hentry"],"jetpack_sharing_enabled":true,"_links":{"self":[{"href":"https:\/\/wpd.ugr.es\/~aesla26\/wp-json\/wp\/v2\/pages\/4415","targetHints":{"allow":["GET"]}}],"collection":[{"href":"https:\/\/wpd.ugr.es\/~aesla26\/wp-json\/wp\/v2\/pages"}],"about":[{"href":"https:\/\/wpd.ugr.es\/~aesla26\/wp-json\/wp\/v2\/types\/page"}],"author":[{"embeddable":true,"href":"https:\/\/wpd.ugr.es\/~aesla26\/wp-json\/wp\/v2\/users\/1"}],"replies":[{"embeddable":true,"href":"https:\/\/wpd.ugr.es\/~aesla26\/wp-json\/wp\/v2\/comments?post=4415"}],"version-history":[{"count":7,"href":"https:\/\/wpd.ugr.es\/~aesla26\/wp-json\/wp\/v2\/pages\/4415\/revisions"}],"predecessor-version":[{"id":4488,"href":"https:\/\/wpd.ugr.es\/~aesla26\/wp-json\/wp\/v2\/pages\/4415\/revisions\/4488"}],"wp:featuredmedia":[{"embeddable":true,"href":"https:\/\/wpd.ugr.es\/~aesla26\/wp-json\/wp\/v2\/media\/56"}],"wp:attachment":[{"href":"https:\/\/wpd.ugr.es\/~aesla26\/wp-json\/wp\/v2\/media?parent=4415"}],"curies":[{"name":"wp","href":"https:\/\/api.w.org\/{rel}","templated":true}]}}