{"id":46,"date":"2025-07-15T08:59:24","date_gmt":"2025-07-15T06:59:24","guid":{"rendered":"https:\/\/wpd.ugr.es\/~aesla26\/?page_id=46"},"modified":"2025-12-10T13:09:49","modified_gmt":"2025-12-10T12:09:49","slug":"inicio","status":"publish","type":"page","link":"https:\/\/wpd.ugr.es\/~aesla26\/","title":{"rendered":"Inicio"},"content":{"rendered":"\t\t<div data-elementor-type=\"wp-page\" data-elementor-id=\"46\" class=\"elementor elementor-46\">\n\t\t\t\t<div class=\"elementor-element elementor-element-364e3de e-flex e-con-boxed e-con e-parent\" data-id=\"364e3de\" data-element_type=\"container\">\n\t\t\t\t\t<div class=\"e-con-inner\">\n\t\t<div class=\"elementor-element elementor-element-54684ca e-con-full e-flex e-con e-child\" data-id=\"54684ca\" data-element_type=\"container\">\n\t\t\t\t<div class=\"elementor-element elementor-element-c204ecb elementor-widget elementor-widget-text-editor\" data-id=\"c204ecb\" data-element_type=\"widget\" data-widget_type=\"text-editor.default\">\n\t\t\t\t\t\t\t\t\t<h3 class=\"wp-block-heading\">Tenemos el placer de presentar el 43 Congreso Internacional de la Asociaci\u00f3n de Ling\u00fc\u00edstica Aplicada (AESLA), que se celebrar\u00e1 del 15 al 17 de abril de 2026 en Granada.<\/h3>\n<p><!-- \/wp:heading --><!-- wp:image {\"width\":\"357px\",\"height\":\"auto\",\"align\":\"right\"} --><\/p>\n<figure class=\"wp-block-image alignright is-resized\"><img style=\"width: 357px; height: auto;\" \/><\/figure>\n<p><!-- \/wp:image --><!-- wp:paragraph {\"className\":\"ticss-8cf57d6a\",\"hasCustomCSS\":true,\"customCSS\":\".ticss-8cf57d6a {text-align: justify\\n}\\n\"} --><\/p>\n<p class=\"ticss-8cf57d6a\" id=\"block-732dfb53-c933-4146-b040-0e4f8c32b4f1\">El lema del congreso ser\u00e1: <strong>\u201cLengua, variaci\u00f3n e identidad: din\u00e1micas ling\u00fc\u00edsticas para representar la sociedad\u201d.<\/strong> Este t\u00edtulo sugiere una reflexi\u00f3n sobre c\u00f3mo influyen los cambios ling\u00fc\u00edsticos en la configuraci\u00f3n de las sociedades dado que, en un mundo cada vez m\u00e1s diverso, global e interconectado, la lengua es una herramienta esencial para representar la complejidad social. En este caso, la ling\u00fc\u00edstica aplicada puede aportar nuevas interpretaciones sobre los patrones de cambio y variaci\u00f3n ling\u00fc\u00edstica, as\u00ed como explicar el papel que desempe\u00f1a la lengua en la articulaci\u00f3n de las identidades sociales y en la creaci\u00f3n y\/o modificaci\u00f3n de comunidades ling\u00fc\u00edsticas. Este congreso pretende ser un espacio de di\u00e1logo para reflexionar c\u00f3mo la lengua refleja y moldea la diversidad social. Adem\u00e1s de contribuciones relacionadas con esta tem\u00e1tica, os animamos a presentar propuestas relacionadas con los distintos <a href=\"https:\/\/wpd.ugr.es\/~aesla26\/paneles-cientificos\/\">paneles cient\u00edficos de AESLA<\/a><\/p>\n<p><!-- \/wp:paragraph --><!-- wp:group {\"layout\":{\"type\":\"flex\",\"flexWrap\":\"nowrap\"}} --><\/p>\n<div class=\"wp-block-group\"><!-- wp:paragraph --><!-- \/wp:paragraph --><!-- wp:paragraph --><!-- \/wp:paragraph --><!-- wp:paragraph --><!-- \/wp:paragraph --><!-- wp:paragraph --><!-- \/wp:paragraph --><!-- wp:paragraph --><!-- \/wp:paragraph --><\/div>\n<p><!-- \/wp:group --><!-- wp:paragraph --><\/p>\t\t\t\t\t\t\t\t<\/div>\n\t\t\t\t<\/div>\n\t\t<div class=\"elementor-element elementor-element-16315ce e-con-full e-flex e-con e-child\" data-id=\"16315ce\" data-element_type=\"container\">\n\t\t\t\t<div class=\"elementor-element elementor-element-e213893 elementor-widget__width-inherit elementor-widget elementor-widget-image\" data-id=\"e213893\" data-element_type=\"widget\" data-widget_type=\"image.default\">\n\t\t\t\t\t\t\t\t\t\t\t\t\t\t\t<img fetchpriority=\"high\" decoding=\"async\" width=\"750\" height=\"1061\" src=\"https:\/\/wpd.ugr.es\/~aesla26\/wp-content\/uploads\/2025\/12\/AESLA-14-768x1086.png\" class=\"attachment-medium_large size-medium_large wp-image-4569\" alt=\"\" srcset=\"https:\/\/wpd.ugr.es\/~aesla26\/wp-content\/uploads\/2025\/12\/AESLA-14-768x1086.png 768w, https:\/\/wpd.ugr.es\/~aesla26\/wp-content\/uploads\/2025\/12\/AESLA-14-212x300.png 212w, https:\/\/wpd.ugr.es\/~aesla26\/wp-content\/uploads\/2025\/12\/AESLA-14-724x1024.png 724w, https:\/\/wpd.ugr.es\/~aesla26\/wp-content\/uploads\/2025\/12\/AESLA-14-1086x1536.png 1086w, https:\/\/wpd.ugr.es\/~aesla26\/wp-content\/uploads\/2025\/12\/AESLA-14.png 1587w\" sizes=\"(max-width: 750px) 100vw, 750px\" \/>\t\t\t\t\t\t\t\t\t\t\t\t\t\t\t<\/div>\n\t\t\t\t<\/div>\n\t\t\t\t\t<\/div>\n\t\t\t\t<\/div>\n\t\t\t\t<\/div>\n\t\t","protected":false},"excerpt":{"rendered":"<p>Tenemos el placer de presentar el 43 Congreso Internacional de la Asociaci\u00f3n de Ling\u00fc\u00edstica Aplicada (AESLA), que se celebrar\u00e1 del 15 al 17 de abril de 2026 en Granada. El lema del congreso ser\u00e1: \u201cLengua, variaci\u00f3n e identidad: din\u00e1micas ling\u00fc\u00edsticas para representar la sociedad\u201d. Este t\u00edtulo sugiere una reflexi\u00f3n sobre [&hellip;]<\/p>\n","protected":false},"author":1,"featured_media":0,"parent":0,"menu_order":0,"comment_status":"closed","ping_status":"closed","template":"","meta":{"_themeisle_gutenberg_block_has_review":false,"footnotes":""},"class_list":["post-46","page","type-page","status-publish","hentry"],"jetpack_sharing_enabled":true,"_links":{"self":[{"href":"https:\/\/wpd.ugr.es\/~aesla26\/wp-json\/wp\/v2\/pages\/46","targetHints":{"allow":["GET"]}}],"collection":[{"href":"https:\/\/wpd.ugr.es\/~aesla26\/wp-json\/wp\/v2\/pages"}],"about":[{"href":"https:\/\/wpd.ugr.es\/~aesla26\/wp-json\/wp\/v2\/types\/page"}],"author":[{"embeddable":true,"href":"https:\/\/wpd.ugr.es\/~aesla26\/wp-json\/wp\/v2\/users\/1"}],"replies":[{"embeddable":true,"href":"https:\/\/wpd.ugr.es\/~aesla26\/wp-json\/wp\/v2\/comments?post=46"}],"version-history":[{"count":23,"href":"https:\/\/wpd.ugr.es\/~aesla26\/wp-json\/wp\/v2\/pages\/46\/revisions"}],"predecessor-version":[{"id":4590,"href":"https:\/\/wpd.ugr.es\/~aesla26\/wp-json\/wp\/v2\/pages\/46\/revisions\/4590"}],"wp:attachment":[{"href":"https:\/\/wpd.ugr.es\/~aesla26\/wp-json\/wp\/v2\/media?parent=46"}],"curies":[{"name":"wp","href":"https:\/\/api.w.org\/{rel}","templated":true}]}}