{"id":89,"date":"2025-07-15T09:15:29","date_gmt":"2025-07-15T07:15:29","guid":{"rendered":"https:\/\/wpd.ugr.es\/~aesla26\/?page_id=89"},"modified":"2026-03-19T09:35:19","modified_gmt":"2026-03-19T08:35:19","slug":"inscripcion","status":"publish","type":"page","link":"https:\/\/wpd.ugr.es\/~aesla26\/inscripcion\/","title":{"rendered":"Cuotas de inscripci\u00f3n y registro en el congreso"},"content":{"rendered":"\t\t<div data-elementor-type=\"wp-page\" data-elementor-id=\"89\" class=\"elementor elementor-89\">\n\t\t\t\t<div class=\"elementor-element elementor-element-35c0e2a e-con-full e-flex e-con e-parent\" data-id=\"35c0e2a\" data-element_type=\"container\">\n\t\t<div class=\"elementor-element elementor-element-44ca15c e-con-full e-flex e-con e-child\" data-id=\"44ca15c\" data-element_type=\"container\">\n\t\t\t\t<div class=\"elementor-element elementor-element-4aba46e elementor-widget elementor-widget-text-editor\" data-id=\"4aba46e\" data-element_type=\"widget\" data-widget_type=\"text-editor.default\">\n\t\t\t\t\t\t\t\t\t<p><b>Participantes con comunicaci\u00f3n<\/b><\/p>\n<table style=\"font-size: 14px;\" width=\"1500\" height=\"391\">\n<tbody>\n<tr>\n<td>\u00a0<\/td>\n<td><strong>Reducida<\/strong><br \/><strong>20 diciembre \u2013 1 marzo<\/strong><\/td>\n<td><strong>General:<\/strong><br \/><strong>2 de marzo \u2013 15 de marzo<\/strong><\/td>\n<\/tr>\n<tr>\n<td>Socios de AESLA<\/td>\n<td>160 \u20ac<\/td>\n<td>200 \u20ac<\/td>\n<\/tr>\n<tr>\n<td>No socios de AESLA<\/td>\n<td>210 \u20ac<\/td>\n<td>250 \u20ac<\/td>\n<\/tr>\n<tr>\n<td>Estudiantes, desempleados y jubilados<\/td>\n<td>120 \u20ac<\/td>\n<td>160 \u20ac<\/td>\n<\/tr>\n<\/tbody>\n<\/table>\t\t\t\t\t\t\t\t<\/div>\n\t\t\t\t<\/div>\n\t\t<div class=\"elementor-element elementor-element-c183196 e-con-full e-flex e-con e-child\" data-id=\"c183196\" data-element_type=\"container\">\n\t\t\t\t<div class=\"elementor-element elementor-element-74e48d3 elementor-widget elementor-widget-text-editor\" data-id=\"74e48d3\" data-element_type=\"widget\" data-widget_type=\"text-editor.default\">\n\t\t\t\t\t\t\t\t\t<p><strong>Asistentes<\/strong><\/p>\n<table style=\"font-size: 14px;\" width=\"1500\" height=\"391\">\n<tbody>\n<tr>\n<td>\u00a0<\/td>\n<td><strong>Reducida<\/strong> <br \/><strong>20 diciembre \u2013 1 de marzo<\/strong><\/td>\n<td><strong>General<\/strong> <br \/><strong>2 de marzo \u2013 1 de abril<\/strong><\/td>\n<\/tr>\n<tr>\n<td>Socios de AESLA<\/td>\n<td>100 \u20ac<\/td>\n<td>140\u20ac<\/td>\n<\/tr>\n<tr>\n<td>No socios de AESLA<\/td>\n<td>150 \u20ac<\/td>\n<td>190<strong> <\/strong>\u20ac<\/td>\n<\/tr>\n<tr>\n<td>Estudiantes, desempleados y jubilados<\/td>\n<td>40\u20ac<\/td>\n<td>80<strong> <\/strong>\u20ac<\/td>\n<\/tr>\n<\/tbody>\n<\/table>\t\t\t\t\t\t\t\t<\/div>\n\t\t\t\t<\/div>\n\t\t\t\t<\/div>\n\t\t<div class=\"elementor-element elementor-element-8b43175 e-flex e-con-boxed e-con e-parent\" data-id=\"8b43175\" data-element_type=\"container\">\n\t\t\t\t\t<div class=\"e-con-inner\">\n\t\t\t\t<div class=\"elementor-element elementor-element-05ddedd elementor-widget-divider--view-line elementor-widget elementor-widget-divider\" data-id=\"05ddedd\" data-element_type=\"widget\" data-widget_type=\"divider.default\">\n\t\t\t\t\t\t\t<div class=\"elementor-divider\">\n\t\t\t<span class=\"elementor-divider-separator\">\n\t\t\t\t\t\t<\/span>\n\t\t<\/div>\n\t\t\t\t\t\t<\/div>\n\t\t\t\t\t<\/div>\n\t\t\t\t<\/div>\n\t\t<div class=\"elementor-element elementor-element-915925b e-flex e-con-boxed e-con e-parent\" data-id=\"915925b\" data-element_type=\"container\">\n\t\t\t\t\t<div class=\"e-con-inner\">\n\t\t\t\t<div class=\"elementor-element elementor-element-7ec725d elementor-widget elementor-widget-text-editor\" data-id=\"7ec725d\" data-element_type=\"widget\" data-widget_type=\"text-editor.default\">\n\t\t\t\t\t\t\t\t\t<strong>ACTUALMENTE NO SE ADMITEN M\u00c1S INSCRIPCIONES EN EL CONGRESO. SE RUEGA A LOS PARTICIPANTES QUE NO PAGUEN LAS CUOTAS FUERA DE PLAZO<\/strong>\n\n<s> Una vez recibida la confirmaci\u00f3n de aceptaci\u00f3n de tu propuesta en el congreso, realiza el pago seg\u00fan tu perfil (socio, no socio, otros grupos).\n\nRecordamos a los participantes que, en las <strong>comunicaciones con varios autores<\/strong>, cada participante debe pagar de forma individual la cuota para que se pueda expedir su certificado.\n\nLos pagos del congreso se realizar\u00e1n a la cuenta de la que es titular la \u00ab<strong>Asociaci\u00f3n Espa\u00f1ola de Ling\u00fc\u00edstica Aplicada<\/strong>\u00bb en el\u00a0<strong>n\u00famero de cuenta del Banco Santander:\u00a0<\/strong>\n\n<strong>IBAN<\/strong>: ES2100492840242514198965\n\n<strong>C\u00f3digo\u00a0SWIFT<\/strong>:\u00a0BSCHESMM\n\nEn el\u00a0<strong>concepto<\/strong>\u00a0del pago debe aparecer la siguiente informaci\u00f3n:\n\nAPELLIDOS_NOMBRE_AESLA26\n\nAPELLIDOS_NOMBRE_CENA\n\nAPELLIDOS_NOMBR<span>E_TOUR<\/span>\n\nDespu\u00e9s de pagar la cuota, completa tu registro en el congreso. En el siguiente formulario, sube los documentos del pago del congreso y, si vas a participar en el programa cultural y social, incluye tambi\u00e9n los pagos de la cena de gala y el tour guiado por la ciudad.<\/s>\t\t\t\t\t\t\t\t<\/div>\n\t\t\t\t\t<\/div>\n\t\t\t\t<\/div>\n\t\t<div class=\"elementor-element elementor-element-8b73209 e-flex e-con-boxed e-con e-parent\" data-id=\"8b73209\" data-element_type=\"container\">\n\t\t\t\t\t<div class=\"e-con-inner\">\n\t\t\t\t<div class=\"elementor-element elementor-element-23ca1e9 elementor-widget-divider--view-line elementor-widget elementor-widget-divider\" data-id=\"23ca1e9\" data-element_type=\"widget\" data-widget_type=\"divider.default\">\n\t\t\t\t\t\t\t<div class=\"elementor-divider\">\n\t\t\t<span class=\"elementor-divider-separator\">\n\t\t\t\t\t\t<\/span>\n\t\t<\/div>\n\t\t\t\t\t\t<\/div>\n\t\t\t\t\t<\/div>\n\t\t\t\t<\/div>\n\t\t<div class=\"elementor-element elementor-element-6f98dba e-flex e-con-boxed e-con e-parent\" data-id=\"6f98dba\" data-element_type=\"container\">\n\t\t\t\t\t<div class=\"e-con-inner\">\n\t\t\t\t<div class=\"elementor-element elementor-element-aab0f54 elementor-widget elementor-widget-text-editor\" data-id=\"aab0f54\" data-element_type=\"widget\" data-widget_type=\"text-editor.default\">\n\t\t\t\t\t\t\t\t\t<p>IMPORTANTE:\u00a0<\/p><p>Las facturas se emitir\u00e1n a partir del <strong>1 de marzo<\/strong> salvo casos excepcionales. Solo se facturar\u00e1n los pagos de las cuotas de participaci\u00f3n (asistente o con comunicaci\u00f3n\/p\u00f3ster). Si necesitas factura, marca la opci\u00f3n en el formulario de registro y detalla la informaci\u00f3n.\u00a0<\/p><p><\/p>\t\t\t\t\t\t\t\t<\/div>\n\t\t\t\t\t<\/div>\n\t\t\t\t<\/div>\n\t\t\t\t<\/div>\n\t\t","protected":false},"excerpt":{"rendered":"<p>Participantes con comunicaci\u00f3n \u00a0 Reducida20 diciembre \u2013 1 marzo General:2 de marzo \u2013 15 de marzo Socios de AESLA 160 \u20ac 200 \u20ac No socios de AESLA 210 \u20ac 250 \u20ac Estudiantes, desempleados y jubilados 120 \u20ac 160 \u20ac Asistentes \u00a0 Reducida 20 diciembre \u2013 1 de marzo General 2 [&hellip;]<\/p>\n","protected":false},"author":1,"featured_media":4412,"parent":0,"menu_order":0,"comment_status":"closed","ping_status":"closed","template":"","meta":{"_themeisle_gutenberg_block_has_review":false,"footnotes":""},"class_list":["post-89","page","type-page","status-publish","has-post-thumbnail","hentry"],"jetpack_sharing_enabled":true,"_links":{"self":[{"href":"https:\/\/wpd.ugr.es\/~aesla26\/wp-json\/wp\/v2\/pages\/89","targetHints":{"allow":["GET"]}}],"collection":[{"href":"https:\/\/wpd.ugr.es\/~aesla26\/wp-json\/wp\/v2\/pages"}],"about":[{"href":"https:\/\/wpd.ugr.es\/~aesla26\/wp-json\/wp\/v2\/types\/page"}],"author":[{"embeddable":true,"href":"https:\/\/wpd.ugr.es\/~aesla26\/wp-json\/wp\/v2\/users\/1"}],"replies":[{"embeddable":true,"href":"https:\/\/wpd.ugr.es\/~aesla26\/wp-json\/wp\/v2\/comments?post=89"}],"version-history":[{"count":57,"href":"https:\/\/wpd.ugr.es\/~aesla26\/wp-json\/wp\/v2\/pages\/89\/revisions"}],"predecessor-version":[{"id":4728,"href":"https:\/\/wpd.ugr.es\/~aesla26\/wp-json\/wp\/v2\/pages\/89\/revisions\/4728"}],"wp:featuredmedia":[{"embeddable":true,"href":"https:\/\/wpd.ugr.es\/~aesla26\/wp-json\/wp\/v2\/media\/4412"}],"wp:attachment":[{"href":"https:\/\/wpd.ugr.es\/~aesla26\/wp-json\/wp\/v2\/media?parent=89"}],"curies":[{"name":"wp","href":"https:\/\/api.w.org\/{rel}","templated":true}]}}