{"id":93,"date":"2025-07-15T09:16:18","date_gmt":"2025-07-15T07:16:18","guid":{"rendered":"https:\/\/wpd.ugr.es\/~aesla26\/?page_id=93"},"modified":"2026-03-26T17:00:09","modified_gmt":"2026-03-26T16:00:09","slug":"programa","status":"publish","type":"page","link":"https:\/\/wpd.ugr.es\/~aesla26\/programa\/","title":{"rendered":"Programa"},"content":{"rendered":"\t\t<div data-elementor-type=\"wp-page\" data-elementor-id=\"93\" class=\"elementor elementor-93\">\n\t\t\t\t<div class=\"elementor-element elementor-element-2dc4e85a e-flex e-con-boxed e-con e-parent\" data-id=\"2dc4e85a\" data-element_type=\"container\">\n\t\t\t\t\t<div class=\"e-con-inner\">\n\t\t\t\t<div class=\"elementor-element elementor-element-568f212e elementor-widget elementor-widget-text-editor\" data-id=\"568f212e\" data-element_type=\"widget\" data-widget_type=\"text-editor.default\">\n\t\t\t\t\t\t\t\t\t\n<p><strong>Programa definitivo ya disponible (26\/03\/2026)<\/strong><\/p>\n\n<p data-wp-interactive=\"core\/file\" class=\"wp-block-file\"><strong><a href=\"https:\/\/wpd.ugr.es\/~aesla26\/wp-content\/uploads\/2026\/03\/Programa-definitivo.pdf\">Descarga aqu\u00ed el programa definitivo<\/a><\/strong><\/p>\n<p><strong><a href=\"https:\/\/wpd.ugr.es\/~aesla26\/wp-content\/uploads\/2026\/03\/Resumen-horario.pdf\">Descarga aqu\u00ed el horario resumido<\/a><\/strong><\/p>\n\n<p>Programa general<\/p>\n\n<p><strong><a href=\"https:\/\/wpd.ugr.es\/~aesla26\/wp-content\/uploads\/2026\/03\/Resumen-horario.pdf\"><\/a>Mi\u00e9rcoles, 15 de abril<\/strong><\/p>\n\n<p><br \/>8:30-9:00: Inscripci\u00f3n y entrega de documentaci\u00f3n.<br \/>9:00-9:30: Acto de inauguraci\u00f3n del congreso.<br \/>9:30-10:30: Conferencia plenaria.<br \/>10:30- 11:00: Pausa caf\u00e9.<br \/>11:00-13:30. Sesiones paralelas de presentaci\u00f3n de ponencias.<br \/>13:30-15:00 Pausa.<br \/>15:00-18:00. Sesiones paralelas de presentaci\u00f3n de ponencias.<br \/>18:30-19:30. Visita guiada por el casco hist\u00f3rico de Granada. Opcional (ver p\u00e1gina web).<br \/>20:00. Recepci\u00f3n de bienvenida. Restaurante las Tomasas (Albaic\u00edn, Granada).<\/p>\n\n<p><strong>Jueves, 16 de abril<\/strong><\/p>\n\n<p>8:30-11:00 Sesiones paralelas de presentaci\u00f3n de ponencias.<br \/>11:00-11:30 Pausa caf\u00e9.<br \/>11:30-12:30 Conferencia plenaria.<br \/>12:30-14:00 Sesiones paralelas de presentaci\u00f3n de ponencias.<br \/>14:00-15:30 Pausa mediod\u00eda.<br \/>15:30-17:00 Sesiones paralelas de presentaci\u00f3n de ponencias.<br \/>17:00-18:00 Conferencia plenaria.<br \/>18:00-18:30 Pausa caf\u00e9 y presentaci\u00f3n de p\u00f3steres.<br \/>18:45-20:00 Asamblea general de socios de AESLA.<br \/>21:00 Cena de gala. Palacio de Santa Paula (ver informaci\u00f3n p\u00e1gina web).<\/p>\n\n<p><strong>Viernes, 17 de abril<\/strong><\/p>\n\n<p>09:00-12:00 Sesiones paralelas de presentaci\u00f3n de ponencias<br \/>12:00-12:30 Pausa caf\u00e9.<br \/>12:30-13.30 Conferencia plenaria.<br \/>13:30-14:00 Acto de Clausura.<\/p>\n\n<p>Los horarios son aproximados. Se ampliar\u00e1 la informaci\u00f3n con un programa m\u00e1s detallado en los pr\u00f3ximos meses.<\/p>\n\n<p><\/p>\n\t\t\t\t\t\t\t\t<\/div>\n\t\t\t\t\t<\/div>\n\t\t\t\t<\/div>\n\t\t\t\t<\/div>\n\t\t","protected":false},"excerpt":{"rendered":"<p>Programa definitivo ya disponible (26\/03\/2026) Programa general Mi\u00e9rcoles, 15 de abril 8:30-9:00: Inscripci\u00f3n y entrega de documentaci\u00f3n.9:00-9:30: Acto de inauguraci\u00f3n del congreso.9:30-10:30: Conferencia plenaria.10:30- 11:00: Pausa caf\u00e9.11:00-13:30. Sesiones paralelas de presentaci\u00f3n de ponencias.13:30-15:00 Pausa.15:00-18:00. Sesiones paralelas de presentaci\u00f3n de ponencias.18:30-19:30. Visita guiada por el casco hist\u00f3rico de Granada. Opcional (ver [&hellip;]<\/p>\n","protected":false},"author":1,"featured_media":4414,"parent":0,"menu_order":0,"comment_status":"closed","ping_status":"closed","template":"","meta":{"_themeisle_gutenberg_block_has_review":false,"footnotes":""},"class_list":["post-93","page","type-page","status-publish","has-post-thumbnail","hentry"],"jetpack_sharing_enabled":true,"_links":{"self":[{"href":"https:\/\/wpd.ugr.es\/~aesla26\/wp-json\/wp\/v2\/pages\/93","targetHints":{"allow":["GET"]}}],"collection":[{"href":"https:\/\/wpd.ugr.es\/~aesla26\/wp-json\/wp\/v2\/pages"}],"about":[{"href":"https:\/\/wpd.ugr.es\/~aesla26\/wp-json\/wp\/v2\/types\/page"}],"author":[{"embeddable":true,"href":"https:\/\/wpd.ugr.es\/~aesla26\/wp-json\/wp\/v2\/users\/1"}],"replies":[{"embeddable":true,"href":"https:\/\/wpd.ugr.es\/~aesla26\/wp-json\/wp\/v2\/comments?post=93"}],"version-history":[{"count":7,"href":"https:\/\/wpd.ugr.es\/~aesla26\/wp-json\/wp\/v2\/pages\/93\/revisions"}],"predecessor-version":[{"id":4733,"href":"https:\/\/wpd.ugr.es\/~aesla26\/wp-json\/wp\/v2\/pages\/93\/revisions\/4733"}],"wp:featuredmedia":[{"embeddable":true,"href":"https:\/\/wpd.ugr.es\/~aesla26\/wp-json\/wp\/v2\/media\/4414"}],"wp:attachment":[{"href":"https:\/\/wpd.ugr.es\/~aesla26\/wp-json\/wp\/v2\/media?parent=93"}],"curies":[{"name":"wp","href":"https:\/\/api.w.org\/{rel}","templated":true}]}}