{"id":95,"date":"2025-07-15T09:16:38","date_gmt":"2025-07-15T07:16:38","guid":{"rendered":"https:\/\/wpd.ugr.es\/~aesla26\/?page_id=95"},"modified":"2025-12-10T12:25:31","modified_gmt":"2025-12-10T11:25:31","slug":"sede","status":"publish","type":"page","link":"https:\/\/wpd.ugr.es\/~aesla26\/sede\/","title":{"rendered":"Sede del congreso"},"content":{"rendered":"\t\t<div data-elementor-type=\"wp-page\" data-elementor-id=\"95\" class=\"elementor elementor-95\">\n\t\t\t\t<div class=\"elementor-element elementor-element-5e75320b e-flex e-con-boxed e-con e-parent\" data-id=\"5e75320b\" data-element_type=\"container\">\n\t\t\t\t\t<div class=\"e-con-inner\">\n\t\t\t\t<div class=\"elementor-element elementor-element-5bbb3585 elementor-widget elementor-widget-text-editor\" data-id=\"5bbb3585\" data-element_type=\"widget\" data-widget_type=\"text-editor.default\">\n\t\t\t\t\t\t\t\t\t<p>La sede principal del congreso ser\u00e1 la <a href=\"https:\/\/etsiccp.ugr.es\/\">Escuela T\u00e9cnica Superior de Ingenier\u00eda de Caminos, Canales y Puertos <\/a>de la Universidad de Granada. Es una sede c\u00e9ntrica, a la que se puede acceder a pie desde el centro de la ciudad y en autob\u00fas urbano y metro.<\/p>\n<p><!-- \/wp:paragraph --><\/p>\n<p><!-- wp:image {\"id\":4483,\"width\":\"563px\",\"height\":\"auto\",\"sizeSlug\":\"large\",\"linkDestination\":\"none\"} --><\/p>\n<p><!-- \/wp:image --><\/p>\n<p><!-- wp:paragraph --><\/p>\n<p>Asimismo, algunas sesiones se organizar\u00e1n en el <a href=\"https:\/\/patrimonio.ugr.es\/bien-inmueble\/aulario-de-derecho\/\">Aulario de Derecho<\/a>, tambi\u00e9n sede de la Universidad de Granada. Es un espacio situado a menos de 5 minutos de la sede principal.<\/p>\n<p><\/p>\n<p><!-- \/wp:image --><\/p>\t\t\t\t\t\t\t\t<\/div>\n\t\t\t\t\t<\/div>\n\t\t\t\t<\/div>\n\t\t<div class=\"elementor-element elementor-element-920c89d e-flex e-con-boxed e-con e-parent\" data-id=\"920c89d\" data-element_type=\"container\">\n\t\t\t\t\t<div class=\"e-con-inner\">\n\t\t\t\t<div class=\"elementor-element elementor-element-9e26d59 elementor-widget-divider--view-line elementor-widget elementor-widget-divider\" data-id=\"9e26d59\" data-element_type=\"widget\" data-widget_type=\"divider.default\">\n\t\t\t\t\t\t\t<div class=\"elementor-divider\">\n\t\t\t<span class=\"elementor-divider-separator\">\n\t\t\t\t\t\t<\/span>\n\t\t<\/div>\n\t\t\t\t\t\t<\/div>\n\t\t\t\t\t<\/div>\n\t\t\t\t<\/div>\n\t\t<div class=\"elementor-element elementor-element-5e8fa97 e-flex e-con-boxed e-con e-parent\" data-id=\"5e8fa97\" data-element_type=\"container\">\n\t\t\t\t\t<div class=\"e-con-inner\">\n\t\t\t\t<div class=\"elementor-element elementor-element-67ab066 elementor-widget elementor-widget-image-gallery\" data-id=\"67ab066\" data-element_type=\"widget\" data-widget_type=\"image-gallery.default\">\n\t\t\t\t\t\t\t<div class=\"elementor-image-gallery\">\n\t\t\t\n\t\t<style type=\"text\/css\">\n\t\t\t#gallery-1 {\n\t\t\t\tmargin: auto;\n\t\t\t}\n\t\t\t#gallery-1 .gallery-item {\n\t\t\t\tfloat: left;\n\t\t\t\tmargin-top: 10px;\n\t\t\t\ttext-align: center;\n\t\t\t\twidth: 50%;\n\t\t\t}\n\t\t\t#gallery-1 img {\n\t\t\t\tborder: 2px solid #cfcfcf;\n\t\t\t}\n\t\t\t#gallery-1 .gallery-caption {\n\t\t\t\tmargin-left: 0;\n\t\t\t}\n\t\t\t\/* see gallery_shortcode() in wp-includes\/media.php *\/\n\t\t<\/style>\n\t\t<div id='gallery-1' class='gallery galleryid-95 gallery-columns-2 gallery-size-medium_large'><dl class='gallery-item'>\n\t\t\t<dt class='gallery-icon landscape'>\n\t\t\t\t<a data-elementor-open-lightbox=\"yes\" data-elementor-lightbox-slideshow=\"67ab066\" data-elementor-lightbox-title=\"Escuelacaminos\" data-e-action-hash=\"#elementor-action%3Aaction%3Dlightbox%26settings%3DeyJpZCI6NDQ4MywidXJsIjoiaHR0cHM6XC9cL3dwZC51Z3IuZXNcL35hZXNsYTI2XC93cC1jb250ZW50XC91cGxvYWRzXC8yMDI1XC8xMVwvRXNjdWVsYWNhbWlub3MuanBnIiwic2xpZGVzaG93IjoiNjdhYjA2NiJ9\" href='https:\/\/wpd.ugr.es\/~aesla26\/wp-content\/uploads\/2025\/11\/Escuelacaminos.jpg'><img fetchpriority=\"high\" decoding=\"async\" width=\"750\" height=\"422\" src=\"https:\/\/wpd.ugr.es\/~aesla26\/wp-content\/uploads\/2025\/11\/Escuelacaminos-768x432.jpg\" class=\"attachment-medium_large size-medium_large\" alt=\"\" aria-describedby=\"gallery-1-4483\" srcset=\"https:\/\/wpd.ugr.es\/~aesla26\/wp-content\/uploads\/2025\/11\/Escuelacaminos-768x432.jpg 768w, https:\/\/wpd.ugr.es\/~aesla26\/wp-content\/uploads\/2025\/11\/Escuelacaminos-300x169.jpg 300w, https:\/\/wpd.ugr.es\/~aesla26\/wp-content\/uploads\/2025\/11\/Escuelacaminos-1024x576.jpg 1024w, https:\/\/wpd.ugr.es\/~aesla26\/wp-content\/uploads\/2025\/11\/Escuelacaminos-1536x864.jpg 1536w, https:\/\/wpd.ugr.es\/~aesla26\/wp-content\/uploads\/2025\/11\/Escuelacaminos.jpg 1600w\" sizes=\"(max-width: 750px) 100vw, 750px\" \/><\/a>\n\t\t\t<\/dt>\n\t\t\t\t<dd class='wp-caption-text gallery-caption' id='gallery-1-4483'>\n\t\t\t\tEscuela T\u00e9cnica Superior de Ingenier\u00eda de Caminos, Canales y Puertos\n\t\t\t\t<\/dd><\/dl><dl class='gallery-item'>\n\t\t\t<dt class='gallery-icon landscape'>\n\t\t\t\t<a data-elementor-open-lightbox=\"yes\" data-elementor-lightbox-slideshow=\"67ab066\" data-elementor-lightbox-title=\"images\" data-e-action-hash=\"#elementor-action%3Aaction%3Dlightbox%26settings%3DeyJpZCI6NDQ4NCwidXJsIjoiaHR0cHM6XC9cL3dwZC51Z3IuZXNcL35hZXNsYTI2XC93cC1jb250ZW50XC91cGxvYWRzXC8yMDI1XC8xMVwvaW1hZ2VzLmpwZWciLCJzbGlkZXNob3ciOiI2N2FiMDY2In0%3D\" href='https:\/\/wpd.ugr.es\/~aesla26\/wp-content\/uploads\/2025\/11\/images.jpeg'><img decoding=\"async\" width=\"275\" height=\"183\" src=\"https:\/\/wpd.ugr.es\/~aesla26\/wp-content\/uploads\/2025\/11\/images.jpeg\" class=\"attachment-medium_large size-medium_large\" alt=\"\" aria-describedby=\"gallery-1-4484\" \/><\/a>\n\t\t\t<\/dt>\n\t\t\t\t<dd class='wp-caption-text gallery-caption' id='gallery-1-4484'>\n\t\t\t\tAulario de la Facultad de Derecho\n\t\t\t\t<\/dd><\/dl><br style=\"clear: both\" \/>\n\t\t<\/div>\n\t\t<\/div>\n\t\t\t\t\t\t<\/div>\n\t\t\t\t\t<\/div>\n\t\t\t\t<\/div>\n\t\t\t\t<\/div>\n\t\t","protected":false},"excerpt":{"rendered":"<p>La sede principal del congreso ser\u00e1 la Escuela T\u00e9cnica Superior de Ingenier\u00eda de Caminos, Canales y Puertos de la Universidad de Granada. Es una sede c\u00e9ntrica, a la que se puede acceder a pie desde el centro de la ciudad y en autob\u00fas urbano y metro. Asimismo, algunas sesiones se [&hellip;]<\/p>\n","protected":false},"author":1,"featured_media":4412,"parent":0,"menu_order":0,"comment_status":"closed","ping_status":"closed","template":"","meta":{"_themeisle_gutenberg_block_has_review":false,"footnotes":""},"class_list":["post-95","page","type-page","status-publish","has-post-thumbnail","hentry"],"jetpack_sharing_enabled":true,"_links":{"self":[{"href":"https:\/\/wpd.ugr.es\/~aesla26\/wp-json\/wp\/v2\/pages\/95","targetHints":{"allow":["GET"]}}],"collection":[{"href":"https:\/\/wpd.ugr.es\/~aesla26\/wp-json\/wp\/v2\/pages"}],"about":[{"href":"https:\/\/wpd.ugr.es\/~aesla26\/wp-json\/wp\/v2\/types\/page"}],"author":[{"embeddable":true,"href":"https:\/\/wpd.ugr.es\/~aesla26\/wp-json\/wp\/v2\/users\/1"}],"replies":[{"embeddable":true,"href":"https:\/\/wpd.ugr.es\/~aesla26\/wp-json\/wp\/v2\/comments?post=95"}],"version-history":[{"count":8,"href":"https:\/\/wpd.ugr.es\/~aesla26\/wp-json\/wp\/v2\/pages\/95\/revisions"}],"predecessor-version":[{"id":4517,"href":"https:\/\/wpd.ugr.es\/~aesla26\/wp-json\/wp\/v2\/pages\/95\/revisions\/4517"}],"wp:featuredmedia":[{"embeddable":true,"href":"https:\/\/wpd.ugr.es\/~aesla26\/wp-json\/wp\/v2\/media\/4412"}],"wp:attachment":[{"href":"https:\/\/wpd.ugr.es\/~aesla26\/wp-json\/wp\/v2\/media?parent=95"}],"curies":[{"name":"wp","href":"https:\/\/api.w.org\/{rel}","templated":true}]}}