{"id":147,"date":"2014-05-04T15:54:13","date_gmt":"2014-05-04T15:54:13","guid":{"rendered":"http:\/\/demo.themegrill.com\/vintage\/?page_id=6"},"modified":"2025-02-01T18:37:33","modified_gmt":"2025-02-01T18:37:33","slug":"publications","status":"publish","type":"page","link":"https:\/\/wpd.ugr.es\/~ammartin\/publications\/","title":{"rendered":"Publications"},"content":{"rendered":"<p>2025<\/p>\n<p><strong>Bacteriocin-Producing Enterococci Modulate Cheese Microbial Diversity<\/strong><br \/>\nC Teso-P\u00e9rez, A L\u00f3pez-Gazc\u00f3n, JM Peralta-S\u00e1nchez, M Mart\u00ednez-Bueno, E Valdivia, ME F\u00e1rez-Vidal, AM Mart\u00edn-Platero<br \/>\nMicrobial Ecology<br \/>\ndoi: <a href=\"https:\/\/doi.org\/10.1007\/s00248-025-02491-7\">10.1007\/s00248-025-02491-7<\/a><\/p>\n<p>2024<\/p>\n<p><strong>Colouration of the uropygial secretion in starling nestlings: a possible role of bacteria in parent-offspring communication<\/strong><br \/>\nE Mart\u00ednez-Renau, AM Mart\u00edn-Platero, MD Bar\u00f3n, AJ Garc\u00eda-N\u00fa\u00f1ez, M Mart\u00ednez-Bueno, C Ruiz-Castellano, G Tom\u00e1s, JJ Soler<br \/>\nProceedings of the Royal Society B<br \/>\ndoi: <a href=\"http:\/\/doi.org\/10.1098\/rspb.2024.1857\">10.1098\/rspb.2024.1857<\/a><\/p>\n<p><strong>Microalgae and phytase dietary supplementation improved growth and gut microbiota in juvenile European seabass (Dicentrarchus labrax)<\/strong><br \/>\nJM Peralta-S\u00e1nchez, M Rabelo-Ruiz, AM Mart\u00edn-Platero, AJ Vizca\u00edno, S Flores-Moreno, J Mac\u00edas-Vidal, JA Martos-Sitcha, FJ Alarc\u00f3n-L\u00f3pez, A Ba\u00f1os, E Valdivia, M Mart\u00ednez-Bueno<br \/>\nBMC genomics<br \/>\ndoi: <a href=\"https:\/\/doi.org\/10.1186\/s12864-024-10760-x\">10.1186\/s12864-024-10760-x<\/a><\/p>\n<p><strong>Social environment influences microbiota and potentially pathogenic bacterial communities on the skin of developing birds<\/strong><br \/>\nE Mart\u00ednez-Renau, AM Mart\u00edn-Platero, KH Bodawatta, M Mart\u00edn-Vivaldi, M Mart\u00ednez-Bueno, M Poulsen, JJ Soler<br \/>\nAnimal Microbiome<br \/>\ndoi: <a href=\"https:\/\/doi.org\/10.1186\/s42523-024-00327-2\">10.1186\/s42523-024-00327-2<\/a><\/p>\n<p><strong>Genomic Characterization of Piscicolin CM22 Produced by Carnobacterium maltaromaticum CM22 Strain Isolated from Salmon (Salmo salar)<\/strong><br \/>\nE Gonz\u00e1lez-Gragera, JD Garc\u00eda-L\u00f3pez, C Teso-P\u00e9rez, I Jim\u00e9nez-Hern\u00e1ndez, JM Peralta-S\u00e1nchez, E Valdivia, M Montalban-Lopez, AM Mart\u00edn-Platero, A Ba\u00f1os, M Mart\u00ednez-Bueno<br \/>\nProbiotics and Antimicrobial Proteins<br \/>\ndoi: <a href=\"https:\/\/doi.org\/10.1007\/s12602-024-10316-1\">10.1007\/s12602-024-10316-1<\/a><\/p>\n<p>2023<\/p>\n<p><strong>Circular and L50-like leaderless enterocins share a common ABC-transporter immunity gene<\/strong><br \/>\nC Teso-P\u00e9rez, M Mart\u00ednez-Bueno, JM Peralta-S\u00e1nchez, E Valdivia, ME F\u00e1rez-Vidal, AM Mart\u00edn-Platero<br \/>\nBMC Genomics<br \/>\ndoi: <a href=\"https:\/\/doi.org\/10.1186\/s12864-023-09750-2\">10.1186\/s12864-023-09750-2<\/a><\/p>\n<p><strong>Lactiplantibacillus paraplantarum BPF2 and Pediococcus acidilactici ST6, Two Bacteriocinogenic Isolated Strains from Andalusian Spontaneous Fermented Sausages<\/strong><br \/>\nJD Garc\u00eda-L\u00f3pez, C Teso-P\u00e9rez, AM Mart\u00edn-Platero, JM Peralta-S\u00e1nchez, J Fonoll\u00e1-Joya, M Mart\u00ednez-Bueno, A Ba\u00f1os<br \/>\ndoi: <a href=\"https:\/\/doi.org\/10.3390\/foods12132445\">10.3390\/foods12132445<\/a><\/p>\n<p><strong>Allium-Derived Compound Propyl Propane Thiosulfonate (PTSO) Reduces Vibrio Populations and Increases Body Weight of European Seabass (Dicentrarchus labrax) Juveniles<\/strong><br \/>\nM Rabelo-Ruiz, JM Peralta-S\u00e1nchez, AM Mart\u00edn-Platero, AJ Ruiz, MM Agraso, L Berm\u00fadez, JJ Ariza, A Ba\u00f1os, E Valdivia, M Mart\u00ednez-Bueno<br \/>\nAntibiotics<br \/>\ndoi: <a href=\"https:\/\/doi.org\/10.3390\/antibiotics12010134\">10.3390\/antibiotics12010134<\/a><\/p>\n<p>2022<\/p>\n<p><strong>Microbial infection risk predicts antimicrobial potential of avian symbionts<\/strong><br \/>\nE Mart\u00ednez-Renau, M Mazorra-Alonso, C Ruiz-Castellano, M Mart\u00edn-Vivaldi, AM Mart\u00edn-Platero, MD Bar\u00f3n, JJ Soler<br \/>\nFrontiers in Microbiology<br \/>\ndoi: <a href=\"https:\/\/doi.org\/10.3389\/fmicb.2022.1010961\">10.3389\/fmicb.2022.1010961<\/a><\/p>\n<p><strong>Beneficial Shifts in the Gut Bacterial Community of Gilthead Seabream (Sparus aurata) Juveniles Supplemented with Allium-Derived Compound Propyl Propane Thiosulfonate (PTSO)<\/strong><br \/>\nM Rabelo-Ruiz, AM Newman-Portela, JM Peralta-S\u00e1nchez, AM Mart\u00edn-Platero, MM Agraso, L Berm\u00fadez, MA Aguinaga, A Ba\u00f1os, M Maqueda, E Valdivia, M Mart\u00ednez-Bueno<br \/>\nAnimals<br \/>\ndoi: <a href=\"https:\/\/doi.org\/10.3390\/ani12141821\">10.3390\/ani12141821<\/a><\/p>\n<p>2021<\/p>\n<p><strong>Enterocin Cross-Resistance Mediated by ABC Transport Systems<\/strong><br \/>\nC Teso-P\u00e9rez, M Mart\u00ednez-Bueno, JM Peralta-S\u00e1nchez, E Valdivia, M Maqueda, ME F\u00e1rez-Vidal, AM Mart\u00edn-Platero<br \/>\nMicroorganisms<br \/>\ndoi: <a href=\"https:\/\/doi.org\/10.3390\/microorganisms9071411\">10.3390\/microorganisms9071411<\/a><\/p>\n<p><strong>Allium Extract Implements Weaned Piglet\u2019s Productive Parameters by Modulating Distal Gut Microbiota<\/strong><br \/>\nM Rabelo-Ruiz, C Teso-P\u00e9rez, JM Peralta-S\u00e1nchez, JJ Ariza, AM Mart\u00edn-Platero, O Casabuena-Rinc\u00f3n, P V\u00e1zquez-Chas, E Guillam\u00f3n, MA Aguinaga-Casa\u00f1as, M Maqueda, E Valdivia, A Ba\u00f1os, M Mart\u00ednez-Bueno<br \/>\nAntibiotics (Basel)<br \/>\ndoi: <a href=\"http:\/\/doi.org\/10.3390\/antibiotics10030269\">10.3390\/antibiotics10030269<\/a><\/p>\n<p><strong>Allium-Based Phytobiotic Enhances Egg Production in Laying Hens through Microbial Composition Changes in Ileum and Cecum<\/strong><br \/>\nM Rabelo-Ruiz, JJ Ariza-Romero, MJ Zurita-Gonz\u00e1lez, AM Mart\u00edn-Platero, A Ba\u00f1os, M Maqueda, E Valdivia, M Mart\u00ednez-Bueno, JM Peralta-S\u00e1nchez<br \/>\nAnimals (Basel)<br \/>\ndoi: <a href=\"https:\/\/doi.org\/10.3390\/ani11020448\">10.3390\/ani11020448<\/a><\/p>\n<p>2020<\/p>\n<p><strong>Synergy of the bacteriocin AS-48 and antibiotics against uropathogenic enterococci<\/strong><br \/>\nM Montalb\u00e1n-L\u00f3pez, R Cebri\u00e1n, R Galera, L Mingorance, AM Mart\u00edn-Platero, E Valdivia, M Mart\u00ednez-Bueno, M Maqueda<br \/>\nAntibiotics (Basel)<br \/>\ndoi: <a href=\"https:\/\/doi.org\/10.3390\/antibiotics9090567\">10.3390\/antibiotics9090567<\/a><\/p>\n<p>2019<\/p>\n<p><strong>Egg production in poultry farming is improved by probiotic bacteria<\/strong><br \/>\nJM Peralta-S\u00e1nchez, AM Mart\u00edn-Platero, JJ Ariza-Romero, M Rabelo-Ruiz, MJ Zurita-Gonz\u00e1lez, A Ba\u00f1os, SM Rodr\u00edguez-Ruano, M Maqueda, E Valdivia, M Mart\u00ednez-Bueno<br \/>\nFrontiers in microbiology<br \/>\ndoi: <a href=\"https:\/\/doi.org\/10.3389\/fmicb.2019.01042\">10.3389\/fmicb.2019.01042<\/a><\/p>\n<p><strong>Multiple Genome Sequences of Lactobacillus pentosus Strains Isolated from Biofilms on the Skin of Fermented Green Table Olives<\/strong><br \/>\nB Calero-Delgado, AJ P\u00e9rez-Pulido, A Ben\u00edtez-Cabello, AM Mart\u00edn-Platero, CS Casimiro-Soriguer, M Mart\u00ednez-Bueno, FN Arroyo-L\u00f3pez, R Jim\u00e9nez D\u00edaz<br \/>\nMicrobiology Resource Announcements<br \/>\ndoi: <a href=\"https:\/\/doi.org\/10.1128\/MRA.01546-18\" target=\"_blank\" rel=\"noopener\">10.1128\/MRA.01546-18<\/a><\/p>\n<p>2018<\/p>\n<p><strong>Diversity and antimicrobial potential in sea anemone and holothurian microbiomes<\/strong><br \/>\nE Le\u00f3n-Palmero, V Joglar, PA \u00c1lvarez, AM Mart\u00edn-Platero, I Llamas, I Reche<br \/>\nPLOS One<br \/>\ndoi: <a href=\"https:\/\/doi.org\/10.1371\/journal.pone.0196178\" target=\"_blank\" rel=\"noopener\">10.1371\/journal.pone.0196178<\/a><\/p>\n<p><strong>Draft genome sequences of six Lactobacillus pentosus strains isolated from brines of traditionally fermented Spanish-style green table olives<\/strong><br \/>\nB Calero-Delgado, AM Mart\u00edn-Platero, AJ P\u00e9rez-Pulido, A Ben\u00edtez-Cabello, CS Casimiro-Soriguer, M Mart\u00ednez-Bueno, FN Arroyo-L\u00f3pez, F Rodr\u00edguez-G\u00f3mez, J Bautista-Gallego, A Garrido-Fern\u00e1ndez, R Jim\u00e9nez-D\u00edaz<br \/>\nGenome Announcements<br \/>\ndoi: <a href=\"https:\/\/doi.org\/10.1128\/genomeA.00379-18\" target=\"_blank\" rel=\"noopener\">10.1128\/genomeA.00379-18<\/a><\/p>\n<p><strong>Bacterial density rather than diversity correlates with hatching success across different avian species<\/strong><br \/>\nJM Peralta-S\u00e1nchez, AM Mart\u00edn-Platero, L Wegener-Parfrey, M Mart\u00ednez-Bueno, S Rodr\u00edguez-Ruano, JA Navas-Molina, Y V\u00e1zquez-Baeza, D Mart\u00edn-G\u00e1lvez, M Mart\u00edn-Vivaldi, JD Ib\u00e1\u00f1ez-\u00c1lamo, R Knight, JJ Soler<br \/>\nFEMS Microbiology Ecology<br \/>\ndoi: <a href=\"https:\/\/doi.org\/10.1093\/femsec\/fiy022\" target=\"_blank\" rel=\"noopener\">10.1093\/femsec\/fiy022<\/a><\/p>\n<p><strong>High resolution time series reveals cohesive but short-lived communities in coastal plankton<\/strong><br \/>\nAM Martin-Platero, B Cleary, K Kauffman, SP Preheim, DJ McGillicuddy, EJ Alm, MF Polz<br \/>\nNature Communications<br \/>\ndoi: <a href=\"https:\/\/doi.org\/10.1038\/s41467-017-02571-4\" target=\"_blank\" rel=\"noopener\">10.1038\/s41467-017-02571-4<\/a><\/p>\n<p>2017<\/p>\n<p><strong>A communal catalogue reveals Earth\u2019s multiscale microbial diversity<\/strong><br \/>\nLR. Thompson, JG Sanders [\u2026], and The Earth Microbiome Project Consortium<br \/>\nNature<br \/>\ndoi: <a href=\"https:\/\/doi.org\/10.1038\/nature24621\" target=\"_blank\" rel=\"noopener\">10.1038\/nature24621<\/a><\/p>\n<p><strong>BSocial: Deciphering Social Behaviors within Mixed Microbial Populations<\/strong><br \/>\nJ Purswani, RC Romero-Zaliz, AM Mart\u00edn-Platero, IM Guisado, J Gonz\u00e1lez-L\u00f3pez, C Pozo<br \/>\nFrontiers in microbiology<br \/>\ndoi: <a href=\"https:\/\/doi.org\/10.3389\/fmicb.2017.00919\" target=\"_blank\" rel=\"noopener\">10.3389\/fmicb.2017.00919<\/a><\/p>\n<p>2016<\/p>\n<p><strong>Nestedness of hoopoes\u2019 bacterial communities: symbionts from the uropygial gland to the eggshell<\/strong><br \/>\nJJ Soler, \u00c1 Mart\u00ednez-Garc\u00eda, SM Rodr\u00edguez-Ruano, M Mart\u00ednez-Bueno, AM Mart\u00edn-Platero, JM Peralta-S\u00e1nchez, M Mart\u00edn-Vivaldi<br \/>\nBiological Journal of the Linnean Society<br \/>\ndoi: <a href=\"https:\/\/doi.org\/10.1111\/bij.12772\" target=\"_blank\" rel=\"noopener\">10.1111\/bij.12772<\/a><\/p>\n<p>2015<\/p>\n<p><strong>Preening as a vehicle for key bacteria in hoopoes<\/strong><br \/>\n\u00c1 Mart\u00ednez-Garc\u00eda, JJ Soler, SM Rodr\u00edguez-Ruano, M Mart\u00ednez-Bueno, AM Mart\u00edn-Platero, N Ju\u00e1rez-Garc\u00eda, M Mart\u00edn-Vivaldi<br \/>\nMicrobial Ecology<br \/>\ndoi: <a href=\"https:\/\/doi.org\/10.1007\/s00248-015-0636-1\" target=\"_blank\" rel=\"noopener\">10.1007\/s00248-015-0636-1<\/a><\/p>\n<p><strong>The hoopoe&#8217;s uropygial gland hosts a bacterial community influenced by the living conditions of the bird<\/strong><br \/>\nSM Rodr\u00edguez-Ruano, M Mart\u00edn-Vivaldi, AM Mart\u00edn-Platero, J Pablo L\u00f3pez-L\u00f3pez, JM Peralta-S\u00e1nchez, M Ruiz-Rodr\u00edguez, JJ Soler, E Valdivia, M Mart\u00ednez-Bueno<br \/>\nPloS One<br \/>\ndoi: <a href=\"https:\/\/doi.org\/10.1371\/journal.pone.0139734\" target=\"_blank\" rel=\"noopener\">10.1371\/journal.pone.0139734<\/a><\/p>\n<p>2014<\/p>\n<p><strong>Special structures of hoopoe eggshells enhance the adhesion of symbiont\u2010carrying uropygial secretion that increase hatching success<\/strong><br \/>\nM Mart\u00edn\u2010Vivaldi, JJ Soler, JM Peralta\u2010S\u00e1nchez, L Arco, AM Mart\u00edn\u2010Platero, M Mart\u00ednez\u2010Bueno, M Ruiz\u2010Rodr\u00edguez, E Valdivia<br \/>\nJournal of Animal Ecology<br \/>\ndoi: <a href=\"https:\/\/doi.org\/10.1111\/1365-2656.12243\" target=\"_blank\" rel=\"noopener\">10.1111\/1365-2656.12243<\/a><\/p>\n<p><strong>Eggshell bacterial load is related to antimicrobial properties of feathers lining barn swallow nests<\/strong><br \/>\nJM Peralta-S\u00e1nchez, JJ Soler, AM Mart\u00edn-Platero, R Knight, M Mart\u00ednez-Bueno, A Pape M\u00f8ller<br \/>\nMicrobial Ecology<br \/>\ndoi: <a href=\"https:\/\/doi.org\/10.1007\/s00248-013-0338-5\" target=\"_blank\" rel=\"noopener\">10.1007\/s00248-013-0338-5<\/a><\/p>\n<p><strong>Environmental factors shape the community of symbionts in the hoopoe uropygial gland more than genetic factors<\/strong><br \/>\nM Ruiz-Rodr\u00edguez, JJ Soler, M Mart\u00edn-Vivaldi, AM Mart\u00edn-Platero, M M\u00e9ndez, JM Peralta-S\u00e1nchez, S Ananou, E Valdivia, M Mart\u00ednez-Bueno<br \/>\nApplied and Environmental Microbiology<br \/>\ndoi: <a href=\"https:\/\/doi.org\/10.1128\/AEM.02242-14\" target=\"_blank\" rel=\"noopener\">10.1128\/AEM.02242-14<\/a><\/p>\n<p>2013<\/p>\n<p><strong>Distribution-based clustering: using ecology to refine the operational taxonomic unit<\/strong><br \/>\nSP Preheim, AR Perrotta, AM Martin-Platero, A Gupta, EJ Alm<br \/>\nApplied and Environmental Microbiology<br \/>\ndoi: <a href=\"https:\/\/doi.org\/10.1128\/AEM.00342-13\" target=\"_blank\" rel=\"noopener\">10.1128\/AEM.00342-13<\/a><\/p>\n<p>2012<\/p>\n<p><strong>The evolution of size of the uropygial gland: mutualistic feather mites and uropygial secretion reduce bacterial loads of eggshells and hatching failures of European birds<\/strong><br \/>\nJJ Soler, JM Peralta\u2010S\u00e1nchez, AM Mart\u00edn\u2010Platero, M Mart\u00edn\u2010Vivaldi, M Mart\u00ednez\u2010Bueno, AP M\u00f8ller<br \/>\nJournal of Evolutionary Biology<br \/>\ndoi: <a href=\"https:\/\/doi.org\/10.1111\/j.1420-9101.2012.02561.x\" target=\"_blank\" rel=\"noopener\">10.1111\/j.1420-9101.2012.02561.x<\/a><\/p>\n<p><strong>Avian life history traits influence eggshell bacterial loads: a comparative analysis<\/strong><br \/>\nJM Peralta\u2010S\u00e1nchez, M Mart\u00edn\u2010Vivaldi, AM Mart\u00edn\u2010Platero, M Mart\u00ednez\u2010Bueno, M O\u00f1ate, M Ruiz\u2010Rodr\u00edguez, JJ Soler<br \/>\nIbis<br \/>\ndoi: <a href=\"https:\/\/doi.org\/10.1111\/j.1474-919X.2012.01256.x\" target=\"_blank\" rel=\"noopener\">10.1111\/j.1474-919X.2012.01256.x<\/a><\/p>\n<p><strong>Antimicrobial activity and genetic profile of enteroccoci isolated from hoopoes uropygial gland<\/strong><br \/>\nM Ruiz-Rodr\u00edguez, E Valdivia, M Mart\u00edn-Vivaldi, AM Mart\u00edn-Platero, M Mart\u00ednez-Bueno, M M\u00e9ndez, JM Peralta-S\u00e1nchez, JJ Soler<br \/>\nPLoS One<br \/>\ndoi: <a href=\"https:\/\/doi.org\/10.1371\/journal.pone.0041843\" target=\"_blank\" rel=\"noopener\">10.1371\/journal.pone.0041843<\/a><\/p>\n<p><strong>Horizontal transmission of Streptococcus mutans in schoolchildren<\/strong><br \/>\nP Baca, AM Castillo, MJ Li\u00e9bana, F Castillo, A Mart\u00edn-Platero, J Li\u00e9bana<br \/>\nMedicina Oral, Patologia Oral y Cirugia Bucal<br \/>\ndoi:\u00a0<a href=\"https:\/\/doi.org\/10.4317\/medoral.17592\" target=\"_blank\" rel=\"noopener\">10.4317\/medoral.17592<\/a><\/p>\n<p><strong>Cognitive skills and bacterial load: comparative evidence of costs of cognitive proficiency in birds<\/strong><br \/>\nJJ Soler, JM Peralta-S\u00e1nchez, M Mart\u00edn-Vivaldi, AM Mart\u00edn-Platero, E Flensted-Jensen, AP M\u00f8ller<br \/>\nNaturwissenschaften<br \/>\ndoi: <a href=\"https:\/\/doi.org\/10.1007\/s00114-011-0875-z\" target=\"_blank\" rel=\"noopener\">10.1007\/s00114-011-0875-z<\/a><\/p>\n<p>2011<\/p>\n<p><strong>Typing of bacteriophages by randomly amplified polymorphic DNA (RAPD)-PCR to assess genetic diversity<\/strong><br \/>\nD Guti\u00e9rrez, AM Mart\u00edn-Platero, A Rodr\u00edguez, M Mart\u00ednez-Bueno, P Garc\u00eda, B Mart\u00ednez<br \/>\nFEMS Microbiology Letters<br \/>\ndoi: <a href=\"https:\/\/doi.org\/10.1111\/j.1574-6968.2011.02342.x\" target=\"_blank\" rel=\"noopener\">10.1111\/j.1574-6968.2011.02342.x<\/a><\/p>\n<p><strong>DNA sampling from eggshell swabbing is widely applicable in wild bird populations as demonstrated in 23 species<\/strong><br \/>\nD Mart\u00edn-G\u00e1lvez, JM Peralta-S\u00e1nchez, DA Dawson, AM Mart\u00edn-Platero, M Mart\u00ednez-Bueno, T Burke, JJ Soler<br \/>\nMolecular Ecology Resources<br \/>\ndoi: <a href=\"https:\/\/doi.org\/10.1111\/j.1755-0998.2010.02953.x\" target=\"_blank\" rel=\"noopener\">10.1111\/j.1755-0998.2010.02953.x<\/a><\/p>\n<p><strong>Innate humoural immunity is related to eggshell bacterial load of European birds: a comparative analysis<\/strong><br \/>\nJJ Soler, JM Peralta-S\u00e1nchez, E Flensted-Jensen, AM Mart\u00edn-Platero, AP M\u00f8ller<br \/>\nNaturwissenschaften<br \/>\ndoi: <a href=\"https:\/\/doi.org\/10.1007\/s00114-011-0830-z\" target=\"_blank\" rel=\"noopener\">10.1007\/s00114-011-0830-z<\/a><\/p>\n<p><strong>Comparative analysis of microbial DNA extraction protocols for groundwater samples<\/strong><br \/>\nJ Purswani, AM Mart\u00edn-Platero, P Reboleiro-Rivas, J Gonz\u00e1lez-L\u00f3pez, C Pozo<br \/>\nAnalytical Biochemistry<br \/>\ndoi: <a href=\"https:\/\/doi.org\/10.1016\/j.ab.2011.05.024\" target=\"_blank\" rel=\"noopener\">10.1016\/j.ab.2011.05.024<\/a><\/p>\n<p>2010<\/p>\n<p><strong>Number and colour composition of nest lining feathers predict eggshell bacterial community in barn swallow nests: an experimental study<\/strong><br \/>\nJM Peralta\u2010Sanchez, AP M\u00f8ller, AM Martin\u2010Platero, JJ Soler<br \/>\nFunctional Ecology<br \/>\ndoi: <a href=\"https:\/\/doi.org\/10.1111\/j.1365-2435.2009.01669.x\" target=\"_blank\" rel=\"noopener\">10.1111\/j.1365-2435.2009.01669.x<\/a><\/p>\n<p><strong>Chelex-based DNA isolation procedure for the identification of microbial communities of eggshell surfaces<\/strong><br \/>\nAM Mart\u00edn-Platero, JM Peralta-S\u00e1nchez, JJ Soler, M Mart\u00ednez-Bueno<br \/>\nAnalytical Biochemistry<br \/>\ndoi: <a href=\"https:\/\/doi.org\/10.1016\/j.ab.2009.10.041\" target=\"_blank\" rel=\"noopener\">10.1016\/j.ab.2009.10.041<\/a><\/p>\n<p>2009<\/p>\n<p><strong>Characterization and safety evaluation of enterococci isolated from Spanish goats&#8217; milk cheeses<\/strong><br \/>\nAM Mart\u00edn-Platero, E Valdivia, M Maqueda, M Mart\u00ednez-Bueno<br \/>\nInternational Journal of Food Microbiology<br \/>\ndoi: <a href=\"https:\/\/doi.org\/10.1016\/j.ijfoodmicro.2009.03.010\" target=\"_blank\" rel=\"noopener\">10.1016\/j.ijfoodmicro.2009.03.010<\/a><\/p>\n<p><strong>Symbiotic bacteria living in the hoopoe&#8217;s uropygial gland prevent feather degradation<\/strong><br \/>\nM Ruiz-Rodr\u00edguez, E Valdivia, JJ Soler, M Mart\u00edn-Vivaldi, , AM Martin-Platero, M Mart\u00ednez-Bueno<br \/>\nJournal of Experimental Biology<br \/>\ndoi: <a href=\"https:\/\/doi.org\/10.1242\/jeb.031336\" target=\"_blank\" rel=\"noopener\">10.1242\/jeb.031336<\/a><\/p>\n<p><strong>Polyphasic study of microbial communities of two Spanish farmhouse goats&#8217; milk cheeses from Sierra de Aracena<\/strong><br \/>\nAM Mart\u00edn-Platero, M Maqueda, E Valdivia, J Purswani, M Mart\u00ednez-Bueno<br \/>\nFood Microbiology<br \/>\ndoi: <a href=\"https:\/\/doi.org\/10.1016\/j.fm.2008.12.004\" target=\"_blank\" rel=\"noopener\">10.1016\/j.fm.2008.12.004<\/a><\/p>\n<p><strong>Seasonal, sexual and developmental differences in hoopoe Upupa epops preen gland morphology and secretions: evidence for a role of bacteria<\/strong><br \/>\nM Mart\u00edn\u2010Vivaldi, M Ruiz\u2010Rodr\u00edguez, J Jos\u00e9 Soler, JM Peralta\u2010S\u00e1nchez, M M\u00e9ndez, E Valdivia, AM Mart\u00edn\u2010Platero, M Mart\u00ednez\u2010Bueno<br \/>\nJournal of Avian Biology<br \/>\ndoi: <a href=\"https:\/\/doi.org\/10.1111\/j.1600-048X.2009.04393.x\" target=\"_blank\" rel=\"noopener\">10.1111\/j.1600-048X.2009.04393.x<\/a><\/p>\n<p>2008<\/p>\n<p><strong>Symbiotic association between hoopoes and antibiotic\u2010producing bacteria that live in their uropygial gland<\/strong><br \/>\nJJ Soler, M Mart\u00edn\u2010Vivaldi, M Ruiz\u2010Rodr\u00edguez, E Valdivia, AM Mart\u00edn\u2010Platero, M Mart\u00ednez\u2010Bueno, JM Peralta\u2010S\u00e1nchez, M M\u00e9ndez<br \/>\nFunctional Ecology<br \/>\ndoi: <a href=\"https:\/\/doi.org\/10.1111\/j.1365-2435.2008.01448.x\" target=\"_blank\" rel=\"noopener\">10.1111\/j.1365-2435.2008.01448.x<\/a><\/p>\n<p><strong>Biodiversity of the microbial community in a Spanish farmhouse cheese as revealed by culture-dependent and culture-independent methods<\/strong><br \/>\nH Abriouel, A Mart\u00edn-Platero, M Maqueda, E Valdivia, M Mart\u00ednez-Bueno<br \/>\nInternational Journal of Food Microbiology<br \/>\ndoi: <a href=\"https:\/\/doi.org\/10.1016\/j.ijfoodmicro.2008.07.004\" target=\"_blank\" rel=\"noopener\">10.1016\/j.ijfoodmicro.2008.07.004<\/a><\/p>\n<p><strong>Polyphasic approach to bacterial dynamics during the ripening of Spanish farmhouse cheese, using culture-dependent and-independent methods<\/strong><br \/>\nAM Mart\u00edn-Platero, E Valdivia, M Maqueda, I Mart\u00edn-S\u00e1nchez, M Mart\u00ednez-Bueno<br \/>\nApplied and Environmental Microbiology<br \/>\ndoi: <a href=\"https:\/\/doi.org\/10.1128\/AEM.00418-08\" target=\"_blank\" rel=\"noopener\">10.1128\/AEM.00418-08<\/a><\/p>\n<p>2007<\/p>\n<p><strong>Fast, convenient, and economical method for isolating genomic DNA from lactic acid bacteria using a modification of the protein \u201csalting-out\u201d procedure<\/strong><br \/>\nAM Mart\u00edn-Platero, E Valdivia, M Maqueda, M Mart\u00ednez-Bueno<br \/>\nAnalytical Biochemistry<br \/>\ndoi: <a href=\"https:\/\/doi.org\/10.1016\/j.ab.2007.03.010\" target=\"_blank\" rel=\"noopener\">10.1016\/j.ab.2007.03.010<\/a><\/p>\n<p><strong>Characterisation ofEscherichia coli isolated from raw milk cheeses<\/strong><br \/>\nM Zago, B Bonvini, AMM Platero, G Mucchetti, D Carminati, G Giraffa<br \/>\nAnnals of Microbiology<br \/>\ndoi: <a href=\"https:\/\/doi.org\/10.1007\/BF03175049\" target=\"_blank\" rel=\"noopener\">10.1007\/BF03175049<\/a><\/p>\n<p>2006<\/p>\n<p><strong>Characterization of antimicrobial substances produced by Enterococcus faecalis MRR 10-3, isolated from the uropygial gland of the hoopoe (Upupa epops)<\/strong><br \/>\nAM Mart\u00edn-Platero, E Valdivia, M Ru\u00edz-Rodr\u00edguez, JJ Soler, M Mart\u00edn-Vivaldi, M Maqueda, M Mart\u00ednez-Bueno<br \/>\nApplied and Environmental Microbiology<br \/>\ndoi: <a href=\"https:\/\/doi.org\/10.1128\/AEM.02940-05\" target=\"_blank\" rel=\"noopener\">10.1128\/AEM.02940-05<\/a><\/p>\n","protected":false},"excerpt":{"rendered":"<p>2025 Bacteriocin-Producing Enterococci Modulate Cheese Microbial Diversity C Teso-P\u00e9rez, A L\u00f3pez-Gazc\u00f3n, JM Peralta-S\u00e1nchez, M Mart\u00ednez-Bueno, E Valdivia, ME F\u00e1rez-Vidal, AM Mart\u00edn-Platero Microbial Ecology doi: 10.1007\/s00248-025-02491-7 2024 Colouration of the uropygial secretion in starling nestlings: a possible role of bacteria in&hellip; <\/p>\n","protected":false},"author":1,"featured_media":0,"parent":0,"menu_order":2,"comment_status":"closed","ping_status":"closed","template":"","meta":{"footnotes":""},"class_list":["post-147","page","type-page","status-publish","hentry"],"_links":{"self":[{"href":"https:\/\/wpd.ugr.es\/~ammartin\/wp-json\/wp\/v2\/pages\/147","targetHints":{"allow":["GET"]}}],"collection":[{"href":"https:\/\/wpd.ugr.es\/~ammartin\/wp-json\/wp\/v2\/pages"}],"about":[{"href":"https:\/\/wpd.ugr.es\/~ammartin\/wp-json\/wp\/v2\/types\/page"}],"author":[{"embeddable":true,"href":"https:\/\/wpd.ugr.es\/~ammartin\/wp-json\/wp\/v2\/users\/1"}],"replies":[{"embeddable":true,"href":"https:\/\/wpd.ugr.es\/~ammartin\/wp-json\/wp\/v2\/comments?post=147"}],"version-history":[{"count":21,"href":"https:\/\/wpd.ugr.es\/~ammartin\/wp-json\/wp\/v2\/pages\/147\/revisions"}],"predecessor-version":[{"id":301,"href":"https:\/\/wpd.ugr.es\/~ammartin\/wp-json\/wp\/v2\/pages\/147\/revisions\/301"}],"wp:attachment":[{"href":"https:\/\/wpd.ugr.es\/~ammartin\/wp-json\/wp\/v2\/media?parent=147"}],"curies":[{"name":"wp","href":"https:\/\/api.w.org\/{rel}","templated":true}]}}