{"id":417,"date":"2015-12-31T12:54:03","date_gmt":"2015-12-31T11:54:03","guid":{"rendered":"http:\/\/wpd.ugr.es\/~arostegu\/?page_id=417"},"modified":"2025-10-21T13:17:37","modified_gmt":"2025-10-21T11:17:37","slug":"investigacion","status":"publish","type":"page","link":"https:\/\/wpd.ugr.es\/~arostegu\/investigacion\/","title":{"rendered":"Investigaci\u00f3n"},"content":{"rendered":"\t\t<div data-elementor-type=\"wp-page\" data-elementor-id=\"417\" class=\"elementor elementor-417\" data-elementor-post-type=\"page\">\n\t\t\t\t\t\t\t<div class=\"elementor-element elementor-element-a2ef647 e-flex e-con-boxed e-con e-parent\" data-id=\"a2ef647\" data-element_type=\"container\" data-settings=\"{&quot;background_background&quot;:&quot;classic&quot;,&quot;content_width&quot;:&quot;boxed&quot;}\" data-core-v316-plus=\"true\">\n\t\t\t\t\t<div class=\"e-con-inner\">\n\t\t<div class=\"elementor-element elementor-element-63bd67d e-con-full e-flex e-con e-child\" data-id=\"63bd67d\" data-element_type=\"container\" data-settings=\"{&quot;content_width&quot;:&quot;full&quot;}\">\n\t\t\t\t<div class=\"elementor-element elementor-element-bbcbf30 elementor-widget elementor-widget-heading\" data-id=\"bbcbf30\" data-element_type=\"widget\" data-widget_type=\"heading.default\">\n\t\t\t\t<div class=\"elementor-widget-container\">\n\t\t\t<style>\/*! elementor - v3.17.0 - 08-11-2023 *\/\n.elementor-heading-title{padding:0;margin:0;line-height:1}.elementor-widget-heading .elementor-heading-title[class*=elementor-size-]>a{color:inherit;font-size:inherit;line-height:inherit}.elementor-widget-heading .elementor-heading-title.elementor-size-small{font-size:15px}.elementor-widget-heading .elementor-heading-title.elementor-size-medium{font-size:19px}.elementor-widget-heading .elementor-heading-title.elementor-size-large{font-size:29px}.elementor-widget-heading .elementor-heading-title.elementor-size-xl{font-size:39px}.elementor-widget-heading .elementor-heading-title.elementor-size-xxl{font-size:59px}<\/style><h2 class=\"elementor-heading-title elementor-size-default\">Investigaci\u00f3n<\/h2>\t\t<\/div>\n\t\t\t\t<\/div>\n\t\t\t\t<div class=\"elementor-element elementor-element-a7cbc50 elementor-widget-divider--view-line elementor-widget elementor-widget-divider\" data-id=\"a7cbc50\" data-element_type=\"widget\" data-widget_type=\"divider.default\">\n\t\t\t\t<div class=\"elementor-widget-container\">\n\t\t\t<style>\/*! elementor - v3.17.0 - 08-11-2023 *\/\n.elementor-widget-divider{--divider-border-style:none;--divider-border-width:1px;--divider-color:#0c0d0e;--divider-icon-size:20px;--divider-element-spacing:10px;--divider-pattern-height:24px;--divider-pattern-size:20px;--divider-pattern-url:none;--divider-pattern-repeat:repeat-x}.elementor-widget-divider .elementor-divider{display:flex}.elementor-widget-divider .elementor-divider__text{font-size:15px;line-height:1;max-width:95%}.elementor-widget-divider .elementor-divider__element{margin:0 var(--divider-element-spacing);flex-shrink:0}.elementor-widget-divider .elementor-icon{font-size:var(--divider-icon-size)}.elementor-widget-divider .elementor-divider-separator{display:flex;margin:0;direction:ltr}.elementor-widget-divider--view-line_icon .elementor-divider-separator,.elementor-widget-divider--view-line_text .elementor-divider-separator{align-items:center}.elementor-widget-divider--view-line_icon .elementor-divider-separator:after,.elementor-widget-divider--view-line_icon .elementor-divider-separator:before,.elementor-widget-divider--view-line_text .elementor-divider-separator:after,.elementor-widget-divider--view-line_text .elementor-divider-separator:before{display:block;content:\"\";border-bottom:0;flex-grow:1;border-top:var(--divider-border-width) var(--divider-border-style) var(--divider-color)}.elementor-widget-divider--element-align-left .elementor-divider .elementor-divider-separator>.elementor-divider__svg:first-of-type{flex-grow:0;flex-shrink:100}.elementor-widget-divider--element-align-left .elementor-divider-separator:before{content:none}.elementor-widget-divider--element-align-left .elementor-divider__element{margin-left:0}.elementor-widget-divider--element-align-right .elementor-divider .elementor-divider-separator>.elementor-divider__svg:last-of-type{flex-grow:0;flex-shrink:100}.elementor-widget-divider--element-align-right .elementor-divider-separator:after{content:none}.elementor-widget-divider--element-align-right .elementor-divider__element{margin-right:0}.elementor-widget-divider:not(.elementor-widget-divider--view-line_text):not(.elementor-widget-divider--view-line_icon) .elementor-divider-separator{border-top:var(--divider-border-width) var(--divider-border-style) var(--divider-color)}.elementor-widget-divider--separator-type-pattern{--divider-border-style:none}.elementor-widget-divider--separator-type-pattern.elementor-widget-divider--view-line .elementor-divider-separator,.elementor-widget-divider--separator-type-pattern:not(.elementor-widget-divider--view-line) .elementor-divider-separator:after,.elementor-widget-divider--separator-type-pattern:not(.elementor-widget-divider--view-line) .elementor-divider-separator:before,.elementor-widget-divider--separator-type-pattern:not([class*=elementor-widget-divider--view]) .elementor-divider-separator{width:100%;min-height:var(--divider-pattern-height);-webkit-mask-size:var(--divider-pattern-size) 100%;mask-size:var(--divider-pattern-size) 100%;-webkit-mask-repeat:var(--divider-pattern-repeat);mask-repeat:var(--divider-pattern-repeat);background-color:var(--divider-color);-webkit-mask-image:var(--divider-pattern-url);mask-image:var(--divider-pattern-url)}.elementor-widget-divider--no-spacing{--divider-pattern-size:auto}.elementor-widget-divider--bg-round{--divider-pattern-repeat:round}.rtl .elementor-widget-divider .elementor-divider__text{direction:rtl}.e-con-inner>.elementor-widget-divider,.e-con>.elementor-widget-divider{width:var(--container-widget-width,100%);--flex-grow:var(--container-widget-flex-grow)}<\/style>\t\t<div class=\"elementor-divider\">\n\t\t\t<span class=\"elementor-divider-separator\">\n\t\t\t\t\t\t<\/span>\n\t\t<\/div>\n\t\t\t\t<\/div>\n\t\t\t\t<\/div>\n\t\t\t\t<\/div>\n\t\t\t\t\t<\/div>\n\t\t\t\t<\/div>\n\t\t<div class=\"elementor-element elementor-element-4683fb9e e-flex e-con-boxed e-con e-parent\" data-id=\"4683fb9e\" data-element_type=\"container\" data-settings=\"{&quot;content_width&quot;:&quot;boxed&quot;}\" data-core-v316-plus=\"true\">\n\t\t\t\t\t<div class=\"e-con-inner\">\n\t\t\t\t<div class=\"elementor-element elementor-element-dbe1493 elementor-position-left elementor-view-default elementor-mobile-position-top elementor-vertical-align-top elementor-widget elementor-widget-icon-box\" data-id=\"dbe1493\" data-element_type=\"widget\" data-widget_type=\"icon-box.default\">\n\t\t\t\t<div class=\"elementor-widget-container\">\n\t\t\t<link rel=\"stylesheet\" href=\"https:\/\/wpd.ugr.es\/~arostegu\/wp-content\/plugins\/elementor\/assets\/css\/widget-icon-box.min.css\">\t\t<div class=\"elementor-icon-box-wrapper\">\n\t\t\t\t\t\t<div class=\"elementor-icon-box-icon\">\n\t\t\t\t<span  class=\"elementor-icon elementor-animation-\">\n\t\t\t\t<i aria-hidden=\"true\" class=\"far fa-check-circle\"><\/i>\t\t\t\t<\/span>\n\t\t\t<\/div>\n\t\t\t\t\t\t<div class=\"elementor-icon-box-content\">\n\t\t\t\t<h3 class=\"elementor-icon-box-title\">\n\t\t\t\t\t<span  >\n\t\t\t\t\t\t<a href=\"http:\/\/educacionmusical.ugr.es\" target=\"_blank\" rel=\"noopener\">GRUPO DE INVESTIGACI\u00d3N EN EDUCACI\u00d3N MUSICAL<\/a>\t\t\t\t\t<\/span>\n\t\t\t\t<\/h3>\n\t\t\t\t\t\t\t\t\t<p class=\"elementor-icon-box-description\">\n\t\t\t\t\t\tEl Grupo SEJ-540 de Investigaci\u00f3n en Educaci\u00f3n Musical (GIEM) est\u00e1 formado por doce investigadores de diferentes universidades espa\u00f1olas (Aut\u00f3noma de Barcelona, Granada, Valladolid, y Zaragoza). Nuestros intereses comprenden cualquier aspecto relacionado con la educaci\u00f3n musical, ya sea dentro de las ense\u00f1anzas de r\u00e9gimen general (Infantil, Primaria y Secundaria), especial (Conservatorios y Escuelas de M\u00fasica), universitario, o en contextos no formales (m\u00fasica comunitaria y estudio de audiencias y entornos musicales).<br><br> M\u00e1s informaci\u00f3n en <a href=\"http:\/\/educacionmusical.ugr.es\" target=\"_blank\" rel=\"noopener noreferrer\">http:\/\/educacionmusical.ugr.es.<\/a> Tambi\u00e9n puede encontrarse m\u00e1s informaci\u00f3n sobre el grupo y sus proyectos pasados en <a href=\"http:\/\/profmus.ugr.es.\" target=\"_blank\" rel=\"noopener\">http:\/\/profmus.ugr.es.<\/a>\t\t\t\t\t<\/p>\n\t\t\t\t\t\t\t<\/div>\n\t\t<\/div>\n\t\t\t\t<\/div>\n\t\t\t\t<\/div>\n\t\t\t\t<div class=\"elementor-element elementor-element-2d32cb8 elementor-position-left elementor-view-default elementor-mobile-position-top elementor-vertical-align-top elementor-widget elementor-widget-icon-box\" data-id=\"2d32cb8\" data-element_type=\"widget\" data-widget_type=\"icon-box.default\">\n\t\t\t\t<div class=\"elementor-widget-container\">\n\t\t\t\t\t<div class=\"elementor-icon-box-wrapper\">\n\t\t\t\t\t\t<div class=\"elementor-icon-box-icon\">\n\t\t\t\t<a href=\"https:\/\/tciem.ugr.es\" target=\"_blank\" class=\"elementor-icon elementor-animation-\" tabindex=\"-1\">\n\t\t\t\t<i aria-hidden=\"true\" class=\"far fa-check-circle\"><\/i>\t\t\t\t<\/a>\n\t\t\t<\/div>\n\t\t\t\t\t\t<div class=\"elementor-icon-box-content\">\n\t\t\t\t<h3 class=\"elementor-icon-box-title\">\n\t\t\t\t\t<a href=\"https:\/\/tciem.ugr.es\" target=\"_blank\" >\n\t\t\t\t\t\t<a href=\"http:\/\/tciem.ugr.es\" target=\"_blank\" rel=\"noopener\">Transversalidad, creatividad e inclusi\u00f3n en proyectos musicales escolares<\/a>\t\t\t\t\t<\/a>\n\t\t\t\t<\/h3>\n\t\t\t\t\t\t\t\t\t<p class=\"elementor-icon-box-description\">\n\t\t\t\t\t\tUna investigaci\u00f3n evaluativa. Proyecto de investigaci\u00f3n I+D con c\u00f3digo PID2021-128645OB-I00 financiado por el Ministerio de Ciencia e Innovaci\u00f3n del Gobierno de Espa\u00f1a. Nos proponemos desarrollar una investigaci\u00f3n evaluativa de un proyecto de innovaci\u00f3n docente para el desarrollo de las competencias transversales desde la educaci\u00f3n musical, con un planteamiento globalizado del curr\u00edculo. Evaluaremos tanto la formaci\u00f3n del profesorado como su aplicaci\u00f3n en los centros escolares. \n<br><br>M\u00e1s informaci\u00f3n, en <a href=\"https:\/\/tciem.ugr.es\" target=\"_blank\" rel=\"noopener\">https:\/\/tciem.ugr.es<\/a> \t\t\t\t\t<\/p>\n\t\t\t\t\t\t\t<\/div>\n\t\t<\/div>\n\t\t\t\t<\/div>\n\t\t\t\t<\/div>\n\t\t\t\t<div class=\"elementor-element elementor-element-54b233e elementor-position-left elementor-view-default elementor-mobile-position-top elementor-vertical-align-top elementor-widget elementor-widget-icon-box\" data-id=\"54b233e\" data-element_type=\"widget\" data-widget_type=\"icon-box.default\">\n\t\t\t\t<div class=\"elementor-widget-container\">\n\t\t\t\t\t<div class=\"elementor-icon-box-wrapper\">\n\t\t\t\t\t\t<div class=\"elementor-icon-box-icon\">\n\t\t\t\t<a href=\"https:\/\/topresearcherslist.com\/Home\/Profile\/1086605\" target=\"_blank\" class=\"elementor-icon elementor-animation-\" tabindex=\"-1\">\n\t\t\t\t<i aria-hidden=\"true\" class=\"far fa-check-circle\"><\/i>\t\t\t\t<\/a>\n\t\t\t<\/div>\n\t\t\t\t\t\t<div class=\"elementor-icon-box-content\">\n\t\t\t\t<h3 class=\"elementor-icon-box-title\">\n\t\t\t\t\t<a href=\"https:\/\/topresearcherslist.com\/Home\/Profile\/1086605\" target=\"_blank\" >\n\t\t\t\t\t\tLista Mundial del 2% de Cient\u00edficos m\u00e1s Citados\t\t\t\t\t<\/a>\n\t\t\t\t<\/h3>\n\t\t\t\t\t\t\t\t\t<p class=\"elementor-icon-box-description\">\n\t\t\t\t\t\tMi nombre aparece en esta base de datos elaborada en la Universidad de Stanford (Ioannidis, 2023) en sus ediciones del 2023 y el 2025. Se considera la tabla clasificatoria de investigadores m\u00e1s prestigiosa del mundo, seg\u00fan Ioannidis y otros (2019). La selecci\u00f3n se basa en los 100.000 mejores cient\u00edficos por puntuaci\u00f3n c (con y sin autocitas) o un rango percentil del 2% o superior en el subcampo (Ioannidis, 2023). Este documento utiliza datos de Scopus proporcionados por Elsevier a trav\u00e9s de <a href=\"https:\/\/www.elsevier.com\/icsr\/icsrlab\" target=\"_blank\" rel=\"noopener\">ICSR Lab <\/a>(Ioannidis, 2023).\n<br>M\u00e1s informaci\u00f3n en <a href=\"https:\/\/topresearcherslist.com\/Home\/Profile\/1086605\" target=\"_blank\" rel=\"noopener noreferrer\"> https:\/\/topresearcherslist.com\/Home\/Profile\/1086605<\/a> o en <a href=\"https:\/\/topscinet.com\/scientist_profile\/Ar%C3%B3stegui,%20Jos%C3%A9%20Luis\/2003\/?stype=single_year\" target=\"_blank\" rel=\"noopener noreferrer\"> https:\/\/topscinet.com\/scientist_profile\/Ar%C3%B3stegui,%20Jos%C3%A9%20Luis\/2003\/?stype=single_year<\/a>\t\t\t\t\t<\/p>\n\t\t\t\t\t\t\t<\/div>\n\t\t<\/div>\n\t\t\t\t<\/div>\n\t\t\t\t<\/div>\n\t\t\t\t<div class=\"elementor-element elementor-element-84f2d12 elementor-position-left elementor-view-default elementor-mobile-position-top elementor-vertical-align-top elementor-widget elementor-widget-icon-box\" data-id=\"84f2d12\" data-element_type=\"widget\" data-widget_type=\"icon-box.default\">\n\t\t\t\t<div class=\"elementor-widget-container\">\n\t\t\t\t\t<div class=\"elementor-icon-box-wrapper\">\n\t\t\t\t\t\t<div class=\"elementor-icon-box-icon\">\n\t\t\t\t<span  class=\"elementor-icon elementor-animation-\">\n\t\t\t\t<i aria-hidden=\"true\" class=\"far fa-check-circle\"><\/i>\t\t\t\t<\/span>\n\t\t\t<\/div>\n\t\t\t\t\t\t<div class=\"elementor-icon-box-content\">\n\t\t\t\t<h3 class=\"elementor-icon-box-title\">\n\t\t\t\t\t<span  >\n\t\t\t\t\t\tReferencias\t\t\t\t\t<\/span>\n\t\t\t\t<\/h3>\n\t\t\t\t\t\t\t\t\t<p class=\"elementor-icon-box-description\">\n\t\t\t\t\t\tIoannidis, J. P. A. (2023). October 2023 data-update for \"Updated science-wide author databases of standardized citation indicators\". <em>Elsevier Data Repository, V6.<\/em> doi: <a href=\"https:\/\/doi.org\/10.17632\/btchxktzyw.6\" target=\"_blank\" rel=\"noopener\">10.17632\/btchxktzyw.6<\/a><br>\nIoannidis, J. P. A., Baas, J., Klavans, R., Boyack, K. W. (2019). A standardized citation metrics author database annotated for scientific field. <em>PLoS Biol 17<\/em>(8): e3000384. doi: <a href=\"https:\/\/doi.org\/10.1371\/journal.pbio.3000384\" target=\"_blank\" rel=\"noopener\">10.1371\/journal.pbio.3000384<\/a>\t\t\t\t\t<\/p>\n\t\t\t\t\t\t\t<\/div>\n\t\t<\/div>\n\t\t\t\t<\/div>\n\t\t\t\t<\/div>\n\t\t\t\t\t<\/div>\n\t\t\t\t<\/div>\n\t\t\t\t\t\t\t<\/div>\n\t\t","protected":false},"excerpt":{"rendered":"<p>Investigaci\u00f3n GRUPO DE INVESTIGACI\u00d3N EN EDUCACI\u00d3N MUSICAL El Grupo SEJ-540 de Investigaci\u00f3n en Educaci\u00f3n Musical (GIEM) est\u00e1 formado por doce investigadores de diferentes universidades espa\u00f1olas (Aut\u00f3noma de Barcelona, Granada, Valladolid, y Zaragoza). Nuestros intereses comprenden cualquier aspecto relacionado con la educaci\u00f3n musical, ya sea dentro de las ense\u00f1anzas de r\u00e9gimen general (Infantil, Primaria y Secundaria), [&hellip;]<\/p>\n","protected":false},"author":1,"featured_media":0,"parent":0,"menu_order":0,"comment_status":"closed","ping_status":"closed","template":"","meta":[],"_links":{"self":[{"href":"https:\/\/wpd.ugr.es\/~arostegu\/wp-json\/wp\/v2\/pages\/417"}],"collection":[{"href":"https:\/\/wpd.ugr.es\/~arostegu\/wp-json\/wp\/v2\/pages"}],"about":[{"href":"https:\/\/wpd.ugr.es\/~arostegu\/wp-json\/wp\/v2\/types\/page"}],"author":[{"embeddable":true,"href":"https:\/\/wpd.ugr.es\/~arostegu\/wp-json\/wp\/v2\/users\/1"}],"replies":[{"embeddable":true,"href":"https:\/\/wpd.ugr.es\/~arostegu\/wp-json\/wp\/v2\/comments?post=417"}],"version-history":[{"count":99,"href":"https:\/\/wpd.ugr.es\/~arostegu\/wp-json\/wp\/v2\/pages\/417\/revisions"}],"predecessor-version":[{"id":1984,"href":"https:\/\/wpd.ugr.es\/~arostegu\/wp-json\/wp\/v2\/pages\/417\/revisions\/1984"}],"wp:attachment":[{"href":"https:\/\/wpd.ugr.es\/~arostegu\/wp-json\/wp\/v2\/media?parent=417"}],"curies":[{"name":"wp","href":"https:\/\/api.w.org\/{rel}","templated":true}]}}