{"id":203,"date":"2024-09-08T18:26:47","date_gmt":"2024-09-08T16:26:47","guid":{"rendered":"https:\/\/wpd.ugr.es\/~auot_granada\/?page_id=203"},"modified":"2025-01-26T20:57:44","modified_gmt":"2025-01-26T19:57:44","slug":"workshops","status":"publish","type":"page","link":"https:\/\/wpd.ugr.es\/~auot_granada\/workshops\/","title":{"rendered":"WORKSHOPS"},"content":{"rendered":"\n<div class=\"wp-block-media-text alignwide is-stacked-on-mobile\" style=\"padding-top:0;padding-right:var(--wp--preset--spacing--20);padding-bottom:0;padding-left:var(--wp--preset--spacing--20)\"><figure class=\"wp-block-media-text__media\"><img loading=\"lazy\" decoding=\"async\" width=\"1294\" height=\"583\" src=\"https:\/\/wpd.ugr.es\/~auot_granada\/wp-content\/uploads\/2025\/01\/2_Workshops-paralelos-6AUOT-Granada-2025-1.jpg\" alt=\"\" class=\"wp-image-1293 size-full\" srcset=\"https:\/\/wpd.ugr.es\/~auot_granada\/wp-content\/uploads\/2025\/01\/2_Workshops-paralelos-6AUOT-Granada-2025-1.jpg 1294w, https:\/\/wpd.ugr.es\/~auot_granada\/wp-content\/uploads\/2025\/01\/2_Workshops-paralelos-6AUOT-Granada-2025-1-300x135.jpg 300w, https:\/\/wpd.ugr.es\/~auot_granada\/wp-content\/uploads\/2025\/01\/2_Workshops-paralelos-6AUOT-Granada-2025-1-1024x461.jpg 1024w, https:\/\/wpd.ugr.es\/~auot_granada\/wp-content\/uploads\/2025\/01\/2_Workshops-paralelos-6AUOT-Granada-2025-1-768x346.jpg 768w\" sizes=\"(max-width: 1294px) 100vw, 1294px\" \/><\/figure><div class=\"wp-block-media-text__content\">\n<p class=\"has-body-font-family has-medium-font-size\" style=\"margin-right:0;margin-left:0;text-transform:uppercase\"><strong><em>6 workshops tem\u00e1ticos<\/em><\/strong><\/p>\n\n\n\n<p class=\"has-body-font-family has-small-font-size\" style=\"margin-right:0;margin-left:0\"><em>Se realizar\u00e1n 6 espacios de trabajo y reflexi\u00f3n conjuntos, con el objetivo de definir conclusiones concretas sobre cada tem\u00e1tica que sean de utilidad para el colectivo en su pr\u00e1ctica docente e investigadora.<\/em><\/p>\n<\/div><\/div>\n\n\n\n<div class=\"wp-block-group alignfull has-base-background-color has-background is-layout-constrained wp-container-core-group-is-layout-1 wp-block-group-is-layout-constrained\" style=\"margin-top:0;margin-bottom:0;padding-top:var(--wp--preset--spacing--20);padding-right:var(--wp--preset--spacing--50);padding-bottom:var(--wp--preset--spacing--20);padding-left:var(--wp--preset--spacing--50)\">\n<div class=\"wp-block-columns alignwide is-layout-flex wp-container-core-columns-is-layout-1 wp-block-columns-is-layout-flex\" style=\"margin-top:var(--wp--preset--spacing--10);margin-bottom:var(--wp--preset--spacing--10)\">\n<div class=\"wp-block-column is-layout-flow wp-block-column-is-layout-flow\" style=\"padding-top:var(--wp--preset--spacing--10);padding-bottom:var(--wp--preset--spacing--10)\">\n<h3 class=\"wp-block-heading has-text-align-left is-style-default has-contrast-2-color has-text-color has-link-color has-body-font-family has-large-font-size wp-elements-91a2a8799ca2fd777088101841b6dc99\" style=\"font-style:normal;font-weight:600\"><strong><mark style=\"background-color:rgba(0, 0, 0, 0)\" class=\"has-inline-color has-contrast-2-color\">W01 <\/mark><\/strong><\/h3>\n\n\n\n<p class=\"has-text-align-left has-contrast-color has-text-color has-link-color has-body-font-family wp-elements-738e1ae3e992d29e669446cc8dbb39f7\" style=\"font-size:18px\"><strong>PERSPECTIVA DE G\u00c9NERO EN LA DOCENCIA y EN LA INVESTIGACI\u00d3N<\/strong><\/p>\n\n\n\n<p class=\"has-body-font-family\">Coordinadoras: Bel\u00e9n Bravo Rodr\u00edguez <em>UGR<\/em> &amp; Mar\u00eda Teresa P\u00e9rez Cano <em>US<\/em> |<\/p>\n\n\n\n<p class=\"has-body-font-family\">Intervinientes iniciales: In\u00e9s S\u00e1nchez de Madariaga <em>UPM<\/em>, Josenia Herv\u00e1s y Heras <em>UAH<\/em>, In\u00e9s Aquilu\u00e9 <em>UPC<\/em>, Sof\u00eda Morgado <em>Faculdade de Arquitetura, Universidade de Lisboa<\/em>.<\/p>\n<\/div>\n\n\n\n<div class=\"wp-block-column is-layout-flow wp-block-column-is-layout-flow\" style=\"padding-top:var(--wp--preset--spacing--10);padding-bottom:var(--wp--preset--spacing--10)\">\n<h3 class=\"wp-block-heading has-text-align-left is-style-default has-contrast-2-color has-text-color has-link-color has-body-font-family has-large-font-size wp-elements-4592194b5cd2ae7f22a6cbea7b24a5cb\" style=\"font-style:normal;font-weight:600\">W02<\/h3>\n\n\n\n<p class=\"has-text-align-left has-contrast-color has-text-color has-link-color has-body-font-family wp-elements-351341127f5338c2fdf55e77a3e47421\" style=\"font-size:18px;text-transform:uppercase\"><strong>Investigaci\u00f3n y transferencia en Urbanismo: retos actuales y futuros<\/strong><\/p>\n\n\n\n<p class=\"has-text-align-left has-body-font-family\">Coordinadores: Rafael Temes Cordovez <em>UPV<\/em> &amp; Almudena Nolasco Cirugeda <em>UA<\/em> |<\/p>\n\n\n\n<p class=\"has-text-align-left has-body-font-family\">Intervinientes iniciales: Miguel Fern\u00e1ndez Maroto <em>UVa<\/em>, Ana Ru\u00edz Varona <em>Universidad San Jorge<\/em>, Adolf Sotoca Garc\u00eda <em>UPC<\/em><\/p>\n<\/div>\n\n\n\n<div class=\"wp-block-column is-layout-flow wp-block-column-is-layout-flow\" style=\"padding-top:var(--wp--preset--spacing--10);padding-bottom:var(--wp--preset--spacing--10)\">\n<h3 class=\"wp-block-heading has-text-align-left is-style-default has-contrast-2-color has-text-color has-link-color has-body-font-family has-large-font-size wp-elements-3ab5e54ad73517f8cac87a636ea9334c\" style=\"font-style:normal;font-weight:600\">W03<\/h3>\n\n\n\n<p class=\"has-text-align-left has-contrast-color has-text-color has-link-color has-body-font-family wp-elements-a9ba1bef90b54bf4d7ba2766c5b4cc6c\" style=\"font-size:18px;text-transform:uppercase\"><strong>Retos de la carrera acad\u00e9mica<\/strong><\/p>\n\n\n\n<p class=\"has-text-align-left has-body-font-family\">Coordinadores: Luis Miguel Valenzuela Montes <em>UGR<\/em> &amp; Leticia Serrano Estrada <em>UA<\/em> |<\/p>\n\n\n\n<p class=\"has-text-align-left has-body-font-family\">Intervinientes iniciales: M\u00aa Amor Ariza \u00c1lvarez <em>UPM<\/em>, Pedro G\u00f3rgolas Mart\u00edn <em>US<\/em><\/p>\n<\/div>\n<\/div>\n\n\n\n<div class=\"wp-block-columns alignwide is-layout-flex wp-container-core-columns-is-layout-2 wp-block-columns-is-layout-flex\" style=\"margin-top:0;margin-bottom:0\">\n<div class=\"wp-block-column is-layout-flow wp-block-column-is-layout-flow\" style=\"padding-top:var(--wp--preset--spacing--10);padding-bottom:var(--wp--preset--spacing--10)\">\n<h3 class=\"wp-block-heading has-text-align-left is-style-default has-contrast-2-color has-text-color has-link-color has-body-font-family has-large-font-size wp-elements-e8caab1083669a261f356577af72c8e6\" style=\"font-style:normal;font-weight:600\">W04<\/h3>\n\n\n\n<p class=\"has-contrast-color has-text-color has-link-color has-body-font-family wp-elements-ebb5db600c566c8e0ac17d029f7204b0\" style=\"font-size:18px;text-transform:uppercase\"><strong>Docencia Internacional en Urbanismo e Investigaci\u00f3n relacionada<\/strong><\/p>\n\n\n\n<p class=\"has-body-font-family\">Coordinaci\u00f3n: Juan Luis Rivas <em>UGR<\/em> &amp; Alejandro Grindlay <em>UGR <\/em>|<\/p>\n\n\n\n<p class=\"has-body-font-family\">Intervinientes iniciales: Sofia Morgado <em><em>Faculdade de Arquitetura, Universidade de Lisboa<\/em><\/em>, \u00cdgor Kuvac <em>University of Banja Luka &#8211; Bosnia Herzegovina<\/em>, Sara Bartumeus <em><em>Illinois School of Architecture, FAA, University of Illinois at Urbana-Champaign<\/em><\/em>, Panita Karamanea <em>School of Architecture, NTUAthens<\/em>; Carles Crosas <em>UPC<\/em><\/p>\n<\/div>\n\n\n\n<div class=\"wp-block-column is-layout-flow wp-block-column-is-layout-flow\" style=\"padding-top:var(--wp--preset--spacing--10);padding-bottom:var(--wp--preset--spacing--10)\">\n<h3 class=\"wp-block-heading has-text-align-left is-style-default has-contrast-2-color has-text-color has-link-color has-body-font-family has-large-font-size wp-elements-b7cd48125c2eb89e0a391c6d8aab4141\" style=\"font-style:normal;font-weight:600\">W05<\/h3>\n\n\n\n<p class=\"has-contrast-color has-text-color has-link-color has-body-font-family wp-elements-f4fd269c6c0a3e4a404bf7260fbb45d7\" style=\"font-size:18px;text-transform:uppercase\"><strong>Conectando Pasado y Futuro en el \u00c1rea | Urbanismos en Plural?<\/strong><\/p>\n\n\n\n<p class=\"has-body-font-family\">Coordinaci\u00f3n: Carles Llop Torn\u00e9 <em>UPC<\/em> &amp; Lucila Urda Pe\u00f1a <em>URJC<\/em> |<\/p>\n\n\n\n<p class=\"has-body-font-family\">Intervinientes iniciales: Eul\u00e0lia G\u00f3mez Escoda <em>UPC<\/em>, Marina Jim\u00e9nez Jim\u00e9nez <em>UVa<\/em>, Carmen Mota Utanda <em>UCLM<\/em>, Joaqu\u00edn Sabat\u00e9 Bel <em>UPC<\/em> y Victoriano Sainz Guti\u00e9rrez <em>US<\/em><\/p>\n<\/div>\n\n\n\n<div class=\"wp-block-column is-layout-flow wp-block-column-is-layout-flow\" style=\"padding-top:var(--wp--preset--spacing--10);padding-bottom:var(--wp--preset--spacing--10)\">\n<h3 class=\"wp-block-heading has-text-align-left is-style-default has-contrast-2-color has-text-color has-link-color has-body-font-family has-large-font-size wp-elements-b3cbb3cb0113a6a14931b0bafb961923\" style=\"font-style:normal;font-weight:600\">W06<\/h3>\n\n\n\n<p class=\"has-contrast-color has-text-color has-link-color has-body-font-family wp-elements-4a3d0b9cf72a0b2b8ac0a2081b7963df\" style=\"font-size:18px;text-transform:uppercase\"><strong>6AUOT en movimiento: Dise\u00f1ando un horizonte colectivo<\/strong><\/p>\n\n\n\n<p class=\"has-body-font-family\">Coordinaci\u00f3n: Mar\u00eda Castrillo Rom\u00f3n <em>UVa<\/em> &amp; Daniel Navas Carrillo <em>UMA<\/em> | <\/p>\n\n\n\n<p class=\"has-body-font-family\">Intervinientes iniciales: Luis Miguel Valenzuela Montes <em>UGR<\/em>, Rafael Temes Cordovez <em>UPV<\/em>, \u00c1ngela Matesanz Parellada <em>UPM<\/em>, Fernando Miguel Garc\u00eda Mart\u00edn <em>UPCT<\/em><\/p>\n<\/div>\n<\/div>\n<\/div>\n\n\n\n<p><\/p>\n","protected":false},"excerpt":{"rendered":"<p>6 workshops tem\u00e1ticos Se realizar\u00e1n 6 espacios de trabajo y reflexi\u00f3n conjuntos, con el objetivo de definir conclusiones concretas sobre cada tem\u00e1tica que sean de utilidad para el colectivo en su pr\u00e1ctica docente e investigadora. W01 PERSPECTIVA DE G\u00c9NERO EN LA DOCENCIA y EN LA INVESTIGACI\u00d3N Coordinadoras: Bel\u00e9n Bravo Rodr\u00edguez UGR &amp; Mar\u00eda Teresa P\u00e9rez [&hellip;]<\/p>\n","protected":false},"author":1,"featured_media":0,"parent":0,"menu_order":0,"comment_status":"closed","ping_status":"closed","template":"","meta":{"_seopress_robots_primary_cat":"","_seopress_titles_title":"","_seopress_titles_desc":"","_seopress_robots_index":"","footnotes":""},"class_list":["post-203","page","type-page","status-publish","hentry"],"_links":{"self":[{"href":"https:\/\/wpd.ugr.es\/~auot_granada\/wp-json\/wp\/v2\/pages\/203"}],"collection":[{"href":"https:\/\/wpd.ugr.es\/~auot_granada\/wp-json\/wp\/v2\/pages"}],"about":[{"href":"https:\/\/wpd.ugr.es\/~auot_granada\/wp-json\/wp\/v2\/types\/page"}],"author":[{"embeddable":true,"href":"https:\/\/wpd.ugr.es\/~auot_granada\/wp-json\/wp\/v2\/users\/1"}],"replies":[{"embeddable":true,"href":"https:\/\/wpd.ugr.es\/~auot_granada\/wp-json\/wp\/v2\/comments?post=203"}],"version-history":[{"count":54,"href":"https:\/\/wpd.ugr.es\/~auot_granada\/wp-json\/wp\/v2\/pages\/203\/revisions"}],"predecessor-version":[{"id":1365,"href":"https:\/\/wpd.ugr.es\/~auot_granada\/wp-json\/wp\/v2\/pages\/203\/revisions\/1365"}],"wp:attachment":[{"href":"https:\/\/wpd.ugr.es\/~auot_granada\/wp-json\/wp\/v2\/media?parent=203"}],"curies":[{"name":"wp","href":"https:\/\/api.w.org\/{rel}","templated":true}]}}