{"id":527,"date":"2024-09-18T14:23:58","date_gmt":"2024-09-18T12:23:58","guid":{"rendered":"https:\/\/wpd.ugr.es\/~auot_granada\/?page_id=527"},"modified":"2024-11-07T12:46:57","modified_gmt":"2024-11-07T11:46:57","slug":"inscripcion","status":"publish","type":"page","link":"https:\/\/wpd.ugr.es\/~auot_granada\/inscripcion\/","title":{"rendered":"INSCRIPCI\u00d3N"},"content":{"rendered":"\n<div class=\"wp-block-buttons is-content-justification-center is-layout-flex wp-container-core-buttons-is-layout-1 wp-block-buttons-is-layout-flex\" style=\"margin-top:var(--wp--preset--spacing--20);margin-bottom:var(--wp--preset--spacing--20)\">\n<div class=\"wp-block-button has-custom-font-size is-style-outline has-body-font-family has-medium-font-size is-style-outline--3cf2dc58e95f827757a2f47cfdda1c12\"><a class=\"wp-block-button__link has-contrast-2-color has-base-background-color has-text-color has-background has-link-color has-text-align-center wp-element-button\" href=\"https:\/\/forms.gle\/98ViS3PHj8FRPQpf6\" style=\"border-width:2px;padding-top:0;padding-bottom:0\"><strong>&gt;&gt; Realizar inscripci\u00f3n<\/strong><\/a><\/div>\n<\/div>\n\n\n\n<div style=\"height:16px\" aria-hidden=\"true\" class=\"wp-block-spacer\"><\/div>\n\n\n\n<div class=\"wp-block-group has-base-2-background-color has-background has-body-font-family is-layout-constrained wp-container-core-group-is-layout-1 wp-block-group-is-layout-constrained\" style=\"margin-top:0;margin-bottom:0;padding-top:var(--wp--preset--spacing--20);padding-right:var(--wp--preset--spacing--30);padding-bottom:var(--wp--preset--spacing--20);padding-left:var(--wp--preset--spacing--30)\">\n<p class=\"has-contrast-2-color has-text-color has-link-color has-medium-font-size wp-elements-2676bf59014f88838aa584379183ccae\" style=\"margin-top:0;margin-right:0;margin-bottom:0;margin-left:0;padding-top:0;padding-bottom:0;line-height:1.5\"><strong>ASISTENCIA Y PARTICIPACI\u00d3N<\/strong> <strong>en el <em>6AUOT_Granada<\/em><\/strong><\/p>\n\n\n\n<p style=\"margin-top:var(--wp--preset--spacing--10);margin-right:0;margin-bottom:var(--wp--preset--spacing--10);margin-left:0;padding-top:0;padding-bottom:0;font-size:18px;line-height:1.5\"><strong><em>Inscripci\u00f3n en el 6\u00ba Encuentro AUOT: 60 \u20ac<\/em><\/strong><\/p>\n\n\n\n<p class=\"has-contrast-2-color has-text-color has-link-color has-body-font-family has-medium-font-size wp-elements-45af7eff33b4ac652a073118e6d33604\" style=\"margin-top:var(--wp--preset--spacing--10);margin-bottom:var(--wp--preset--spacing--10)\"><strong>ACTIVIDADES COMPLEMENTARIAS<\/strong><\/p>\n\n\n\n<p class=\"has-accent-3-color has-text-color has-link-color wp-elements-d2c821192f6f50c150da8e004b47492f\" style=\"margin-top:var(--wp--preset--spacing--10);margin-bottom:var(--wp--preset--spacing--10);padding-top:0;padding-right:0;padding-bottom:0;padding-left:0;font-size:18px\"><em><strong>Cena de bienvenida (noche del 28\/01): 30 \u20ac<\/strong><\/em><\/p>\n\n\n\n<p style=\"margin-top:var(--wp--preset--spacing--10);margin-bottom:var(--wp--preset--spacing--10);font-size:18px\">Cena c\u00f3ctel en el m\u00edtico <em><a href=\"https:\/\/lemonrockgranada.com\/\">Lemon Rock Granada<\/a><\/em>.<\/p>\n\n\n\n<p class=\"has-accent-3-color has-text-color has-link-color wp-elements-c3f3d3cb6fada48419d40d65dcce2e3c\" style=\"margin-top:var(--wp--preset--spacing--10);margin-bottom:var(--wp--preset--spacing--10);padding-top:0;padding-right:0;padding-bottom:0;padding-left:0;font-size:18px\"><em><strong>Visita al territorio (I) (tarde del 29\/01): 10 \u20ac<\/strong><\/em><\/p>\n\n\n\n<p class=\"has-accent-3-color has-text-color has-link-color wp-elements-c1d52567c48b1d007653bf13d9a40bd9\" style=\"margin-top:0;margin-bottom:0;padding-top:0;padding-right:0;padding-bottom:0;padding-left:0;font-size:18px\">Visita al coraz\u00f3n de la Vega de Granada, un paisaje caracter\u00edstico del \u00e1rea periurbana de Granada, con gran valor ecol\u00f3gico y cultural. La visita se realizar\u00e1 en autob\u00fas y recorridos a pie para visitar enclaves singulares como Azucareras, cultivos de choperas y f\u00e1bricas de transformaci\u00f3n de la madera de chopo. A su vez se visitar\u00e1n las nuevas infraestructuras de movilidad implantadas en este \u00e1mbito, como la nueva l\u00ednea del Metropolitano.<\/p>\n\n\n\n<p class=\"has-accent-3-color has-text-color has-link-color wp-elements-4ce81c18b7f65943a329a56bd8edd9e0\" style=\"margin-top:var(--wp--preset--spacing--10);margin-bottom:var(--wp--preset--spacing--10);padding-top:0;padding-right:0;padding-bottom:0;padding-left:0;font-size:18px\"><strong><em>Visita al territorio (II) (tarde del 30\/01)<\/em><\/strong><strong><em>: 10 \u20ac<\/em><\/strong><\/p>\n\n\n\n<p class=\"has-accent-3-color has-text-color has-link-color wp-elements-c6cb77aeb8ac71eb16e3e5f0ad9fb976\" style=\"margin-top:0;margin-bottom:0;font-size:18px\">Recorrido por el Valle del r\u00edo Darro, a los pies de la colina de la Alhambra, un valle emblem\u00e1tico del origen de la ciudad, pero actualmente amenazado por nuevas infraestructuras de movilidad. Se visitar\u00e1 el barrio del Sacromonte y el museo de las cuevas, para conocer las tipolog\u00edas caracter\u00edsticas de este barrio de Granada.<\/p>\n<\/div>\n\n\n\n<p class=\"has-contrast-color has-text-color has-link-color has-body-font-family has-medium-font-size wp-elements-58ce52d57d1b5124394fe727460c911c\" style=\"margin-top:var(--wp--preset--spacing--10);margin-bottom:var(--wp--preset--spacing--10)\"><em><strong>Instrucciones para el pago de la inscripci\u00f3n: <\/strong><\/em><\/p>\n\n\n\n<p class=\"has-body-font-family\" style=\"margin-top:var(--wp--preset--spacing--10);margin-bottom:var(--wp--preset--spacing--10);font-size:18px\">Para finalizar la inscripci\u00f3n debe hacerse el pago correspondiente a las actividades en las que se desea participar y que coincidan con las indicadas en el formulario de inscripci\u00f3n. Al realizar el pago debe indicarse en el concepto: <strong><mark style=\"background-color:rgba(0, 0, 0, 0)\" class=\"has-inline-color has-contrast-2-color\">6AUOT GRANADA_nombre y apellidos<\/mark><\/strong><\/p>\n\n\n\n<p class=\"has-text-align-left has-contrast-color has-base-2-background-color has-text-color has-background has-link-color has-body-font-family wp-elements-ced2d93140be0cff7de5a278c0d2ac31\" style=\"margin-top:var(--wp--preset--spacing--10);margin-bottom:var(--wp--preset--spacing--10);padding-right:var(--wp--preset--spacing--10);padding-left:var(--wp--preset--spacing--10);font-size:18px\"><em><strong>N\u00famero de cuenta: <\/strong> <\/em><strong><em>ES58 2100 4224 3913 0072 0546<\/em><\/strong><\/p>\n\n\n\n<p class=\"has-body-font-family\" style=\"margin-top:var(--wp--preset--spacing--10);margin-bottom:var(--wp--preset--spacing--10);font-size:18px\">Una vez efectuado el pago debe remitirse el justificante bancario al correo electr\u00f3nico de la organizaci\u00f3n: <strong><mark style=\"background-color:rgba(0, 0, 0, 0)\" class=\"has-inline-color has-contrast-2-color\">auot_granada@ugr.es <\/mark><\/strong><\/p>\n\n\n\n<p class=\"has-contrast-color has-text-color has-link-color has-body-font-family wp-elements-41374df5cbd04b2f9a579452afbe686b\" style=\"margin-top:var(--wp--preset--spacing--10);margin-bottom:var(--wp--preset--spacing--10);font-size:18px\"><em><mark style=\"background-color:rgba(0, 0, 0, 0);color:#ff0000\" class=\"has-inline-color\">AVISO DE FACTURACI\u00d3N<\/mark>: Los pagos deben producirse con anterioridad al 05 de diciembre de 2024 (si necesita factura con fecha 2024) y despu\u00e9s del 01 de enero de 2025 (si necesita factura con fecha 2025)<\/em><\/p>\n","protected":false},"excerpt":{"rendered":"<p>ASISTENCIA Y PARTICIPACI\u00d3N en el 6AUOT_Granada Inscripci\u00f3n en el 6\u00ba Encuentro AUOT: 60 \u20ac ACTIVIDADES COMPLEMENTARIAS Cena de bienvenida (noche del 28\/01): 30 \u20ac Cena c\u00f3ctel en el m\u00edtico Lemon Rock Granada. Visita al territorio (I) (tarde del 29\/01): 10 \u20ac Visita al coraz\u00f3n de la Vega de Granada, un paisaje caracter\u00edstico del \u00e1rea periurbana [&hellip;]<\/p>\n","protected":false},"author":1,"featured_media":0,"parent":0,"menu_order":0,"comment_status":"closed","ping_status":"closed","template":"","meta":{"_seopress_robots_primary_cat":"","_seopress_titles_title":"","_seopress_titles_desc":"","_seopress_robots_index":"","footnotes":""},"class_list":["post-527","page","type-page","status-publish","hentry"],"_links":{"self":[{"href":"https:\/\/wpd.ugr.es\/~auot_granada\/wp-json\/wp\/v2\/pages\/527"}],"collection":[{"href":"https:\/\/wpd.ugr.es\/~auot_granada\/wp-json\/wp\/v2\/pages"}],"about":[{"href":"https:\/\/wpd.ugr.es\/~auot_granada\/wp-json\/wp\/v2\/types\/page"}],"author":[{"embeddable":true,"href":"https:\/\/wpd.ugr.es\/~auot_granada\/wp-json\/wp\/v2\/users\/1"}],"replies":[{"embeddable":true,"href":"https:\/\/wpd.ugr.es\/~auot_granada\/wp-json\/wp\/v2\/comments?post=527"}],"version-history":[{"count":24,"href":"https:\/\/wpd.ugr.es\/~auot_granada\/wp-json\/wp\/v2\/pages\/527\/revisions"}],"predecessor-version":[{"id":944,"href":"https:\/\/wpd.ugr.es\/~auot_granada\/wp-json\/wp\/v2\/pages\/527\/revisions\/944"}],"wp:attachment":[{"href":"https:\/\/wpd.ugr.es\/~auot_granada\/wp-json\/wp\/v2\/media?parent=527"}],"curies":[{"name":"wp","href":"https:\/\/api.w.org\/{rel}","templated":true}]}}