{"id":649,"date":"2024-09-26T11:50:09","date_gmt":"2024-09-26T09:50:09","guid":{"rendered":"https:\/\/wpd.ugr.es\/~auot_granada\/?page_id=649"},"modified":"2024-09-30T09:57:00","modified_gmt":"2024-09-30T07:57:00","slug":"presentacion-y-objetivos","status":"publish","type":"page","link":"https:\/\/wpd.ugr.es\/~auot_granada\/presentacion-y-objetivos\/","title":{"rendered":"PRESENTACI\u00d3N"},"content":{"rendered":"\n<div class=\"wp-block-media-text alignwide is-stacked-on-mobile is-vertically-aligned-top\" style=\"margin-top:var(--wp--preset--spacing--10);margin-right:0;margin-bottom:var(--wp--preset--spacing--10);margin-left:0;padding-top:0;padding-bottom:0;grid-template-columns:32% auto\"><figure class=\"wp-block-media-text__media\"><a href=\"https:\/\/wpd.ugr.es\/~auot_granada\/wp-content\/uploads\/2024\/09\/CARTEL-6AUOT_Granada-scaled.jpg\"><img loading=\"lazy\" decoding=\"async\" width=\"1024\" height=\"1024\" src=\"https:\/\/wpd.ugr.es\/~auot_granada\/wp-content\/uploads\/2024\/09\/CARTEL-6AUOT_Granada-1024x1024.jpg\" alt=\"\" class=\"wp-image-717 size-full\" srcset=\"https:\/\/wpd.ugr.es\/~auot_granada\/wp-content\/uploads\/2024\/09\/CARTEL-6AUOT_Granada-1024x1024.jpg 1024w, https:\/\/wpd.ugr.es\/~auot_granada\/wp-content\/uploads\/2024\/09\/CARTEL-6AUOT_Granada-300x300.jpg 300w, https:\/\/wpd.ugr.es\/~auot_granada\/wp-content\/uploads\/2024\/09\/CARTEL-6AUOT_Granada-150x150.jpg 150w, https:\/\/wpd.ugr.es\/~auot_granada\/wp-content\/uploads\/2024\/09\/CARTEL-6AUOT_Granada-768x768.jpg 768w, https:\/\/wpd.ugr.es\/~auot_granada\/wp-content\/uploads\/2024\/09\/CARTEL-6AUOT_Granada-1536x1536.jpg 1536w, https:\/\/wpd.ugr.es\/~auot_granada\/wp-content\/uploads\/2024\/09\/CARTEL-6AUOT_Granada-2048x2048.jpg 2048w\" sizes=\"(max-width: 1024px) 100vw, 1024px\" \/><\/a><\/figure><div class=\"wp-block-media-text__content\">\n<p class=\"has-body-font-family\" style=\"margin-top:var(--wp--preset--spacing--10);margin-bottom:var(--wp--preset--spacing--10);font-size:1.15rem\">El pasado 25 de enero recibimos en la ciudad de M\u00e1laga el encargo de dar continuidad a los Encuentros del Profesorado de las \u00c1reas de Urban\u00edstica y Ordenaci\u00f3n del Territorio a nivel estatal que se vienen celebrando desde el a\u00f1o 2020 (<mark style=\"background-color:rgba(0, 0, 0, 0)\" class=\"has-inline-color has-contrast-2-color\">I AUOT&nbsp;Madrid 2020<\/mark>, <a href=\"https:\/\/www.youtube.com\/watch?v=Z0SQlSUJVRI&amp;list=PL_RTTpV4xA-hpyVyvuAyrys4hIbu6ZXno\"><mark style=\"background-color:rgba(0, 0, 0, 0)\" class=\"has-inline-color has-contrast-2-color\">II AUOT&nbsp;Valladolid 2021<\/mark><\/a>, <a href=\"https:\/\/www.upv.es\/visor\/media\/18011f10-8e4f-11ec-86ba-4bb11feeb655\/c\"><mark style=\"background-color:rgba(0, 0, 0, 0)\" class=\"has-inline-color has-contrast-2-color\">III AUOT&nbsp;Valencia 2022<\/mark><\/a>,<mark style=\"background-color:rgba(0, 0, 0, 0)\" class=\"has-inline-color has-contrast-2-color\"> <\/mark><a href=\"https:\/\/www.fundacion.udc.es\/4-encuentro-profesorado-auot-coruna\/\"><mark style=\"background-color:rgba(0, 0, 0, 0)\" class=\"has-inline-color has-contrast-2-color\">IV AUOT&nbsp;A Coru\u00f1a 2023<\/mark><\/a>&nbsp;y <a href=\"https:\/\/www.youtube.com\/@5AUOT\"><mark style=\"background-color:rgba(0, 0, 0, 0)\" class=\"has-inline-color has-contrast-2-color\">V AUOT&nbsp;M\u00e1laga 2024<\/mark><\/a>). En estas cinco ediciones previas se ha consolidado una reflexi\u00f3n anual acerca de la Docencia, la Investigaci\u00f3n, la Transferencia de conocimiento y la implicaci\u00f3n social, acad\u00e9mica y profesional de las \u00c1reas de Urban\u00edstica y la Ordenaci\u00f3n del Territorio en los diferentes centros y universidades, as\u00ed como en las diversas ciudades y regiones a las cuales se vinculan.<\/p>\n\n\n\n<p class=\"has-body-font-family\" style=\"font-size:1.15rem\">Ha llegado felizmente el momento de anunciaros e invitaros a participar en el&nbsp;<strong>6AUOT Granada 2025&nbsp;<\/strong>que se celebrar\u00e1 los d\u00edas&nbsp;<strong>28, 29 y 30 de enero de 2025&nbsp;<\/strong>en la&nbsp;<strong><a href=\"https:\/\/etsag.ugr.es\/\">Escuela T\u00e9cnica Superior de Arquitectura<\/a>&nbsp;<\/strong>de la&nbsp;<strong>Universidad de Granada<\/strong>.&nbsp;Para el encuentro en Granada, reflexionando acerca de los contenidos, actividades y resultados de los eventos anteriores, hemos dise\u00f1ado un conjunto de metodolog\u00edas de participaci\u00f3n y una estructura del programa que persigue un conjunto de&nbsp;<strong><a href=\"https:\/\/wpd.ugr.es\/~auot_granada\/presentacion-y-objetivos\/2\/\"><mark style=\"background-color:rgba(0, 0, 0, 0)\" class=\"has-inline-color has-contrast-2-color\">objetivos<\/mark><\/a><\/strong>.<\/p>\n\n\n\n<p class=\"has-body-font-family\" style=\"font-size:1.15rem\">Se tratar\u00eda de, estando conectados, informados y conscientes del papel que le toca al Urbanismo y a la Ordenaci\u00f3n del Territorio en este periodo crucial y en nuestros contextos, incidir en ese permanente <strong>&#8220;estar en busca de un programa de investigaci\u00f3n&#8221;, que reclamaba Bernardo Secchi en los primeros 80<\/strong>, y que forma parte tambi\u00e9n de aquello que deber\u00edamos trasladar a nuestras aulas, a nuestras investigaciones, contaminando en positivo la formaci\u00f3n integral en los grados y posgrados en los que estamos involucrados.<\/p>\n\n\n\n<p class=\"has-body-font-family\" style=\"font-size:1.15rem\">En el&nbsp;<strong>6<\/strong>AUOT Granada 2025 se producir\u00e1n&nbsp;<strong>Conferencias<\/strong>&nbsp;de car\u00e1cter internacional,&nbsp;<strong><a href=\"https:\/\/wpd.ugr.es\/~auot_granada\/mesas-tematicas\/\"><mark style=\"background-color:rgba(0, 0, 0, 0)\" class=\"has-inline-color has-contrast-2-color\">Mesas Tem\u00e1ticas<\/mark><\/a><\/strong>,&nbsp;<strong><a href=\"https:\/\/wpd.ugr.es\/~auot_granada\/workshops\/\" data-type=\"page\" data-id=\"203\"><mark style=\"background-color:rgba(0, 0, 0, 0)\" class=\"has-inline-color has-contrast-2-color\">Workshops<\/mark><\/a>&nbsp;<\/strong>orientados a la extracci\u00f3n de conclusiones, presentaciones de&nbsp;<strong><a href=\"https:\/\/wpd.ugr.es\/~auot_granada\/comunicacion-poster-2\/\" data-type=\"page\" data-id=\"550\"><mark style=\"background-color:rgba(0, 0, 0, 0)\" class=\"has-inline-color has-contrast-2-color\">Comunicaciones\/P\u00f3sters<\/mark><\/a><\/strong>,&nbsp;<strong><a href=\"https:\/\/wpd.ugr.es\/~auot_granada\/lugar-de-celebracion-6o-encuentro-auot\/\" data-type=\"page\" data-id=\"35\"><mark style=\"background-color:rgba(0, 0, 0, 0)\" class=\"has-inline-color has-contrast-2-color\">Visitas de campo<\/mark><\/a><\/strong><mark style=\"background-color:rgba(0, 0, 0, 0)\" class=\"has-inline-color has-contrast-2-color\">&nbsp;<\/mark>a la ciudad y al territorio granadino, y espacios para el di\u00e1logo entre los participantes, as\u00ed como se establecer\u00e1n diversos itinerarios para la&nbsp;<strong>Publicaci\u00f3n de los resultados<\/strong>&nbsp;m\u00e1s destacados en revistas y editoriales reconocidas nacional e internacionalmente por su indexaci\u00f3n.<\/p>\n\n\n\n<p class=\"has-body-font-family\" style=\"margin-top:var(--wp--preset--spacing--20);margin-bottom:var(--wp--preset--spacing--20);font-size:1.15rem\">Un afectuoso saludo desde Granada,<\/p>\n\n\n\n<div class=\"wp-block-group is-layout-constrained wp-block-group-is-layout-constrained\" style=\"margin-top:var(--wp--preset--spacing--10);margin-bottom:var(--wp--preset--spacing--10)\">\n<p class=\"has-body-font-family\" style=\"margin-top:0;margin-bottom:0;font-size:1.15rem\">Juan Luis Rivas \/ Bel\u00e9n Bravo<\/p>\n\n\n\n<p class=\"has-body-font-family has-small-font-size\" style=\"margin-top:var(--wp--preset--spacing--10);margin-bottom:var(--wp--preset--spacing--10)\">Coordinaci\u00f3n&nbsp;<strong>6<\/strong>AUOT Granada 2025VI Encuentro \u00c1reas de Urban\u00edstica y Ordenaci\u00f3n del Territorio<\/p>\n<\/div>\n\n\n\n<p class=\"has-body-font-family\" style=\"font-size:1.15rem\"><em><strong>Urbanismos en plural.&nbsp;<\/strong>Di\u00e1logos y miradas para construir juntos el urbanismo que viene.<br>Discussions and perspectives to build together urbanism and land use planning for the upcoming years.<\/em><\/p>\n<\/div><\/div>\n\n\n\n<!--nextpage-->\n\n\n\n<p class=\"has-text-align-left has-contrast-2-color has-text-color has-link-color has-body-font-family has-large-font-size wp-elements-52aa8a3e6caec79f2e7b873d34385e09\" style=\"font-style:normal;font-weight:400\">OBJETIVOS DEL <strong>6<\/strong>AUOT_Granada<\/p>\n\n\n\n<div style=\"margin-top:var(--wp--preset--spacing--10);margin-bottom:var(--wp--preset--spacing--10);height:21px\" aria-hidden=\"true\" class=\"wp-block-spacer\"><\/div>\n\n\n\n<ol style=\"margin-top:var(--wp--preset--spacing--10);margin-bottom:var(--wp--preset--spacing--10)\" class=\"wp-block-list\">\n<li style=\"margin-top:var(--wp--preset--spacing--10);margin-bottom:var(--wp--preset--spacing--10)\" class=\"has-body-font-family has-medium-font-size\"><strong>La consolidaci\u00f3n del formato de reuni\u00f3n cient\u00edfica<\/strong>, tambi\u00e9n de car\u00e1cter internacional, que permita la presentaci\u00f3n de la actualidad docente e investigadora del \u00e1rea y responda a los intereses del profesorado.<\/li>\n\n\n\n<li style=\"margin-top:var(--wp--preset--spacing--10);margin-bottom:var(--wp--preset--spacing--10)\" class=\"has-body-font-family has-medium-font-size\"><strong>La potenciaci\u00f3n de la participaci\u00f3n y el debate<\/strong>, apostando por metodolog\u00edas, espacios y tiempos para el di\u00e1logo y la obtenci\u00f3n de conclusiones y criterios de mejora.<\/li>\n\n\n\n<li style=\"margin-top:var(--wp--preset--spacing--10);margin-bottom:var(--wp--preset--spacing--10)\" class=\"has-body-font-family has-medium-font-size\"><strong>La presencia y el equilibrio de las tem\u00e1ticas<\/strong> de las actividades propias del PDI de las \u00e1reas.<\/li>\n\n\n\n<li style=\"margin-top:var(--wp--preset--spacing--10);margin-bottom:var(--wp--preset--spacing--10)\" class=\"has-body-font-family has-medium-font-size\"><strong>La atenci\u00f3n desde la perspectiva del \u00e1rea al Marco Europeo de Educaci\u00f3n Superior<\/strong> y a las experiencias ejemplares de la actividad docente e investigadora del contexto internacional.<\/li>\n\n\n\n<li class=\"has-body-font-family has-medium-font-size\"><strong>La atenci\u00f3n a los paradigmas actuales <\/strong>de crisis clim\u00e1tica, falta de resiliencia urbana, desigualdad social y urbana, reto periurbano, falta de vivienda asequible, desprotecci\u00f3n de lo p\u00fablico, crisis de la planificaci\u00f3n, perspectivas inclusivas, de g\u00e9nero, multigeneracionales, las innovaciones instrumentales y la transdisciplinariedad, etc.;<strong> en equilibrio con las bases disciplinares del \u00e1rea y la herencia del conocimiento acumulado<\/strong>: el valor del lugar, la forma espacial y tipol\u00f3gica de las soluciones, la capacidad de lectura de los territorios, la integraci\u00f3n temporal y de ambientes, el manejo de las infraestructuras, el uso inteligente de las dotaciones, la b\u00fasqueda de la idea de ciudad y del espacio p\u00fablico, etc.<\/li>\n<\/ol>\n","protected":false},"excerpt":{"rendered":"","protected":false},"author":1,"featured_media":0,"parent":0,"menu_order":0,"comment_status":"closed","ping_status":"closed","template":"","meta":{"_seopress_robots_primary_cat":"","_seopress_titles_title":"","_seopress_titles_desc":"","_seopress_robots_index":"","footnotes":""},"class_list":["post-649","page","type-page","status-publish","hentry"],"_links":{"self":[{"href":"https:\/\/wpd.ugr.es\/~auot_granada\/wp-json\/wp\/v2\/pages\/649"}],"collection":[{"href":"https:\/\/wpd.ugr.es\/~auot_granada\/wp-json\/wp\/v2\/pages"}],"about":[{"href":"https:\/\/wpd.ugr.es\/~auot_granada\/wp-json\/wp\/v2\/types\/page"}],"author":[{"embeddable":true,"href":"https:\/\/wpd.ugr.es\/~auot_granada\/wp-json\/wp\/v2\/users\/1"}],"replies":[{"embeddable":true,"href":"https:\/\/wpd.ugr.es\/~auot_granada\/wp-json\/wp\/v2\/comments?post=649"}],"version-history":[{"count":28,"href":"https:\/\/wpd.ugr.es\/~auot_granada\/wp-json\/wp\/v2\/pages\/649\/revisions"}],"predecessor-version":[{"id":724,"href":"https:\/\/wpd.ugr.es\/~auot_granada\/wp-json\/wp\/v2\/pages\/649\/revisions\/724"}],"wp:attachment":[{"href":"https:\/\/wpd.ugr.es\/~auot_granada\/wp-json\/wp\/v2\/media?parent=649"}],"curies":[{"name":"wp","href":"https:\/\/api.w.org\/{rel}","templated":true}]}}