{"id":775,"date":"2024-10-10T10:32:09","date_gmt":"2024-10-10T08:32:09","guid":{"rendered":"https:\/\/wpd.ugr.es\/~auot_granada\/?page_id=775"},"modified":"2024-12-11T14:01:12","modified_gmt":"2024-12-11T13:01:12","slug":"noticias","status":"publish","type":"page","link":"https:\/\/wpd.ugr.es\/~auot_granada\/noticias\/","title":{"rendered":"NOTICIAS"},"content":{"rendered":"\n<p class=\"has-body-font-family has-large-font-size\" style=\"margin-top:var(--wp--preset--spacing--10);margin-bottom:var(--wp--preset--spacing--10)\">FECHAS IMPORTANTES 6AUOT_Granada<\/p>\n\n\n\n<ul style=\"margin-top:0;margin-right:0;margin-bottom:0;margin-left:0;padding-right:0;padding-left:0\" class=\"wp-block-list is-style-checkmark-list has-body-font-family\">\n<li style=\"margin-right:0;margin-left:0;line-height:2.6\" class=\"has-body-font-family\"><mark style=\"background-color:rgba(0, 0, 0, 0)\" class=\"has-inline-color has-contrast-color\"><strong>Presentaci\u00f3n de propuestas de<\/strong><\/mark><mark style=\"background-color:rgba(0, 0, 0, 0)\" class=\"has-inline-color has-contrast-2-color\"> <\/mark><mark style=\"background-color:rgba(0, 0, 0, 0)\" class=\"has-inline-color has-contrast-color\"><strong>MESAS TEM\u00c1TICAS<\/strong>.<\/mark> <em>19\/09\/2024 &#8211; 21\/10\/2024<\/em><\/li>\n\n\n\n<li style=\"margin-right:0;margin-left:0;line-height:2.6\" class=\"has-body-font-family\"><mark style=\"background-color:rgba(0, 0, 0, 0)\" class=\"has-inline-color has-contrast-color\"><strong>Apertura del plazo de<\/strong><\/mark><mark style=\"background-color:rgba(0, 0, 0, 0);color:#ff0000\" class=\"has-inline-color\"> <\/mark><mark style=\"background-color:rgba(0, 0, 0, 0)\" class=\"has-inline-color has-contrast-color\"><strong>INSCRIPCI\u00d3N al 6AUOT<\/strong>.<em> <\/em><\/mark><em>15\/10\/2024<\/em><\/li>\n\n\n\n<li style=\"margin-right:0;margin-left:0;line-height:2.6\" class=\"has-body-font-family\"><mark style=\"background-color:rgba(0, 0, 0, 0)\" class=\"has-inline-color has-contrast-color\"><strong>Presentaci\u00f3n de propuestas de <\/strong><\/mark><strong><mark style=\"background-color:rgba(0, 0, 0, 0)\" class=\"has-inline-color has-contrast-color\">COMUNICACI\u00d3N\/P\u00d3STER<\/mark><\/strong>. <em>15\/10\/2024<\/em> &#8211; 11\/11\/2024<\/li>\n\n\n\n<li style=\"margin-right:0;margin-left:0;line-height:2.6\" class=\"has-body-font-family\"><mark style=\"background-color:rgba(0, 0, 0, 0)\" class=\"has-inline-color has-contrast-color\"><strong>Presentaci\u00f3n conferenciantes.<em> <\/em><\/strong><\/mark><em>11\/2024<\/em><\/li>\n\n\n\n<li style=\"margin-top:0;margin-right:0;margin-bottom:0;margin-left:0;line-height:2.6\" class=\"has-body-font-family\"><strong><mark style=\"background-color:rgba(0, 0, 0, 0)\" class=\"has-inline-color has-contrast-color\">Recomendaci\u00f3n de alojamientos y desplazamientos.<em> <\/em><\/mark><\/strong><em>11\/2024<\/em><\/li>\n\n\n\n<li style=\"margin-top:0;margin-right:0;margin-bottom:0;margin-left:0;line-height:2.6\" class=\"has-body-font-family\"><strong><mark style=\"background-color:rgba(0, 0, 0, 0);color:#ff0000\" class=\"has-inline-color\">6AUOT_Granada<\/mark><\/strong><mark style=\"background-color:rgba(0, 0, 0, 0)\" class=\"has-inline-color has-contrast-color\">. <\/mark><em>28\/01\/2025 &#8211; 30\/01\/2025<\/em><\/li>\n<\/ul>\n\n\n\n<div style=\"margin-top:var(--wp--preset--spacing--10);margin-bottom:var(--wp--preset--spacing--10);height:14px\" aria-hidden=\"true\" class=\"wp-block-spacer\"><\/div>\n\n\n\n<p class=\"has-text-align-center has-contrast-2-color has-text-color has-link-color has-body-font-family has-large-font-size wp-elements-ef246366db2693e07a0283437ff2ce8d\" style=\"margin-top:var(--wp--preset--spacing--10);margin-bottom:var(--wp--preset--spacing--10)\"><strong>Recomendaci\u00f3n de alojamientos<\/strong><\/p>\n\n\n\n<h2 class=\"wp-block-heading has-text-align-center has-base-background-color has-background has-body-font-family has-small-font-size\" style=\"margin-top:0;margin-bottom:0\"><em>Los alojamientos siguientes tienen convenio con 6AUOT_Granada, por lo que para realizar la reserva debe indicarse el nombre del mismo.<\/em><\/h2>\n\n\n\n<div class=\"wp-block-media-text is-stacked-on-mobile\" style=\"margin-top:var(--wp--preset--spacing--10);margin-bottom:var(--wp--preset--spacing--10)\"><figure class=\"wp-block-media-text__media\"><img loading=\"lazy\" decoding=\"async\" width=\"1024\" height=\"683\" src=\"https:\/\/wpd.ugr.es\/~auot_granada\/wp-content\/uploads\/2024\/11\/1-1024x683.jpg\" alt=\"\" class=\"wp-image-1028 size-full\" srcset=\"https:\/\/wpd.ugr.es\/~auot_granada\/wp-content\/uploads\/2024\/11\/1-1024x683.jpg 1024w, https:\/\/wpd.ugr.es\/~auot_granada\/wp-content\/uploads\/2024\/11\/1-300x200.jpg 300w, https:\/\/wpd.ugr.es\/~auot_granada\/wp-content\/uploads\/2024\/11\/1-768x512.jpg 768w, https:\/\/wpd.ugr.es\/~auot_granada\/wp-content\/uploads\/2024\/11\/1.jpg 1200w\" sizes=\"(max-width: 1024px) 100vw, 1024px\" \/><\/figure><div class=\"wp-block-media-text__content\">\n<p class=\"has-body-font-family\"><strong>HOTEL MACI\u00c1 MONASTERIO DE LOS BASILIOS<\/strong><\/p>\n\n\n\n<p class=\"has-body-font-family\" style=\"margin-top:0;margin-bottom:0\">P\u00ba de los Basilios, 2 Genil, Granada.<\/p>\n\n\n\n<p class=\"has-body-font-family\" style=\"margin-top:0;margin-bottom:0\"><a href=\"https:\/\/urldefense.com\/v3\/__http:\/\/condor@maciahoteles.com\/__;!!D9dNQwwGXtA!VSzkykaxseMu4JzEJG6Me59z6c3BftIUhJmBbjKGEcd-2Tktn4LR7d0qqL_g_O2DlVGUfevl1_KS1zfv$\" target=\"_blank\" rel=\"noreferrer noopener\">basilios@maciahoteles.com<\/a><\/p>\n\n\n\n<p class=\"has-body-font-family\" style=\"margin-top:0;margin-bottom:0\">tfno: 958 81 74 01<\/p>\n\n\n\n<p class=\"has-contrast-2-color has-text-color has-link-color has-body-font-family wp-elements-4d994ee70ce96099faf0d35668c909e4\"><a href=\"https:\/\/www.maciahoteles.com\/maciamonasterio\/galeria\">https:\/\/www.maciahoteles.com\/maciamonasterio\/galeria<\/a><\/p>\n<\/div><\/div>\n\n\n\n<div class=\"wp-block-media-text is-stacked-on-mobile\" style=\"margin-top:var(--wp--preset--spacing--10);margin-bottom:var(--wp--preset--spacing--10)\"><figure class=\"wp-block-media-text__media\"><img loading=\"lazy\" decoding=\"async\" width=\"1024\" height=\"630\" src=\"https:\/\/wpd.ugr.es\/~auot_granada\/wp-content\/uploads\/2024\/12\/089-2600-1024x630.jpg\" alt=\"\" class=\"wp-image-1101 size-full\" srcset=\"https:\/\/wpd.ugr.es\/~auot_granada\/wp-content\/uploads\/2024\/12\/089-2600-1024x630.jpg 1024w, https:\/\/wpd.ugr.es\/~auot_granada\/wp-content\/uploads\/2024\/12\/089-2600-300x185.jpg 300w, https:\/\/wpd.ugr.es\/~auot_granada\/wp-content\/uploads\/2024\/12\/089-2600-768x473.jpg 768w, https:\/\/wpd.ugr.es\/~auot_granada\/wp-content\/uploads\/2024\/12\/089-2600-1536x945.jpg 1536w, https:\/\/wpd.ugr.es\/~auot_granada\/wp-content\/uploads\/2024\/12\/089-2600-2048x1260.jpg 2048w\" sizes=\"(max-width: 1024px) 100vw, 1024px\" \/><\/figure><div class=\"wp-block-media-text__content\">\n<p class=\"has-body-font-family\"><strong>HOTEL ARABELUJ<\/strong><\/p>\n\n\n\n<p class=\"has-body-font-family\" style=\"margin-top:0;margin-bottom:0\">Cam. Nuevo del Cementerio, 46, Centro, 18009 Granada<\/p>\n\n\n\n<p class=\"has-body-font-family\" style=\"margin-top:0;margin-bottom:0\">tfno: 654 88 84 00<\/p>\n\n\n\n<p class=\"has-contrast-2-color has-text-color has-link-color has-body-font-family wp-elements-af4fd2af50e58b9f7d798ee991b0cec3\"><a href=\"https:\/\/www.maciahoteles.com\/maciamonasterio\/galeria\">https:\/\/www.hotelgranadaarabeluj.com\/<\/a><\/p>\n<\/div><\/div>\n\n\n\n<hr class=\"wp-block-separator has-alpha-channel-opacity is-style-dots\"\/>\n\n\n\n<p class=\"has-text-align-center has-body-font-family has-large-font-size\" style=\"margin-top:var(--wp--preset--spacing--20);margin-bottom:var(--wp--preset--spacing--20)\">INFORMACI\u00d3N JORNADAS DE INTER\u00c9S<\/p>\n\n\n\n<h2 class=\"wp-block-heading has-text-align-center is-style-default has-contrast-2-color has-text-color has-link-color has-body-font-family has-medium-font-size wp-elements-24c31a859a4eedf0fdb49cfdc1a4c9ff\" style=\"margin-top:var(--wp--preset--spacing--20);margin-bottom:var(--wp--preset--spacing--20)\">Jornada en la UPV (Valencia)<strong> <\/strong><\/h2>\n\n\n\n<p class=\"has-text-align-center has-contrast-2-color has-text-color has-link-color has-body-font-family has-large-font-size wp-elements-300ea2b86b97d2734a5c599ddec6f236\" style=\"margin-top:0;margin-bottom:0\"><strong>APRENDRE PER PREVINDRE-RECUPERAR PER REGENERAR<\/strong><\/p>\n\n\n\n<p class=\"has-text-align-center has-contrast-2-color has-text-color has-link-color has-body-font-family has-medium-font-size wp-elements-cc4b8a040139a154cb6485972369eb1f\" style=\"margin-top:var(--wp--preset--spacing--10);margin-bottom:var(--wp--preset--spacing--10)\"><strong>Aigua i Territori \/ Riscos i Impactes \/ Plans i Gesti\u00f3<\/strong><\/p>\n\n\n\n<p class=\"has-text-align-center has-text-color has-link-color has-body-font-family has-medium-font-size wp-elements-d6554f720a113a14572cd4df3f4e1c57\" style=\"color:#ff0000;margin-top:var(--wp--preset--spacing--10);margin-bottom:var(--wp--preset--spacing--10)\">Jueves 12 y viernes 13 de diciembre, Sala de Proyecciones de la ETS de Arquitectura de Valencia<\/p>\n\n\n\n<p class=\"has-body-font-family has-small-font-size\" style=\"margin-top:var(--wp--preset--spacing--10);margin-bottom:var(--wp--preset--spacing--10)\">Jornadas enfocadas a la producci\u00f3n de conocimiento y reflexi\u00f3n sobre las causas y efectos del impacto de la DANA en el territorio valenciano y a la reconstrucci\u00f3n y regeneraci\u00f3n ecosocial de las comarcas afectadas.<\/p>\n\n\n\n<div class=\"wp-block-group is-layout-grid wp-container-core-group-is-layout-1 wp-block-group-is-layout-grid\" style=\"margin-top:var(--wp--preset--spacing--10);margin-bottom:var(--wp--preset--spacing--10)\">\n<figure class=\"wp-block-image size-large\"><a href=\"https:\/\/wpd.ugr.es\/~auot_granada\/wp-content\/uploads\/2024\/12\/01_Seminari-APRENDRE-PER-PREVINDRE_Programa_Pagina_1-1-scaled.jpg\"><img loading=\"lazy\" decoding=\"async\" width=\"724\" height=\"1024\" src=\"https:\/\/wpd.ugr.es\/~auot_granada\/wp-content\/uploads\/2024\/12\/01_Seminari-APRENDRE-PER-PREVINDRE_Programa_Pagina_1-1-724x1024.jpg\" alt=\"\" class=\"wp-image-1117\" srcset=\"https:\/\/wpd.ugr.es\/~auot_granada\/wp-content\/uploads\/2024\/12\/01_Seminari-APRENDRE-PER-PREVINDRE_Programa_Pagina_1-1-724x1024.jpg 724w, https:\/\/wpd.ugr.es\/~auot_granada\/wp-content\/uploads\/2024\/12\/01_Seminari-APRENDRE-PER-PREVINDRE_Programa_Pagina_1-1-212x300.jpg 212w, https:\/\/wpd.ugr.es\/~auot_granada\/wp-content\/uploads\/2024\/12\/01_Seminari-APRENDRE-PER-PREVINDRE_Programa_Pagina_1-1-768x1086.jpg 768w, https:\/\/wpd.ugr.es\/~auot_granada\/wp-content\/uploads\/2024\/12\/01_Seminari-APRENDRE-PER-PREVINDRE_Programa_Pagina_1-1-1086x1536.jpg 1086w, https:\/\/wpd.ugr.es\/~auot_granada\/wp-content\/uploads\/2024\/12\/01_Seminari-APRENDRE-PER-PREVINDRE_Programa_Pagina_1-1-1448x2048.jpg 1448w, https:\/\/wpd.ugr.es\/~auot_granada\/wp-content\/uploads\/2024\/12\/01_Seminari-APRENDRE-PER-PREVINDRE_Programa_Pagina_1-1-scaled.jpg 1811w\" sizes=\"(max-width: 724px) 100vw, 724px\" \/><\/a><\/figure>\n\n\n\n<figure class=\"wp-block-image size-large\"><a href=\"https:\/\/wpd.ugr.es\/~auot_granada\/wp-content\/uploads\/2024\/12\/01_Seminari-APRENDRE-PER-PREVINDRE_Programa_Pagina_2-1-scaled.jpg\"><img loading=\"lazy\" decoding=\"async\" width=\"724\" height=\"1024\" src=\"https:\/\/wpd.ugr.es\/~auot_granada\/wp-content\/uploads\/2024\/12\/01_Seminari-APRENDRE-PER-PREVINDRE_Programa_Pagina_2-1-724x1024.jpg\" alt=\"\" class=\"wp-image-1118\" srcset=\"https:\/\/wpd.ugr.es\/~auot_granada\/wp-content\/uploads\/2024\/12\/01_Seminari-APRENDRE-PER-PREVINDRE_Programa_Pagina_2-1-724x1024.jpg 724w, https:\/\/wpd.ugr.es\/~auot_granada\/wp-content\/uploads\/2024\/12\/01_Seminari-APRENDRE-PER-PREVINDRE_Programa_Pagina_2-1-212x300.jpg 212w, https:\/\/wpd.ugr.es\/~auot_granada\/wp-content\/uploads\/2024\/12\/01_Seminari-APRENDRE-PER-PREVINDRE_Programa_Pagina_2-1-768x1086.jpg 768w, https:\/\/wpd.ugr.es\/~auot_granada\/wp-content\/uploads\/2024\/12\/01_Seminari-APRENDRE-PER-PREVINDRE_Programa_Pagina_2-1-1086x1536.jpg 1086w, https:\/\/wpd.ugr.es\/~auot_granada\/wp-content\/uploads\/2024\/12\/01_Seminari-APRENDRE-PER-PREVINDRE_Programa_Pagina_2-1-1448x2048.jpg 1448w, https:\/\/wpd.ugr.es\/~auot_granada\/wp-content\/uploads\/2024\/12\/01_Seminari-APRENDRE-PER-PREVINDRE_Programa_Pagina_2-1-scaled.jpg 1811w\" sizes=\"(max-width: 724px) 100vw, 724px\" \/><\/a><\/figure>\n<\/div>\n\n\n\n<p class=\"has-body-font-family has-small-font-size\" style=\"margin-top:var(--wp--preset--spacing--10);margin-bottom:var(--wp--preset--spacing--10)\">Link de sala para la visi\u00f3n en streaming:<\/p>\n\n\n\n<div class=\"wp-block-buttons is-content-justification-center is-layout-flex wp-container-core-buttons-is-layout-1 wp-block-buttons-is-layout-flex\" style=\"margin-top:var(--wp--preset--spacing--10);margin-bottom:var(--wp--preset--spacing--10)\">\n<div class=\"wp-block-button\"><a class=\"wp-block-button__link wp-element-button\" href=\"https:\/\/media.upv.es\/#\/portal\/video\/4fc7c930-d627-11e5-991d-29cd73738a01\">Link Jornada<\/a><\/div>\n<\/div>\n\n\n\n<div style=\"margin-top:var(--wp--preset--spacing--10);margin-bottom:var(--wp--preset--spacing--10);height:17px\" aria-hidden=\"true\" class=\"wp-block-spacer\"><\/div>\n\n\n\n<p class=\"has-text-align-center has-contrast-2-color has-text-color has-link-color has-body-font-family has-medium-font-size wp-elements-3810404a508d474aafa958d3b8e888f5\" style=\"margin-top:var(--wp--preset--spacing--10);margin-bottom:var(--wp--preset--spacing--10)\"><strong>Exposici\u00f3n HORTA SUD. Agua y territorio<\/strong><\/p>\n\n\n\n<p class=\"has-text-align-center has-text-color has-link-color has-body-font-family has-small-font-size wp-elements-92e2bc29eedb107bc320d3d5a4071291\" style=\"color:#ff0000;margin-top:var(--wp--preset--spacing--10);margin-bottom:var(--wp--preset--spacing--10)\">Viernes 12 de diciembre, Hall este de la ETS de Arquitectura de Valencia<\/p>\n\n\n\n<p class=\"has-body-font-family\" style=\"margin-top:0;margin-bottom:0\">&#8220;Desde la universidad de Valencia, con una visi\u00f3n sosegada y algo distante en el tiempo, queremos aportar al debate sobre las consecuencias de la DANA en l&#8217;Horta Sud con una exposici\u00f3n que muestre de forma did\u00e1ctica y objetiva, la realidad poli\u00e9drica que se construye en torno a este acontecimiento, ofreciendo el perfil humano, medioambiental y t\u00e9cnico de la situaci\u00f3n previa, posterior y una inicial aproximaci\u00f3n al futuro de la reconstrucci\u00f3n de dichos territorios&#8221;.<\/p>\n\n\n\n<figure class=\"wp-block-image size-large\"><img loading=\"lazy\" decoding=\"async\" width=\"1024\" height=\"579\" src=\"https:\/\/wpd.ugr.es\/~auot_granada\/wp-content\/uploads\/2024\/12\/00-Expo-DANA-SUD-1024x579.jpg\" alt=\"\" class=\"wp-image-1136\" srcset=\"https:\/\/wpd.ugr.es\/~auot_granada\/wp-content\/uploads\/2024\/12\/00-Expo-DANA-SUD-1024x579.jpg 1024w, https:\/\/wpd.ugr.es\/~auot_granada\/wp-content\/uploads\/2024\/12\/00-Expo-DANA-SUD-300x170.jpg 300w, https:\/\/wpd.ugr.es\/~auot_granada\/wp-content\/uploads\/2024\/12\/00-Expo-DANA-SUD-768x434.jpg 768w, https:\/\/wpd.ugr.es\/~auot_granada\/wp-content\/uploads\/2024\/12\/00-Expo-DANA-SUD-1536x869.jpg 1536w, https:\/\/wpd.ugr.es\/~auot_granada\/wp-content\/uploads\/2024\/12\/00-Expo-DANA-SUD.jpg 1917w\" sizes=\"(max-width: 1024px) 100vw, 1024px\" \/><\/figure>\n","protected":false},"excerpt":{"rendered":"<p>FECHAS IMPORTANTES 6AUOT_Granada Recomendaci\u00f3n de alojamientos Los alojamientos siguientes tienen convenio con 6AUOT_Granada, por lo que para realizar la reserva debe indicarse el nombre del mismo. HOTEL MACI\u00c1 MONASTERIO DE LOS BASILIOS P\u00ba de los Basilios, 2 Genil, Granada. basilios@maciahoteles.com tfno: 958 81 74 01 https:\/\/www.maciahoteles.com\/maciamonasterio\/galeria HOTEL ARABELUJ Cam. Nuevo del Cementerio, 46, Centro, 18009 [&hellip;]<\/p>\n","protected":false},"author":1,"featured_media":0,"parent":0,"menu_order":0,"comment_status":"closed","ping_status":"closed","template":"","meta":{"_seopress_robots_primary_cat":"","_seopress_titles_title":"","_seopress_titles_desc":"","_seopress_robots_index":"","footnotes":""},"class_list":["post-775","page","type-page","status-publish","hentry"],"_links":{"self":[{"href":"https:\/\/wpd.ugr.es\/~auot_granada\/wp-json\/wp\/v2\/pages\/775"}],"collection":[{"href":"https:\/\/wpd.ugr.es\/~auot_granada\/wp-json\/wp\/v2\/pages"}],"about":[{"href":"https:\/\/wpd.ugr.es\/~auot_granada\/wp-json\/wp\/v2\/types\/page"}],"author":[{"embeddable":true,"href":"https:\/\/wpd.ugr.es\/~auot_granada\/wp-json\/wp\/v2\/users\/1"}],"replies":[{"embeddable":true,"href":"https:\/\/wpd.ugr.es\/~auot_granada\/wp-json\/wp\/v2\/comments?post=775"}],"version-history":[{"count":43,"href":"https:\/\/wpd.ugr.es\/~auot_granada\/wp-json\/wp\/v2\/pages\/775\/revisions"}],"predecessor-version":[{"id":1137,"href":"https:\/\/wpd.ugr.es\/~auot_granada\/wp-json\/wp\/v2\/pages\/775\/revisions\/1137"}],"wp:attachment":[{"href":"https:\/\/wpd.ugr.es\/~auot_granada\/wp-json\/wp\/v2\/media?parent=775"}],"curies":[{"name":"wp","href":"https:\/\/api.w.org\/{rel}","templated":true}]}}