{"id":9,"date":"2024-08-13T14:20:28","date_gmt":"2024-08-13T12:20:28","guid":{"rendered":"https:\/\/wpd.ugr.es\/~auot_granada\/?page_id=9"},"modified":"2025-01-26T09:50:48","modified_gmt":"2025-01-26T08:50:48","slug":"auot_2025","status":"publish","type":"page","link":"https:\/\/wpd.ugr.es\/~auot_granada\/auot_2025\/","title":{"rendered":"PROGRAMA"},"content":{"rendered":"\n<h2 class=\"wp-block-heading has-text-align-center is-style-default has-body-font-family has-large-font-size\" style=\"margin-top:0;margin-bottom:0;padding-top:0;padding-bottom:0;line-height:1.3\"><strong>Actividades del encuentro<\/strong><\/h2>\n\n\n\n<p class=\"has-text-align-center has-body-font-family has-small-font-size\" style=\"margin-top:var(--wp--preset--spacing--20);margin-bottom:var(--wp--preset--spacing--20);line-height:1.5\"><em>El encuentro se va a desarrollar en <strong>6 tipos de actividades<\/strong>, con el objetivo de fomentar la participaci\u00f3n activa de los asistentes.<\/em><\/p>\n\n\n\n<div class=\"wp-block-group alignfull has-base-2-background-color has-background is-content-justification-center is-layout-constrained wp-container-core-group-is-layout-1 wp-block-group-is-layout-constrained\" style=\"margin-top:0;margin-bottom:0;padding-top:var(--wp--preset--spacing--30);padding-right:var(--wp--preset--spacing--50);padding-bottom:var(--wp--preset--spacing--30);padding-left:var(--wp--preset--spacing--50)\">\n<div class=\"wp-block-columns alignwide is-layout-flex wp-container-core-columns-is-layout-1 wp-block-columns-is-layout-flex\" style=\"margin-top:0;margin-bottom:0\">\n<div class=\"wp-block-column is-layout-flow wp-block-column-is-layout-flow\" style=\"padding-right:0;padding-left:0\">\n<div class=\"wp-block-media-text has-base-color has-contrast-2-background-color has-text-color has-background has-link-color wp-elements-b7989d1a774a96e2e734ac87ced324c8\" style=\"margin-top:0;margin-right:0;margin-bottom:0;margin-left:0;padding-top:0;padding-right:var(--wp--preset--spacing--10);padding-bottom:0;padding-left:var(--wp--preset--spacing--10);grid-template-columns:20% auto\"><figure class=\"wp-block-media-text__media\"><a href=\"https:\/\/wpd.ugr.es\/~auot_granada\/mesas-tematicas\/\"><img loading=\"lazy\" decoding=\"async\" width=\"252\" height=\"251\" src=\"https:\/\/wpd.ugr.es\/~auot_granada\/wp-content\/uploads\/2024\/10\/icono-mesa-tematica.jpg\" alt=\"\" class=\"wp-image-826 size-full\" srcset=\"https:\/\/wpd.ugr.es\/~auot_granada\/wp-content\/uploads\/2024\/10\/icono-mesa-tematica.jpg 252w, https:\/\/wpd.ugr.es\/~auot_granada\/wp-content\/uploads\/2024\/10\/icono-mesa-tematica-150x150.jpg 150w\" sizes=\"(max-width: 252px) 100vw, 252px\" \/><\/a><\/figure><div class=\"wp-block-media-text__content\">\n<p class=\"has-body-font-family\" style=\"margin-top:var(--wp--preset--spacing--20);margin-right:0;margin-bottom:var(--wp--preset--spacing--20);margin-left:0;font-size:18px;font-style:normal;font-weight:700\">1. MESAS TEM\u00c1TICAS<\/p>\n<\/div><\/div>\n\n\n\n<p class=\"has-text-align-left has-body-font-family\">12 Sesiones de presentaci\u00f3n de aportaciones agrupadas por tem\u00e1ticas. Estar\u00e1n coordinadas por profesores del \u00e1rea y de participaci\u00f3n abierta a los inscritos.<\/p>\n<\/div>\n\n\n\n<div class=\"wp-block-column is-layout-flow wp-block-column-is-layout-flow\">\n<div class=\"wp-block-media-text has-base-color has-contrast-2-background-color has-text-color has-background wp-elements-f139ed6912ad3f745b697382e0477d2b\" style=\"margin-top:0;margin-right:0;margin-bottom:0;margin-left:0;padding-top:0;padding-right:var(--wp--preset--spacing--10);padding-bottom:0;padding-left:var(--wp--preset--spacing--10);grid-template-columns:20% auto\"><figure class=\"wp-block-media-text__media\"><a href=\"https:\/\/wpd.ugr.es\/~auot_granada\/workshops\/\"><img loading=\"lazy\" decoding=\"async\" width=\"204\" height=\"204\" src=\"https:\/\/wpd.ugr.es\/~auot_granada\/wp-content\/uploads\/2024\/10\/icono-workshop.jpg\" alt=\"\" class=\"wp-image-824 size-full\" srcset=\"https:\/\/wpd.ugr.es\/~auot_granada\/wp-content\/uploads\/2024\/10\/icono-workshop.jpg 204w, https:\/\/wpd.ugr.es\/~auot_granada\/wp-content\/uploads\/2024\/10\/icono-workshop-150x150.jpg 150w\" sizes=\"(max-width: 204px) 100vw, 204px\" \/><\/a><\/figure><div class=\"wp-block-media-text__content\">\n<p class=\"has-body-font-family\" style=\"margin-top:var(--wp--preset--spacing--20);margin-right:0;margin-bottom:var(--wp--preset--spacing--20);margin-left:0;font-size:18px;font-style:normal;font-weight:700\">2. WORKSHOPS<\/p>\n<\/div><\/div>\n\n\n\n<p class=\"has-text-align-left has-body-font-family\">6 Mesas de trabajo tematizadas, coordinadas por dos profesores del \u00e1rea y tienen la finalidad de llegar a conclusiones concretas sobre dichas tem\u00e1ticas.<\/p>\n<\/div>\n\n\n\n<div class=\"wp-block-column is-layout-flow wp-block-column-is-layout-flow\">\n<div class=\"wp-block-media-text has-base-color has-contrast-2-background-color has-text-color has-background has-link-color wp-elements-c84c0f765ecc150818aee33dd217047f\" style=\"margin-top:0;margin-right:0;margin-bottom:0;margin-left:0;padding-top:0;padding-right:var(--wp--preset--spacing--10);padding-bottom:0;padding-left:var(--wp--preset--spacing--10);grid-template-columns:20% auto\"><figure class=\"wp-block-media-text__media\"><a href=\"https:\/\/wpd.ugr.es\/~auot_granada\/conferenciantes\/\"><img loading=\"lazy\" decoding=\"async\" width=\"198\" height=\"202\" src=\"https:\/\/wpd.ugr.es\/~auot_granada\/wp-content\/uploads\/2024\/10\/icono-conferencia.jpg\" alt=\"\" class=\"wp-image-823 size-full\"\/><\/a><\/figure><div class=\"wp-block-media-text__content\">\n<p class=\"has-body-font-family\" style=\"margin-top:var(--wp--preset--spacing--20);margin-right:0;margin-bottom:var(--wp--preset--spacing--20);margin-left:0;font-size:18px;font-style:normal;font-weight:700\">3. CONFERENCIAS<\/p>\n<\/div><\/div>\n\n\n\n<p class=\"has-text-align-left has-body-font-family\">Conferencias invitadas de profesores del \u00e1rea de relevancia a nivel nacional e internacional.<\/p>\n<\/div>\n<\/div>\n\n\n\n<div class=\"wp-block-columns alignwide is-layout-flex wp-container-core-columns-is-layout-2 wp-block-columns-is-layout-flex\">\n<div class=\"wp-block-column is-layout-flow wp-block-column-is-layout-flow\">\n<div class=\"wp-block-media-text has-base-color has-contrast-2-background-color has-text-color has-background has-link-color wp-elements-70d61384fe10b423c2a24fe2e83de7fb\" style=\"margin-top:0;margin-right:0;margin-bottom:0;margin-left:0;padding-top:0;padding-right:var(--wp--preset--spacing--10);padding-bottom:0;padding-left:var(--wp--preset--spacing--10);grid-template-columns:20% auto\"><figure class=\"wp-block-media-text__media\"><a href=\"https:\/\/wpd.ugr.es\/~auot_granada\/comunicacion-poster-2\/\"><img loading=\"lazy\" decoding=\"async\" width=\"569\" height=\"521\" src=\"https:\/\/wpd.ugr.es\/~auot_granada\/wp-content\/uploads\/2024\/09\/icono-exposicion.jpg\" alt=\"\" class=\"wp-image-493 size-full\" srcset=\"https:\/\/wpd.ugr.es\/~auot_granada\/wp-content\/uploads\/2024\/09\/icono-exposicion.jpg 569w, https:\/\/wpd.ugr.es\/~auot_granada\/wp-content\/uploads\/2024\/09\/icono-exposicion-300x275.jpg 300w\" sizes=\"(max-width: 569px) 100vw, 569px\" \/><\/a><\/figure><div class=\"wp-block-media-text__content\">\n<p class=\"has-body-font-family\" style=\"margin-top:var(--wp--preset--spacing--20);margin-right:0;margin-bottom:var(--wp--preset--spacing--20);margin-left:0;font-size:18px;font-style:normal;font-weight:700\">4. EXPOSICI\u00d3N POSTERS<\/p>\n<\/div><\/div>\n\n\n\n<p class=\"has-text-align-left has-body-font-family\">Exposici\u00f3n de presentaciones tipo p\u00f3ster de j\u00f3venes investigadores que est\u00e9n desarrollando su tesis doctoral o la hayan le\u00eddo en los \u00faltimos 3 a\u00f1os.<\/p>\n<\/div>\n\n\n\n<div class=\"wp-block-column is-layout-flow wp-block-column-is-layout-flow\">\n<div class=\"wp-block-media-text has-base-color has-contrast-2-background-color has-text-color has-background has-link-color wp-elements-6cce0584feec09b0e1aaaeab3f6b37f3\" style=\"margin-top:0;margin-right:0;margin-bottom:0;margin-left:0;padding-top:0;padding-right:var(--wp--preset--spacing--10);padding-bottom:0;padding-left:var(--wp--preset--spacing--10);grid-template-columns:20% auto\"><figure class=\"wp-block-media-text__media\"><img loading=\"lazy\" decoding=\"async\" width=\"338\" height=\"338\" src=\"https:\/\/wpd.ugr.es\/~auot_granada\/wp-content\/uploads\/2024\/09\/icono-asamblea.jpg\" alt=\"\" class=\"wp-image-495 size-full\" srcset=\"https:\/\/wpd.ugr.es\/~auot_granada\/wp-content\/uploads\/2024\/09\/icono-asamblea.jpg 338w, https:\/\/wpd.ugr.es\/~auot_granada\/wp-content\/uploads\/2024\/09\/icono-asamblea-300x300.jpg 300w, https:\/\/wpd.ugr.es\/~auot_granada\/wp-content\/uploads\/2024\/09\/icono-asamblea-150x150.jpg 150w\" sizes=\"(max-width: 338px) 100vw, 338px\" \/><\/figure><div class=\"wp-block-media-text__content\">\n<p class=\"has-body-font-family\" style=\"margin-top:var(--wp--preset--spacing--20);margin-right:0;margin-bottom:var(--wp--preset--spacing--20);margin-left:0;font-size:18px;font-style:normal;font-weight:700\">5. ASAMBLEA <em>AUOT<\/em><\/p>\n<\/div><\/div>\n\n\n\n<p class=\"has-text-align-left has-body-font-family\">1\u00aa Asamblea de la Asociaci\u00f3n de Profesorado de Urban\u00edstica y Ordenaci\u00f3n del Territorio.<\/p>\n<\/div>\n\n\n\n<div class=\"wp-block-column is-layout-flow wp-block-column-is-layout-flow\">\n<div class=\"wp-block-media-text has-base-color has-contrast-2-background-color has-text-color has-background has-link-color wp-elements-0a00896d725721f8c50220487383650f\" style=\"margin-top:0;margin-right:0;margin-bottom:0;margin-left:0;padding-top:0;padding-right:var(--wp--preset--spacing--10);padding-bottom:0;padding-left:var(--wp--preset--spacing--10);grid-template-columns:20% auto\"><figure class=\"wp-block-media-text__media\"><a href=\"https:\/\/wpd.ugr.es\/~auot_granada\/lugar-de-celebracion-6o-encuentro-auot\/\"><img loading=\"lazy\" decoding=\"async\" width=\"512\" height=\"512\" src=\"https:\/\/wpd.ugr.es\/~auot_granada\/wp-content\/uploads\/2024\/09\/icono-paisaje-2.jpg\" alt=\"\" class=\"wp-image-490 size-full\" srcset=\"https:\/\/wpd.ugr.es\/~auot_granada\/wp-content\/uploads\/2024\/09\/icono-paisaje-2.jpg 512w, https:\/\/wpd.ugr.es\/~auot_granada\/wp-content\/uploads\/2024\/09\/icono-paisaje-2-300x300.jpg 300w, https:\/\/wpd.ugr.es\/~auot_granada\/wp-content\/uploads\/2024\/09\/icono-paisaje-2-150x150.jpg 150w\" sizes=\"(max-width: 512px) 100vw, 512px\" \/><\/a><\/figure><div class=\"wp-block-media-text__content\">\n<p class=\"has-body-font-family\" style=\"margin-top:var(--wp--preset--spacing--20);margin-right:0;margin-bottom:var(--wp--preset--spacing--20);margin-left:0;font-size:18px;font-style:normal;font-weight:700\">6. VISITAS AL TERRITORIO<\/p>\n<\/div><\/div>\n\n\n\n<p class=\"has-text-align-left has-body-font-family\">2 Visitas al entorno del \u00e1rea metropolitana de Granada constituyentes de la identidad paisaj\u00edstica y cultural de Granada. Espacios que ejemplifican la realidad en conflicto del entorno periurbano.<\/p>\n<\/div>\n<\/div>\n<\/div>\n\n\n\n<div class=\"wp-block-group alignfull has-base-background-color has-background is-layout-constrained wp-block-group-is-layout-constrained\" style=\"margin-top:var(--wp--preset--spacing--10);margin-bottom:var(--wp--preset--spacing--10);padding-top:var(--wp--preset--spacing--10);padding-bottom:var(--wp--preset--spacing--10)\">\n<div class=\"wp-block-media-text alignwide has-media-on-the-right is-stacked-on-mobile is-vertically-aligned-top\" style=\"margin-top:var(--wp--preset--spacing--10);margin-bottom:var(--wp--preset--spacing--10);grid-template-columns:auto 65%\"><div class=\"wp-block-media-text__content\">\n<p class=\"has-text-align-center\" style=\"margin-top:var(--wp--preset--spacing--20);margin-right:0;margin-bottom:var(--wp--preset--spacing--20);margin-left:0;padding-top:0;padding-bottom:0;font-size:1.8rem\"><em>Programaci\u00f3n 6\u00baAUOT<\/em><\/p>\n\n\n\n<div class=\"wp-block-file aligncenter\" style=\"margin-top:0;margin-right:var(--wp--preset--spacing--10);margin-bottom:0;margin-left:var(--wp--preset--spacing--10);padding-top:0;padding-bottom:0\"><a href=\"https:\/\/wpd.ugr.es\/~auot_granada\/wp-content\/uploads\/2025\/01\/Programa-completo-6AUOT_Granada-2.pdf\" class=\"wp-block-file__button wp-element-button\" download>Descarga PROGRAMA<\/a><\/div>\n<\/div><figure class=\"wp-block-media-text__media\"><img loading=\"lazy\" decoding=\"async\" width=\"1024\" height=\"489\" src=\"https:\/\/wpd.ugr.es\/~auot_granada\/wp-content\/uploads\/2025\/01\/Programa-6AUOT_Granada-11-1024x489.jpg\" alt=\"\" class=\"wp-image-1332 size-full\" srcset=\"https:\/\/wpd.ugr.es\/~auot_granada\/wp-content\/uploads\/2025\/01\/Programa-6AUOT_Granada-11-1024x489.jpg 1024w, https:\/\/wpd.ugr.es\/~auot_granada\/wp-content\/uploads\/2025\/01\/Programa-6AUOT_Granada-11-300x143.jpg 300w, https:\/\/wpd.ugr.es\/~auot_granada\/wp-content\/uploads\/2025\/01\/Programa-6AUOT_Granada-11-768x367.jpg 768w, https:\/\/wpd.ugr.es\/~auot_granada\/wp-content\/uploads\/2025\/01\/Programa-6AUOT_Granada-11-1536x733.jpg 1536w, https:\/\/wpd.ugr.es\/~auot_granada\/wp-content\/uploads\/2025\/01\/Programa-6AUOT_Granada-11-2048x977.jpg 2048w\" sizes=\"(max-width: 1024px) 100vw, 1024px\" \/><\/figure><\/div>\n<\/div>\n\n\n\n<figure class=\"wp-block-pullquote alignwide\" style=\"margin-top:var(--wp--preset--spacing--20);margin-bottom:var(--wp--preset--spacing--20);padding-top:var(--wp--preset--spacing--20);padding-bottom:var(--wp--preset--spacing--20);font-size:1.8rem\"><blockquote><p><em>Espacios en los que se desarrollar\u00e1 el 6AUOT_Granada en la ETSAG<\/em><\/p><\/blockquote><\/figure>\n\n\n\n<div class=\"wp-block-group alignwide is-vertical is-content-justification-right is-layout-flex wp-container-core-group-is-layout-3 wp-block-group-is-layout-flex has-background\" style=\"margin-top:var(--wp--preset--spacing--20);margin-bottom:var(--wp--preset--spacing--20);background-image:url(&#039;https:\/\/wpd.ugr.es\/~auot_granada\/wp-content\/uploads\/2024\/11\/ETSAG_1-1-scaled.webp&#039;);background-size:cover;\">\n<figure class=\"wp-block-image aligncenter size-large is-resized is-style-default\"><a href=\"https:\/\/wpd.ugr.es\/~auot_granada\/wp-content\/uploads\/2025\/01\/PLANOS-6AUOT.jpg\"><img loading=\"lazy\" decoding=\"async\" width=\"997\" height=\"1024\" src=\"https:\/\/wpd.ugr.es\/~auot_granada\/wp-content\/uploads\/2025\/01\/PLANOS-6AUOT-997x1024.jpg\" alt=\"\" class=\"wp-image-1282\" style=\"width:515px;height:auto\" srcset=\"https:\/\/wpd.ugr.es\/~auot_granada\/wp-content\/uploads\/2025\/01\/PLANOS-6AUOT-997x1024.jpg 997w, https:\/\/wpd.ugr.es\/~auot_granada\/wp-content\/uploads\/2025\/01\/PLANOS-6AUOT-292x300.jpg 292w, https:\/\/wpd.ugr.es\/~auot_granada\/wp-content\/uploads\/2025\/01\/PLANOS-6AUOT-768x789.jpg 768w, https:\/\/wpd.ugr.es\/~auot_granada\/wp-content\/uploads\/2025\/01\/PLANOS-6AUOT-1495x1536.jpg 1495w, https:\/\/wpd.ugr.es\/~auot_granada\/wp-content\/uploads\/2025\/01\/PLANOS-6AUOT.jpg 1768w\" sizes=\"(max-width: 997px) 100vw, 997px\" \/><\/a><\/figure>\n<\/div>\n","protected":false},"excerpt":{"rendered":"<p>Actividades del encuentro El encuentro se va a desarrollar en 6 tipos de actividades, con el objetivo de fomentar la participaci\u00f3n activa de los asistentes. 1. MESAS TEM\u00c1TICAS 12 Sesiones de presentaci\u00f3n de aportaciones agrupadas por tem\u00e1ticas. Estar\u00e1n coordinadas por profesores del \u00e1rea y de participaci\u00f3n abierta a los inscritos. 2. WORKSHOPS 6 Mesas de [&hellip;]<\/p>\n","protected":false},"author":1,"featured_media":1331,"parent":0,"menu_order":0,"comment_status":"closed","ping_status":"closed","template":"","meta":{"_seopress_robots_primary_cat":"","_seopress_titles_title":"","_seopress_titles_desc":"","_seopress_robots_index":"","footnotes":""},"class_list":["post-9","page","type-page","status-publish","has-post-thumbnail","hentry"],"_links":{"self":[{"href":"https:\/\/wpd.ugr.es\/~auot_granada\/wp-json\/wp\/v2\/pages\/9"}],"collection":[{"href":"https:\/\/wpd.ugr.es\/~auot_granada\/wp-json\/wp\/v2\/pages"}],"about":[{"href":"https:\/\/wpd.ugr.es\/~auot_granada\/wp-json\/wp\/v2\/types\/page"}],"author":[{"embeddable":true,"href":"https:\/\/wpd.ugr.es\/~auot_granada\/wp-json\/wp\/v2\/users\/1"}],"replies":[{"embeddable":true,"href":"https:\/\/wpd.ugr.es\/~auot_granada\/wp-json\/wp\/v2\/comments?post=9"}],"version-history":[{"count":184,"href":"https:\/\/wpd.ugr.es\/~auot_granada\/wp-json\/wp\/v2\/pages\/9\/revisions"}],"predecessor-version":[{"id":1349,"href":"https:\/\/wpd.ugr.es\/~auot_granada\/wp-json\/wp\/v2\/pages\/9\/revisions\/1349"}],"wp:featuredmedia":[{"embeddable":true,"href":"https:\/\/wpd.ugr.es\/~auot_granada\/wp-json\/wp\/v2\/media\/1331"}],"wp:attachment":[{"href":"https:\/\/wpd.ugr.es\/~auot_granada\/wp-json\/wp\/v2\/media?parent=9"}],"curies":[{"name":"wp","href":"https:\/\/api.w.org\/{rel}","templated":true}]}}