{"id":37,"date":"2025-05-07T18:36:46","date_gmt":"2025-05-07T16:36:46","guid":{"rendered":"https:\/\/wpd.ugr.es\/~avancestca\/?page_id=37"},"modified":"2025-05-20T09:40:11","modified_gmt":"2025-05-20T07:40:11","slug":"politica-de-cookies","status":"publish","type":"page","link":"https:\/\/wpd.ugr.es\/~avancestca\/politica-de-cookies\/","title":{"rendered":"Pol\u00edtica de cookies"},"content":{"rendered":"\n<p>La presente pol\u00edtica de cookies tiene por finalidad informarle de manera clara y precisa sobre las cookies que se utilizan en la p\u00e1gina web de la Universidad de Granada.<\/p>\n\n\n\n<h3 class=\"wp-block-heading\"><strong>\u00bfQu\u00e9 son las cookies?<\/strong><\/h3>\n\n\n\n<p>Una cookie es un peque\u00f1o fragmento de texto que los sitios web que visita env\u00edan al navegador y que permite que el sitio web recuerde informaci\u00f3n sobre su visita, como su idioma preferido y otras opciones, con el fin de facilitar su pr\u00f3xima visita y hacer que el sitio le resulte m\u00e1s \u00fatil. Las cookies desempe\u00f1an un papel muy importante y contribuyen a tener una mejor experiencia de navegaci\u00f3n para el usuario.<\/p>\n\n\n\n<h3 class=\"wp-block-heading\"><strong>Tipos de cookies<\/strong><\/h3>\n\n\n\n<p>Seg\u00fan qui\u00e9n sea la entidad que gestione el dominio desde d\u00f3nde se env\u00edan las cookies y se traten los datos que se obtengan, se pueden distinguir dos tipos: cookies propias y cookies de terceros.<\/p>\n\n\n\n<p>Existe tambi\u00e9n una segunda clasificaci\u00f3n seg\u00fan el plazo de tiempo que permanecen almacenadas en el navegador del cliente, pudiendo tratarse de cookies de sesi\u00f3n o cookies persistentes.<\/p>\n\n\n\n<p>Por \u00faltimo, existe otra clasificaci\u00f3n con cinco tipos de cookies seg\u00fan la finalidad para la que se traten los datos obtenidos: cookies t\u00e9cnicas, cookies de personalizaci\u00f3n, cookies de an\u00e1lisis, cookies publicitarias y cookies de publicidad comportamental.<\/p>\n\n\n\n<p>Para m\u00e1s informaci\u00f3n a este respecto puede consultar la Gu\u00eda sobre el uso de las cookies de la Agencia Espa\u00f1ola de Protecci\u00f3n de Datos.<\/p>\n\n\n\n<h3 class=\"wp-block-heading\"><strong>Cookies utilizadas en la web<\/strong><\/h3>\n\n\n\n<p>A continuaci\u00f3n se identifican las cookies que est\u00e1n siendo utilizadas en este portal as\u00ed como su tipolog\u00eda y funci\u00f3n.<\/p>\n\n\n\n<p>La p\u00e1gina web de la Universidad de Granada utiliza Google Analytics, un servicio de anal\u00edtica web desarrollada por Google, que permite la medici\u00f3n y an\u00e1lisis de la navegaci\u00f3n en las p\u00e1ginas web. En su navegador podr\u00e1 observar cookies de este servicio. Seg\u00fan la tipolog\u00eda anterior se trata de cookies propias, de sesi\u00f3n y de an\u00e1lisis.<\/p>\n\n\n\n<p>A trav\u00e9s de la anal\u00edtica web se obtiene informaci\u00f3n relativa al n\u00famero de usuarios que acceden a la web, el n\u00famero de p\u00e1ginas vistas, la frecuencia y repetici\u00f3n de las visitas, su duraci\u00f3n, el navegador utilizado, el operador que presta el servicio, el idioma, el terminal que utiliza y la ciudad a la que est\u00e1 asignada su direcci\u00f3n IP. Informaci\u00f3n que posibilita un mejor y m\u00e1s apropiado servicio por parte de este portal.<\/p>\n\n\n\n<p>Para garantizar el anonimato, Google convertir\u00e1 su informaci\u00f3n en an\u00f3nima truncando la direcci\u00f3n IP antes de almacenarla, de forma que Google Analytics no se usa para localizar o recabar informaci\u00f3n personal identificable de los visitantes del sitio. Google solo podr\u00e1 enviar la informaci\u00f3n recabada por Google Analytics a terceros cuanto est\u00e9 legalmente obligado a ello. Con arreglo a las condiciones de prestaci\u00f3n del servicio de Google Analytics, Google no asociar\u00e1 su direcci\u00f3n IP a ning\u00fan otro dato conservado por Google.<\/p>\n\n\n\n<p>La p\u00e1gina web de la Universidad de Granada utiliza tambi\u00e9n Matomo, una herramienta que nos permite almacenar las anal\u00edticas y saber el n\u00famero de visitas de las diferentes p\u00e1ginas por parte de los usuarios.Toda esta informaci\u00f3n se almacena en servidores propios de la Universidad. Esta informaci\u00f3n se guarda anonimizando las IPs de los internautas.<\/p>\n\n\n\n<p>Por \u00faltimo, se descarga una cookie denominada cookie_agreed, propia, de tipo t\u00e9cnico y de sesi\u00f3n. Gestiona el consentimiento del usuario para el uso de las cookies en la p\u00e1gina web. El objetivo es recordar aquellos usuarios que las han aceptado y aquellos que no, de modo que a los primeros no se les muestre informaci\u00f3n en la parte inferior de la p\u00e1gina al respecto.<\/p>\n\n\n\n<h3 class=\"wp-block-heading\"><strong>C\u00f3mo modificar la configuraci\u00f3n de las cookies<\/strong><\/h3>\n\n\n\n<p>Usted puede restringir, bloquear o borrar las cookies de la Universidad de Granada o cualquier otra p\u00e1gina web, utilizando su navegador. En cada navegador la operativa es diferente, la funci\u00f3n de &#8216;Ayuda\u00bb le mostrar\u00e1 c\u00f3mo hacerlo.<\/p>\n\n\n\n<ul class=\"wp-block-list\">\n<li><a href=\"https:\/\/windows.microsoft.com\/es-xl\/internet-explorer\/delete-manage-cookies#ie=%22ie-10%22\">Internet Explorer<\/a><\/li>\n\n\n\n<li><a href=\"https:\/\/support.mozilla.org\/es\/kb\/Borrar%20cookies\">FireFox<\/a><\/li>\n\n\n\n<li><a href=\"https:\/\/support.google.com\/chrome\/answer\/95647?hl=%22es%22\">Chrome<\/a><\/li>\n\n\n\n<li><a href=\"https:\/\/www.apple.com\/es\/privacy\/use-of-cookies\/\">Safari<\/a><\/li>\n<\/ul>\n\n\n\n<h3 class=\"wp-block-heading\">Descargas<\/h3>\n\n\n\n<ul class=\"wp-block-list\">\n<li><a href=\"https:\/\/www.aepd.es\/es\/documento\/guia-cookies.pdf\">Gu\u00eda sobre el uso de las cookies (pdf)<\/a>&nbsp;de la Agencia de Espa\u00f1ola de Protecci\u00f3n de Datos.<\/li>\n<\/ul>\n\n\n\n<p>Este sito web contiene enlaces a sitios web de terceros, cuyas pol\u00edticas de privacidad son ajenas a la de la Universidad de Granada. Al acceder a tales sitios web usted puede decidir si acepta sus pol\u00edticas de privacidad y de cookies. Con car\u00e1cter general, si navega por internet usted puede aceptar o rechazar las cookies de terceros desde las opciones de configuraci\u00f3n de su navegador.<\/p>\n\n\n\n<h2 class=\"wp-block-heading\" id=\"title4\">Seguridad<\/h2>\n\n\n\n<p>La&nbsp;<a href=\"http:\/\/www.ugr.es\/\">Universidad de Granad<\/a>a adopta las necesarias medidas de seguridad en el uso de las tecnolog\u00edas de la informaci\u00f3n, sin embargo \u00e9stas no son infalibles y el usuario debe de ser consciente de esto.<\/p>\n\n\n\n<p>Por este motivo la Universidad no se hace responsable de los da\u00f1os, perjuicios, p\u00e9rdidas, anomal\u00edas, mal funcionamiento o deterioro que se puedan producir en los equipos o sistemas de los usuarios como consecuencia directa o indirecta del acceso a este Portal, o que puedan causar virus, troyanos o dem\u00e1s programas inform\u00e1ticos.<\/p>\n\n\n\n<p>En este sentido, recuerde que toda persona usuaria de tecnolog\u00edas proporcionadas por la&nbsp;<a href=\"https:\/\/www.ugr.es\/\">Universidad de Granada<\/a>&nbsp;debe conocer, aceptar y aplicar la &#8216;<a href=\"https:\/\/www.ugr.es\/universidad\/normativa\/normativa-uso-recursos-informaticos-comunicaciones-universidad-granada\">Normativa de uso de los recursos inform\u00e1ticos y de comunicaciones<\/a>&#8216;.<\/p>\n\n\n\n<p>As\u00ed mismo no ser\u00e1 responsable en los casos en que no sea posible garantizar la disponibilidad y continuidad del funcionamiento del Portal y la inexistencia de fallos operativos, interrupciones en el servicio o transmisi\u00f3n, o errores en el acceso a la misma o a su contenido por causas de fuerza mayor o accidentes o en cualquier otro caso no imputable a la Universidad o sea necesario para la correcta prestaci\u00f3n del servicio en los supuestos de paradas de mantenimiento.<\/p>\n\n\n\n<p>No obstante en los equipos que mantiene el servicio de las p\u00e1ginas web institucionales se aplican las medidas de protecci\u00f3n establecidas en el Esquema Nacional de Seguridad, y en su defecto las medidas m\u00ednimas establecidas por la Universidad para todos los equipos y descritas en el siguiente documento:<\/p>\n\n\n\n<p><a href=\"https:\/\/secretariageneral.ugr.es\/sites\/webugr\/secretariageneral\/public\/inline-files\/Documento-sobre-medidas-de-proteccion.pdf\">Documento sobre medidas de protecci\u00f3n (pdf)<\/a><\/p>\n\n\n\n<h2 class=\"wp-block-heading\" id=\"title5\">Derechos de Propiedad Intelectual y Propiedad Industrial<\/h2>\n\n\n\n<p>Este Portal es propiedad de la&nbsp;<a href=\"http:\/\/www.ugr.es\/\">Universidad de Granada<\/a>. Los derechos de Propiedad Intelectual e Industrial de este Portal, el c\u00f3digo CSS y HTML, p\u00e1ginas, pantallas, la informaci\u00f3n que contienen, su apariencia, dise\u00f1o, logos, marcas y dem\u00e1s signos distintivos que aparecen en el mismo, son propiedad exclusiva de la Universidad, salvo aquellos elementos cuya autor\u00eda o propiedad se indique de forma expl\u00edcita.<\/p>\n\n\n\n<p>Cualquier uso indebido de las mismas por persona diferente de su leg\u00edtimo titular dar\u00e1 lugar al ejercicio de las acciones que legalmente le correspondan a la Universidad y, en su caso, a las responsabilidades que de dicho ejercicio se deriven.<\/p>\n\n\n\n<p>Se autoriza la reproducci\u00f3n total o parcial de los contenidos del Portal, siempre que se cite expresamente su origen p\u00fablico. En caso de ser citado alg\u00fan dato contenido en la misma, ser\u00e1 respetada su integridad y significado.<\/p>\n\n\n\n<h2 class=\"wp-block-heading\" id=\"title6\">Enlaces<\/h2>\n\n\n\n<p>La&nbsp;<a href=\"http:\/\/www.ugr.es\/\">Universidad de Granada<\/a>&nbsp;no asume ninguna responsabilidad sobre los enlaces a otras p\u00e1ginas Web que sean incluidos en cada momento en el Portal con el objeto de facilitar mayor informaci\u00f3n al usuario y ampliar los recursos a su disposici\u00f3n, al carecer de control sobre las mismas. En caso de acceder a sus contenidos, el usuario lo har\u00e1 bajo su exclusiva responsabilidad y en las condiciones de uso a las que las mismas est\u00e9n sujetas.<\/p>\n\n\n\n<p>En particular, se incluyen en la web hiperenlaces a redes sociales tales como Facebook, Youtube, Twitter, etc., relacionadas con nuestra entidad. Una vez que el usuario accede a ellas quedar\u00e1 sometido al marco legal establecido para cada una de ellas.<\/p>\n\n\n\n<p>Los sitios Web que incorporen enlaces a este Portal no podr\u00e1n incluir indicaciones falsas, inexactas o confusas que puedan inducir a error a quienes accedan.<\/p>\n\n\n\n<h2 class=\"wp-block-heading\" id=\"title7\">Protecci\u00f3n de datos de car\u00e1cter personal<\/h2>\n\n\n\n<p>Los datos proporcionados a la Universidad de Granada a trav\u00e9s de este Portal u otro medio o soporte ser\u00e1n tratados por la Universidad de Granada, cuya sede central se encuentra en Hospital Real, Avenida del Hospicio, s\/n. 18071 de Granada, como responsable del tratamiento.<\/p>\n\n\n\n<p>La recogida y tratamiento automatizado de los datos personales tiene como finalidad la gesti\u00f3n, prestaci\u00f3n, ampliaci\u00f3n y mejora de los servicios solicitados en cada momento por el usuario y el seguimiento de las consultas que plantee, lo que le ser\u00e1 convenientemente informado en el momento de recogida de sus datos de car\u00e1cter personal, solicitando su previo consentimiento expreso, cuando proceda, en la medida en que la base que legitima el tratamiento se funde en esta y no en otra distinta, de acuerdo con lo establecido por el Reglamento (UE) 2016\/679 del Parlamento Europeo y del Consejo de 27 de abril de 2016, relativo a la protecci\u00f3n de personas f\u00edsicas en lo que respecta al tratamiento de datos personales y a la libre circulaci\u00f3n de estos datos, la Ley Org\u00e1nica 3\/2018, de 5 de diciembre, de Protecci\u00f3n de Datos Personales y garant\u00eda de los derechos digitales (en adelante LOPDGDG), y dem\u00e1s normativa vigente en esta materia.<\/p>\n\n\n\n<p>La Universidad de Granada ceder\u00e1 o comunicar\u00e1 sus datos cuando sea necesario para alcanzar las finalidades previstas para cada actividad sujeta a tratamiento y en funci\u00f3n de las bases jur\u00eddicas que legitimen \u00e9stas, las cuales puede consultar, as\u00ed como la categor\u00eda de destinatarios a trav\u00e9s del Registro de Actividades de Tratamiento.<\/p>\n\n\n\n<p>Cualquier uso de los datos de car\u00e1cter personal diferente de las finalidades previstas sin el consentimiento del interesado o, en su caso, de aquellas necesarias para cumplir con las obligaciones contractuales, legales o de inter\u00e9s p\u00fablico encomendadas a la Universidad de Granada, ser\u00e1 de exclusiva responsabilidad de la persona que lo realice y podr\u00eda ser puesto en conocimiento de la Agencia Espa\u00f1ola de Protecci\u00f3n de Datos, sin perjuicio de las acciones legales que la Universidad pudiera emprender.<\/p>\n\n\n\n<p>La Universidad de Granada asegura la m\u00e1s estricta confidencialidad en la recogida y tratamiento de los datos facilitados por sus usuarios. A estos efectos, adoptar\u00e1 las medidas necesarias para evitar su sustracci\u00f3n, p\u00e9rdida, modificaci\u00f3n, tratamiento o acceso no autorizado, teniendo en cuenta la naturaleza de los mismos y los potenciales riesgos a que se vean expuestos, cualquiera que sea su origen, seg\u00fan el estado de la tecnolog\u00eda. Para ello, las medidas adoptadas siguen las recomendaciones del Esquema Nacional de Seguridad y las m\u00ednimas establecidas por la Universidad de Granada.<\/p>\n\n\n\n<p>El usuario podr\u00e1 ejercitar en todo momento sus derechos de acceso, rectificaci\u00f3n o supresi\u00f3n, limitaci\u00f3n, oposici\u00f3n, portabilidad, derecho a no ser objeto de decisiones individuales automatizadas y a retirar el consentimiento ante el responsable del tratamiento indicado anteriormente, a trav\u00e9s de la&nbsp;<a href=\"https:\/\/sede.ugr.es\/\">sede electr\u00f3nica<\/a>.<\/p>\n\n\n\n<p>La normativa est\u00e1 disponible en la secci\u00f3n&nbsp;<a href=\"https:\/\/secretariageneral.ugr.es\/unidades\/oficina-proteccion-datos\/derechos\">Informaci\u00f3n sobre el ejercicio de derechos en materia de protecci\u00f3n de datos en la UGR<\/a>.<\/p>\n\n\n\n<p>Puede obtener informaci\u00f3n adicional en la siguiente direcci\u00f3n de correo electr\u00f3nico:&nbsp;<a href=\"mailto:protecciondedatos@ugr.es\">protecciondedatos@ugr.es<\/a><\/p>\n\n\n\n<p>Asimismo, le informamos de que si usted presenta una solicitud para el ejercicio de estos derechos y considera que no ha sido atendida adecuadamente por nuestra instituci\u00f3n, puede dirigirse a la Delegada de Protecci\u00f3n de Datos de la Universidad (<a href=\"mailto:dpd@ugr.es\">dpd@ugr.es<\/a>) o presentar una reclamaci\u00f3n ante la&nbsp;<a href=\"https:\/\/www.ctpdandalucia.es\/area-de-proteccion-de-datos\">Autoridad de Control competente<\/a>.<\/p>\n\n\n\n<h2 class=\"wp-block-heading\" id=\"title8\">Actuaciones prohibidas y errores<\/h2>\n\n\n\n<p>Cualquier usuario que conozca alguna actuaci\u00f3n que, de forma irregular, pueda modificar o alterar los contenidos, violar los derechos de propiedad intelectual e industrial, deteriorar el buen funcionamiento o impedir el acceso a este Portal, actuaciones que quedan expresamente prohibidas, deber\u00e1 comunicar esta situaci\u00f3n a la&nbsp;<a href=\"https:\/\/secretariageneral.ugr.es\/\">Secretar\u00eda General de la Universidad de Granada<\/a>&nbsp;por alguno de los medios de contacto proporcionados en el Portal.<\/p>\n\n\n\n<p>As\u00ed mismo si detecta alg\u00fan error se ruega sea comunicado a la Universidad por esos mismos canales.<\/p>\n","protected":false},"excerpt":{"rendered":"<p>La presente pol\u00edtica de cookies tiene por finalidad informarle de manera clara y precisa sobre las cookies que se utilizan en la p\u00e1gina web de la Universidad de Granada. \u00bfQu\u00e9 son las cookies? Una cookie es un peque\u00f1o fragmento de texto que los sitios web que visita env\u00edan al navegador y que permite que el [&hellip;]<\/p>\n","protected":false},"author":1,"featured_media":0,"parent":0,"menu_order":0,"comment_status":"closed","ping_status":"closed","template":"","meta":{"_acf_changed":false,"footnotes":""},"class_list":["post-37","page","type-page","status-publish","hentry"],"acf":[],"_links":{"self":[{"href":"https:\/\/wpd.ugr.es\/~avancestca\/wp-json\/wp\/v2\/pages\/37","targetHints":{"allow":["GET"]}}],"collection":[{"href":"https:\/\/wpd.ugr.es\/~avancestca\/wp-json\/wp\/v2\/pages"}],"about":[{"href":"https:\/\/wpd.ugr.es\/~avancestca\/wp-json\/wp\/v2\/types\/page"}],"author":[{"embeddable":true,"href":"https:\/\/wpd.ugr.es\/~avancestca\/wp-json\/wp\/v2\/users\/1"}],"replies":[{"embeddable":true,"href":"https:\/\/wpd.ugr.es\/~avancestca\/wp-json\/wp\/v2\/comments?post=37"}],"version-history":[{"count":2,"href":"https:\/\/wpd.ugr.es\/~avancestca\/wp-json\/wp\/v2\/pages\/37\/revisions"}],"predecessor-version":[{"id":82,"href":"https:\/\/wpd.ugr.es\/~avancestca\/wp-json\/wp\/v2\/pages\/37\/revisions\/82"}],"wp:attachment":[{"href":"https:\/\/wpd.ugr.es\/~avancestca\/wp-json\/wp\/v2\/media?parent=37"}],"curies":[{"name":"wp","href":"https:\/\/api.w.org\/{rel}","templated":true}]}}