{"id":245,"date":"2015-07-14T15:32:05","date_gmt":"2015-07-14T13:32:05","guid":{"rendered":"http:\/\/wdb.ugr.es\/~cajermir\/?page_id=245"},"modified":"2015-07-15T15:08:02","modified_gmt":"2015-07-15T13:08:02","slug":"publicaciones","status":"publish","type":"page","link":"https:\/\/wpd.ugr.es\/~cajermir\/actividad-investigadora\/publicaciones\/","title":{"rendered":"Publicaciones"},"content":{"rendered":"<p><strong><span style=\"color: #cc99ff;\"><a href=\"http:\/\/wpd.ugr.es\/~cajermir\/actividad-investigadora\/publicaciones\/libros\/\">Libros<\/a><\/span><\/strong><\/p>\n<p><strong><span style=\"color: #cc99ff;\"><a href=\"http:\/\/wpd.ugr.es\/~cajermir\/actividad-investigadora\/publicaciones\/capitulos-de-libros\/\">Cap\u00edtulos de libros<\/a><\/span><\/strong><\/p>\n<p><strong><span style=\"color: #cc99ff;\"><a href=\"http:\/\/wpd.ugr.es\/~cajermir\/actividad-investigadora\/publicaciones\/articulos-en-revistas-especializadas\/\">Art\u00edculos en revistas especializadas<\/a><\/span><\/strong><\/p>\n<p><strong><span style=\"color: #cc99ff;\"><a href=\"http:\/\/wpd.ugr.es\/~cajermir\/actividad-investigadora\/publicaciones\/edicion-de-revistas\/\">Edici\u00f3n de revistas<\/a><\/span><\/strong><\/p>\n<p>&nbsp;<\/p>\n","protected":false},"excerpt":{"rendered":"<p>Libros Cap\u00edtulos de libros Art\u00edculos en revistas especializadas Edici\u00f3n de revistas &nbsp;<\/p>\n","protected":false},"author":1,"featured_media":0,"parent":39,"menu_order":2,"comment_status":"closed","ping_status":"closed","template":"","meta":{"footnotes":""},"_links":{"self":[{"href":"https:\/\/wpd.ugr.es\/~cajermir\/wp-json\/wp\/v2\/pages\/245"}],"collection":[{"href":"https:\/\/wpd.ugr.es\/~cajermir\/wp-json\/wp\/v2\/pages"}],"about":[{"href":"https:\/\/wpd.ugr.es\/~cajermir\/wp-json\/wp\/v2\/types\/page"}],"author":[{"embeddable":true,"href":"https:\/\/wpd.ugr.es\/~cajermir\/wp-json\/wp\/v2\/users\/1"}],"replies":[{"embeddable":true,"href":"https:\/\/wpd.ugr.es\/~cajermir\/wp-json\/wp\/v2\/comments?post=245"}],"version-history":[{"count":8,"href":"https:\/\/wpd.ugr.es\/~cajermir\/wp-json\/wp\/v2\/pages\/245\/revisions"}],"predecessor-version":[{"id":410,"href":"https:\/\/wpd.ugr.es\/~cajermir\/wp-json\/wp\/v2\/pages\/245\/revisions\/410"}],"up":[{"embeddable":true,"href":"https:\/\/wpd.ugr.es\/~cajermir\/wp-json\/wp\/v2\/pages\/39"}],"wp:attachment":[{"href":"https:\/\/wpd.ugr.es\/~cajermir\/wp-json\/wp\/v2\/media?parent=245"}],"curies":[{"name":"wp","href":"https:\/\/api.w.org\/{rel}","templated":true}]}}