{"id":255,"date":"2015-07-14T17:29:50","date_gmt":"2015-07-14T15:29:50","guid":{"rendered":"http:\/\/wdb.ugr.es\/~cajermir\/?page_id=255"},"modified":"2015-07-15T12:33:04","modified_gmt":"2015-07-15T10:33:04","slug":"material-cartografico","status":"publish","type":"page","link":"https:\/\/wpd.ugr.es\/~cajermir\/actividad-investigadora\/material-cartografico\/","title":{"rendered":"Material cartogr\u00e1fico"},"content":{"rendered":"<ol>\n<li style=\"text-align: justify;\"><em>Cartograf\u00eda hist\u00f3rica de la ciudad de Granada<\/em>. Direcci\u00f3n y coordinaci\u00f3n. Colegio de Arquitectos de Granada, 1979-1982.<\/li>\n<li style=\"text-align: justify;\"><em>Cat\u00e1logo general de la edificaci\u00f3n de la ciudad de Granada<\/em>. Direcci\u00f3n y coordinaci\u00f3n. Colegio de Arquitectos de Granada, 1979-1982.<\/li>\n<li style=\"text-align: justify;\"><em>Catalogaci\u00f3n de edificios de inter\u00e9s de la provincia de Granada<\/em>. Colegio de Arquitectos de Granada, 1978.<\/li>\n<\/ol>\n<p>&nbsp;<\/p>\n","protected":false},"excerpt":{"rendered":"<p>Cartograf\u00eda hist\u00f3rica de la ciudad de Granada. Direcci\u00f3n y coordinaci\u00f3n. Colegio de Arquitectos de Granada, 1979-1982. Cat\u00e1logo general de la edificaci\u00f3n de la ciudad de Granada. Direcci\u00f3n y coordinaci\u00f3n. Colegio de Arquitectos de Granada, 1979-1982. Catalogaci\u00f3n de edificios de inter\u00e9s &hellip; <a href=\"https:\/\/wpd.ugr.es\/~cajermir\/actividad-investigadora\/material-cartografico\/\">Sigue leyendo <span class=\"meta-nav\">&rarr;<\/span><\/a><\/p>\n","protected":false},"author":1,"featured_media":0,"parent":39,"menu_order":5,"comment_status":"closed","ping_status":"closed","template":"","meta":{"footnotes":""},"_links":{"self":[{"href":"https:\/\/wpd.ugr.es\/~cajermir\/wp-json\/wp\/v2\/pages\/255"}],"collection":[{"href":"https:\/\/wpd.ugr.es\/~cajermir\/wp-json\/wp\/v2\/pages"}],"about":[{"href":"https:\/\/wpd.ugr.es\/~cajermir\/wp-json\/wp\/v2\/types\/page"}],"author":[{"embeddable":true,"href":"https:\/\/wpd.ugr.es\/~cajermir\/wp-json\/wp\/v2\/users\/1"}],"replies":[{"embeddable":true,"href":"https:\/\/wpd.ugr.es\/~cajermir\/wp-json\/wp\/v2\/comments?post=255"}],"version-history":[{"count":4,"href":"https:\/\/wpd.ugr.es\/~cajermir\/wp-json\/wp\/v2\/pages\/255\/revisions"}],"predecessor-version":[{"id":370,"href":"https:\/\/wpd.ugr.es\/~cajermir\/wp-json\/wp\/v2\/pages\/255\/revisions\/370"}],"up":[{"embeddable":true,"href":"https:\/\/wpd.ugr.es\/~cajermir\/wp-json\/wp\/v2\/pages\/39"}],"wp:attachment":[{"href":"https:\/\/wpd.ugr.es\/~cajermir\/wp-json\/wp\/v2\/media?parent=255"}],"curies":[{"name":"wp","href":"https:\/\/api.w.org\/{rel}","templated":true}]}}