{"id":282,"date":"2015-07-14T18:25:09","date_gmt":"2015-07-14T16:25:09","guid":{"rendered":"http:\/\/wdb.ugr.es\/~cajermir\/?page_id=282"},"modified":"2018-12-20T16:03:11","modified_gmt":"2018-12-20T14:03:11","slug":"arquitectura","status":"publish","type":"page","link":"https:\/\/wpd.ugr.es\/~cajermir\/experiencia-profesional\/trabajos-profesionales-mas-relevantes\/arquitectura\/","title":{"rendered":"Arquitectura"},"content":{"rendered":"<ol>\n<li>Proyecto de restauraci\u00f3n del <em>Castillo de Ba\u00f1os <\/em>en Polopos (Granada). 1988.<\/li>\n<li>Proyecto de <em>Centro de recepci\u00f3n e interpretaci\u00f3n de la naturaleza del Parque Natural de Sierra Nevada<\/em> en Granada. 1987.<\/li>\n<li>Proyecto y direcci\u00f3n de obra de 15 <em>Viviendas de Protecci\u00f3n Oficial<\/em> en Albond\u00f3n (Granada). 1985.<\/li>\n<li>Proyecto y direcci\u00f3n de obra de <em>Centro de Salud en el pol\u00edgono de Almanj\u00e1yar<\/em> de Granada. 1984.<\/li>\n<li>Proyecto y direcci\u00f3n de obra de <em>Nuevo acceso para el personal del Ayuntamiento de Granada<\/em>. 1984.<\/li>\n<li>Proyecto de <em>Rehabilitaci\u00f3n de edificio <\/em>en Placeta de San Nicol\u00e1s de Granada. 1983.<\/li>\n<li>Proyecto y direcci\u00f3n de obra de<em> Dos viviendas, almac\u00e9n, oficinas y cocheras<\/em> en La Zubia (Granada). 1983.<\/li>\n<li>Proyecto y direcci\u00f3n de obra de<em> Rehabilitaci\u00f3n de edificio<\/em> en calle Gumiel de San Pedro de Granada. 1981.<\/li>\n<\/ol>\n<p>&nbsp;<\/p>\n","protected":false},"excerpt":{"rendered":"<p>Proyecto de restauraci\u00f3n del Castillo de Ba\u00f1os en Polopos (Granada). 1988. Proyecto de Centro de recepci\u00f3n e interpretaci\u00f3n de la naturaleza del Parque Natural de Sierra Nevada en Granada. 1987. Proyecto y direcci\u00f3n de obra de 15 Viviendas de Protecci\u00f3n &hellip; <a href=\"https:\/\/wpd.ugr.es\/~cajermir\/experiencia-profesional\/trabajos-profesionales-mas-relevantes\/arquitectura\/\">Sigue leyendo <span class=\"meta-nav\">&rarr;<\/span><\/a><\/p>\n","protected":false},"author":1,"featured_media":0,"parent":280,"menu_order":1,"comment_status":"closed","ping_status":"closed","template":"","meta":{"footnotes":""},"_links":{"self":[{"href":"https:\/\/wpd.ugr.es\/~cajermir\/wp-json\/wp\/v2\/pages\/282"}],"collection":[{"href":"https:\/\/wpd.ugr.es\/~cajermir\/wp-json\/wp\/v2\/pages"}],"about":[{"href":"https:\/\/wpd.ugr.es\/~cajermir\/wp-json\/wp\/v2\/types\/page"}],"author":[{"embeddable":true,"href":"https:\/\/wpd.ugr.es\/~cajermir\/wp-json\/wp\/v2\/users\/1"}],"replies":[{"embeddable":true,"href":"https:\/\/wpd.ugr.es\/~cajermir\/wp-json\/wp\/v2\/comments?post=282"}],"version-history":[{"count":12,"href":"https:\/\/wpd.ugr.es\/~cajermir\/wp-json\/wp\/v2\/pages\/282\/revisions"}],"predecessor-version":[{"id":487,"href":"https:\/\/wpd.ugr.es\/~cajermir\/wp-json\/wp\/v2\/pages\/282\/revisions\/487"}],"up":[{"embeddable":true,"href":"https:\/\/wpd.ugr.es\/~cajermir\/wp-json\/wp\/v2\/pages\/280"}],"wp:attachment":[{"href":"https:\/\/wpd.ugr.es\/~cajermir\/wp-json\/wp\/v2\/media?parent=282"}],"curies":[{"name":"wp","href":"https:\/\/api.w.org\/{rel}","templated":true}]}}