{"id":30,"date":"2015-06-30T08:14:22","date_gmt":"2015-06-30T08:14:22","guid":{"rendered":"http:\/\/wdb.ugr.es\/~cajermir\/?page_id=30"},"modified":"2021-04-14T17:46:05","modified_gmt":"2021-04-14T15:46:05","slug":"presentacion","status":"publish","type":"page","link":"https:\/\/wpd.ugr.es\/~cajermir\/","title":{"rendered":"Presentaci\u00f3n"},"content":{"rendered":"<p><a href=\"https:\/\/wpd.ugr.es\/~cajermir\/wp-content\/uploads\/WhatsApp-Image-2019-03-14-at-6.19.22-AM-R.jpeg\"><img decoding=\"async\" loading=\"lazy\" class=\"alignright\" src=\"https:\/\/wpd.ugr.es\/~cajermir\/wp-content\/uploads\/WhatsApp-Image-2019-03-14-at-6.19.22-AM-R.jpeg\" alt=\"WhatsApp Image 2019-03-14 at 6.19.22 AM R\" width=\"197\" height=\"287\" \/><\/a><\/p>\n<p style=\"text-align: justify;\">Profesor de Urbanismo y Ordenaci\u00f3n del Territorio de la Universidad de Granada desde 1992, Carlos Jerez Mir es arquitecto por la Escuela de Madrid (1977), diplomado en Altos Estudios Europeos (B\u00e9lgica, 1978) y doctor por la Universidad de Granada (2002). Es tambi\u00e9n arquitecto provincial en excedencia de la Consejer\u00eda de Cultura de la Junta de Andaluc\u00eda, y ha sido miembro de la Comisi\u00f3n Provincial del Patrimonio, arquitecto municipal y responsable de la Comisi\u00f3n de Cultura del Colegio de Arquitectos, adem\u00e1s de arquitecto de ejercicio libre, siempre en la ciudad de Granada.<span style=\"color: #cc99ff;\"><strong>\u00a0<\/strong><\/span><\/p>\n","protected":false},"excerpt":{"rendered":"<p>Profesor de Urbanismo y Ordenaci\u00f3n del Territorio de la Universidad de Granada desde 1992, Carlos Jerez Mir es arquitecto por la Escuela de Madrid (1977), diplomado en Altos Estudios Europeos (B\u00e9lgica, 1978) y doctor por la Universidad de Granada (2002). &hellip; <a href=\"https:\/\/wpd.ugr.es\/~cajermir\/\">Sigue leyendo <span class=\"meta-nav\">&rarr;<\/span><\/a><\/p>\n","protected":false},"author":1,"featured_media":0,"parent":0,"menu_order":1,"comment_status":"closed","ping_status":"closed","template":"","meta":{"footnotes":""},"_links":{"self":[{"href":"https:\/\/wpd.ugr.es\/~cajermir\/wp-json\/wp\/v2\/pages\/30"}],"collection":[{"href":"https:\/\/wpd.ugr.es\/~cajermir\/wp-json\/wp\/v2\/pages"}],"about":[{"href":"https:\/\/wpd.ugr.es\/~cajermir\/wp-json\/wp\/v2\/types\/page"}],"author":[{"embeddable":true,"href":"https:\/\/wpd.ugr.es\/~cajermir\/wp-json\/wp\/v2\/users\/1"}],"replies":[{"embeddable":true,"href":"https:\/\/wpd.ugr.es\/~cajermir\/wp-json\/wp\/v2\/comments?post=30"}],"version-history":[{"count":12,"href":"https:\/\/wpd.ugr.es\/~cajermir\/wp-json\/wp\/v2\/pages\/30\/revisions"}],"predecessor-version":[{"id":498,"href":"https:\/\/wpd.ugr.es\/~cajermir\/wp-json\/wp\/v2\/pages\/30\/revisions\/498"}],"wp:attachment":[{"href":"https:\/\/wpd.ugr.es\/~cajermir\/wp-json\/wp\/v2\/media?parent=30"}],"curies":[{"name":"wp","href":"https:\/\/api.w.org\/{rel}","templated":true}]}}