{"id":363,"date":"2015-07-15T12:25:00","date_gmt":"2015-07-15T10:25:00","guid":{"rendered":"http:\/\/wdb.ugr.es\/~cajermir\/?page_id=363"},"modified":"2018-12-20T15:39:26","modified_gmt":"2018-12-20T13:39:26","slug":"exposiciones-2","status":"publish","type":"page","link":"https:\/\/wpd.ugr.es\/~cajermir\/actividad-investigadora\/exposiciones-2\/","title":{"rendered":"Exposiciones"},"content":{"rendered":"<ol>\n<li style=\"text-align: justify;\">Guion y comisariado de la exposici\u00f3n <em>Vivir las ciudades hist\u00f3ricas. Granada.<\/em> Celebrada en el Hospital Real de Granada del 24 de octubre al 6 de diciembre de 1997. Patrocinada por la <em>Fundaci\u00f3n \u201cla Caixa\u201d<\/em>, con la colaboraci\u00f3n de la Universidad de Granada, el Ayuntamiento de la ciudad y la Consejer\u00eda de Cultura de la Junta de Andaluc\u00eda.<\/li>\n<\/ol>\n<p>&nbsp;<\/p>\n","protected":false},"excerpt":{"rendered":"<p>Guion y comisariado de la exposici\u00f3n Vivir las ciudades hist\u00f3ricas. Granada. Celebrada en el Hospital Real de Granada del 24 de octubre al 6 de diciembre de 1997. Patrocinada por la Fundaci\u00f3n \u201cla Caixa\u201d, con la colaboraci\u00f3n de la Universidad &hellip; <a href=\"https:\/\/wpd.ugr.es\/~cajermir\/actividad-investigadora\/exposiciones-2\/\">Sigue leyendo <span class=\"meta-nav\">&rarr;<\/span><\/a><\/p>\n","protected":false},"author":1,"featured_media":0,"parent":39,"menu_order":4,"comment_status":"closed","ping_status":"closed","template":"","meta":{"footnotes":""},"_links":{"self":[{"href":"https:\/\/wpd.ugr.es\/~cajermir\/wp-json\/wp\/v2\/pages\/363"}],"collection":[{"href":"https:\/\/wpd.ugr.es\/~cajermir\/wp-json\/wp\/v2\/pages"}],"about":[{"href":"https:\/\/wpd.ugr.es\/~cajermir\/wp-json\/wp\/v2\/types\/page"}],"author":[{"embeddable":true,"href":"https:\/\/wpd.ugr.es\/~cajermir\/wp-json\/wp\/v2\/users\/1"}],"replies":[{"embeddable":true,"href":"https:\/\/wpd.ugr.es\/~cajermir\/wp-json\/wp\/v2\/comments?post=363"}],"version-history":[{"count":6,"href":"https:\/\/wpd.ugr.es\/~cajermir\/wp-json\/wp\/v2\/pages\/363\/revisions"}],"predecessor-version":[{"id":483,"href":"https:\/\/wpd.ugr.es\/~cajermir\/wp-json\/wp\/v2\/pages\/363\/revisions\/483"}],"up":[{"embeddable":true,"href":"https:\/\/wpd.ugr.es\/~cajermir\/wp-json\/wp\/v2\/pages\/39"}],"wp:attachment":[{"href":"https:\/\/wpd.ugr.es\/~cajermir\/wp-json\/wp\/v2\/media?parent=363"}],"curies":[{"name":"wp","href":"https:\/\/api.w.org\/{rel}","templated":true}]}}