{"id":8785,"date":"2021-11-04T15:40:47","date_gmt":"2021-11-04T15:40:47","guid":{"rendered":"http:\/\/dummy.xtemos.com\/woodmart2\/elementor\/?page_id=8785"},"modified":"2026-01-26T11:55:27","modified_gmt":"2026-01-26T10:55:27","slug":"contacto","status":"publish","type":"page","link":"https:\/\/wpd.ugr.es\/~catedrasalud\/contacto\/","title":{"rendered":"Contacto"},"content":{"rendered":"\t\t<div data-elementor-type=\"wp-page\" data-elementor-id=\"8785\" class=\"elementor elementor-8785\">\n\t\t\t\t<div class=\"wd-negative-gap elementor-element elementor-element-d14e4f2 wd-section-stretch e-flex e-con-boxed e-con e-parent\" data-id=\"d14e4f2\" data-element_type=\"container\" data-settings=\"{&quot;background_background&quot;:&quot;classic&quot;}\">\n\t\t\t\t\t<div class=\"e-con-inner\">\n\t\t<div class=\"elementor-element elementor-element-7ab919d e-con-full e-flex e-con e-child\" data-id=\"7ab919d\" data-element_type=\"container\">\n\t\t\t\t<div class=\"elementor-element elementor-element-addb8e0 wd-width-100 elementor-invisible elementor-widget elementor-widget-wd_title\" data-id=\"addb8e0\" data-element_type=\"widget\" data-settings=\"{&quot;_animation&quot;:&quot;wd-anim-slide-from-right&quot;}\" data-widget_type=\"wd_title.default\">\n\t\t\t\t<div class=\"elementor-widget-container\">\n\t\t\t\t\t\t\t<div class=\"title-wrapper wd-set-mb reset-last-child wd-title-color-default wd-title-style-default wd-title-size-default text-center\">\n\n\t\t\t\n\t\t\t<div class=\"liner-continer\">\n\t\t\t\t<h4 class=\"woodmart-title-container title wd-fontsize-l\">\u00bfTienes alguna consulta?<\/h4> \n\t\t\t\t\t\t\t<\/div>\n\n\t\t\t\t\t\t\t<div class=\"title-after_title reset-last-child wd-fontsize-xs\">\n\t\t\t\t\t<p>Cont\u00e1ctanos ahora a trav\u00e9s de nuestro formulario o canales disponibles; responderemos todas tus preguntas<\/p>\t\t\t\t<\/div>\n\t\t\t\t\t<\/div>\n\t\t\t\t\t\t<\/div>\n\t\t\t\t<\/div>\n\t\t\t\t<\/div>\n\t\t\t\t\t<\/div>\n\t\t\t\t<\/div>\n\t\t<div class=\"wd-negative-gap elementor-element elementor-element-251e1ed wd-section-stretch e-flex e-con-boxed e-con e-parent\" data-id=\"251e1ed\" data-element_type=\"container\" data-settings=\"{&quot;background_background&quot;:&quot;classic&quot;}\">\n\t\t\t\t\t<div class=\"e-con-inner\">\n\t\t<div class=\"elementor-element elementor-element-6b25527 e-con-full e-flex elementor-invisible e-con e-child\" data-id=\"6b25527\" data-element_type=\"container\" data-settings=\"{&quot;animation&quot;:&quot;wd-anim-slide-from-bottom&quot;}\">\n\t\t\t\t<div class=\"elementor-element elementor-element-273798d wd-width-100 elementor-widget elementor-widget-wd_title\" data-id=\"273798d\" data-element_type=\"widget\" data-widget_type=\"wd_title.default\">\n\t\t\t\t<div class=\"elementor-widget-container\">\n\t\t\t\t\t\t\t<div class=\"title-wrapper wd-set-mb reset-last-child wd-title-color-default wd-title-style-bordered wd-title-size-default text-left\">\n\n\t\t\t\n\t\t\t<div class=\"liner-continer\">\n\t\t\t\t<h4 class=\"woodmart-title-container title wd-fontsize-l\">Env\u00edanos un mensaje<\/h4> \n\t\t\t\t\t\t\t<\/div>\n\n\t\t\t\t\t<\/div>\n\t\t\t\t\t\t<\/div>\n\t\t\t\t<\/div>\n\t\t\t\t<div class=\"elementor-element elementor-element-6b19744 wd-cf7 elementor-widget elementor-widget-wd_contact_form_7\" data-id=\"6b19744\" data-element_type=\"widget\" data-widget_type=\"wd_contact_form_7.default\">\n\t\t\t\t<div class=\"elementor-widget-container\">\n\t\t\t\t\t\n<div class=\"wpcf7 no-js\" id=\"wpcf7-f1572-o1\" lang=\"en-US\" dir=\"ltr\" data-wpcf7-id=\"1572\">\n<div class=\"screen-reader-response\"><p role=\"status\" aria-live=\"polite\" aria-atomic=\"true\"><\/p> <ul><\/ul><\/div>\n<form action=\"\/~catedrasalud\/wp-json\/wp\/v2\/pages\/8785#wpcf7-f1572-o1\" method=\"post\" class=\"wpcf7-form init\" aria-label=\"Contact form\" novalidate=\"novalidate\" data-status=\"init\">\n<fieldset class=\"hidden-fields-container\"><input type=\"hidden\" name=\"_wpcf7\" value=\"1572\" \/><input type=\"hidden\" name=\"_wpcf7_version\" value=\"6.1.4\" \/><input type=\"hidden\" name=\"_wpcf7_locale\" value=\"en_US\" \/><input type=\"hidden\" name=\"_wpcf7_unit_tag\" value=\"wpcf7-f1572-o1\" \/><input type=\"hidden\" name=\"_wpcf7_container_post\" value=\"0\" \/><input type=\"hidden\" name=\"_wpcf7_posted_data_hash\" value=\"\" \/>\n<\/fieldset>\n<div class=\"row\">\n\t<p class=\"col-md-6\"><label>Tu nombre<\/label><span class=\"wpcf7-form-control-wrap\" data-name=\"your-name\"><input size=\"40\" maxlength=\"400\" class=\"wpcf7-form-control wpcf7-text wpcf7-validates-as-required\" aria-required=\"true\" aria-invalid=\"false\" value=\"\" type=\"text\" name=\"your-name\" \/><\/span>\n\t<\/p>\n\t<p class=\"col-md-6\"><label>Tu correo electr\u00f3nico<\/label><span class=\"wpcf7-form-control-wrap\" data-name=\"your-email\"><input size=\"40\" maxlength=\"400\" class=\"wpcf7-form-control wpcf7-email wpcf7-validates-as-required wpcf7-text wpcf7-validates-as-email\" aria-required=\"true\" aria-invalid=\"false\" value=\"\" type=\"email\" name=\"your-email\" \/><\/span>\n\t<\/p>\n<\/div>\n<p><label>Escribe tu mensaje<\/label><span class=\"wpcf7-form-control-wrap\" data-name=\"your-message\"><textarea cols=\"40\" rows=\"10\" maxlength=\"2000\" class=\"wpcf7-form-control wpcf7-textarea\" aria-invalid=\"false\" name=\"your-message\"><\/textarea><\/span>\n<\/p>\n<p><input class=\"wpcf7-form-control wpcf7-submit has-spinner btn-color-black\" type=\"submit\" value=\"Enviar mensaje\" \/>\n<\/p><div class=\"wpcf7-response-output\" aria-hidden=\"true\"><\/div>\n<\/form>\n<\/div>\n\t\t\t\t<\/div>\n\t\t\t\t<\/div>\n\t\t\t\t<\/div>\n\t\t<div class=\"elementor-element elementor-element-b93eabe e-con-full e-flex elementor-invisible e-con e-child\" data-id=\"b93eabe\" data-element_type=\"container\" data-settings=\"{&quot;animation&quot;:&quot;wd-anim-slide-from-bottom&quot;}\">\n\t\t\t\t<div class=\"elementor-element elementor-element-d707c8d wd-width-100 elementor-widget elementor-widget-wd_title\" data-id=\"d707c8d\" data-element_type=\"widget\" data-widget_type=\"wd_title.default\">\n\t\t\t\t<div class=\"elementor-widget-container\">\n\t\t\t\t\t\t\t<div class=\"title-wrapper wd-set-mb reset-last-child wd-title-color-default wd-title-style-bordered wd-title-size-default text-left\">\n\n\t\t\t\n\t\t\t<div class=\"liner-continer\">\n\t\t\t\t<h4 class=\"woodmart-title-container title wd-fontsize-l\">Cont\u00e1ctanos<\/h4> \n\t\t\t\t\t\t\t<\/div>\n\n\t\t\t\t\t<\/div>\n\t\t\t\t\t\t<\/div>\n\t\t\t\t<\/div>\n\t\t<div class=\"elementor-element elementor-element-de01e4d e-con-full e-flex e-con e-child\" data-id=\"de01e4d\" data-element_type=\"container\">\n\t\t<div class=\"elementor-element elementor-element-ba9e656 e-con-full e-flex e-con e-child\" data-id=\"ba9e656\" data-element_type=\"container\">\n\t\t\t\t<div class=\"elementor-element elementor-element-62b2ec0 elementor-widget elementor-widget-wd_infobox\" data-id=\"62b2ec0\" data-element_type=\"widget\" data-widget_type=\"wd_infobox.default\">\n\t\t\t\t<div class=\"elementor-widget-container\">\n\t\t\t\t\t\t\t<div class=\"info-box-wrapper\">\n\t\t\t<div class=\"wd-info-box text-left box-icon-align-left box-style-base color-scheme- wd-items-top\">\n\t\t\t\t\t\t\t\t\t<div class=\"box-icon-wrapper  box-with-icon box-icon-simple\">\n\t\t\t\t\t\t<div class=\"info-box-icon\">\n\t\t\t\t\t\t\t\t\t\t\t\t\t\t\t<img loading=\"lazy\" decoding=\"async\" width=\"40\" height=\"40\" src=\"https:\/\/wpd.ugr.es\/~catedrasalud\/wp-content\/uploads\/2026\/01\/mail-icon-40x40.webp\" class=\"attachment-40x40 size-40x40\" alt=\"\" srcset=\"https:\/\/wpd.ugr.es\/~catedrasalud\/wp-content\/uploads\/2026\/01\/mail-icon-40x40.webp 40w, https:\/\/wpd.ugr.es\/~catedrasalud\/wp-content\/uploads\/2026\/01\/mail-icon-300x300.webp 300w, https:\/\/wpd.ugr.es\/~catedrasalud\/wp-content\/uploads\/2026\/01\/mail-icon-150x150.webp 150w, https:\/\/wpd.ugr.es\/~catedrasalud\/wp-content\/uploads\/2026\/01\/mail-icon.webp 512w\" sizes=\"auto, (max-width: 40px) 100vw, 40px\" \/>\t\t\t\t\t\t\t\t\t\t\t\t\t<\/div>\n\t\t\t\t\t<\/div>\n\t\t\t\t\n\t\t\t\t<div class=\"info-box-content\">\n\t\t\t\t\t\n\t\t\t\t\t\n\t\t\t\t\t<div class=\"info-box-inner reset-last-child\"data-elementor-setting-key=\"content\"><p><span style=\"color: #333333;\"><strong>Correo:<\/strong><\/span> <a href=\"mailto:catedrasalud@ugr.es\">catedrasalud@ugr.es<\/a><\/p>\n<\/div>\n\n\t\t\t\t\t\t\t\t\t<\/div>\n\n\t\t\t\t\t\t\t<\/div>\n\t\t<\/div>\n\t\t\t\t\t\t<\/div>\n\t\t\t\t<\/div>\n\t\t\t\t<\/div>\n\t\t<div class=\"elementor-element elementor-element-f908e90 e-con-full e-flex e-con e-child\" data-id=\"f908e90\" data-element_type=\"container\">\n\t\t\t\t<div class=\"elementor-element elementor-element-d9d3b68 elementor-widget elementor-widget-wd_infobox\" data-id=\"d9d3b68\" data-element_type=\"widget\" data-widget_type=\"wd_infobox.default\">\n\t\t\t\t<div class=\"elementor-widget-container\">\n\t\t\t\t\t\t\t<div class=\"info-box-wrapper\">\n\t\t\t<div class=\"wd-info-box text-left box-icon-align-left box-style-base color-scheme- wd-items-top\">\n\t\t\t\t\t\t\t\t\t<div class=\"box-icon-wrapper  box-with-icon box-icon-simple\">\n\t\t\t\t\t\t<div class=\"info-box-icon\">\n\t\t\t\t\t\t\t\t\t\t\t\t\t\t\t<div class=\"info-svg-wrapper\" style=\"width:40px; height:40px;\"><img decoding=\"async\"  src=\"https:\/\/wpd.ugr.es\/~catedrasalud\/wp-content\/themes\/woodmart\/images\/lazy.svg\" data-src=\"https:\/\/wpd.ugr.es\/~catedrasalud\/wp-content\/uploads\/2021\/11\/w-map-placeholder.svg\" title=\"w-map-placeholder\" loading=\"lazy\" width=\"40\" height=\"40\"><\/div>\t\t\t\t\t\t\t\t\t\t\t\t\t<\/div>\n\t\t\t\t\t<\/div>\n\t\t\t\t\n\t\t\t\t<div class=\"info-box-content\">\n\t\t\t\t\t\n\t\t\t\t\t\n\t\t\t\t\t<div class=\"info-box-inner reset-last-child\"data-elementor-setting-key=\"content\"><p><span style=\"color: #333333;\"><strong>Direcci\u00f3n:<\/strong><\/span> Facultad Ciencias de la Salud. UGR. Avda. de la Ilustraci\u00f3n, n\u00ba 60 Universidad de Granada<\/p>\n<\/div>\n\n\t\t\t\t\t\t\t\t\t<\/div>\n\n\t\t\t\t\t\t\t<\/div>\n\t\t<\/div>\n\t\t\t\t\t\t<\/div>\n\t\t\t\t<\/div>\n\t\t\t\t<\/div>\n\t\t\t\t<\/div>\n\t\t\t\t<div class=\"elementor-element elementor-element-678a0db elementor-widget elementor-widget-wd_text_block\" data-id=\"678a0db\" data-element_type=\"widget\" data-widget_type=\"wd_text_block.default\">\n\t\t\t\t<div class=\"elementor-widget-container\">\n\t\t\t\t\t\t\t<div class=\"wd-text-block reset-last-child text-left color-title\">\n\t\t\t\n\t\t\t<p><a href=\"mailto: catedrasalud@ugr.es\" target=\"_blank\" rel=\"noopener\"><span style=\"color: #253e8a;\">Env\u00edenos un correo electr\u00f3nico y nos pondremos en contacto con usted en breve.<\/span><\/a><\/p>\n\t\t\t\t\t<\/div>\n\t\t\t\t\t\t<\/div>\n\t\t\t\t<\/div>\n\t\t\t\t<\/div>\n\t\t\t\t\t<\/div>\n\t\t\t\t<\/div>\n\t\t<div class=\"wd-negative-gap elementor-element elementor-element-2ef7756 wd-section-stretch-content e-flex e-con-boxed e-con e-parent\" data-id=\"2ef7756\" data-element_type=\"container\" data-settings=\"{&quot;background_background&quot;:&quot;classic&quot;}\">\n\t\t\t\t\t<div class=\"e-con-inner\">\n\t\t\t\t<div class=\"elementor-element elementor-element-538d0bc elementor-widget elementor-widget-html\" data-id=\"538d0bc\" data-element_type=\"widget\" data-widget_type=\"html.default\">\n\t\t\t\t<div class=\"elementor-widget-container\">\n\t\t\t\t\t<iframe src=\"https:\/\/www.google.com\/maps\/embed?pb=!1m14!1m8!1m3!1d12720.62147483959!2d-3.60591!3d37.149005!3m2!1i1024!2i768!4f13.1!3m3!1m2!1s0xd71fb66f54095b9%3A0x88ef001e8c208479!2sFacultad%20de%20Ciencias%20de%20la%20Salud.%20Universidad%20de%20Granada.!5e0!3m2!1ses!2ses!4v1764177513234!5m2!1ses!2ses\" width=\"600\" height=\"450\" style=\"border:0;\" allowfullscreen=\"\" loading=\"lazy\" referrerpolicy=\"no-referrer-when-downgrade\"><\/iframe>\t\t\t\t<\/div>\n\t\t\t\t<\/div>\n\t\t\t\t\t<\/div>\n\t\t\t\t<\/div>\n\t\t<div class=\"wd-negative-gap elementor-element elementor-element-cceca2e wd-section-stretch e-flex e-con-boxed e-con e-parent\" data-id=\"cceca2e\" data-element_type=\"container\" data-settings=\"{&quot;background_background&quot;:&quot;classic&quot;}\">\n\t\t\t\t\t<div class=\"e-con-inner\">\n\t\t<div class=\"elementor-element elementor-element-e920963 e-con-full e-flex e-con e-child\" data-id=\"e920963\" data-element_type=\"container\">\n\t\t\t\t<div class=\"elementor-element elementor-element-fd5347b elementor-invisible elementor-widget elementor-widget-image\" data-id=\"fd5347b\" data-element_type=\"widget\" data-settings=\"{&quot;_animation&quot;:&quot;fadeIn&quot;}\" data-widget_type=\"image.default\">\n\t\t\t\t<div class=\"elementor-widget-container\">\n\t\t\t\t\t\t\t\t\t\t\t\t\t\t\t<img loading=\"lazy\" decoding=\"async\" width=\"1024\" height=\"285\" src=\"https:\/\/wpd.ugr.es\/~catedrasalud\/wp-content\/themes\/woodmart\/images\/lazy.svg\" class=\"attachment-large size-large wp-image-415\" alt=\"\" srcset=\"\" sizes=\"auto, (max-width: 1024px) 100vw, 1024px\" data-src=\"https:\/\/wpd.ugr.es\/~catedrasalud\/wp-content\/uploads\/2025\/11\/logo-1-1024x285.webp\" data-srcset=\"https:\/\/wpd.ugr.es\/~catedrasalud\/wp-content\/uploads\/2025\/11\/logo-1-1024x285.webp 1024w, https:\/\/wpd.ugr.es\/~catedrasalud\/wp-content\/uploads\/2025\/11\/logo-1-300x84.webp 300w, https:\/\/wpd.ugr.es\/~catedrasalud\/wp-content\/uploads\/2025\/11\/logo-1-768x214.webp 768w, https:\/\/wpd.ugr.es\/~catedrasalud\/wp-content\/uploads\/2025\/11\/logo-1-1536x428.webp 1536w, https:\/\/wpd.ugr.es\/~catedrasalud\/wp-content\/uploads\/2025\/11\/logo-1-2048x571.webp 2048w, https:\/\/wpd.ugr.es\/~catedrasalud\/wp-content\/uploads\/2025\/11\/logo-1-600x167.webp 600w, https:\/\/wpd.ugr.es\/~catedrasalud\/wp-content\/uploads\/2025\/11\/logo-1-150x42.webp 150w\" \/>\t\t\t\t\t\t\t\t\t\t\t\t\t\t\t<\/div>\n\t\t\t\t<\/div>\n\t\t\t\t<\/div>\n\t\t<div class=\"elementor-element elementor-element-5df63e9 e-con-full e-flex e-con e-child\" data-id=\"5df63e9\" data-element_type=\"container\">\n\t\t\t\t<div class=\"elementor-element elementor-element-534273e elementor-invisible elementor-widget elementor-widget-image\" data-id=\"534273e\" data-element_type=\"widget\" data-settings=\"{&quot;_animation&quot;:&quot;fadeIn&quot;}\" data-widget_type=\"image.default\">\n\t\t\t\t<div class=\"elementor-widget-container\">\n\t\t\t\t\t\t\t\t\t\t\t\t\t\t\t<img loading=\"lazy\" decoding=\"async\" width=\"301\" height=\"301\" src=\"https:\/\/wpd.ugr.es\/~catedrasalud\/wp-content\/themes\/woodmart\/images\/lazy.svg\" class=\"attachment-large size-large wp-image-417\" alt=\"\" srcset=\"\" sizes=\"auto, (max-width: 301px) 100vw, 301px\" data-src=\"https:\/\/wpd.ugr.es\/~catedrasalud\/wp-content\/uploads\/2025\/11\/logo-2.webp\" data-srcset=\"https:\/\/wpd.ugr.es\/~catedrasalud\/wp-content\/uploads\/2025\/11\/logo-2.webp 301w, https:\/\/wpd.ugr.es\/~catedrasalud\/wp-content\/uploads\/2025\/11\/logo-2-150x150.webp 150w\" \/>\t\t\t\t\t\t\t\t\t\t\t\t\t\t\t<\/div>\n\t\t\t\t<\/div>\n\t\t\t\t<\/div>\n\t\t<div class=\"elementor-element elementor-element-a481b55 e-con-full e-flex e-con e-child\" data-id=\"a481b55\" data-element_type=\"container\">\n\t\t\t\t<div class=\"elementor-element elementor-element-837f70e elementor-invisible elementor-widget elementor-widget-image\" data-id=\"837f70e\" data-element_type=\"widget\" data-settings=\"{&quot;_animation&quot;:&quot;fadeIn&quot;}\" data-widget_type=\"image.default\">\n\t\t\t\t<div class=\"elementor-widget-container\">\n\t\t\t\t\t\t\t\t\t\t\t\t\t\t\t<img loading=\"lazy\" decoding=\"async\" width=\"1024\" height=\"578\" src=\"https:\/\/wpd.ugr.es\/~catedrasalud\/wp-content\/themes\/woodmart\/images\/lazy.svg\" class=\"attachment-large size-large wp-image-416\" alt=\"\" srcset=\"\" sizes=\"auto, (max-width: 1024px) 100vw, 1024px\" data-src=\"https:\/\/wpd.ugr.es\/~catedrasalud\/wp-content\/uploads\/2025\/11\/logo-3-1024x578.webp\" data-srcset=\"https:\/\/wpd.ugr.es\/~catedrasalud\/wp-content\/uploads\/2025\/11\/logo-3-1024x578.webp 1024w, https:\/\/wpd.ugr.es\/~catedrasalud\/wp-content\/uploads\/2025\/11\/logo-3-300x169.webp 300w, https:\/\/wpd.ugr.es\/~catedrasalud\/wp-content\/uploads\/2025\/11\/logo-3-768x434.webp 768w, https:\/\/wpd.ugr.es\/~catedrasalud\/wp-content\/uploads\/2025\/11\/logo-3-1536x868.webp 1536w, https:\/\/wpd.ugr.es\/~catedrasalud\/wp-content\/uploads\/2025\/11\/logo-3-2048x1157.webp 2048w, https:\/\/wpd.ugr.es\/~catedrasalud\/wp-content\/uploads\/2025\/11\/logo-3-600x339.webp 600w, https:\/\/wpd.ugr.es\/~catedrasalud\/wp-content\/uploads\/2025\/11\/logo-3-150x85.webp 150w\" \/>\t\t\t\t\t\t\t\t\t\t\t\t\t\t\t<\/div>\n\t\t\t\t<\/div>\n\t\t\t\t<\/div>\n\t\t<div class=\"elementor-element elementor-element-32d7922 e-con-full e-flex e-con e-child\" data-id=\"32d7922\" data-element_type=\"container\">\n\t\t\t\t<div class=\"elementor-element elementor-element-0bf8077 elementor-invisible elementor-widget elementor-widget-image\" data-id=\"0bf8077\" data-element_type=\"widget\" data-settings=\"{&quot;_animation&quot;:&quot;fadeIn&quot;}\" data-widget_type=\"image.default\">\n\t\t\t\t<div class=\"elementor-widget-container\">\n\t\t\t\t\t\t\t\t\t\t\t\t\t\t\t<img loading=\"lazy\" decoding=\"async\" width=\"1024\" height=\"427\" src=\"https:\/\/wpd.ugr.es\/~catedrasalud\/wp-content\/themes\/woodmart\/images\/lazy.svg\" class=\"attachment-large size-large wp-image-414\" alt=\"\" srcset=\"\" sizes=\"auto, (max-width: 1024px) 100vw, 1024px\" data-src=\"https:\/\/wpd.ugr.es\/~catedrasalud\/wp-content\/uploads\/2025\/11\/logo-4-1024x427.webp\" data-srcset=\"https:\/\/wpd.ugr.es\/~catedrasalud\/wp-content\/uploads\/2025\/11\/logo-4-1024x427.webp 1024w, https:\/\/wpd.ugr.es\/~catedrasalud\/wp-content\/uploads\/2025\/11\/logo-4-300x125.webp 300w, https:\/\/wpd.ugr.es\/~catedrasalud\/wp-content\/uploads\/2025\/11\/logo-4-768x320.webp 768w, https:\/\/wpd.ugr.es\/~catedrasalud\/wp-content\/uploads\/2025\/11\/logo-4-600x250.webp 600w, https:\/\/wpd.ugr.es\/~catedrasalud\/wp-content\/uploads\/2025\/11\/logo-4-150x63.webp 150w, https:\/\/wpd.ugr.es\/~catedrasalud\/wp-content\/uploads\/2025\/11\/logo-4.webp 1417w\" \/>\t\t\t\t\t\t\t\t\t\t\t\t\t\t\t<\/div>\n\t\t\t\t<\/div>\n\t\t\t\t<\/div>\n\t\t\t\t\t<\/div>\n\t\t\t\t<\/div>\n\t\t\t\t<\/div>\n\t\t","protected":false},"excerpt":{"rendered":"<p>\u00bfTienes alguna consulta? Cont\u00e1ctanos ahora a trav\u00e9s de nuestro formulario o canales disponibles; responderemos todas tus preguntas Env\u00edanos un mensaje<\/p>\n","protected":false},"author":3,"featured_media":0,"parent":0,"menu_order":0,"comment_status":"closed","ping_status":"closed","template":"","meta":{"footnotes":""},"class_list":["post-8785","page","type-page","status-publish","hentry"],"_links":{"self":[{"href":"https:\/\/wpd.ugr.es\/~catedrasalud\/wp-json\/wp\/v2\/pages\/8785","targetHints":{"allow":["GET"]}}],"collection":[{"href":"https:\/\/wpd.ugr.es\/~catedrasalud\/wp-json\/wp\/v2\/pages"}],"about":[{"href":"https:\/\/wpd.ugr.es\/~catedrasalud\/wp-json\/wp\/v2\/types\/page"}],"author":[{"embeddable":true,"href":"https:\/\/wpd.ugr.es\/~catedrasalud\/wp-json\/wp\/v2\/users\/3"}],"replies":[{"embeddable":true,"href":"https:\/\/wpd.ugr.es\/~catedrasalud\/wp-json\/wp\/v2\/comments?post=8785"}],"version-history":[{"count":0,"href":"https:\/\/wpd.ugr.es\/~catedrasalud\/wp-json\/wp\/v2\/pages\/8785\/revisions"}],"wp:attachment":[{"href":"https:\/\/wpd.ugr.es\/~catedrasalud\/wp-json\/wp\/v2\/media?parent=8785"}],"curies":[{"name":"wp","href":"https:\/\/api.w.org\/{rel}","templated":true}]}}