{"id":8828,"date":"2025-11-26T18:42:55","date_gmt":"2025-11-26T17:42:55","guid":{"rendered":"https:\/\/app.nextstore.dev\/catedrasalud.es\/?page_id=8828"},"modified":"2025-11-27T03:28:05","modified_gmt":"2025-11-27T02:28:05","slug":"memorias","status":"publish","type":"page","link":"https:\/\/wpd.ugr.es\/~catedrasalud\/memorias\/","title":{"rendered":"Memorias"},"content":{"rendered":"\t\t<div data-elementor-type=\"wp-page\" data-elementor-id=\"8828\" class=\"elementor elementor-8828\">\n\t\t\t\t<div class=\"wd-negative-gap elementor-element elementor-element-51f0939 wd-section-stretch e-flex e-con-boxed e-con e-parent\" data-id=\"51f0939\" data-element_type=\"container\" data-settings=\"{&quot;background_background&quot;:&quot;classic&quot;}\">\n\t\t\t\t\t<div class=\"e-con-inner\">\n\t\t<div class=\"elementor-element elementor-element-4d73771 e-con-full e-flex e-con e-child\" data-id=\"4d73771\" data-element_type=\"container\">\n\t\t\t\t<div class=\"elementor-element elementor-element-bf4c314 wd-width-100 elementor-invisible elementor-widget elementor-widget-wd_title\" data-id=\"bf4c314\" data-element_type=\"widget\" data-settings=\"{&quot;_animation&quot;:&quot;wd-anim-slide-from-right&quot;}\" data-widget_type=\"wd_title.default\">\n\t\t\t\t<div class=\"elementor-widget-container\">\n\t\t\t\t\t\t\t<div class=\"title-wrapper wd-set-mb reset-last-child wd-title-color-default wd-title-style-default wd-title-size-default text-center\">\n\n\t\t\t\n\t\t\t<div class=\"liner-continer\">\n\t\t\t\t<h4 class=\"woodmart-title-container title wd-fontsize-l\">Memorias<\/h4> \n\t\t\t\t\t\t\t<\/div>\n\n\t\t\t\t\t\t\t<div class=\"title-after_title reset-last-child wd-fontsize-xs\">\n\t\t\t\t\t<p>Revisa nuestras Memorias Anuales con los principales logros, avances y resultados de cada a\u00f1o.<\/p>\t\t\t\t<\/div>\n\t\t\t\t\t<\/div>\n\t\t\t\t\t\t<\/div>\n\t\t\t\t<\/div>\n\t\t\t\t<\/div>\n\t\t\t\t\t<\/div>\n\t\t\t\t<\/div>\n\t\t<div class=\"wd-negative-gap elementor-element elementor-element-d91869d wd-section-stretch e-flex e-con-boxed e-con e-parent\" data-id=\"d91869d\" data-element_type=\"container\" data-settings=\"{&quot;background_background&quot;:&quot;classic&quot;}\">\n\t\t\t\t\t<div class=\"e-con-inner\">\n\t\t<div class=\"elementor-element elementor-element-7cdf0d3 e-con-full e-flex e-con e-child\" data-id=\"7cdf0d3\" data-element_type=\"container\">\n\t\t<div class=\"elementor-element elementor-element-4bd1236 e-con-full e-flex e-con e-child\" data-id=\"4bd1236\" data-element_type=\"container\">\n\t\t\t\t<div class=\"elementor-element elementor-element-67a73cb elementor-widget__width-initial elementor-invisible elementor-widget elementor-widget-wd_infobox\" data-id=\"67a73cb\" data-element_type=\"widget\" data-settings=\"{&quot;_animation&quot;:&quot;fadeIn&quot;}\" data-widget_type=\"wd_infobox.default\">\n\t\t\t\t<div class=\"elementor-widget-container\">\n\t\t\t\t\t\t\t<div class=\"info-box-wrapper\">\n\t\t\t<div class=\"wd-info-box text-left box-icon-align-top box-style-base color-scheme- with-btn box-btn-static\">\n\t\t\t\t\t\t\t\t\t<div class=\"box-icon-wrapper  box-with-icon box-icon-with-bg\">\n\t\t\t\t\t\t<div class=\"info-box-icon\">\n\t\t\t\t\t\t\t\t\t\t\t\t\t\t\t<img loading=\"lazy\" decoding=\"async\" width=\"48\" height=\"48\" src=\"https:\/\/wpd.ugr.es\/~catedrasalud\/wp-content\/uploads\/2025\/11\/file-48x48.webp\" class=\"attachment-48x48 size-48x48\" alt=\"\" srcset=\"https:\/\/wpd.ugr.es\/~catedrasalud\/wp-content\/uploads\/2025\/11\/file-48x48.webp 48w, https:\/\/wpd.ugr.es\/~catedrasalud\/wp-content\/uploads\/2025\/11\/file-300x300.webp 300w, https:\/\/wpd.ugr.es\/~catedrasalud\/wp-content\/uploads\/2025\/11\/file-150x150.webp 150w, https:\/\/wpd.ugr.es\/~catedrasalud\/wp-content\/uploads\/2025\/11\/file.webp 512w\" sizes=\"auto, (max-width: 48px) 100vw, 48px\" \/>\t\t\t\t\t\t\t\t\t\t\t\t\t<\/div>\n\t\t\t\t\t<\/div>\n\t\t\t\t\n\t\t\t\t<div class=\"info-box-content\">\n\t\t\t\t\t\n\t\t\t\t\t\t\t\t\t\t\t<h4\t\t\t\t\t\tclass=\"info-box-title title box-title-style-default wd-fontsize-m\" data-elementor-setting-key=\"title\">\n\t\t\t\t\t\t\t\tMemoria anual 2026\t\t\t\t\t\t<\/h4>\n\t\t\t\t\t\n\t\t\t\t\t<div class=\"info-box-inner reset-last-child\"data-elementor-setting-key=\"content\"><\/div>\n\n\t\t\t\t\t\t\t\t\t\t\t<div class=\"info-btn-wrapper\">\n\t\t\t\t\t\t\t\t\t<div class=\"wd-button-wrapper text-left\" >\n\t\t\t<a class=\"btn btn-style-link btn-shape- btn-size-default btn-color-primary btn-icon-pos-right\"  href=\"#\" target=\"_blank\">\n\t\t\t\t<span class=\"wd-btn-text\" data-elementor-setting-key=\"text\">\n\t\t\t\t\tVer m\u00e1s\t\t\t\t<\/span>\n\n\t\t\t\t\t\t\t<\/a>\n\t\t<\/div>\n\t\t\t\t\t\t\t\t<\/div>\n\t\t\t\t\t\t\t\t\t<\/div>\n\n\t\t\t\t\t\t\t<\/div>\n\t\t<\/div>\n\t\t\t\t\t\t<\/div>\n\t\t\t\t<\/div>\n\t\t\t\t<\/div>\n\t\t<div class=\"elementor-element elementor-element-a21dda1 e-con-full e-flex e-con e-child\" data-id=\"a21dda1\" data-element_type=\"container\">\n\t\t\t\t<div class=\"elementor-element elementor-element-0a9fc5a elementor-widget__width-initial elementor-invisible elementor-widget elementor-widget-wd_infobox\" data-id=\"0a9fc5a\" data-element_type=\"widget\" data-settings=\"{&quot;_animation&quot;:&quot;fadeIn&quot;}\" data-widget_type=\"wd_infobox.default\">\n\t\t\t\t<div class=\"elementor-widget-container\">\n\t\t\t\t\t\t\t<div class=\"info-box-wrapper\">\n\t\t\t<div class=\"wd-info-box text-left box-icon-align-top box-style-base color-scheme- with-btn box-btn-static\">\n\t\t\t\t\t\t\t\t\t<div class=\"box-icon-wrapper  box-with-icon box-icon-with-bg\">\n\t\t\t\t\t\t<div class=\"info-box-icon\">\n\t\t\t\t\t\t\t\t\t\t\t\t\t\t\t<img loading=\"lazy\" decoding=\"async\" width=\"48\" height=\"48\" src=\"https:\/\/wpd.ugr.es\/~catedrasalud\/wp-content\/uploads\/2025\/11\/file-48x48.webp\" class=\"attachment-48x48 size-48x48\" alt=\"\" srcset=\"https:\/\/wpd.ugr.es\/~catedrasalud\/wp-content\/uploads\/2025\/11\/file-48x48.webp 48w, https:\/\/wpd.ugr.es\/~catedrasalud\/wp-content\/uploads\/2025\/11\/file-300x300.webp 300w, https:\/\/wpd.ugr.es\/~catedrasalud\/wp-content\/uploads\/2025\/11\/file-150x150.webp 150w, https:\/\/wpd.ugr.es\/~catedrasalud\/wp-content\/uploads\/2025\/11\/file.webp 512w\" sizes=\"auto, (max-width: 48px) 100vw, 48px\" \/>\t\t\t\t\t\t\t\t\t\t\t\t\t<\/div>\n\t\t\t\t\t<\/div>\n\t\t\t\t\n\t\t\t\t<div class=\"info-box-content\">\n\t\t\t\t\t\n\t\t\t\t\t\t\t\t\t\t\t<h4\t\t\t\t\t\tclass=\"info-box-title title box-title-style-default wd-fontsize-m\" data-elementor-setting-key=\"title\">\n\t\t\t\t\t\t\t\tMemoria anual 2025\t\t\t\t\t\t<\/h4>\n\t\t\t\t\t\n\t\t\t\t\t<div class=\"info-box-inner reset-last-child\"data-elementor-setting-key=\"content\"><\/div>\n\n\t\t\t\t\t\t\t\t\t\t\t<div class=\"info-btn-wrapper\">\n\t\t\t\t\t\t\t\t\t<div class=\"wd-button-wrapper text-left\" >\n\t\t\t<a class=\"btn btn-style-link btn-shape- btn-size-default btn-color-primary btn-icon-pos-right\"  href=\"#\" target=\"_blank\">\n\t\t\t\t<span class=\"wd-btn-text\" data-elementor-setting-key=\"text\">\n\t\t\t\t\tVer m\u00e1s\t\t\t\t<\/span>\n\n\t\t\t\t\t\t\t<\/a>\n\t\t<\/div>\n\t\t\t\t\t\t\t\t<\/div>\n\t\t\t\t\t\t\t\t\t<\/div>\n\n\t\t\t\t\t\t\t<\/div>\n\t\t<\/div>\n\t\t\t\t\t\t<\/div>\n\t\t\t\t<\/div>\n\t\t\t\t<\/div>\n\t\t<div class=\"elementor-element elementor-element-a37e010 e-con-full e-flex e-con e-child\" data-id=\"a37e010\" data-element_type=\"container\">\n\t\t\t\t<div class=\"elementor-element elementor-element-69abf73 elementor-widget__width-initial elementor-invisible elementor-widget elementor-widget-wd_infobox\" data-id=\"69abf73\" data-element_type=\"widget\" data-settings=\"{&quot;_animation&quot;:&quot;fadeIn&quot;}\" data-widget_type=\"wd_infobox.default\">\n\t\t\t\t<div class=\"elementor-widget-container\">\n\t\t\t\t\t\t\t<div class=\"info-box-wrapper\">\n\t\t\t<div class=\"wd-info-box text-left box-icon-align-top box-style-base color-scheme- with-btn box-btn-static\">\n\t\t\t\t\t\t\t\t\t<div class=\"box-icon-wrapper  box-with-icon box-icon-with-bg\">\n\t\t\t\t\t\t<div class=\"info-box-icon\">\n\t\t\t\t\t\t\t\t\t\t\t\t\t\t\t<img loading=\"lazy\" decoding=\"async\" width=\"48\" height=\"48\" src=\"https:\/\/wpd.ugr.es\/~catedrasalud\/wp-content\/uploads\/2025\/11\/file-48x48.webp\" class=\"attachment-48x48 size-48x48\" alt=\"\" srcset=\"https:\/\/wpd.ugr.es\/~catedrasalud\/wp-content\/uploads\/2025\/11\/file-48x48.webp 48w, https:\/\/wpd.ugr.es\/~catedrasalud\/wp-content\/uploads\/2025\/11\/file-300x300.webp 300w, https:\/\/wpd.ugr.es\/~catedrasalud\/wp-content\/uploads\/2025\/11\/file-150x150.webp 150w, https:\/\/wpd.ugr.es\/~catedrasalud\/wp-content\/uploads\/2025\/11\/file.webp 512w\" sizes=\"auto, (max-width: 48px) 100vw, 48px\" \/>\t\t\t\t\t\t\t\t\t\t\t\t\t<\/div>\n\t\t\t\t\t<\/div>\n\t\t\t\t\n\t\t\t\t<div class=\"info-box-content\">\n\t\t\t\t\t\n\t\t\t\t\t\t\t\t\t\t\t<h4\t\t\t\t\t\tclass=\"info-box-title title box-title-style-default wd-fontsize-m\" data-elementor-setting-key=\"title\">\n\t\t\t\t\t\t\t\tMemoria anual 2024\t\t\t\t\t\t<\/h4>\n\t\t\t\t\t\n\t\t\t\t\t<div class=\"info-box-inner reset-last-child\"data-elementor-setting-key=\"content\"><\/div>\n\n\t\t\t\t\t\t\t\t\t\t\t<div class=\"info-btn-wrapper\">\n\t\t\t\t\t\t\t\t\t<div class=\"wd-button-wrapper text-left\" >\n\t\t\t<a class=\"btn btn-style-link btn-shape- btn-size-default btn-color-primary btn-icon-pos-right\"  href=\"https:\/\/wpd.ugr.es\/~catedrasalud\/wp-content\/uploads\/2025\/11\/memoria-ANUAL-2024.pdf\" target=\"_blank\">\n\t\t\t\t<span class=\"wd-btn-text\" data-elementor-setting-key=\"text\">\n\t\t\t\t\tVer m\u00e1s\t\t\t\t<\/span>\n\n\t\t\t\t\t\t\t<\/a>\n\t\t<\/div>\n\t\t\t\t\t\t\t\t<\/div>\n\t\t\t\t\t\t\t\t\t<\/div>\n\n\t\t\t\t\t\t\t<\/div>\n\t\t<\/div>\n\t\t\t\t\t\t<\/div>\n\t\t\t\t<\/div>\n\t\t\t\t<\/div>\n\t\t\t\t<\/div>\n\t\t\t\t\t<\/div>\n\t\t\t\t<\/div>\n\t\t<div class=\"wd-negative-gap elementor-element elementor-element-08d9e9a wd-section-stretch e-flex e-con-boxed e-con e-parent\" data-id=\"08d9e9a\" data-element_type=\"container\" data-settings=\"{&quot;background_background&quot;:&quot;classic&quot;}\">\n\t\t\t\t\t<div class=\"e-con-inner\">\n\t\t<div class=\"elementor-element elementor-element-3c50f2e e-con-full e-flex e-con e-child\" data-id=\"3c50f2e\" data-element_type=\"container\" data-settings=\"{&quot;background_background&quot;:&quot;classic&quot;}\">\n\t\t\t\t<div class=\"elementor-element elementor-element-6c7c94b wd-width-100 elementor-invisible elementor-widget elementor-widget-wd_title\" data-id=\"6c7c94b\" data-element_type=\"widget\" data-settings=\"{&quot;_animation&quot;:&quot;wd-anim-slide-from-left&quot;}\" data-widget_type=\"wd_title.default\">\n\t\t\t\t<div class=\"elementor-widget-container\">\n\t\t\t\t\t\t\t<div class=\"title-wrapper wd-set-mb reset-last-child wd-title-color-default wd-title-style-default wd-title-size-default text-center\">\n\n\t\t\t\t\t\t\t\t\t\t\t<div class=\"title-subtitle subtitle-color-default subtitle-style-default wd-fontsize-xs\">\n\t\t\t\t\tC\u00e1tedra Bienestar y Salud\t\t\t\t<\/div>\n\t\t\t\n\t\t\t<div class=\"liner-continer\">\n\t\t\t\t<h4 class=\"woodmart-title-container title wd-fontsize-l\">\u00bfTienes alguna consulta?<\/h4> \n\t\t\t\t\t\t\t<\/div>\n\n\t\t\t\t\t\t\t<div class=\"title-after_title reset-last-child wd-fontsize-xs\">\n\t\t\t\t\t<p>Para m\u00e1s informaci\u00f3n sobre nuestras actividades, investigaciones o colaboraciones, cont\u00e1ctanos y te atenderemos con gusto.<\/p>\t\t\t\t<\/div>\n\t\t\t\t\t<\/div>\n\t\t\t\t\t\t<\/div>\n\t\t\t\t<\/div>\n\t\t\t\t<div class=\"elementor-element elementor-element-0ac58eb elementor-invisible elementor-widget elementor-widget-wd_button\" data-id=\"0ac58eb\" data-element_type=\"widget\" data-settings=\"{&quot;_animation&quot;:&quot;wd-anim-slide-from-right&quot;,&quot;_animation_delay&quot;:200}\" data-widget_type=\"wd_button.default\">\n\t\t\t\t<div class=\"elementor-widget-container\">\n\t\t\t\t\t\t\t<div class=\"wd-button-wrapper text-center\" >\n\t\t\t<a class=\"btn btn-style-default btn-shape-rectangle btn-size-default btn-color-primary btn-icon-pos-right\"  href=\"https:\/\/wpd.ugr.es\/~catedrasalud\/contacto\/\">\n\t\t\t\t<span class=\"wd-btn-text\" data-elementor-setting-key=\"text\">\n\t\t\t\t\tCont\u00e1ctanos\t\t\t\t<\/span>\n\n\t\t\t\t\t\t\t<\/a>\n\t\t<\/div>\n\t\t\t\t\t\t<\/div>\n\t\t\t\t<\/div>\n\t\t\t\t<\/div>\n\t\t\t\t\t<\/div>\n\t\t\t\t<\/div>\n\t\t<div class=\"wd-negative-gap elementor-element elementor-element-46d21dd wd-section-stretch e-flex e-con-boxed e-con e-parent\" data-id=\"46d21dd\" data-element_type=\"container\" data-settings=\"{&quot;background_background&quot;:&quot;classic&quot;}\">\n\t\t\t\t\t<div class=\"e-con-inner\">\n\t\t<div class=\"elementor-element elementor-element-83fa723 e-con-full e-flex e-con e-child\" data-id=\"83fa723\" data-element_type=\"container\">\n\t\t\t\t<div class=\"elementor-element elementor-element-c64e120 elementor-invisible elementor-widget elementor-widget-image\" data-id=\"c64e120\" data-element_type=\"widget\" data-settings=\"{&quot;_animation&quot;:&quot;fadeIn&quot;}\" data-widget_type=\"image.default\">\n\t\t\t\t<div class=\"elementor-widget-container\">\n\t\t\t\t\t\t\t\t\t\t\t\t\t\t\t<img loading=\"lazy\" decoding=\"async\" width=\"1024\" height=\"285\" src=\"https:\/\/wpd.ugr.es\/~catedrasalud\/wp-content\/themes\/woodmart\/images\/lazy.svg\" class=\"attachment-large size-large wp-image-415\" alt=\"\" srcset=\"\" sizes=\"auto, (max-width: 1024px) 100vw, 1024px\" data-src=\"https:\/\/wpd.ugr.es\/~catedrasalud\/wp-content\/uploads\/2025\/11\/logo-1-1024x285.webp\" data-srcset=\"https:\/\/wpd.ugr.es\/~catedrasalud\/wp-content\/uploads\/2025\/11\/logo-1-1024x285.webp 1024w, https:\/\/wpd.ugr.es\/~catedrasalud\/wp-content\/uploads\/2025\/11\/logo-1-300x84.webp 300w, https:\/\/wpd.ugr.es\/~catedrasalud\/wp-content\/uploads\/2025\/11\/logo-1-768x214.webp 768w, https:\/\/wpd.ugr.es\/~catedrasalud\/wp-content\/uploads\/2025\/11\/logo-1-1536x428.webp 1536w, https:\/\/wpd.ugr.es\/~catedrasalud\/wp-content\/uploads\/2025\/11\/logo-1-2048x571.webp 2048w, https:\/\/wpd.ugr.es\/~catedrasalud\/wp-content\/uploads\/2025\/11\/logo-1-600x167.webp 600w, https:\/\/wpd.ugr.es\/~catedrasalud\/wp-content\/uploads\/2025\/11\/logo-1-150x42.webp 150w\" \/>\t\t\t\t\t\t\t\t\t\t\t\t\t\t\t<\/div>\n\t\t\t\t<\/div>\n\t\t\t\t<\/div>\n\t\t<div class=\"elementor-element elementor-element-f7b0776 e-con-full e-flex e-con e-child\" data-id=\"f7b0776\" data-element_type=\"container\">\n\t\t\t\t<div class=\"elementor-element elementor-element-e73f71a elementor-invisible elementor-widget elementor-widget-image\" data-id=\"e73f71a\" data-element_type=\"widget\" data-settings=\"{&quot;_animation&quot;:&quot;fadeIn&quot;}\" data-widget_type=\"image.default\">\n\t\t\t\t<div class=\"elementor-widget-container\">\n\t\t\t\t\t\t\t\t\t\t\t\t\t\t\t<img loading=\"lazy\" decoding=\"async\" width=\"301\" height=\"301\" src=\"https:\/\/wpd.ugr.es\/~catedrasalud\/wp-content\/themes\/woodmart\/images\/lazy.svg\" class=\"attachment-large size-large wp-image-417\" alt=\"\" srcset=\"\" sizes=\"auto, (max-width: 301px) 100vw, 301px\" data-src=\"https:\/\/wpd.ugr.es\/~catedrasalud\/wp-content\/uploads\/2025\/11\/logo-2.webp\" data-srcset=\"https:\/\/wpd.ugr.es\/~catedrasalud\/wp-content\/uploads\/2025\/11\/logo-2.webp 301w, https:\/\/wpd.ugr.es\/~catedrasalud\/wp-content\/uploads\/2025\/11\/logo-2-150x150.webp 150w\" \/>\t\t\t\t\t\t\t\t\t\t\t\t\t\t\t<\/div>\n\t\t\t\t<\/div>\n\t\t\t\t<\/div>\n\t\t<div class=\"elementor-element elementor-element-772474c e-con-full e-flex e-con e-child\" data-id=\"772474c\" data-element_type=\"container\">\n\t\t\t\t<div class=\"elementor-element elementor-element-085ae93 elementor-invisible elementor-widget elementor-widget-image\" data-id=\"085ae93\" data-element_type=\"widget\" data-settings=\"{&quot;_animation&quot;:&quot;fadeIn&quot;}\" data-widget_type=\"image.default\">\n\t\t\t\t<div class=\"elementor-widget-container\">\n\t\t\t\t\t\t\t\t\t\t\t\t\t\t\t<img loading=\"lazy\" decoding=\"async\" width=\"1024\" height=\"578\" src=\"https:\/\/wpd.ugr.es\/~catedrasalud\/wp-content\/themes\/woodmart\/images\/lazy.svg\" class=\"attachment-large size-large wp-image-416\" alt=\"\" srcset=\"\" sizes=\"auto, (max-width: 1024px) 100vw, 1024px\" data-src=\"https:\/\/wpd.ugr.es\/~catedrasalud\/wp-content\/uploads\/2025\/11\/logo-3-1024x578.webp\" data-srcset=\"https:\/\/wpd.ugr.es\/~catedrasalud\/wp-content\/uploads\/2025\/11\/logo-3-1024x578.webp 1024w, https:\/\/wpd.ugr.es\/~catedrasalud\/wp-content\/uploads\/2025\/11\/logo-3-300x169.webp 300w, https:\/\/wpd.ugr.es\/~catedrasalud\/wp-content\/uploads\/2025\/11\/logo-3-768x434.webp 768w, https:\/\/wpd.ugr.es\/~catedrasalud\/wp-content\/uploads\/2025\/11\/logo-3-1536x868.webp 1536w, https:\/\/wpd.ugr.es\/~catedrasalud\/wp-content\/uploads\/2025\/11\/logo-3-2048x1157.webp 2048w, https:\/\/wpd.ugr.es\/~catedrasalud\/wp-content\/uploads\/2025\/11\/logo-3-600x339.webp 600w, https:\/\/wpd.ugr.es\/~catedrasalud\/wp-content\/uploads\/2025\/11\/logo-3-150x85.webp 150w\" \/>\t\t\t\t\t\t\t\t\t\t\t\t\t\t\t<\/div>\n\t\t\t\t<\/div>\n\t\t\t\t<\/div>\n\t\t<div class=\"elementor-element elementor-element-822d71f e-con-full e-flex e-con e-child\" data-id=\"822d71f\" data-element_type=\"container\">\n\t\t\t\t<div class=\"elementor-element elementor-element-a850b04 elementor-invisible elementor-widget elementor-widget-image\" data-id=\"a850b04\" data-element_type=\"widget\" data-settings=\"{&quot;_animation&quot;:&quot;fadeIn&quot;}\" data-widget_type=\"image.default\">\n\t\t\t\t<div class=\"elementor-widget-container\">\n\t\t\t\t\t\t\t\t\t\t\t\t\t\t\t<img loading=\"lazy\" decoding=\"async\" width=\"1024\" height=\"427\" src=\"https:\/\/wpd.ugr.es\/~catedrasalud\/wp-content\/themes\/woodmart\/images\/lazy.svg\" class=\"attachment-large size-large wp-image-414\" alt=\"\" srcset=\"\" sizes=\"auto, (max-width: 1024px) 100vw, 1024px\" data-src=\"https:\/\/wpd.ugr.es\/~catedrasalud\/wp-content\/uploads\/2025\/11\/logo-4-1024x427.webp\" data-srcset=\"https:\/\/wpd.ugr.es\/~catedrasalud\/wp-content\/uploads\/2025\/11\/logo-4-1024x427.webp 1024w, https:\/\/wpd.ugr.es\/~catedrasalud\/wp-content\/uploads\/2025\/11\/logo-4-300x125.webp 300w, https:\/\/wpd.ugr.es\/~catedrasalud\/wp-content\/uploads\/2025\/11\/logo-4-768x320.webp 768w, https:\/\/wpd.ugr.es\/~catedrasalud\/wp-content\/uploads\/2025\/11\/logo-4-600x250.webp 600w, https:\/\/wpd.ugr.es\/~catedrasalud\/wp-content\/uploads\/2025\/11\/logo-4-150x63.webp 150w, https:\/\/wpd.ugr.es\/~catedrasalud\/wp-content\/uploads\/2025\/11\/logo-4.webp 1417w\" \/>\t\t\t\t\t\t\t\t\t\t\t\t\t\t\t<\/div>\n\t\t\t\t<\/div>\n\t\t\t\t<\/div>\n\t\t\t\t\t<\/div>\n\t\t\t\t<\/div>\n\t\t\t\t<\/div>\n\t\t","protected":false},"excerpt":{"rendered":"<p>Memorias Revisa nuestras Memorias Anuales con los principales logros, avances y resultados de cada a\u00f1o. Memoria anual 2026 Ver m\u00e1s<\/p>\n","protected":false},"author":3,"featured_media":0,"parent":0,"menu_order":0,"comment_status":"closed","ping_status":"closed","template":"","meta":{"footnotes":""},"class_list":["post-8828","page","type-page","status-publish","hentry"],"_links":{"self":[{"href":"https:\/\/wpd.ugr.es\/~catedrasalud\/wp-json\/wp\/v2\/pages\/8828","targetHints":{"allow":["GET"]}}],"collection":[{"href":"https:\/\/wpd.ugr.es\/~catedrasalud\/wp-json\/wp\/v2\/pages"}],"about":[{"href":"https:\/\/wpd.ugr.es\/~catedrasalud\/wp-json\/wp\/v2\/types\/page"}],"author":[{"embeddable":true,"href":"https:\/\/wpd.ugr.es\/~catedrasalud\/wp-json\/wp\/v2\/users\/3"}],"replies":[{"embeddable":true,"href":"https:\/\/wpd.ugr.es\/~catedrasalud\/wp-json\/wp\/v2\/comments?post=8828"}],"version-history":[{"count":0,"href":"https:\/\/wpd.ugr.es\/~catedrasalud\/wp-json\/wp\/v2\/pages\/8828\/revisions"}],"wp:attachment":[{"href":"https:\/\/wpd.ugr.es\/~catedrasalud\/wp-json\/wp\/v2\/media?parent=8828"}],"curies":[{"name":"wp","href":"https:\/\/api.w.org\/{rel}","templated":true}]}}