{"id":273,"date":"2020-04-13T18:43:49","date_gmt":"2020-04-13T16:43:49","guid":{"rendered":"http:\/\/wpd.ugr.es\/~cristoballozano\/?page_id=273"},"modified":"2024-04-26T13:36:52","modified_gmt":"2024-04-26T11:36:52","slug":"divulgacion","status":"publish","type":"page","link":"https:\/\/wpd.ugr.es\/~cristoballozano\/divulgacion\/","title":{"rendered":"Divulgaci\u00f3n"},"content":{"rendered":"\n<hr class=\"wp-block-separator has-css-opacity is-style-wide\"\/>\n\n\n\n<p><strong>Redes sociales <\/strong>del laboratorio BilinguaLab: <\/p>\n\n\n\n<div class=\"wp-block-group\"><div class=\"wp-block-group__inner-container is-layout-constrained wp-block-group-is-layout-constrained\">\n<div class=\"wp-block-columns is-layout-flex wp-container-core-columns-is-layout-9d6595d7 wp-block-columns-is-layout-flex\">\n<div class=\"wp-block-column is-layout-flow wp-block-column-is-layout-flow\">\n<figure class=\"wp-block-image size-full is-resized\"><a href=\"https:\/\/www.facebook.com\/profile.php?id=bilingualab_ugr \" target=\"_blank\" rel=\"noreferrer noopener\"><img loading=\"lazy\" decoding=\"async\" width=\"225\" height=\"225\" src=\"https:\/\/wpd.ugr.es\/~cristoballozano\/wp-content\/uploads\/image-6.png\" alt=\"\" class=\"wp-image-673\" style=\"width:67px;height:auto\" srcset=\"https:\/\/wpd.ugr.es\/~cristoballozano\/wp-content\/uploads\/image-6.png 225w, https:\/\/wpd.ugr.es\/~cristoballozano\/wp-content\/uploads\/image-6-150x150.png 150w\" sizes=\"auto, (max-width: 225px) 100vw, 225px\" \/><\/a><\/figure>\n<\/div>\n\n\n\n<div class=\"wp-block-column is-layout-flow wp-block-column-is-layout-flow\">\n<figure class=\"wp-block-image size-full is-resized\"><a href=\"https:\/\/twitter.com\/bilingualab_ugr \" target=\"_blank\" rel=\"noreferrer noopener\"><img loading=\"lazy\" decoding=\"async\" width=\"225\" height=\"225\" src=\"https:\/\/wpd.ugr.es\/~cristoballozano\/wp-content\/uploads\/image-7.png\" alt=\"\" class=\"wp-image-674\" style=\"width:66px;height:auto\" srcset=\"https:\/\/wpd.ugr.es\/~cristoballozano\/wp-content\/uploads\/image-7.png 225w, https:\/\/wpd.ugr.es\/~cristoballozano\/wp-content\/uploads\/image-7-150x150.png 150w\" sizes=\"auto, (max-width: 225px) 100vw, 225px\" \/><\/a><\/figure>\n<\/div>\n\n\n\n<div class=\"wp-block-column is-layout-flow wp-block-column-is-layout-flow\">\n<figure class=\"wp-block-image size-full is-resized\"><a href=\"https:\/\/www.instagram.com\/bilingualab_ugr\/ \" target=\"_blank\" rel=\"noreferrer noopener\"><img loading=\"lazy\" decoding=\"async\" width=\"225\" height=\"225\" src=\"https:\/\/wpd.ugr.es\/~cristoballozano\/wp-content\/uploads\/image-8.png\" alt=\"\" class=\"wp-image-675\" style=\"width:64px;height:auto\" srcset=\"https:\/\/wpd.ugr.es\/~cristoballozano\/wp-content\/uploads\/image-8.png 225w, https:\/\/wpd.ugr.es\/~cristoballozano\/wp-content\/uploads\/image-8-150x150.png 150w\" sizes=\"auto, (max-width: 225px) 100vw, 225px\" \/><\/a><\/figure>\n<\/div>\n<\/div>\n<\/div><\/div>\n\n\n\n<hr class=\"wp-block-separator has-alpha-channel-opacity\"\/>\n\n\n\n<p><strong>BilinguaLab Divulga<\/strong>: Mediante nuestro ciclo de actividades\u00a0<strong>\u00abBilinguaLab Divulga\u00bb<\/strong>, fomentamos la curiosidad cient\u00edfica con <strong><a href=\"http:\/\/bilingualab.ugr.es\/dissemination\" target=\"_blank\" rel=\"noreferrer noopener\">talleres interactivos divulgativos<\/a><\/strong>\u00a0en escuelas e institutos de Granada. Tambi\u00e9n participamos en eventos como <strong><a href=\"https:\/\/lanochedelosinvestigadores.fundaciondescubre.es\/actividades\/hablando-se-entiende-la-mente\/\" target=\"_blank\" rel=\"noreferrer noopener\">La Noche Europea de los Investigadores<\/a><\/strong>.\u00a0<\/p>\n\n\n\n<hr class=\"wp-block-separator has-alpha-channel-opacity\"\/>\n\n\n\n<p><strong>Canal de YouTube de BilinguaLab<\/strong>: Descubre lo que hacemos en el laboratorio BilinguaLab en nuestro canal divulgativo de Youtube: <a href=\"https:\/\/www.youtube.com\/@BilinguaLab\">https:\/\/www.youtube.com\/@BilinguaLab<\/a><\/p>\n\n\n\n<figure class=\"wp-block-image size-large is-resized\"><a href=\"https:\/\/www.youtube.com\/@BilinguaLab\" target=\"_blank\" rel=\"noreferrer noopener\"><img loading=\"lazy\" decoding=\"async\" width=\"1024\" height=\"398\" src=\"https:\/\/wpd.ugr.es\/~cristoballozano\/wp-content\/uploads\/image-4-1024x398.png\" alt=\"\" class=\"wp-image-669\" style=\"width:251px;height:auto\" srcset=\"https:\/\/wpd.ugr.es\/~cristoballozano\/wp-content\/uploads\/image-4-1024x398.png 1024w, https:\/\/wpd.ugr.es\/~cristoballozano\/wp-content\/uploads\/image-4-300x117.png 300w, https:\/\/wpd.ugr.es\/~cristoballozano\/wp-content\/uploads\/image-4-768x299.png 768w, https:\/\/wpd.ugr.es\/~cristoballozano\/wp-content\/uploads\/image-4.png 1154w\" sizes=\"auto, (max-width: 1024px) 100vw, 1024px\" \/><\/a><\/figure>\n\n\n\n<hr class=\"wp-block-separator has-alpha-channel-opacity\"\/>\n\n\n\n<p><strong>Laboratorio BilinguaLab:<\/strong> \u00bfQu\u00e9 investigamos en el laboratorio BilinguaLab? BilinguaLab es un laboratorio de biling\u00fcismo, adquisici\u00f3n y procesamiento del lenguaje. Descubre qu\u00e9 investigamos en nuestra web (<a href=\"http:\/\/bilingualab.ugr.es\" target=\"_blank\" rel=\"noreferrer noopener\">http:\/\/bilingualab.ugr.es<\/a>) o en este video.<\/p>\n\n\n\n<figure class=\"wp-block-embed is-type-video is-provider-youtube wp-block-embed-youtube wp-embed-aspect-16-9 wp-has-aspect-ratio\"><div class=\"wp-block-embed__wrapper\">\n<iframe loading=\"lazy\" title=\"\u00bfQu\u00e9 es un laboratorio de biling\u00fcismo?\" width=\"640\" height=\"360\" src=\"https:\/\/www.youtube.com\/embed\/zIAgYXvwp68?feature=oembed\" frameborder=\"0\" allow=\"accelerometer; autoplay; clipboard-write; encrypted-media; gyroscope; picture-in-picture; web-share\" referrerpolicy=\"strict-origin-when-cross-origin\" allowfullscreen><\/iframe>\n<\/div><\/figure>\n\n\n\n<hr class=\"wp-block-separator has-alpha-channel-opacity\"\/>\n\n\n\n<p><strong>Corpus CEDEL2<\/strong>:  2 mayo 2022. Investigadores de la UGR dirigidos por el prof. <a href=\"http:\/\/wpd.ugr.es\/~cristoballozano\/\">Crist\u00f3bal Lozano<\/a> han desarrollado una aplicaci\u00f3n web llamada <a href=\"http:\/\/cedel2.learnercorpora.com\/\"><strong>CEDEL2 (Corpus Escrito del Espa\u00f1ol como L2)<\/strong><\/a>. Nace para dar respuesta a la necesidades investigadoras y docentes del espa\u00f1ol como lengua extranjera a nivel internacional. M\u00e1s info en el video promocional: <a href=\"https:\/\/www.youtube.com\/watch?v=Uttc6IcBPRM&amp;t=9s\" target=\"_blank\" rel=\"noreferrer noopener\"> <\/a><\/p>\n\n\n\n<figure class=\"wp-block-embed is-type-video is-provider-youtube wp-block-embed-youtube wp-embed-aspect-16-9 wp-has-aspect-ratio\"><div class=\"wp-block-embed__wrapper\">\n<iframe loading=\"lazy\" title=\"CEDEL2: Un corpus de espa\u00f1ol como segunda lengua \/ lengua extranjera (ESL\/ELE)\" width=\"640\" height=\"360\" src=\"https:\/\/www.youtube.com\/embed\/Uttc6IcBPRM?start=9&#038;feature=oembed\" frameborder=\"0\" allow=\"accelerometer; autoplay; clipboard-write; encrypted-media; gyroscope; picture-in-picture; web-share\" referrerpolicy=\"strict-origin-when-cross-origin\" allowfullscreen><\/iframe>\n<\/div><\/figure>\n\n\n\n<p><\/p>\n\n\n\n<hr class=\"wp-block-separator has-css-opacity is-style-wide\"\/>\n\n\n<div class=\"wp-block-image\">\n<figure class=\"alignright is-resized\"><img decoding=\"async\" src=\"http:\/\/wpd.ugr.es\/~bilingualismmatters\/wp-content\/uploads\/2021\/07\/fondo.png\" alt=\"\" style=\"width:269px;height:151px\"\/><figcaption class=\"wp-element-caption\">Biling\u00fcismo: Ciencia y Sociedad<\/figcaption><\/figure><\/div>\n\n\n<p class=\"has-text-align-left\"><strong><a href=\"http:\/\/wpd.ugr.es\/~bilingualismmatters\/?p=944\">Biling\u00fcismo: Ciencia, Educaci\u00f3n y Sociedad<\/a><\/strong>. 9 julio 2021. Jornada online de divulgaci\u00f3n sobre diversos aspectos del biling\u00fcismo y parte del proyecto de divulgaci\u00f3n de la FECYT (<a href=\"http:\/\/wpd.ugr.es\/~bilingualismmatters\/?cat=7\">FCT-19-15358<\/a>) \u00abC\u00f3mo conviven dos idiomas en el cerebro: Transfiriendo la investigaci\u00f3n desde el laboratorio a la sociedad\u00bb, parte del grupo de divulgaci\u00f3n internacional <a href=\"http:\/\/wpd.ugr.es\/~bilingualismmatters\/\">Bilingualism Matters<\/a>.  El objetivo fue acercar de manera divulgativa el fen\u00f3meno del biling\u00fcismo a la poblaci\u00f3n general (estudiantes de grado\/m\u00e1ster\/doctorado, profesorado, padres\/madres que practican la crianza biling\u00fce, etc.) desde diversas perspectivas y contamos con diversos tipos de ponentes (investigadores de fuera de la UGR, investigadores de la UGR, ponentes  del \u00e1mbito educativo y del mundo empresarial).<\/p>\n\n\n\n<p><\/p>\n\n\n\n<hr class=\"wp-block-separator has-css-opacity is-style-wide\"\/>\n\n\n\n<p><\/p>\n\n\n<div class=\"wp-block-image\">\n<figure class=\"alignright is-resized\"><img loading=\"lazy\" decoding=\"async\" width=\"587\" height=\"227\" src=\"https:\/\/wpd.ugr.es\/~cristoballozano\/wp-content\/uploads\/image-1.png\" alt=\"\" class=\"wp-image-484\" style=\"width:287px;height:111px\" srcset=\"https:\/\/wpd.ugr.es\/~cristoballozano\/wp-content\/uploads\/image-1.png 587w, https:\/\/wpd.ugr.es\/~cristoballozano\/wp-content\/uploads\/image-1-300x116.png 300w\" sizes=\"auto, (max-width: 587px) 100vw, 587px\" \/><\/figure><\/div>\n\n\n<p><a href=\"http:\/\/wpd.ugr.es\/~bilingualismmatters\/\"><strong>Bilingualism Matters UGR<\/strong><\/a> es un grupo de divulgaci\u00f3n cient\u00edfica en la Universidad de Granada (UGR) compuesto por psicoling\u00fcistas y ling\u00fcistas dedicado a hacer divulgaci\u00f3n sobre el biling\u00fcismo y el aprendizaje de lenguas a trav\u00e9s de actividades en colegios, charlas, seminarios, videos, etc.  <br>Se trata de una organizaci\u00f3n internacional originalmente creada como un centro de excelencia en la Universidad de Edimburgo con m\u00e1s de una treintena de sedes internacionales en el mundo. El 23 de febrero, 2018 Granada se convirti\u00f3 en la segunda sede de <em>Bilingualism Matters<\/em> en Espa\u00f1a.<\/p>\n\n\n\n<p><\/p>\n\n\n\n<hr class=\"wp-block-separator has-css-opacity is-style-wide\"\/>\n\n\n<div class=\"wp-block-image\">\n<figure class=\"alignright is-resized\"><img loading=\"lazy\" decoding=\"async\" width=\"345\" height=\"321\" src=\"https:\/\/wpd.ugr.es\/~cristoballozano\/wp-content\/uploads\/Covid-Ling06.jpg\" alt=\"\" class=\"wp-image-373\" style=\"width:135px;height:126px\" srcset=\"https:\/\/wpd.ugr.es\/~cristoballozano\/wp-content\/uploads\/Covid-Ling06.jpg 345w, https:\/\/wpd.ugr.es\/~cristoballozano\/wp-content\/uploads\/Covid-Ling06-300x279.jpg 300w\" sizes=\"auto, (max-width: 345px) 100vw, 345px\" \/><figcaption class=\"wp-element-caption\">Covid-Ling<\/figcaption><\/figure><\/div>\n\n\n<p><strong>Covid-Ling<\/strong> es una l\u00ednea de divulgaci\u00f3n que persigue contestar preguntas de inter\u00e9s social sobre la crisis del coronavirus mediante micro-estudios basados en la lingu\u00edstica de corpus y los \u2018big data\u2019. Por ejemplo, nuestras tendencias de b\u00fasqueda de t\u00e9rminos como \u201ccoronavirus\u201d en internet reflejan el inter\u00e9s y la preocupaci\u00f3n de la sociedad.  Esta divulgaci\u00f3n se enmarca dentro de la unidad cient\u00edfica de excelencia IberLab (<a href=\"http:\/\/iberlab.ugr.es\/covidteca-divulgacion\/\">Divulgaci\u00f3n IberLab<\/a>), y surge tras el impulso de la Universidad de Granada a fomentar investigaci\u00f3n sobre sobre el coronavirus desde todos los \u00e1mbitos cient\u00edficos. M\u00e1s info:<\/p>\n\n\n\n<figure class=\"wp-block-video\"><video controls src=\"https:\/\/wpd.ugr.es\/~cristoballozano\/wp-content\/uploads\/Covid-Ling-video-compressed.mp4\"><\/video><\/figure>\n\n\n\n<ul class=\"wp-block-list\">\n<li><a href=\"https:\/\/www.researchgate.net\/project\/Covid-Ling\"><strong>Informaci\u00f3n de Covid-Ling en la plataforma cient\u00edfica Research Gate.<\/strong><\/a><\/li>\n\n\n\n<li><strong>ESTUDIO 1:<\/strong>:  <strong><a href=\"https:\/\/wpd.ugr.es\/~cristoballozano\/\">Crist\u00f3bal Lozano<\/a>, <a href=\"http:\/\/iberlab.ugr.es\/\">IberLab<\/a> (Universidad de Granada)<\/strong> 02-04-2020 <a href=\"https:\/\/doi.org\/10.13140\/RG.2.2.35604.94087\">\u201cCuando las barbas de tu vecino veas cortar\u2026\u201d: Coronavirus, refranero espa\u00f1ol, ling\u00fc\u00edstica y \u2018big data'\u00bb<\/a>\n<ul class=\"wp-block-list\">\n<li><strong>En este estudio se analiza el patr\u00f3n de b\u00fasquedas de los ciudadanos de varios pa\u00edses europeos (Italia, Espa\u00f1a, Alemania y Reino Unido) del t\u00e9rmino \u00abcoronavirus\u00bb en Google. Se concluye que los ciudadanos se alertaron antes de que las autoridades declarasen oficialmente el problema. <\/strong><\/li>\n\n\n\n<li><strong>Este estudio ha sido difundido en los siguientes medios de comunicac<\/strong><em><strong>i\u00f3n<\/strong><\/em><strong>: <\/strong><a href=\"https:\/\/www.lavanguardia.com\/vida\/20200505\/48988833089\/los-europeos-se-preocuparon-por-la-covid-antes-de-las-declaraciones-de-alarma.html\"><strong>La Vanguardia (coronavirus)<\/strong><\/a><strong>, <\/strong><a href=\"https:\/\/www.lavanguardia.com\/local\/sevilla\/20200505\/48988743125\/estudio-revela-la-preocupacion-de-los-europeos-por-el-virus-mucho-antes-de-que-reaccionaran-los-gobiernos.html\"><strong>La Vanguardia Andaluc\u00eda<\/strong><\/a><strong>, <\/strong><a href=\"https:\/\/www.ideal.es\/miugr\/estudio-revela-preocupacion-20200505120458-nt.html\"><strong>Ideal<\/strong><\/a><strong>, <\/strong><a href=\"https:\/\/www.infosalus.com\/asistencia\/noticia-estudio-revela-preocupacion-europeos-virus-mucho-antes-gobiernos-reaccionaran-20200505122507.html\"><strong>Infosalus<\/strong><\/a><strong>, <\/strong><a href=\"https:\/\/novaciencia.es\/los-ciudadanos-se-anticiparon-a-los-gobiernos-en-la-crisis-del-coronavirus\/\"><strong>NovaCiencia<\/strong><\/a><strong>, <\/strong><a href=\"https:\/\/www.europapress.es\/andalucia\/noticia-estudio-revela-preocupacion-europeos-virus-mucho-antes-gobiernos-reaccionaran-20200505121610.html\"><strong>Europa Pres<\/strong><\/a><strong>, <\/strong><a href=\"https:\/\/fundaciondescubre.es\/noticias\/un-estudio-revela-la-preocupacion-de-los-europeos-por-el-coronavirus-mucho-antes-de-que-los-gobiernos-reaccionaran\/\"><strong>Fundaci\u00f3n Descubre<\/strong><\/a><strong>, <\/strong><a href=\"https:\/\/www.granadadigital.es\/un-estudio-de-la-ugr-revela-la-preocupacion-por-el-coronavirus-mucho-antes-de-que-los-gobiernos-reaccionaran\/\"><strong>Granada Digital<\/strong><\/a><strong>,<\/strong><a href=\"https:\/\/www.lavozdegranada.info\/un-estudio-de-la-ugr-revela-la-preocupacion-de-los-europeos-por-el-coronavirus-mucho-antes-de-que-los-gobiernos-reaccionaran\/\"><strong> La Voz de Granada<\/strong><\/a><strong>, <\/strong><a href=\"https:\/\/elmira.es\/05\/05\/2020\/un-estudio-evidencia-la-tardia-reaccion-de-los-gobiernos-europeos-ante-la-pandemia\/\"><strong>El Mira<\/strong><\/a><strong>, <\/strong><a href=\"http:\/\/www.teleprensa.com\/es\/nacional\/andalucia\/granada\/estudio-revela-la-preocupacion-de-los-europeos-por-el-coronavirus-mucho-antes-de-que-reaccionaran-los-gobiernos.html\"><strong>Teleprensa<\/strong><\/a><strong>, <\/strong><a href=\"https:\/\/www.granadaesnoticia.com\/universidad\/un-estudio-de-la-ugr-revela-la-preocupacion-de-los-europeos-por-el-coronavirus-mucho-antes-de-que-los-gobiernos-reaccionaran\"><strong>Granada Es Noticia<\/strong><\/a><strong>, <\/strong><a href=\"http:\/\/www.famp.es\/es\/formacion\/agenda\/Noticias-sobre-COVID-19-00049\"><strong>Federaci\u00f3n Andaluza de Municipios y Provincias<\/strong><\/a><strong>, <\/strong><a href=\"https:\/\/motrildigital.com\/ugr-los-europeos-estaban-mas-preocupados-coronavirus-gobiernos\/?fbclid=IwAR3aVX7jAGpjgvKjDBojhnATgvLgNDoOBCYCZ6ssBC3xQvTPaTLaxZC83NM\"><strong>Motril Digital<\/strong><\/a><strong>, <\/strong><a href=\"https:\/\/covid19.ugr.es\/noticias\/preocupacion-europeos-covid19-anterior-reaccion-gobiernos\"><strong>Covid19 Noticias UGR<\/strong><\/a><strong>, <\/strong><a href=\"https:\/\/canal.ugr.es\/noticia\/estudio-ugr-preocupacion-europeos-coronavirus-antes-gobiernos-reaccionaran\/\"><strong>Canal UGR Divulga<\/strong><\/a><strong>,  <\/strong><a href=\"https:\/\/www.granadahoy.com\/granada\/Universidad-Granada-preocupacion-coronavirus_0_1461754100.html\"><strong>Granada Hoy<\/strong><\/a><strong>, <\/strong><a href=\"https:\/\/www.msn.com\/es-es\/noticias\/espana\/estudio-revela-la-preocupaci%C3%B3n-de-los-europeos-por-el-virus-mucho-antes-de-que-reaccionaran-los-gobiernos\/ar-BB13C1B2\"><strong>MSN Noticias<\/strong><\/a><strong>, <\/strong><a href=\"https:\/\/idescubre.fundaciondescubre.es\/sin-categoria\/un-estudio-revela-la-preocupacion-de-los-europeos-por-el-coronavirus-mucho-antes-de-que-los-gobiernos-reaccionaran\/\"><strong>I+DesQubre<\/strong><\/a><strong>, <\/strong><a href=\"https:\/\/granadanoticias.es\/una-investigacion-de-la-universidad-de-granada-revela-la-preocupacion-de-los-europeos-por-el-coronavirus-mucho-antes-que-los-gobiernos-reaccionaran\/\"><strong>Granada Noticias,<\/strong><\/a><strong> <\/strong><a href=\"https:\/\/www.nuevatribuna.es\/articulo\/actualidad\/covid19-coronavirus-preocupacion-europeos-epidemia-busquedas-internet-google-estudio-universidad-ugr\/20200512125747174752.html\"><strong>Nueva Tribuna<\/strong><\/a><strong>.<\/strong><\/li>\n<\/ul>\n<\/li>\n\n\n\n<li><strong>ESTUDIO 2:<\/strong><strong><a href=\"https:\/\/wpd.ugr.es\/~cristoballozano\/\">Crist\u00f3bal Lozano<\/a>, <a href=\"http:\/\/iberlab.ugr.es\/\">IberLab<\/a> (Universidad de Granada); <a href=\"https:\/\/www.researchgate.net\/profile\/Nobuo_Lopez-Sako\">Nobuo Ignacio L\u00f3pez-Sako<\/a>,<\/strong><strong><a href=\"http:\/\/iberlab.ugr.es\/\">IberLab<\/a><\/strong><strong>(Universidad de Granada); <a href=\"https:\/\/www.researchgate.net\/profile\/Carlos_Gelormini-Lezama\">Carlos Gelormini-Lezama<\/a>, <a href=\"http:\/\/iberlab.ugr.es\/\">IberLab<\/a><\/strong><strong>(Universidad de San Andr\u00e9s, Buenos Aires), 11-05-2020<\/strong><a href=\"https:\/\/doi.org\/10.13140\/RG.2.2.12205.31200\">Los ciudadanos del mundo se anticiparon a sus gobiernos en la crisis del coronavirus<\/a>.\n<ul class=\"wp-block-list\">\n<li><strong>Este segundo estudio ampl\u00eda la l\u00ednea del anterior, analiz\u00e1ndose datos a nivel mundiall. Se analizan datos de las tendencias de b\u00fasqueda de \u00abcoronavirus\u00bb en Europa, Iberoam\u00e9rica, EEUU y Asia oriental. El mundo entero se alarm\u00f3 antes de las declaraciones de emergencia y de pandemia de la OMS. Asimismo, en cada pa\u00eds la preocupaci\u00f3n de los ciudadanos creci\u00f3  exponencialmente mucho antes de los decretos de alarma, en una especie de \u00abp\u00e1nico-demia\u00bb colectiva.<\/strong>  <\/li>\n<\/ul>\n<\/li>\n<\/ul>\n\n\n\n<hr class=\"wp-block-separator has-css-opacity is-style-wide\"\/>\n","protected":false},"excerpt":{"rendered":"<p>Redes sociales del laboratorio BilinguaLab: BilinguaLab Divulga: Mediante nuestro ciclo de actividades\u00a0\u00abBilinguaLab Divulga\u00bb, fomentamos la curiosidad cient\u00edfica con talleres interactivos divulgativos\u00a0en escuelas e institutos de Granada. Tambi\u00e9n participamos en eventos como La Noche Europea de los Investigadores.\u00a0 Canal de YouTube de BilinguaLab: Descubre lo que hacemos en el laboratorio BilinguaLab en nuestro canal divulgativo de [&hellip;]<\/p>\n","protected":false},"author":1,"featured_media":0,"parent":0,"menu_order":0,"comment_status":"open","ping_status":"closed","template":"","meta":{"footnotes":""},"class_list":["post-273","page","type-page","status-publish","hentry"],"_links":{"self":[{"href":"https:\/\/wpd.ugr.es\/~cristoballozano\/wp-json\/wp\/v2\/pages\/273","targetHints":{"allow":["GET"]}}],"collection":[{"href":"https:\/\/wpd.ugr.es\/~cristoballozano\/wp-json\/wp\/v2\/pages"}],"about":[{"href":"https:\/\/wpd.ugr.es\/~cristoballozano\/wp-json\/wp\/v2\/types\/page"}],"author":[{"embeddable":true,"href":"https:\/\/wpd.ugr.es\/~cristoballozano\/wp-json\/wp\/v2\/users\/1"}],"replies":[{"embeddable":true,"href":"https:\/\/wpd.ugr.es\/~cristoballozano\/wp-json\/wp\/v2\/comments?post=273"}],"version-history":[{"count":94,"href":"https:\/\/wpd.ugr.es\/~cristoballozano\/wp-json\/wp\/v2\/pages\/273\/revisions"}],"predecessor-version":[{"id":688,"href":"https:\/\/wpd.ugr.es\/~cristoballozano\/wp-json\/wp\/v2\/pages\/273\/revisions\/688"}],"wp:attachment":[{"href":"https:\/\/wpd.ugr.es\/~cristoballozano\/wp-json\/wp\/v2\/media?parent=273"}],"curies":[{"name":"wp","href":"https:\/\/api.w.org\/{rel}","templated":true}]}}