{"id":16,"date":"2021-12-14T09:27:21","date_gmt":"2021-12-14T09:27:21","guid":{"rendered":"https:\/\/wpd.ugr.es\/~critizens\/wordpress\/?page_id=16"},"modified":"2023-11-21T09:38:08","modified_gmt":"2023-11-21T09:38:08","slug":"quienes-somos","status":"publish","type":"page","link":"https:\/\/wpd.ugr.es\/~critizens\/wordpress\/?page_id=16","title":{"rendered":"Qui\u00e9nes somos"},"content":{"rendered":"\n<h2 class=\"has-medium-font-size\" style=\"font-style:normal;font-weight:100\">El grupo Critizens: Historia Econ\u00f3mica, Instituciones y Desarrollo (SEJ476) se crea en el a\u00f1o 2007 con la <span style=\"color: #d11d1d;\"><strong>finalidad<\/strong><\/span> de estudiar y elaborar an\u00e1lisis en el marco del desarrollo en perspectiva hist\u00f3rica, con especial hincapi\u00e9 en el \u00e1mbito institucional.<\/h2>\n\n\n\n<h2 class=\"has-medium-font-size\" style=\"font-style:normal;font-weight:100\">Los <span style=\"color: #d11d1d;\"><strong>valores<\/strong> <\/span>bajo los que opera son la honestidad, la transparencia y la justicia social.<\/h2>\n\n\n\n<h2 class=\"has-medium-font-size\" style=\"font-style:normal;font-weight:100\">En lo que respecta a su <span style=\"color: #d11d1d;\"><strong>misi\u00f3n<\/strong><\/span>, Critizens busca impulsar una transici\u00f3n hacia una sociedad m\u00e1s coherente y justa, tanto en t\u00e9rminos sociales, como medioambientalmente. En este sentido, los miembros del grupo pueden establecer colaboraciones en su campo de especializaci\u00f3n con cualquier organismo p\u00fablico o privado que persiga dichos prop\u00f3sito.<\/h2>\n\n\n\n<h2 style=\"font-style:normal;font-weight:400\">&nbsp;<\/h2>\n\n\n\n<h1>Miembros<\/h1>\n\n\n\n<div class=\"wp-container-1 wp-block-group\"><div class=\"wp-block-group__inner-container\">\n<div class=\"wp-block-columns\">\n<div class=\"wp-block-column\" style=\"flex-basis:100%\">\n<div class=\"wp-block-columns\">\n<div class=\"wp-block-column\">\n<div class=\"wp-block-columns\">\n<div class=\"wp-block-column\">\n<figure class=\"wp-block-image alignwide size-full\"><img loading=\"lazy\" width=\"514\" height=\"394\" src=\"https:\/\/wpd.ugr.es\/~critizens\/wordpress\/wp-content\/uploads\/2022\/04\/image-1.png\" alt=\"\" class=\"wp-image-322\" srcset=\"https:\/\/wpd.ugr.es\/~critizens\/wordpress\/wp-content\/uploads\/2022\/04\/image-1.png 514w, https:\/\/wpd.ugr.es\/~critizens\/wordpress\/wp-content\/uploads\/2022\/04\/image-1-300x230.png 300w\" sizes=\"(max-width: 514px) 100vw, 514px\" \/><\/figure>\n\n\n\n<p class=\"has-medium-font-size\"><strong>Fernando Garc\u00eda Quero<\/strong><\/p>\n\n\n\n<p style=\"font-size:15px\">Profesor Titular. Departamento de Econom\u00eda Aplicada. Facultad de Ciencias Sociales y Jur\u00eddicas de Melilla.<\/p>\n\n\n\n<p style=\"font-size:15px\">Licenciado en Econom\u00eda por la Universidad de Granada. M\u00e1ster oficial con menci\u00f3n de calidad en Estudios del Desarrollo. Doctor en Econom\u00eda.<\/p>\n\n\n\n<figure class=\"wp-block-image is-resized\"><a href=\"https:\/\/scholar.google.com\/citations?user=OCFgKP0AAAAJ&amp;hl=es&amp;oi=ao  \"><img loading=\"lazy\" src=\"https:\/\/www.montsepenarroya.com\/wp-content\/uploads\/2018\/09\/google_scholar.png\" alt=\"Descubre como funciona Google Scholar, el nuevo buscador de Google \u2022  Montserrat Pe\u00f1arroya\" width=\"160\" height=\"97\"\/><\/a><figcaption><strong>L\u00edneas de investigaci\u00f3n<\/strong>: Instituciones y desarrollo<\/figcaption><\/figure>\n<\/div>\n\n\n\n<div class=\"wp-block-column\">\n<div class=\"wp-block-image\"><figure class=\"aligncenter size-full is-resized\"><img loading=\"lazy\" src=\"https:\/\/wpd.ugr.es\/~critizens\/wordpress\/wp-content\/uploads\/2022\/04\/image-2.png\" alt=\"\" class=\"wp-image-324\" width=\"159\" height=\"196\" srcset=\"https:\/\/wpd.ugr.es\/~critizens\/wordpress\/wp-content\/uploads\/2022\/04\/image-2.png 365w, https:\/\/wpd.ugr.es\/~critizens\/wordpress\/wp-content\/uploads\/2022\/04\/image-2-243x300.png 243w\" sizes=\"(max-width: 159px) 100vw, 159px\" \/><\/figure><\/div>\n\n\n\n<p class=\"has-medium-font-size\"><strong>Marina Checa Olivas<\/strong><\/p>\n\n\n\n<p style=\"font-size:15px\">Profesora Sustituta Interina. Departamento de Econom\u00eda Aplicada. Facultad de Ciencias Econ\u00f3micas y Empresariales de Granada.<\/p>\n\n\n\n<p style=\"font-size:15px\">Licenciada en ADE y Derecho por la Universidad de Ja\u00e9n. M\u00e1ster Oficial en Estudios Migratorios, Desarrollo e Intervenci\u00f3n Social. Doctora en Econom\u00eda y profesora colaboradora en la Universitat Oberta de Catalunya y la Universidad Europea de Madrid. <\/p>\n\n\n\n<figure class=\"wp-block-image is-resized\"><a href=\"https:\/\/scholar.google.es\/citations?hl=es&amp;user=Tvfyx1oAAAAJ\"><img loading=\"lazy\" src=\"https:\/\/www.montsepenarroya.com\/wp-content\/uploads\/2018\/09\/google_scholar.png\" alt=\"Descubre como funciona Google Scholar, el nuevo buscador de Google \u2022  Montserrat Pe\u00f1arroya\" width=\"160\" height=\"97\"\/><\/a><figcaption><strong>L\u00edneas de investigaci\u00f3n<\/strong>: mercado de trabajo, g\u00e9nero y estudios regionales<\/figcaption><\/figure>\n<\/div>\n\n\n\n<div class=\"wp-block-column\">\n<figure class=\"wp-block-image size-full is-resized\"><img loading=\"lazy\" src=\"https:\/\/wpd.ugr.es\/~critizens\/wordpress\/wp-content\/uploads\/2022\/04\/image-3.png\" alt=\"\" class=\"wp-image-329\" width=\"180\" height=\"185\" srcset=\"https:\/\/wpd.ugr.es\/~critizens\/wordpress\/wp-content\/uploads\/2022\/04\/image-3.png 928w, https:\/\/wpd.ugr.es\/~critizens\/wordpress\/wp-content\/uploads\/2022\/04\/image-3-291x300.png 291w, https:\/\/wpd.ugr.es\/~critizens\/wordpress\/wp-content\/uploads\/2022\/04\/image-3-768x793.png 768w\" sizes=\"(max-width: 180px) 100vw, 180px\" \/><\/figure>\n\n\n\n<p class=\"has-medium-font-size\"><strong>Carmen Liz\u00e1rraga Mollinedo<\/strong><\/p>\n\n\n\n<p style=\"font-size:15px\">Profesora Titular y Coordinadora de la Titulaci\u00f3n de Grado en Econom\u00eda. Departamento de Econom\u00eda Aplicada. Facultad de Ciencias Econ\u00f3micas y Empresariales de Granada. <\/p>\n\n\n\n<p style=\"font-size:15px\">Licenciada en Econom\u00eda por la Universidad de Granada. Doctora en Econom\u00eda. <\/p>\n\n\n\n<figure class=\"wp-block-image is-resized\"><a href=\"https:\/\/scholar.google.es\/citations?hl=es&amp;user=0rzuWmYAAAAJ\"><img loading=\"lazy\" src=\"https:\/\/www.montsepenarroya.com\/wp-content\/uploads\/2018\/09\/google_scholar.png\" alt=\"Descubre como funciona Google Scholar, el nuevo buscador de Google \u2022  Montserrat Pe\u00f1arroya\" width=\"160\" height=\"97\"\/><\/a><figcaption><strong>L\u00edneas de investigaci\u00f3n<\/strong>: movilidad urbana sostenible, g\u00e9nero, desarrollo y transporte urbano<\/figcaption><\/figure>\n<\/div>\n<\/div>\n<\/div>\n<\/div>\n<\/div>\n<\/div>\n<\/div><\/div>\n\n\n\n<div class=\"wp-block-columns\">\n<div class=\"wp-block-column\"><\/div>\n\n\n\n<div class=\"wp-block-column\">\n<figure class=\"wp-block-image size-full is-resized\"><img loading=\"lazy\" src=\"https:\/\/wpd.ugr.es\/~critizens\/wordpress\/wp-content\/uploads\/2022\/05\/image-2.png\" alt=\"\" class=\"wp-image-359\" width=\"165\" height=\"208\" srcset=\"https:\/\/wpd.ugr.es\/~critizens\/wordpress\/wp-content\/uploads\/2022\/05\/image-2.png 724w, https:\/\/wpd.ugr.es\/~critizens\/wordpress\/wp-content\/uploads\/2022\/05\/image-2-238x300.png 238w\" sizes=\"(max-width: 165px) 100vw, 165px\" \/><\/figure>\n<\/div>\n\n\n\n<div class=\"wp-block-column\">\n<figure class=\"wp-block-image size-full is-resized\"><img loading=\"lazy\" src=\"https:\/\/wpd.ugr.es\/~critizens\/wordpress\/wp-content\/uploads\/2022\/05\/image-3.png\" alt=\"\" class=\"wp-image-364\" width=\"215\" height=\"181\" srcset=\"https:\/\/wpd.ugr.es\/~critizens\/wordpress\/wp-content\/uploads\/2022\/05\/image-3.png 886w, https:\/\/wpd.ugr.es\/~critizens\/wordpress\/wp-content\/uploads\/2022\/05\/image-3-300x254.png 300w, https:\/\/wpd.ugr.es\/~critizens\/wordpress\/wp-content\/uploads\/2022\/05\/image-3-768x649.png 768w\" sizes=\"(max-width: 215px) 100vw, 215px\" \/><\/figure>\n<\/div>\n<\/div>\n\n\n\n<div class=\"wp-block-columns\">\n<div class=\"wp-block-column\"><\/div>\n\n\n\n<div class=\"wp-block-column\">\n<p class=\"has-medium-font-size\"><strong>Aurelio Garc\u00eda Garc\u00eda<\/strong><\/p>\n\n\n\n<p style=\"font-size:15px\">Estudiante de Doctorado. Departamento de Econom\u00eda Aplicada. Facultad de Ciencias Econ\u00f3micas y Empresariales de Granada. <\/p>\n\n\n\n<p style=\"font-size:15px\">Graduado en Econom\u00eda por la Universidad de Granada. M\u00e1ster en Cooperaci\u00f3n al Desarrollo, Gesti\u00f3n P\u00fablica y de las ONGDs.  <\/p>\n\n\n\n<figure class=\"wp-block-image is-resized\"><a href=\"https:\/\/scholar.google.es\/citations?hl=es&amp;user=vy0VCUAAAAAJ\"><img loading=\"lazy\" src=\"https:\/\/www.montsepenarroya.com\/wp-content\/uploads\/2018\/09\/google_scholar.png\" alt=\"Descubre como funciona Google Scholar, el nuevo buscador de Google \u2022  Montserrat Pe\u00f1arroya\" width=\"160\" height=\"97\"\/><\/a><figcaption><strong>L\u00edneas de investigaci\u00f3n<\/strong>: <em>sumak kawsay, <\/em>buen vivir, desarrollo, postdesarrollo y nuevas masculinidades<\/figcaption><\/figure>\n<\/div>\n\n\n\n<div class=\"wp-block-column\">\n<p class=\"has-medium-font-size\"><strong>Fernando L\u00f3pez Castellano<\/strong><\/p>\n\n\n\n<p style=\"font-size:15px\">Profesor Titular. Departamento de Econom\u00eda Aplicada. Facultad de Ciencias Econ\u00f3micas y Empresariales de Granada. <\/p>\n\n\n\n<p style=\"font-size:15px\">Doctor en Ciencias Econ\u00f3micas y Empresariales. Miembro del Instituto de Desarrollo Regional de la Universidad de Granada. <\/p>\n\n\n\n<figure class=\"wp-block-image is-resized\"><a href=\"https:\/\/scholar.google.com\/citations?user=PqoUZ8wAAAAJ&amp;hl=es&amp;oi=ao\"><img loading=\"lazy\" src=\"https:\/\/www.montsepenarroya.com\/wp-content\/uploads\/2018\/09\/google_scholar.png\" alt=\"Descubre como funciona Google Scholar, el nuevo buscador de Google \u2022  Montserrat Pe\u00f1arroya\" width=\"160\" height=\"97\"\/><\/a><figcaption><strong>L\u00edneas de investigaci\u00f3n<\/strong>: Historia del Pensamiento Econ\u00f3mico, Econom\u00eda Pol\u00edtica, Instituciones y Econom\u00eda del Desarrollo<\/figcaption><\/figure>\n<\/div>\n<\/div>\n\n\n\n<div class=\"wp-block-columns\">\n<div class=\"wp-block-column\"><\/div>\n\n\n\n<div class=\"wp-block-column\">\n<figure class=\"wp-block-image size-full is-resized\"><img loading=\"lazy\" src=\"https:\/\/wpd.ugr.es\/~critizens\/wordpress\/wp-content\/uploads\/2022\/05\/image-6.png\" alt=\"\" class=\"wp-image-383\" width=\"183\" height=\"208\" srcset=\"https:\/\/wpd.ugr.es\/~critizens\/wordpress\/wp-content\/uploads\/2022\/05\/image-6.png 594w, https:\/\/wpd.ugr.es\/~critizens\/wordpress\/wp-content\/uploads\/2022\/05\/image-6-263x300.png 263w\" sizes=\"(max-width: 183px) 100vw, 183px\" \/><\/figure>\n<\/div>\n\n\n\n<div class=\"wp-block-column\">\n<figure class=\"wp-block-image size-full is-resized\"><img loading=\"lazy\" src=\"https:\/\/wpd.ugr.es\/~critizens\/wordpress\/wp-content\/uploads\/2022\/05\/image-7.png\" alt=\"\" class=\"wp-image-386\" width=\"184\" height=\"216\" srcset=\"https:\/\/wpd.ugr.es\/~critizens\/wordpress\/wp-content\/uploads\/2022\/05\/image-7.png 461w, https:\/\/wpd.ugr.es\/~critizens\/wordpress\/wp-content\/uploads\/2022\/05\/image-7-255x300.png 255w\" sizes=\"(max-width: 184px) 100vw, 184px\" \/><\/figure>\n<\/div>\n<\/div>\n\n\n\n<div class=\"wp-block-columns\">\n<div class=\"wp-block-column\"><\/div>\n\n\n\n<div class=\"wp-block-column\">\n<p class=\"has-medium-font-size\"><strong>Andrea G\u00f3mez Lucena<\/strong><\/p>\n\n\n\n<p style=\"font-size:15px\">Estudiante cursando el Programa de Becas de Iniciaci\u00f3n a la Investigaci\u00f3n. Facultad de Ciencias Sociales y Jur\u00eddicas de Melilla. <\/p>\n\n\n\n<p style=\"font-size:15px\">Graduada en ADE y Derecho por la Universidad de Granada en el Campus de Melilla. Estudiante del M\u00e1ster en Administraci\u00f3n de Empresas y Direcci\u00f3n de Recursos Humanos en Entornos Internacionales. <\/p>\n\n\n\n<p class=\"has-small-font-size\"><strong>L\u00edneas de investigaci\u00f3n<\/strong>: industrializaci\u00f3n y migraciones<\/p>\n<\/div>\n\n\n\n<div class=\"wp-block-column\">\n<p class=\"has-medium-font-size\"><strong>Jos\u00e9 Morillas<\/strong><\/p>\n\n\n\n<p style=\"font-size:15px\">Estudiante de Doctorado. Departamento de Econom\u00eda y Estad\u00edstica. Universidad de Le\u00f3n. <\/p>\n\n\n\n<p style=\"font-size:15px\">Graduado en Econom\u00eda por la Universidad de Granada. M\u00e1ster en Cooperaci\u00f3n al Desarrollo, Gesti\u00f3n P\u00fablica y de las ONGDs. <\/p>\n\n\n\n<p class=\"has-small-font-size\"><strong>L\u00edneas de investigaci\u00f3n<\/strong>: sistemas agroalimentarios locales, cambios en el sistema capitalista y Econom\u00eda Pol\u00edtica del Desarrollo<\/p>\n<\/div>\n<\/div>\n\n\n\n<div class=\"wp-block-columns\">\n<div class=\"wp-block-column\"><\/div>\n\n\n\n<div class=\"wp-block-column\"><\/div>\n\n\n\n<div class=\"wp-block-column\"><\/div>\n<\/div>\n\n\n\n<div class=\"wp-block-columns\">\n<div class=\"wp-block-column\"><\/div>\n\n\n\n<div class=\"wp-block-column\"><\/div>\n\n\n\n<div class=\"wp-block-column\"><\/div>\n<\/div>\n\n\n\n<p><\/p>\n","protected":false},"excerpt":{"rendered":"<p>El grupo Critizens: Historia Econ\u00f3mica, Instituciones y Desarrollo (SEJ476) se crea en el a\u00f1o 2007 con la finalidad de estudiar y elaborar an\u00e1lisis en el<a href=\"https:\/\/wpd.ugr.es\/~critizens\/wordpress\/?page_id=16\" class=\"more-link\"><span class=\"screen-reader-text\"> \u00abQui\u00e9nes somos\u00bb<\/span><\/a><\/p>\n","protected":false},"author":1,"featured_media":0,"parent":0,"menu_order":0,"comment_status":"closed","ping_status":"closed","template":"","meta":[],"_links":{"self":[{"href":"https:\/\/wpd.ugr.es\/~critizens\/wordpress\/index.php?rest_route=\/wp\/v2\/pages\/16"}],"collection":[{"href":"https:\/\/wpd.ugr.es\/~critizens\/wordpress\/index.php?rest_route=\/wp\/v2\/pages"}],"about":[{"href":"https:\/\/wpd.ugr.es\/~critizens\/wordpress\/index.php?rest_route=\/wp\/v2\/types\/page"}],"author":[{"embeddable":true,"href":"https:\/\/wpd.ugr.es\/~critizens\/wordpress\/index.php?rest_route=\/wp\/v2\/users\/1"}],"replies":[{"embeddable":true,"href":"https:\/\/wpd.ugr.es\/~critizens\/wordpress\/index.php?rest_route=%2Fwp%2Fv2%2Fcomments&post=16"}],"version-history":[{"count":98,"href":"https:\/\/wpd.ugr.es\/~critizens\/wordpress\/index.php?rest_route=\/wp\/v2\/pages\/16\/revisions"}],"predecessor-version":[{"id":423,"href":"https:\/\/wpd.ugr.es\/~critizens\/wordpress\/index.php?rest_route=\/wp\/v2\/pages\/16\/revisions\/423"}],"wp:attachment":[{"href":"https:\/\/wpd.ugr.es\/~critizens\/wordpress\/index.php?rest_route=%2Fwp%2Fv2%2Fmedia&parent=16"}],"curies":[{"name":"wp","href":"https:\/\/api.w.org\/{rel}","templated":true}]}}