{"id":170,"date":"2021-12-15T11:42:05","date_gmt":"2021-12-15T11:42:05","guid":{"rendered":"https:\/\/wpd.ugr.es\/~critizens\/wordpress\/?page_id=170"},"modified":"2023-11-21T09:41:56","modified_gmt":"2023-11-21T09:41:56","slug":"contacto","status":"publish","type":"page","link":"https:\/\/wpd.ugr.es\/~critizens\/wordpress\/?page_id=170","title":{"rendered":"Contacto"},"content":{"rendered":"\n<div class=\"wp-block-columns\">\n<div class=\"wp-block-column\" style=\"flex-basis:100%\">\n<div class=\"wp-block-columns\">\n<div class=\"wp-block-column\">\n<p class=\"has-medium-font-size\">Este grupo de investigaci\u00f3n pertenece a la Facultad de Ciencias Econ\u00f3micas y Empresariales situada en el Campus de Cartuja, 18071, Granada.<\/p>\n\n\n\n<p><\/p>\n<\/div>\n\n\n\n<div class=\"wp-block-column\">\n<figure class=\"wp-block-image size-large\"><img loading=\"lazy\" width=\"1024\" height=\"693\" src=\"https:\/\/wpd.ugr.es\/~critizens\/wordpress\/wp-content\/uploads\/2022\/04\/image-1024x693.png\" alt=\"\" class=\"wp-image-292\" srcset=\"https:\/\/wpd.ugr.es\/~critizens\/wordpress\/wp-content\/uploads\/2022\/04\/image-1024x693.png 1024w, https:\/\/wpd.ugr.es\/~critizens\/wordpress\/wp-content\/uploads\/2022\/04\/image-300x203.png 300w, https:\/\/wpd.ugr.es\/~critizens\/wordpress\/wp-content\/uploads\/2022\/04\/image-768x520.png 768w, https:\/\/wpd.ugr.es\/~critizens\/wordpress\/wp-content\/uploads\/2022\/04\/image.png 1135w\" sizes=\"(max-width: 1024px) 100vw, 1024px\" \/><\/figure>\n<\/div>\n<\/div>\n<\/div>\n<\/div>\n\n\n\n<p class=\"has-medium-font-size\">Si tiene alguna consulta que le gustar\u00eda hacer al grupo de investigaci\u00f3n, puede realizarla a trav\u00e9s de los siguientes correos electr\u00f3nicos:<\/p>\n\n\n\n<div class=\"wp-block-columns\">\n<div class=\"wp-block-column\">\n<div class=\"wp-block-columns\">\n<div class=\"wp-block-column\">\n<p class=\"has-medium-font-size\"><strong>Fernando Garc\u00eda Quero<\/strong><\/p>\n\n\n\n<p style=\"font-size:17px\">fgquero@ugr.es<\/p>\n<\/div>\n\n\n\n<div class=\"wp-block-column\">\n<p class=\"has-medium-font-size\"><strong>Carmen Liz\u00e1rraga Mollinedo<\/strong><\/p>\n\n\n\n<p style=\"font-size:17px\">clizarra@ugr.es<br><\/p>\n<\/div>\n<\/div>\n\n\n\n<div class=\"wp-block-columns\">\n<div class=\"wp-block-column\">\n<p class=\"has-medium-font-size\"><strong>Marina Checa Olivas<\/strong><\/p>\n\n\n\n<p style=\"font-size:17px\">mcheca@ugr.es<\/p>\n<\/div>\n\n\n\n<div class=\"wp-block-column\">\n<p class=\"has-medium-font-size\"><strong>Aurelio Garc\u00eda Garc\u00eda<\/strong><\/p>\n\n\n\n<p style=\"font-size:17px\">aureliogarciagarcia@correo.ugr.es<\/p>\n<\/div>\n<\/div>\n<\/div>\n<\/div>\n\n\n\n<div class=\"wp-block-columns\">\n<div class=\"wp-block-column\"><\/div>\n\n\n\n<div class=\"wp-block-column\"><\/div>\n<\/div>\n\n\n\n<div class=\"wp-block-columns\">\n<div class=\"wp-block-column\">\n<p class=\"has-medium-font-size\"><strong>Fernando L\u00f3pez Castellano<\/strong><\/p>\n\n\n\n<p style=\"font-size:17px\">flopezc@ugr.es<\/p>\n<\/div>\n\n\n\n<div class=\"wp-block-column\">\n<p class=\"has-medium-font-size\"><strong>Jos\u00e9 Morillas<\/strong><\/p>\n\n\n\n<p style=\"font-size:17px\">josemorillas@correo.ugr.es<\/p>\n<\/div>\n\n\n\n<div class=\"wp-block-column\">\n<p class=\"has-medium-font-size\"><strong>Andrea G\u00f3mez Lucena<\/strong><\/p>\n\n\n\n<p style=\"font-size:17px\">agomluc@correo.ugr.es<\/p>\n<\/div>\n<\/div>\n\n\n\n<p class=\"has-medium-font-size\"><strong>Brendan<\/strong> <strong>Von Briesen<\/strong><\/p>\n\n\n\n<p style=\"font-size:17px\">brendanjvb@gmail.com<\/p>\n","protected":false},"excerpt":{"rendered":"<p>Este grupo de investigaci\u00f3n pertenece a la Facultad de Ciencias Econ\u00f3micas y Empresariales situada en el Campus de Cartuja, 18071, Granada. Si tiene alguna consulta<a href=\"https:\/\/wpd.ugr.es\/~critizens\/wordpress\/?page_id=170\" class=\"more-link\"><span class=\"screen-reader-text\"> \u00abContacto\u00bb<\/span><\/a><\/p>\n","protected":false},"author":1,"featured_media":0,"parent":0,"menu_order":0,"comment_status":"closed","ping_status":"closed","template":"","meta":[],"_links":{"self":[{"href":"https:\/\/wpd.ugr.es\/~critizens\/wordpress\/index.php?rest_route=\/wp\/v2\/pages\/170"}],"collection":[{"href":"https:\/\/wpd.ugr.es\/~critizens\/wordpress\/index.php?rest_route=\/wp\/v2\/pages"}],"about":[{"href":"https:\/\/wpd.ugr.es\/~critizens\/wordpress\/index.php?rest_route=\/wp\/v2\/types\/page"}],"author":[{"embeddable":true,"href":"https:\/\/wpd.ugr.es\/~critizens\/wordpress\/index.php?rest_route=\/wp\/v2\/users\/1"}],"replies":[{"embeddable":true,"href":"https:\/\/wpd.ugr.es\/~critizens\/wordpress\/index.php?rest_route=%2Fwp%2Fv2%2Fcomments&post=170"}],"version-history":[{"count":39,"href":"https:\/\/wpd.ugr.es\/~critizens\/wordpress\/index.php?rest_route=\/wp\/v2\/pages\/170\/revisions"}],"predecessor-version":[{"id":427,"href":"https:\/\/wpd.ugr.es\/~critizens\/wordpress\/index.php?rest_route=\/wp\/v2\/pages\/170\/revisions\/427"}],"wp:attachment":[{"href":"https:\/\/wpd.ugr.es\/~critizens\/wordpress\/index.php?rest_route=%2Fwp%2Fv2%2Fmedia&parent=170"}],"curies":[{"name":"wp","href":"https:\/\/api.w.org\/{rel}","templated":true}]}}