{"id":86,"date":"2021-12-14T22:09:32","date_gmt":"2021-12-14T22:09:32","guid":{"rendered":"https:\/\/wpd.ugr.es\/~critizens\/wordpress\/?page_id=86"},"modified":"2023-11-21T09:40:19","modified_gmt":"2023-11-21T09:40:19","slug":"lineas-investigacion","status":"publish","type":"page","link":"https:\/\/wpd.ugr.es\/~critizens\/wordpress\/?page_id=86","title":{"rendered":"L\u00edneas investigaci\u00f3n"},"content":{"rendered":"\n<div class=\"wp-container-1 wp-block-group alignwide\"><div class=\"wp-block-group__inner-container\">\n<ul class=\"has-medium-font-size\"><li><strong>Historia del pensamiento econ\u00f3mico<\/strong>: En esta l\u00ednea se pretende analizar las corrientes econ\u00f3micas que, a lo largo de la historia, han ido conformando el pensamiento actual.<\/li><\/ul>\n\n\n\n<p style=\"font-size:17px\">         RESPONSABLE DE LA L\u00cdNEA: Fernando L\u00f3pez Castellano<\/p>\n\n\n\n<ul class=\"has-medium-font-size\"><li><strong>Instituciones y desarrollo:<\/strong> Se estudia la problem\u00e1tica del desarrollo enfatizando en el marco institucional que lo produce y los impactos sociales y ambientales que se derivan del mismo.                                                                                                                                                             <\/li><\/ul>\n\n\n\n<p style=\"font-size:17px\">RESPONSABLE DE LA L\u00cdNEA: Fernando Garc\u00eda Quero<\/p>\n\n\n\n<ul class=\"has-medium-font-size\"><li><strong>Movilidad urbana sostenible:<\/strong> Se analiza la movilidad cotidiana personal en \u00e1reas urbanas a fin de obtener propuestas que permitan avanzar hacia un modelo m\u00e1s sostenible, en el que se prioricen los modos activos de transporte y se atiendan las necesidades diferenciales de movilidad seg\u00fan diversas caracter\u00edsticas socioecon\u00f3micas.<\/li><\/ul>\n\n\n\n<p style=\"font-size:17px\">RESPONSABLE DE LA L\u00cdNEA: Carmen Liz\u00e1rraga Mollinedo<\/p>\n<\/div><\/div>\n\n\n\n<p><\/p>\n","protected":false},"excerpt":{"rendered":"<p>Historia del pensamiento econ\u00f3mico: En esta l\u00ednea se pretende analizar las corrientes econ\u00f3micas que, a lo largo de la historia, han ido conformando el pensamiento<a href=\"https:\/\/wpd.ugr.es\/~critizens\/wordpress\/?page_id=86\" class=\"more-link\"><span class=\"screen-reader-text\"> \u00abL\u00edneas investigaci\u00f3n\u00bb<\/span><\/a><\/p>\n","protected":false},"author":1,"featured_media":0,"parent":0,"menu_order":0,"comment_status":"closed","ping_status":"closed","template":"","meta":[],"_links":{"self":[{"href":"https:\/\/wpd.ugr.es\/~critizens\/wordpress\/index.php?rest_route=\/wp\/v2\/pages\/86"}],"collection":[{"href":"https:\/\/wpd.ugr.es\/~critizens\/wordpress\/index.php?rest_route=\/wp\/v2\/pages"}],"about":[{"href":"https:\/\/wpd.ugr.es\/~critizens\/wordpress\/index.php?rest_route=\/wp\/v2\/types\/page"}],"author":[{"embeddable":true,"href":"https:\/\/wpd.ugr.es\/~critizens\/wordpress\/index.php?rest_route=\/wp\/v2\/users\/1"}],"replies":[{"embeddable":true,"href":"https:\/\/wpd.ugr.es\/~critizens\/wordpress\/index.php?rest_route=%2Fwp%2Fv2%2Fcomments&post=86"}],"version-history":[{"count":27,"href":"https:\/\/wpd.ugr.es\/~critizens\/wordpress\/index.php?rest_route=\/wp\/v2\/pages\/86\/revisions"}],"predecessor-version":[{"id":425,"href":"https:\/\/wpd.ugr.es\/~critizens\/wordpress\/index.php?rest_route=\/wp\/v2\/pages\/86\/revisions\/425"}],"wp:attachment":[{"href":"https:\/\/wpd.ugr.es\/~critizens\/wordpress\/index.php?rest_route=%2Fwp%2Fv2%2Fmedia&parent=86"}],"curies":[{"name":"wp","href":"https:\/\/api.w.org\/{rel}","templated":true}]}}