{"id":100,"date":"2021-07-16T12:24:06","date_gmt":"2021-07-16T10:24:06","guid":{"rendered":"https:\/\/wpd.ugr.es\/~dostoievski\/?page_id=100"},"modified":"2021-07-28T10:27:06","modified_gmt":"2021-07-28T08:27:06","slug":"presentacion","status":"publish","type":"page","link":"https:\/\/wpd.ugr.es\/~dostoievski\/presentacion\/","title":{"rendered":"Presentaci\u00f3n de las jornadas"},"content":{"rendered":"\n<h3 class=\"has-background\" style=\"background-color:#eceff2\">La herencia cultural de Fi\u00f3dor Dostoievski en Espa\u00f1a y Latinoam\u00e9rica<\/h3>\n\n\n\n<h4 class=\"has-text-align-center\">Granada, 20-25 de septiembre de 2021<\/h4>\n\n\n\n<div class=\"wp-block-media-text alignwide is-stacked-on-mobile is-vertically-aligned-top\" style=\"grid-template-columns:37% auto\"><figure class=\"wp-block-media-text__media\"><a href=\"https:\/\/klimbim2014.wordpress.com\/\" target=\"_blank\" rel=\"noopener\"><img loading=\"lazy\" width=\"219\" height=\"300\" src=\"https:\/\/wpd.ugr.es\/~dostoievski\/wp-content\/uploads\/2021\/07\/dostoevsky-1879_Klimbim-e1626427983712-219x300.jpg\" alt=\"Fi\u00f3dor Dostoi\u00e9vski en 1879, color by Klimbim\" class=\"wp-image-81 size-medium\" srcset=\"https:\/\/wpd.ugr.es\/~dostoievski\/wp-content\/uploads\/2021\/07\/dostoevsky-1879_Klimbim-e1626427983712-219x300.jpg 219w, https:\/\/wpd.ugr.es\/~dostoievski\/wp-content\/uploads\/2021\/07\/dostoevsky-1879_Klimbim-e1626427983712.jpg 425w\" sizes=\"(max-width: 219px) 100vw, 219px\" \/><\/a><\/figure><div class=\"wp-block-media-text__content\">\n<div class=\"wp-block-columns\">\n<div class=\"wp-block-column\" style=\"flex-basis:100%\">\n<p>El nombre de <strong>Fi\u00f3dor Mij\u00e1ilovich Dostoievski (11 de noviembre de 1821 \u2014 9 de febrero de 1881)<\/strong>\u00a0es conocido en todos los rincones del mundo. Sus ideas, personajes e im\u00e1genes se han reflejado en el pensamiento y la obra de poetas, escritores y pintores, dramaturgos, guionistas y directores de cine. Tambi\u00e9n, en los fil\u00f3sofos, soci\u00f3logos, antrop\u00f3logos, psic\u00f3logos y pol\u00edticos profesionales.<\/p>\n<\/div>\n<\/div>\n\n\n\n<p>El estudiante Rask\u00f3lnikov que mata a una anciana para probar sus ideas, el pr\u00edncipe Myshkin tildado de idiota, el Gran Inquisidor conversando con Jes\u00fas; todas aquellas almas atormentadas de hombres, mujeres e incluso ni\u00f1os han calado profundamente en el imaginario de los lectores espa\u00f1oles y latinoamericanos.<\/p>\n\n\n\n<p>Este curso pretende indagar en el c\u00f3mo y el porqu\u00e9 del fen\u00f3meno Dostoievski en el mundo de habla hispana. Los especialistas de Espa\u00f1a, Argentina y Rusia se re\u00fanen para hablar de su presencia en la obra de los escritores de la generaci\u00f3n del 98, de los pensadores como Ortega y Gasset, autores latinoamericanos como Borges, Roberto Arlt o Gabriel Garc\u00eda M\u00e1rquez.<\/p>\n<\/div><\/div>\n\n\n\n<p>Aparte de escuchar a los especialistas, os proponemos a ver el cine basado en las novelas de Dostoievski.\u00a0 Las obras maestras de Richard Brooks, Luchino Visconti y Iv\u00e1n P\u00fdriev han servido de entrada en el mundo del genio ruso para miles de espectadores de todo el mundo.<\/p>\n\n\n\n<p>En estas jornadas tambi\u00e9n habr\u00e1 espacio para la reflexi\u00f3n colectiva. Primero, os invitamos a debatir sobre un cap\u00edtulo de la novela <em>Los hermanos Karam\u00e1zov<\/em>\u00a0 titulado \u00abEl Gran Inquisidor\u00bb. En otra ocasi\u00f3n, hablaremos de la herencia cultural dostoievskiana en Latinoam\u00e9rica rodeados de los retratos de los genios de la cultura latina realizados por la fot\u00f3grafa alemana Gis\u00e8le Freund en los a\u00f1os 1930. Por \u00faltimo, nos reuniremos para hablar sobre c\u00f3mo se transforman las obras del escritor ruso en el cine. <\/p>\n\n\n\n<p>Falta a\u00f1adir que las jornadas dostoievskianas se celebran este a\u00f1o con el prop\u00f3sito de conmemorar el bicentenario de nacimiento del gran escritor ruso. Sin embargo, no es un tributo con aire de despedida. La obra de Fi\u00f3dor Dostoievski es actual hoy en d\u00eda tanto como lo fue hace 100 a\u00f1os. Por ello, las jornadas se destinan al p\u00fablico amplio sin limitaci\u00f3n de edad, estudios, intereses y ubicaci\u00f3n geogr\u00e1fica.<\/p>\n","protected":false},"excerpt":{"rendered":"<p>La herencia cultural de Fi\u00f3dor Dostoievski en Espa\u00f1a y Latinoam\u00e9rica Granada, 20-25 de septiembre de 2021 Aparte de escuchar a los especialistas, os proponemos a ver el cine basado en las novelas de Dostoievski.\u00a0 Las obras maestras de Richard Brooks, Luchino Visconti y Iv\u00e1n P\u00fdriev han servido de entrada en el mundo del genio ruso&hellip; <br \/> <a class=\"button small blue\" href=\"https:\/\/wpd.ugr.es\/~dostoievski\/presentacion\/\">Leer m\u00e1s<\/a><\/p>\n","protected":false},"author":1,"featured_media":0,"parent":0,"menu_order":0,"comment_status":"closed","ping_status":"closed","template":"","meta":[],"_links":{"self":[{"href":"https:\/\/wpd.ugr.es\/~dostoievski\/wp-json\/wp\/v2\/pages\/100"}],"collection":[{"href":"https:\/\/wpd.ugr.es\/~dostoievski\/wp-json\/wp\/v2\/pages"}],"about":[{"href":"https:\/\/wpd.ugr.es\/~dostoievski\/wp-json\/wp\/v2\/types\/page"}],"author":[{"embeddable":true,"href":"https:\/\/wpd.ugr.es\/~dostoievski\/wp-json\/wp\/v2\/users\/1"}],"replies":[{"embeddable":true,"href":"https:\/\/wpd.ugr.es\/~dostoievski\/wp-json\/wp\/v2\/comments?post=100"}],"version-history":[{"count":13,"href":"https:\/\/wpd.ugr.es\/~dostoievski\/wp-json\/wp\/v2\/pages\/100\/revisions"}],"predecessor-version":[{"id":257,"href":"https:\/\/wpd.ugr.es\/~dostoievski\/wp-json\/wp\/v2\/pages\/100\/revisions\/257"}],"wp:attachment":[{"href":"https:\/\/wpd.ugr.es\/~dostoievski\/wp-json\/wp\/v2\/media?parent=100"}],"curies":[{"name":"wp","href":"https:\/\/api.w.org\/{rel}","templated":true}]}}