{"id":242,"date":"2021-07-28T10:00:46","date_gmt":"2021-07-28T08:00:46","guid":{"rendered":"https:\/\/wpd.ugr.es\/~dostoievski\/?page_id=242"},"modified":"2021-07-28T12:28:46","modified_gmt":"2021-07-28T10:28:46","slug":"coloquios","status":"publish","type":"page","link":"https:\/\/wpd.ugr.es\/~dostoievski\/coloquios\/","title":{"rendered":"Coloquios"},"content":{"rendered":"\n<p class=\"has-background\" style=\"background-color:#eceff2\"><em>Nuestras jornadas tambi\u00e9n incluyen espacio para el intercambio de ideas y di\u00e1logo abierto. Como temas de discusi\u00f3n, proponemos tres t\u00f3picos de los que hablaremos en tres escenarios diferentes: librer\u00eda \u00abEl Tiempo Perdido\u00bb, galer\u00eda Centro Guerrero y el centro Art\u00edstico, Literario y Cient\u00edfico de Granada. Debatiremos sobre el colof\u00f3n del pensamiento \u00e9tico dostoievskiano <\/em>La leyenda del Gran Inquisidor<em>; recordaremos a los cl\u00e1sicos de la literatura latinoamericana y su relaci\u00f3n con la obra de Dostoievski; y, finalmente, reflexionaremos sobre la otra vida de los libros del escritor ruso en el cine internacional.<\/em><\/p>\n\n\n<ol class=\"simpletoc\">\n<li>\n<a class=\"smooth-scroll\" href=\"https:\/\/wpd.ugr.es\/~dostoievski\/coloquios\/#el-gran-inquisidor\">El Gran Inquisidor<\/a><\/li><li>\n<a class=\"smooth-scroll\" href=\"https:\/\/wpd.ugr.es\/~dostoievski\/coloquios\/#dostoievski-en-la-literatura-de-latinoamerica\">Dostoievski en la literatura de Latinoam\u00e9rica<\/a><\/li><li>\n<a class=\"smooth-scroll\" href=\"https:\/\/wpd.ugr.es\/~dostoievski\/coloquios\/#dostoievski-en-el-cine\">Dostoievski en el cine<\/a><\/li><\/ol>\n\n<h2 id=\"el-gran-inquisidor\">El Gran Inquisidor<\/h2>\n\n\n<p class=\"has-vivid-red-color has-text-color\"><strong>mi\u00e9rcoles, 22 de septiembre. 20:00. Librer\u00eda le Tiempo Perdido (C. \/ Puentezuelas, 49A)<\/strong><\/p>\n\n\n\n<div class=\"wp-block-media-text alignwide is-stacked-on-mobile is-vertically-aligned-top\" style=\"grid-template-columns:47% auto\"><figure class=\"wp-block-media-text__media\"><img loading=\"lazy\" width=\"1024\" height=\"673\" src=\"https:\/\/wpd.ugr.es\/~dostoievski\/wp-content\/uploads\/2021\/07\/Gran_Inquisidor-1024x673.jpg\" alt=\"El Gran Inquisidor. Cuadro por Ilia Glazunov, 1985.\" class=\"wp-image-243 size-full\" srcset=\"https:\/\/wpd.ugr.es\/~dostoievski\/wp-content\/uploads\/2021\/07\/Gran_Inquisidor-1024x673.jpg 1024w, https:\/\/wpd.ugr.es\/~dostoievski\/wp-content\/uploads\/2021\/07\/Gran_Inquisidor-300x197.jpg 300w, https:\/\/wpd.ugr.es\/~dostoievski\/wp-content\/uploads\/2021\/07\/Gran_Inquisidor-768x505.jpg 768w, https:\/\/wpd.ugr.es\/~dostoievski\/wp-content\/uploads\/2021\/07\/Gran_Inquisidor-1536x1009.jpg 1536w, https:\/\/wpd.ugr.es\/~dostoievski\/wp-content\/uploads\/2021\/07\/Gran_Inquisidor-1643x1080.jpg 1643w, https:\/\/wpd.ugr.es\/~dostoievski\/wp-content\/uploads\/2021\/07\/Gran_Inquisidor.jpg 1800w\" sizes=\"(max-width: 1024px) 100vw, 1024px\" \/><\/figure><div class=\"wp-block-media-text__content\">\n<blockquote class=\"wp-block-quote is-style-default\"><p>\u00ab<em>Quieres presentarte al mundo con las manos vac\u00edas, anunci\u00e1ndoles a los hombres una libertad que su tonter\u00eda y su maldad naturales no lo permiten comprender, una liberad espantosa, \u00a1pues para el hombre y para la sociedad no ha habido nunca nada tan espantoso como la libertad!, cuando, si convirtieses en panes todas esas piedras peladas esparcidas ante tu vista, ver\u00edas a la Humanidad correr, en pos de ti, como un reba\u00f1o, agradecida, sumisa, temerosa tan s\u00f3lo de que tu mano depusiera su adem\u00e1n taumat\u00fargico y los panes se tornasen piedras.\u201d<\/em><\/p><cite>Los hermanos Karam\u00e1zov, Fi\u00f3dor Dostoievski<\/cite><\/blockquote>\n<\/div><\/div>\n\n\n\n<p>Para este coloquio, que se celebrar\u00e1 en una librer\u00eda muy especial, os invitamos a leer el cap\u00edtulo \u00abEl Gran Inquisidor\u00bb de la novela <em>Los hermanos Karam\u00e1zov <\/em>en casa y luego reflexionar juntos sobre su contenido en el coloquio.\u00a0 He aqu\u00ed algunas preguntas que ofrecemos a modo de sugerencia:<\/p>\n\n\n\n<p class=\"has-background\" style=\"background-color:#f7fbfd\">\u00bfPor qu\u00e9 Dostoievski recurri\u00f3 a la figura del Gran Inquisidor y no a una personalidad eclesi\u00e1stica del mundo ortodoxo? \u00bfQui\u00e9n de los dos, el Gran Inquisidor o su prisionero silencioso, resulta m\u00e1s convincente para el lector de Dostoievski? \u00bfSiguen vigentes las preguntas y las ideas planteadas en el cap\u00edtulo? \u00bfPodr\u00edamos trasponerlas a la realidad actual?<\/p>\n\n\n\n<p>El encuentro estar\u00e1 moderado por Nina Kressova Iordanishvili y Rafael Manuel Cansinos Gal\u00e1n<\/p>\n\n\n\n<hr class=\"wp-block-separator\"\/>\n\n\n<h2 id=\"dostoievski-en-la-literatura-de-latinoamerica\">Dostoievski en la literatura de Latinoam\u00e9rica<\/h2>\n\n\n<p class=\"has-vivid-red-color has-text-color\"><strong>jueves, 23 de septiembre. 19:00. Centro Guerrero (Calle Oficios, 8)<\/strong><\/p>\n\n\n\n<div class=\"wp-block-media-text alignwide has-media-on-the-right is-stacked-on-mobile\" style=\"grid-template-columns:auto 32%\"><figure class=\"wp-block-media-text__media\"><img loading=\"lazy\" width=\"666\" height=\"1024\" src=\"https:\/\/wpd.ugr.es\/~dostoievski\/wp-content\/uploads\/2021\/07\/Cansinos_Assens-666x1024.jpg\" alt=\"\" class=\"wp-image-266 size-full\" srcset=\"https:\/\/wpd.ugr.es\/~dostoievski\/wp-content\/uploads\/2021\/07\/Cansinos_Assens-666x1024.jpg 666w, https:\/\/wpd.ugr.es\/~dostoievski\/wp-content\/uploads\/2021\/07\/Cansinos_Assens-195x300.jpg 195w, https:\/\/wpd.ugr.es\/~dostoievski\/wp-content\/uploads\/2021\/07\/Cansinos_Assens-768x1180.jpg 768w, https:\/\/wpd.ugr.es\/~dostoievski\/wp-content\/uploads\/2021\/07\/Cansinos_Assens-999x1536.jpg 999w, https:\/\/wpd.ugr.es\/~dostoievski\/wp-content\/uploads\/2021\/07\/Cansinos_Assens-1333x2048.jpg 1333w, https:\/\/wpd.ugr.es\/~dostoievski\/wp-content\/uploads\/2021\/07\/Cansinos_Assens-1024x1574.jpg 1024w, https:\/\/wpd.ugr.es\/~dostoievski\/wp-content\/uploads\/2021\/07\/Cansinos_Assens-703x1080.jpg 703w, https:\/\/wpd.ugr.es\/~dostoievski\/wp-content\/uploads\/2021\/07\/Cansinos_Assens-scaled.jpg 1666w\" sizes=\"(max-width: 666px) 100vw, 666px\" \/><\/figure><div class=\"wp-block-media-text__content\">\n<figure class=\"wp-block-image\"><img src=\"https:\/\/centroguerrero.es\/wp-content\/uploads\/2021\/06\/Captura1-845x321.jpg\" alt=\"\" class=\"wp-image-11471\"\/><figcaption><a href=\"https:\/\/centroguerrero.es\/expos\/gisele-freund\/\" target=\"_blank\" rel=\"noreferrer noopener\">Gis\u00e8le Freund<\/a><\/figcaption><\/figure>\n\n\n\n<p>Este coloquio se celebrar\u00e1 en un escenario \u00fanico:<a href=\"https:\/\/centroguerrero.es\/expos\/gisele-freund\/\" target=\"_blank\" rel=\"noreferrer noopener\"> la exposici\u00f3n \u00abGis\u00e8le Freund y el mundo hisp\u00e1nico\u00bb de la galer\u00eda Centro Guerreo<\/a>. La fot\u00f3grafa alemana viaj\u00f3 en los a\u00f1os 30 del siglo pasado por varios pa\u00edses de Am\u00e9rica Latina e hizo retratos excepcionales de muchas personalidades del mundo intelectual latino. <\/p>\n<\/div><\/div>\n\n\n\n<p>Rafael Manuel Cansinos Gal\u00e1n, hijo del c\u00e9lebre traductor y director de la Fundaci\u00f3n que atesora el legado de Cansinos Assens, junto a la coordinadora del Centro Ruso Nina Kressova Iordanishvili hablar\u00e1n de c\u00f3mo Dostoievski traducido por Rafael Cansinos Assens se introdujo en Latinoam\u00e9rica ejerciendo una profunda influencia en la obra de escritores como Jorge Luis Borges y Gabriel Garc\u00eda M\u00e1rquez, entre otros.  <\/p>\n\n\n\n<hr class=\"wp-block-separator\"\/>\n\n\n<h2 id=\"dostoievski-en-el-cine\">Dostoievski en el cine<\/h2>\n\n\n<p class=\"has-vivid-red-color has-text-color\"><strong>s\u00e1bado, 25 de septiembre. 19:00. Centro Art\u00edstico, Literario y Cient\u00edfico de Granada (CALC) (Calle Almona del Campillo, 2)<\/strong><\/p>\n\n\n\n<div class=\"wp-block-media-text alignwide is-stacked-on-mobile\" style=\"grid-template-columns:47% auto\"><figure class=\"wp-block-media-text__media\"><a href=\"https:\/\/es.wikipedia.org\/wiki\/Noches_blancas_(pel%C3%ADcula_de_1957)\" target=\"_blank\" rel=\"noopener\"><img loading=\"lazy\" width=\"1024\" height=\"576\" src=\"https:\/\/wpd.ugr.es\/~dostoievski\/wp-content\/uploads\/2021\/07\/noches_blancas.png\" alt=\"Las noches blancas, Visconti\" class=\"wp-image-67 size-full\" srcset=\"https:\/\/wpd.ugr.es\/~dostoievski\/wp-content\/uploads\/2021\/07\/noches_blancas.png 1024w, https:\/\/wpd.ugr.es\/~dostoievski\/wp-content\/uploads\/2021\/07\/noches_blancas-300x169.png 300w, https:\/\/wpd.ugr.es\/~dostoievski\/wp-content\/uploads\/2021\/07\/noches_blancas-768x432.png 768w\" sizes=\"(max-width: 1024px) 100vw, 1024px\" \/><\/a><\/figure><div class=\"wp-block-media-text__content\">\n<p>En esta ocasi\u00f3n os invitamos a ver la pel\u00edcula de Luchino Visconti \u00abLas noches blancas\u00bb para comentar en el coloquio sobre la segunda vida de las obras de Dostoievski en el cine internacional. <\/p>\n\n\n\n<p><\/p>\n<\/div><\/div>\n\n\n\n<p><\/p>\n\n\n\n<figure class=\"wp-block-embed is-type-video is-provider-youtube wp-block-embed-youtube wp-embed-aspect-4-3 wp-has-aspect-ratio\"><div class=\"wp-block-embed__wrapper\">\n<iframe loading=\"lazy\" title=\"Noches Blancas - Luchino Visconti\" width=\"1333\" height=\"1000\" src=\"https:\/\/www.youtube.com\/embed\/kuJJbpLb5Us?feature=oembed\" frameborder=\"0\" allow=\"accelerometer; autoplay; clipboard-write; encrypted-media; gyroscope; picture-in-picture\" allowfullscreen><\/iframe>\n<\/div><figcaption>\u00abLas noches blancas\u00bb de Luchino Visconti se estrenaron en 1957. Es una pel\u00edcula rom\u00e1ntica llena de amor y belleza. Una joven hu\u00e9rfana comparte su historia de amor con un desconocido. Le ayuda a buscar a su amado durante las noches blancas de San Petersburgo. Entre ellos surge el amor pero el desenlace es inesperado.<\/figcaption><\/figure>\n\n\n\n<p>Protagonizada por <a style=\"font-family: inherit; font-size: inherit; font-style: inherit; font-variant-ligatures: inherit; font-variant-caps: inherit;\" title=\"Giorgio Albertazzi\" href=\"https:\/\/es.wikipedia.org\/wiki\/Maria_Schell\">Maria Schell<\/a><span style=\"font-size: inherit; font-style: inherit; font-variant-ligatures: inherit; font-variant-caps: inherit; font-weight: inherit;\"> (Natalia), <\/span><a style=\"font-family: inherit; font-size: inherit; font-style: inherit; font-variant-ligatures: inherit; font-variant-caps: inherit;\" title=\"Marcello Mastroianni\" href=\"https:\/\/es.wikipedia.org\/wiki\/Marcello_Mastroianni\">Marcello Mastroianni<\/a><span style=\"font-size: inherit; font-style: inherit; font-variant-ligatures: inherit; font-variant-caps: inherit; font-weight: inherit;\"> (Mario) y <\/span><a style=\"font-family: inherit; font-size: inherit; font-style: inherit; font-variant-ligatures: inherit; font-variant-caps: inherit;\" title=\"Jean Marais\" href=\"https:\/\/es.wikipedia.org\/wiki\/Jean_Marais\">Jean Marais<\/a><span style=\"font-size: inherit; font-style: inherit; font-variant-ligatures: inherit; font-variant-caps: inherit; font-weight: inherit;\"> (El inquilino).<\/span><\/p>\n","protected":false},"excerpt":{"rendered":"<p>Nuestras jornadas tambi\u00e9n incluyen espacio para el intercambio de ideas y di\u00e1logo abierto. Como temas de discusi\u00f3n, proponemos tres t\u00f3picos de los que hablaremos en tres escenarios diferentes: librer\u00eda \u00abEl Tiempo Perdido\u00bb, galer\u00eda Centro Guerrero y el centro Art\u00edstico, Literario y Cient\u00edfico de Granada. Debatiremos sobre el colof\u00f3n del pensamiento \u00e9tico dostoievskiano La leyenda del&hellip; <br \/> <a class=\"button small blue\" href=\"https:\/\/wpd.ugr.es\/~dostoievski\/coloquios\/\">Leer m\u00e1s<\/a><\/p>\n","protected":false},"author":1,"featured_media":0,"parent":0,"menu_order":0,"comment_status":"closed","ping_status":"closed","template":"","meta":[],"_links":{"self":[{"href":"https:\/\/wpd.ugr.es\/~dostoievski\/wp-json\/wp\/v2\/pages\/242"}],"collection":[{"href":"https:\/\/wpd.ugr.es\/~dostoievski\/wp-json\/wp\/v2\/pages"}],"about":[{"href":"https:\/\/wpd.ugr.es\/~dostoievski\/wp-json\/wp\/v2\/types\/page"}],"author":[{"embeddable":true,"href":"https:\/\/wpd.ugr.es\/~dostoievski\/wp-json\/wp\/v2\/users\/1"}],"replies":[{"embeddable":true,"href":"https:\/\/wpd.ugr.es\/~dostoievski\/wp-json\/wp\/v2\/comments?post=242"}],"version-history":[{"count":14,"href":"https:\/\/wpd.ugr.es\/~dostoievski\/wp-json\/wp\/v2\/pages\/242\/revisions"}],"predecessor-version":[{"id":269,"href":"https:\/\/wpd.ugr.es\/~dostoievski\/wp-json\/wp\/v2\/pages\/242\/revisions\/269"}],"wp:attachment":[{"href":"https:\/\/wpd.ugr.es\/~dostoievski\/wp-json\/wp\/v2\/media?parent=242"}],"curies":[{"name":"wp","href":"https:\/\/api.w.org\/{rel}","templated":true}]}}