{"id":5,"date":"2021-07-12T09:19:28","date_gmt":"2021-07-12T09:19:28","guid":{"rendered":"https:\/\/wpd.ugr.es\/~dostoievski\/?page_id=5"},"modified":"2021-09-14T12:18:30","modified_gmt":"2021-09-14T10:18:30","slug":"one-page-express","status":"publish","type":"page","link":"https:\/\/wpd.ugr.es\/~dostoievski\/","title":{"rendered":"Inicio"},"content":{"rendered":"<div  id=\"jornadas\" class=\"about-big-images-section\" style=\"background-color: #ffffff;\" data-label=\"Jornadas\" data-id=\"about-big-images-section\" data-category=\"about\">\n<div  class=\"\">\n<div  class=\"about-big-images-textrow\">\n<div  class=\"about-big-images-textcol dynamic-color\" data-type=\"column\">\n<h5  class=\"\">JORNADAS<\/h5>\n<h3  class=\"\">La herencia cultural de Fi\u00f3dor Dostoievski en Espa\u00f1a y Latinoam\u00e9rica<\/h3>\n<h4  class=\"\">Granada, 20-25 de septiembre de 2021<\/h4>\n<p  class=\"MsoBodyText\">El nombre de Fi\u00f3dor Mij\u00e1ilovich Dostoievski es conocido en todos los rincones del mundo. Sus ideas, personajes e im\u00e1genes se han reflejado en el pensamiento y la obra de poetas, escritores y pintores, dramaturgos, guionistas y directores de cine. Tambi\u00e9n, en los fil\u00f3sofos, soci\u00f3logos, antrop\u00f3logos, psic\u00f3logos y pol\u00edticos profesionales.<\/p>\n<a class=\"button blue big\" href=\"https:\/\/wpd.ugr.es\/~dostoievski\/presentacion\/#page-content\" target=\"_self\" rel=\"noopener\">LEER M\u00c1S<\/a>\n\n<\/div>\n<\/div>\n<\/div>\n<div  class=\"about-big-images-bottomrow\">\n<div  class=\"about-big-images-leftimgcol\"><\/div>\n<div  class=\"about-big-images-centerimgcol\"><\/div>\n<div  class=\"about-big-images-rightimgcol\"><\/div>\n<\/div>\n<\/div><div  id=\"numbers\" class=\"numbers-section\" data-label=\"Numbers\" data-id=\"numbers-section\" data-category=\"numbers\" data-bg=\"transparent\" data-parallax-depth=\"20\">\n<div  class=\"gridContainer dynamic-color\">\n<div  class=\"numbers-itemcol\">\n<h2  class=\"numbers-numbertext\">12<\/h2>\n<h3  class=\"numbers-titletext\">conferencias<\/h3>\n<\/div>\n<div  class=\"numbers-itemcol\">\n<h2  class=\"numbers-numbertext\">3<\/h2>\n<h3  class=\"numbers-titletext\">coloquios<\/h3>\n<\/div>\n<div  class=\"numbers-itemcol-last\">\n<h2  class=\"numbers-numbertext\">2<\/h2>\n<h3  class=\"numbers-titletext\">pel\u00edculas<\/h3>\n<\/div>\n<\/div>\n<\/div><div  id=\"ponentes\" class=\"team-small-section\" style=\"background-color: #f6f6f6;\" data-label=\"Ponentes\" data-id=\"team-small-section\" data-category=\"team\">\n<div  class=\"dynamic-color\">\n<div  class=\"team-small-textcol\" data-type=\"column\">\n<h2  class=\"\">Nuestros ponentes<\/h2>\n<p  class=\"\">Este curso re\u00fane a destacados especialistas en la obra de Dostoievski de Espa\u00f1a, Rusia y Latinoam\u00e9rica.<\/p>\n\n<\/div>\n<div  class=\"team-small-memberrow\" data-type=\"row\">\n<div  class=\"team-small-membercol cp2cols\">\n\n<img  class=\"team-small-memberimg-normal\" src=\"https:\/\/wpd.ugr.es\/~dostoievski\/wp-content\/uploads\/2021\/07\/cropped-tamara_djermanovic_entrevista.jpg\" alt=\"\" data-size=\"500x500\">\n<h4  class=\"\">Tamara Djermanovic<\/h4>\n<p  class=\"\">Universiat Pomeu y Fabra<\/p>\n\n<div  class=\"team-small-iconsrow\" data-type=\"group\"><\/div>\n<a class=\"button blue\" href=\"https:\/\/wpd.ugr.es\/~dostoievski\/ponentes\/#tamara-djermanovic-dra\" target=\"_self\" rel=\"noopener\">Ver<\/a>\n\n<\/div>\n<div  class=\"team-small-membercol cp2cols\">\n\n<img  class=\"team-small-memberimg-normal\" src=\"https:\/\/wpd.ugr.es\/~dostoievski\/wp-content\/uploads\/2021\/07\/cropped-alejandro.jpg\" alt=\"\" data-size=\"500x500\">\n<h4  class=\"\">Alejandro Gonz\u00e1lez<\/h4>\n<p  class=\"\">Sociedad Argentina Dostoievski<\/p>\n\n<div  class=\"team-small-iconsrow\" data-type=\"group\"><\/div>\n<a class=\"button blue\" href=\"https:\/\/wpd.ugr.es\/~dostoievski\/ponentes\/#alejandro-gonzalez\" target=\"_self\" rel=\"noopener\">Ver<\/a>\n\n<\/div>\n<div  class=\"team-small-membercol cp2cols\">\n\n<img  class=\"team-small-memberimg-normal\" src=\"https:\/\/wpd.ugr.es\/~dostoievski\/wp-content\/uploads\/2021\/07\/cropped-Jordi-Morillas.jpg\" alt=\"\" data-size=\"500x500\">\n<h4  class=\"\">Jordi Morillas<\/h4>\n<p  class=\"\">Sociedad Dostievski en Espa\u00f1a<\/p>\n\n<div  class=\"team-small-iconsrow\" data-type=\"group\"><\/div>\n<a class=\"button blue\" href=\"https:\/\/wpd.ugr.es\/~dostoievski\/ponentes\/#jordi-morillas-esteban-dr\" target=\"_self\" rel=\"noopener\">Ver<\/a>\n\n<\/div>\n<div  class=\"team-small-membercol cp2cols\">\n\n<img  class=\"team-small-memberimg-normal\" src=\"https:\/\/wpd.ugr.es\/~dostoievski\/wp-content\/uploads\/2021\/07\/cropped-cropped-Rafael.jpg\" alt=\"\" data-size=\"500x500\">\n<h4  class=\"\">Rafael Manuel Cansinos<\/h4>\n<p  class=\"\">Fundaci\u00f3n Archivo Rafael Cansinos Assens<\/p>\n\n<div  class=\"team-small-iconsrow\" data-type=\"group\"><\/div>\n<a class=\"button blue\" href=\"https:\/\/wpd.ugr.es\/~dostoievski\/ponentes\/#rafael-manuel-cansinos-galan\" target=\"_self\" rel=\"noopener\">Ver<\/a>\n\n<\/div>\n<div  class=\"team-small-membercol cp2cols\">\n\n<img  class=\"team-small-memberimg-normal\" src=\"https:\/\/wpd.ugr.es\/~dostoievski\/wp-content\/uploads\/2021\/07\/cropped-Kirill.jpg\" alt=\"\" data-size=\"500x500\">\n<h4  class=\"\">Kirill Korkonosenko<\/h4>\n<p  class=\"\">Instituto de Literatura Rusa, Pushkinski Dom<\/p>\n\n<div  class=\"team-small-iconsrow\" data-type=\"group\"><\/div>\n<a class=\"button blue\" href=\"https:\/\/wpd.ugr.es\/~dostoievski\/ponentes\/#kirill-korkonosenko-dr\" target=\"_self\" rel=\"noopener\">Ver<\/a>\n\n<\/div>\n<div  class=\"team-small-membercol cp2cols\">\n\n<img  class=\"team-small-memberimg-normal\" src=\"https:\/\/wpd.ugr.es\/~dostoievski\/wp-content\/uploads\/2021\/07\/cropped-jose_antonio_hita.jpg\" alt=\"\" data-size=\"500x500\">\n<h4  class=\"\">Jos\u00e9 Antonio Hita<\/h4>\n<p  class=\"\">Universdad de Granada<\/p>\n\n<div  class=\"team-small-iconsrow\" data-type=\"group\"><\/div>\n<a class=\"button blue\" href=\"https:\/\/wpd.ugr.es\/~dostoievski\/ponentes\/#jose-antonio-hita-jimenez-dr\" target=\"_self\" rel=\"noopener\">Ver<\/a>\n\n<\/div>\n<div  class=\"team-small-membercol cp2cols\">\n\n<img  class=\"team-small-memberimg-normal\" src=\"https:\/\/wpd.ugr.es\/~dostoievski\/wp-content\/uploads\/2021\/07\/cropped-Natalia.jpg\" alt=\"\" data-size=\"500x500\">\n<h4  class=\"\">Natalia Ars\u00e9ntieva<\/h4>\n<p  class=\"\">Universidad de Granada<\/p>\n\n<div  class=\"team-small-iconsrow\" data-type=\"group\"><\/div>\n<a class=\"button blue\" href=\"https:\/\/wpd.ugr.es\/~dostoievski\/ponentes\/#natalia-arsentieva-dra\" target=\"_self\" rel=\"noopener\">Ver<\/a>\n\n<\/div>\n<div  class=\"team-small-membercol cp2cols\">\n\n<img  class=\"team-small-memberimg-normal\" src=\"https:\/\/wpd.ugr.es\/~dostoievski\/wp-content\/uploads\/2021\/07\/Quero.png\" alt=\"\" data-size=\"500x500\">\n<h4  class=\"\">Enrique Quero<\/h4>\n<p  class=\"\">Universidad de Granada<\/p>\n\n<div  class=\"team-small-iconsrow\" data-type=\"group\"><\/div>\n<a class=\"button blue\" href=\"https:\/\/wpd.ugr.es\/~dostoievski\/ponentes\/#enrique-quero-gervilla-dr\" target=\"_self\" rel=\"noopener\">Ver<\/a>\n\n<\/div>\n<div  class=\"team-small-membercol cp2cols\">\n\n<img  class=\"team-small-memberimg-normal\" src=\"https:\/\/wpd.ugr.es\/~dostoievski\/wp-content\/uploads\/2021\/07\/cropped-benami.jpg\" alt=\"\" data-size=\"500x500\">\n<h4  class=\"\">Benam\u00ed Barros<\/h4>\n<p  class=\"\">Universidad de Granada<\/p>\n\n<div  class=\"team-small-iconsrow\" data-type=\"group\"><\/div>\n<a class=\"button blue\" href=\"https:\/\/wpd.ugr.es\/~dostoievski\/ponentes\/#benami-barros-garcia-dr-y-wenceslao-arroyo-machado\" target=\"_self\" rel=\"noopener\">Ver<\/a>\n\n<\/div>\n<div  class=\"team-small-membercol cp2cols\">\n\n<img  class=\"team-small-memberimg-normal\" src=\"https:\/\/wpd.ugr.es\/~dostoievski\/wp-content\/uploads\/2021\/07\/cropped-Wenceslao.png\" alt=\"\" data-size=\"500x500\">\n<h4  class=\"\">Wenceslao Arroyo<\/h4>\n<p  class=\"\">Universidad de Granada<\/p>\n\n<div  class=\"team-small-iconsrow\" data-type=\"group\"><\/div>\n<a class=\"button blue\" href=\"https:\/\/wpd.ugr.es\/~dostoievski\/ponentes\/#benami-barros-garcia-dr-y-wenceslao-arroyo-machado\" target=\"_self\" rel=\"noopener\">Ver<\/a>\n\n<\/div>\n<div  class=\"team-small-membercol cp2cols\">\n\n<img  class=\"team-small-memberimg-normal\" src=\"https:\/\/wpd.ugr.es\/~dostoievski\/wp-content\/uploads\/2021\/07\/cropped-Rosa.jpg\" alt=\"\" data-size=\"500x500\">\n<h4  class=\"\">Rosa M. Moreno<\/h4>\n<p  class=\"\">Universidad de Granada<\/p>\n\n<div  class=\"team-small-iconsrow\" data-type=\"group\"><\/div>\n<a class=\"button blue\" href=\"https:\/\/wpd.ugr.es\/~dostoievski\/ponentes\/#rosa-ma-moreno-rodriguez-dra\" target=\"_self\" rel=\"noopener\">Ver<\/a>\n\n<\/div>\n<div  class=\"team-small-membercol cp2cols\">\n\n<img  class=\"team-small-memberimg-normal\" src=\"https:\/\/wpd.ugr.es\/~dostoievski\/wp-content\/uploads\/2021\/07\/Leopoldo-1.jpg\" alt=\"Leopoldo la Rubia\" data-size=\"500x500\">\n<h4  class=\"\">Leopoldo la Rubia<\/h4>\n<p  class=\"\">Universidad de Granada<\/p>\n\n<div  class=\"team-small-iconsrow\" data-type=\"group\"><\/div>\n<a class=\"button blue\" href=\"https:\/\/wpd.ugr.es\/~dostoievski\/ponentes\/#leopoldo-la-rubia-de-prado-dr\" target=\"_self\" rel=\"noopener\">Ver<\/a>\n\n<\/div>\n<div  class=\"team-small-membercol cp2cols\">\n\n<img  class=\"team-small-memberimg-normal\" src=\"https:\/\/wpd.ugr.es\/~dostoievski\/wp-content\/uploads\/2021\/09\/cropped-Tores_Montesinos_small.jpg\" alt=\"\" data-size=\"500x500\">\n<h4  class=\"\">Juan Ignacio Torres<\/h4>\n<p  class=\"\">Investigador independiente<\/p>\n\n<div  class=\"team-small-iconsrow\" data-type=\"group\"><\/div>\n<a class=\"button blue\" href=\"https:\/\/wpd.ugr.es\/~dostoievski\/ponentes\/#juan-ignacio-torres-montesinos\" target=\"_self\" rel=\"noopener\">Ver<\/a>\n\n<\/div>\n<\/div>\n<\/div>\n<\/div><div  id=\"cine\" class=\"features-image-cards-section stripped-features-image-cards-section\" style=\"background-color: #ffffff;\" data-label=\"Cine\" data-id=\"stripped-features-image-cards-section\" data-category=\"overlapable\" data-=\"\" data-overlap=\"true\">\n<div  class=\"gridContainer\">\n<div  class=\"features-image-cards-innerrow flexbox-list\" data-type=\"row\">\n<div  class=\"features-image-cards-cardcol cp4cols cp6cols-tablet\">\n<div  class=\"features-image-cards-cardrow\"><img  class=\"features-image-cards-featimg\" src=\"https:\/\/wpd.ugr.es\/~dostoievski\/wp-content\/uploads\/2021\/07\/Los_hermanos_Karamazov_filmaffinity.jpg\" alt=\"Los hermanos Karamazov\">\n<div  class=\"features-image-cards-cardtextrow\" data-type=\"column\">\n<h4  class=\"\">Los hermanos Karam\u00e1zov<\/h4>\n<p  class=\"\">La historia de los asesinatos y traiciones en un c\u00edrculo familiar: 4 hijos y su padre mezquino y manipulador<\/p>\n\n\n<hr  class=\"features-image-cards-separator\">\n\n<a class=\"button blue\" href=\"https:\/\/wpd.ugr.es\/~dostoievski\/muestra_de_cine\" target=\"_self\" rel=\"noopener\">M\u00e1s Info<\/a>\n\n<\/div>\n<\/div>\n<\/div>\n<div  class=\"features-image-cards-cardcol cp4cols cp6cols-tablet\">\n<div  class=\"features-image-cards-cardrow\"><img  class=\"features-image-cards-featimg\" src=\"https:\/\/wpd.ugr.es\/~dostoievski\/wp-content\/uploads\/2021\/07\/Idiot_flim_ru.jpg\" alt=\"El Idiota de Iv\u00e1n Pyriev\">\n<div  class=\"features-image-cards-cardtextrow\" data-type=\"column\">\n<h4  class=\"\">The idiot \/ \u0418\u0434\u0438\u043e\u0442<\/h4>\n<p  class=\"\">Un pr\u00edncipe ruso en tratamiento de una enfermedad mental llega a Rusia despu\u00e9s de una larga estania en Suiza<\/p>\n\n\n<hr  class=\"features-image-cards-separator\">\n\n<a class=\"button blue\" href=\"https:\/\/wpd.ugr.es\/~dostoievski\/muestra_de_cine\" target=\"_self\" rel=\"noopener\">M\u00e1s Info<\/a>\n\n<\/div>\n<\/div>\n<\/div>\n<\/div>\n<\/div>\n<\/div><div  id=\"cta-1\" class=\"cta-blue-section\" data-label=\"Call to action\" data-id=\"cta-blue-section\" data-category=\"cta\">\n<div  class=\"gridContainer\">\n<div  class=\"flexbox-list flexbox-list-align-center row\">\n<div  class=\"cta-blue-textcol dynamic-color\">\n<h2  class=\"cta-blue-text\"><b >2 cr\u00e9ditos ECTS para estudiantes de las facultades de Traducci\u00f3n y Filosof\u00eda y Letras<\/b><\/h2>\n<\/div>\n<div  class=\"cta-blue-btncol\"><a class=\"button big yellow dark-text\" href=\"https:\/\/centroruso.ugr.es\/informacion\/contacto\" target=\"_blank\" rel=\"noopener\"> inscr\u00edbete <\/a><\/div>\n<\/div>\n<\/div>\n<\/div><div  id=\"clients-2\" class=\"clients-strip-section\" style=\"background-color: #f6f6f6;\" data-label=\"Clients\" data-id=\"clients-strip-section\" data-category=\"clients\">\n<div  class=\"row_187 gridContainer\" data-type=\"row\" data-add-content=\"false\">\n<div  class=\"clients-strip-itemcol cp4cols\">\n<div  class=\"middle_align1\"><a class=\"\" href=\"https:\/\/ugr.es\" target=\"_blank\" rel=\"noopener\"><img  class=\"clients-strip-itemimg\" src=\"https:\/\/wpd.ugr.es\/~dostoievski\/wp-content\/uploads\/2021\/07\/UGR_logo_largo_B-scaled.jpg\"><\/a><\/div>\n<\/div>\n<div  class=\"clients-strip-itemcol cp4cols\">\n<div  class=\"middle_align1\"><a class=\"\" href=\"https:\/\/centroruso.ugr.es\" target=\"_blank\" rel=\"noopener\"><img  class=\"clients-strip-itemimg\" src=\"https:\/\/wpd.ugr.es\/~dostoievski\/wp-content\/uploads\/2021\/07\/cropped-CR_Rojo_Transparente.png\"><\/a><\/div>\n<\/div>\n<div  class=\"clients-strip-itemcol cp4cols\">\n<div  class=\"middle_align1\"><a class=\"\" href=\"https:\/\/pushkin.uca.es\" target=\"_blank\" rel=\"noopener\"><img  class=\"clients-strip-itemimg\" src=\"https:\/\/wpd.ugr.es\/~dostoievski\/wp-content\/uploads\/2021\/07\/CUNEAC-PUSHKIN-COLOR.png\"><\/a><\/div>\n<\/div>\n<div  class=\"clients-strip-itemcol cp4cols\">\n<div  class=\"middle_align1\"><a class=\"\" href=\"https:\/\/esp.rs.gov.ru\/es\" target=\"_blank\" rel=\"noopener\"><img  class=\"clients-strip-itemimg\" src=\"https:\/\/wpd.ugr.es\/~dostoievski\/wp-content\/uploads\/2021\/09\/Rossotrudnichestvo.png\"><\/a><\/div>\n<\/div>\n<div  class=\"clients-strip-itemcol cp4cols\">\n<div  class=\"middle_align1\"><a class=\"\" href=\"https:\/\/aepru.org\" target=\"_blank\" rel=\"noopener\"><img  class=\"clients-strip-itemimg\" src=\"https:\/\/wpd.ugr.es\/~dostoievski\/wp-content\/uploads\/2021\/07\/cropped-AEPRU-Logo-3.png\"><\/a><\/div>\n<\/div>\n<\/div>\n<\/div><div  id=\"clients-1\" class=\"clients-grid-section\" style=\"background-color: #ffffff;\" data-label=\"Clients\" data-id=\"clients-grid-section\" data-category=\"clients\">\n<div  class=\"\">\n<div  class=\"clients-grid-textrow row\" data-type=\"column\">\n<div  class=\"clients-grid-textcol dynamic-color\" data-type=\"column\"><img  class=\"custom-image\" src=\"https:\/\/wpd.ugr.es\/~dostoievski\/wp-content\/uploads\/2021\/07\/RM_logo_EN.jpg\" alt=\"Fundaci\u00f3n Russkiy mir\">\n<p  class=\"\">Proyecto subvencionado por la Fundaci\u00f3n Russkiy mir 2020\/I-387<\/p>\n\n<h2  class=\"\">colaboradores<\/h2>\n<\/div>\n<\/div>\n<div  class=\"row\" data-type=\"row\" data-add-content=\"false\">\n<div  class=\"clients-grid-itemcol cp3cols-tablet cp3cols\">\n<div  class=\"middle_align5\"><a class=\"\" href=\"https:\/\/lamadraza.ugr.es\/info-organizadores\/cine-club\/presentacion\" target=\"_blank\" rel=\"noopener\"><img  class=\"clients-grid-itemimg\" src=\"https:\/\/wpd.ugr.es\/~dostoievski\/wp-content\/uploads\/2021\/07\/Cineclub.jpeg\"><\/a><\/div>\n<\/div>\n<div  class=\"clients-grid-itemcol cp3cols-tablet cp3cols\">\n<div  class=\"middle_align5\"><a class=\"\" href=\"https:\/\/centroguerrero.es\" target=\"_blank\" rel=\"noopener\"><img  class=\"clients-grid-itemimg\" src=\"https:\/\/wpd.ugr.es\/~dostoievski\/wp-content\/uploads\/2021\/07\/Centro-Guerrero.jpg\"><\/a><\/div>\n<\/div>\n<div  class=\"clients-grid-itemcol cp3cols-tablet cp3cols\">\n<div  class=\"middle_align5\"><a class=\"\" href=\"http:\/\/www.centroartisticogranada.com\" target=\"_blank\" rel=\"noopener\"><img  class=\"clients-grid-itemimg\" src=\"https:\/\/wpd.ugr.es\/~dostoievski\/wp-content\/uploads\/2021\/07\/Centro-Artistico.png\"><\/a><\/div>\n<\/div>\n<div  class=\"clients-grid-itemcol cp3cols-tablet cp3cols\">\n<div  class=\"middle_align5\"><a class=\"\" href=\"http:\/\/www.libreriaeltiempoperdido.com\" target=\"_blank\" rel=\"noopener\"><img  class=\"clients-grid-itemimg\" src=\"https:\/\/wpd.ugr.es\/~dostoievski\/wp-content\/uploads\/2021\/07\/Tiempo_Perdido.png\"><\/a><\/div>\n<\/div>\n<\/div>\n<\/div>\n<\/div>","protected":false},"excerpt":{"rendered":"<p>JORNADAS La herencia cultural de Fi\u00f3dor Dostoievski en Espa\u00f1a y Latinoam\u00e9rica Granada, 20-25 de septiembre de 2021 El nombre de Fi\u00f3dor Mij\u00e1ilovich Dostoievski es conocido en todos los rincones del mundo. Sus ideas, personajes e im\u00e1genes se han reflejado en el pensamiento y la obra de poetas, escritores y pintores, dramaturgos, guionistas y directores de&hellip; <br \/> <a class=\"button small blue\" href=\"https:\/\/wpd.ugr.es\/~dostoievski\/hola-mundo\/\">Leer m\u00e1s<\/a><\/p>\n","protected":false},"author":1,"featured_media":0,"parent":0,"menu_order":0,"comment_status":"closed","ping_status":"closed","template":"","meta":[],"_links":{"self":[{"href":"https:\/\/wpd.ugr.es\/~dostoievski\/wp-json\/wp\/v2\/pages\/5"}],"collection":[{"href":"https:\/\/wpd.ugr.es\/~dostoievski\/wp-json\/wp\/v2\/pages"}],"about":[{"href":"https:\/\/wpd.ugr.es\/~dostoievski\/wp-json\/wp\/v2\/types\/page"}],"author":[{"embeddable":true,"href":"https:\/\/wpd.ugr.es\/~dostoievski\/wp-json\/wp\/v2\/users\/1"}],"replies":[{"embeddable":true,"href":"https:\/\/wpd.ugr.es\/~dostoievski\/wp-json\/wp\/v2\/comments?post=5"}],"version-history":[{"count":50,"href":"https:\/\/wpd.ugr.es\/~dostoievski\/wp-json\/wp\/v2\/pages\/5\/revisions"}],"predecessor-version":[{"id":316,"href":"https:\/\/wpd.ugr.es\/~dostoievski\/wp-json\/wp\/v2\/pages\/5\/revisions\/316"}],"wp:attachment":[{"href":"https:\/\/wpd.ugr.es\/~dostoievski\/wp-json\/wp\/v2\/media?parent=5"}],"curies":[{"name":"wp","href":"https:\/\/api.w.org\/{rel}","templated":true}]}}