{"id":33,"date":"2021-01-20T12:34:31","date_gmt":"2021-01-20T12:34:31","guid":{"rendered":"https:\/\/wpd.ugr.es\/~drxcitpa\/?page_id=33"},"modified":"2021-02-06T02:04:36","modified_gmt":"2021-02-06T02:04:36","slug":"videos","status":"publish","type":"page","link":"https:\/\/wpd.ugr.es\/~drxcitpa\/videos\/","title":{"rendered":"V\u00eddeos"},"content":{"rendered":"<p>[et_pb_section fb_built=\u00bb1&#8243; inner_shadow=\u00bbon\u00bb fullwidth=\u00bbon\u00bb _builder_version=\u00bb4.8.2&#8243; _module_preset=\u00bbdefault\u00bb][et_pb_fullwidth_header title=\u00bbV\u00eddeos\u00bb _builder_version=\u00bb4.8.2&#8243; _module_preset=\u00bbdefault\u00bb title_font=\u00bb|700||||on|||\u00bb title_font_size=\u00bb59px\u00bb background_enable_color=\u00bboff\u00bb background_image=\u00bbhttps:\/\/wpd.ugr.es\/~drxcitpa\/wp-content\/uploads\/2021\/02\/black-marbled-surface1920.jpg\u00bb parallax=\u00bbon\u00bb][\/et_pb_fullwidth_header][\/et_pb_section][et_pb_section fb_built=\u00bb1&#8243; _builder_version=\u00bb4.8.2&#8243; _module_preset=\u00bbdefault\u00bb background_color=\u00bb#ddd1a8&#8243;][et_pb_row _builder_version=\u00bb4.8.2&#8243; _module_preset=\u00bbdefault\u00bb][et_pb_column type=\u00bb4_4&#8243; _builder_version=\u00bb4.8.2&#8243; _module_preset=\u00bbdefault\u00bb][et_pb_code _builder_version=\u00bb4.8.2&#8243; _module_preset=\u00bbdefault\u00bb]<iframe loading=\"lazy\" width=\"560\" height=\"315\" src=\"https:\/\/www.youtube.com\/embed\/uZDAzETKav0\" frameborder=\"0\" allow=\"accelerometer; autoplay; clipboard-write; encrypted-media; gyroscope; picture-in-picture\" allowfullscreen><\/iframe>[\/et_pb_code][et_pb_code _builder_version=\u00bb4.8.2&#8243; _module_preset=\u00bbdefault\u00bb]<iframe loading=\"lazy\" width=\"560\" height=\"315\" src=\"https:\/\/www.youtube.com\/embed\/UhCflrxDZBw\" frameborder=\"0\" allow=\"accelerometer; autoplay; clipboard-write; encrypted-media; gyroscope; picture-in-picture\" allowfullscreen><\/iframe>[\/et_pb_code][\/et_pb_column][\/et_pb_row][\/et_pb_section][et_pb_section fb_built=\u00bb1&#8243; _builder_version=\u00bb4.8.2&#8243; _module_preset=\u00bbdefault\u00bb background_enable_color=\u00bboff\u00bb][et_pb_row _builder_version=\u00bb4.8.2&#8243; _module_preset=\u00bbdefault\u00bb][et_pb_column type=\u00bb4_4&#8243; _builder_version=\u00bb4.8.2&#8243; _module_preset=\u00bbdefault\u00bb][et_pb_code _builder_version=\u00bb4.8.2&#8243; _module_preset=\u00bbdefault\u00bb]<iframe loading=\"lazy\" width=\"560\" height=\"315\" src=\"https:\/\/www.youtube.com\/embed\/FVvkSqZ4oP0\" frameborder=\"0\" allow=\"accelerometer; autoplay; clipboard-write; encrypted-media; gyroscope; picture-in-picture\" allowfullscreen><\/iframe>[\/et_pb_code][et_pb_code _builder_version=\u00bb4.8.2&#8243; _module_preset=\u00bbdefault\u00bb]<iframe loading=\"lazy\" width=\"560\" height=\"315\" src=\"https:\/\/www.youtube.com\/embed\/iSEVBqnZ-V4\" frameborder=\"0\" allow=\"accelerometer; autoplay; clipboard-write; encrypted-media; gyroscope; picture-in-picture\" allowfullscreen><\/iframe>[\/et_pb_code][\/et_pb_column][\/et_pb_row][\/et_pb_section][et_pb_section fb_built=\u00bb1&#8243; _builder_version=\u00bb4.8.2&#8243; _module_preset=\u00bbdefault\u00bb background_color=\u00bb#ddd1a8&#8243;][et_pb_row _builder_version=\u00bb4.8.2&#8243; _module_preset=\u00bbdefault\u00bb][et_pb_column type=\u00bb4_4&#8243; _builder_version=\u00bb4.8.2&#8243; _module_preset=\u00bbdefault\u00bb][et_pb_code _builder_version=\u00bb4.8.2&#8243; _module_preset=\u00bbdefault\u00bb]<iframe loading=\"lazy\" width=\"560\" height=\"315\" src=\"https:\/\/www.youtube.com\/embed\/CSut2oQ6jFY\" frameborder=\"0\" allow=\"accelerometer; autoplay; clipboard-write; encrypted-media; gyroscope; picture-in-picture\" allowfullscreen><\/iframe>[\/et_pb_code][et_pb_code _builder_version=\u00bb4.8.2&#8243; _module_preset=\u00bbdefault\u00bb]<iframe loading=\"lazy\" width=\"560\" height=\"315\" src=\"https:\/\/www.youtube.com\/embed\/h1yglxZtQak\" frameborder=\"0\" allow=\"accelerometer; autoplay; clipboard-write; encrypted-media; gyroscope; picture-in-picture\" allowfullscreen><\/iframe>[\/et_pb_code][\/et_pb_column][\/et_pb_row][\/et_pb_section][et_pb_section fb_built=\u00bb1&#8243; _builder_version=\u00bb4.8.2&#8243; _module_preset=\u00bbdefault\u00bb background_color=\u00bb#000000&#8243; custom_padding=\u00bb||0px|||\u00bb][et_pb_row _builder_version=\u00bb4.8.2&#8243; _module_preset=\u00bbdefault\u00bb][et_pb_column type=\u00bb4_4&#8243; _builder_version=\u00bb4.8.2&#8243; _module_preset=\u00bbdefault\u00bb][et_pb_text _builder_version=\u00bb4.8.2&#8243; _module_preset=\u00bbdefault\u00bb text_font=\u00bb|||||on|||\u00bb text_font_size=\u00bb15px\u00bb]<\/p>\n<p><strong>Proyecto de Innovaci\u00f3n y Buenas Pr\u00e1cticas Docentes B\u00e1sicos 2020-2021<\/strong><\/p>\n<p>Difracci\u00f3n de Rayos X (DRX) \/ X-ray diffraction (XRD)<br \/> An\u00e1lisis cualitativo y cuantitativo aplicados a los materiales del Patrimonio Hist\u00f3rico \/\u00a0Qualitative and quantitative analysis applied to Heritage materials<\/p>\n<p>Manual para estudiantes del <a href=\"https:\/\/masteres.ugr.es\/citpa\/\" target=\"_blank\" rel=\"noopener noreferrer\">M\u00e1ster en Ciencia y Tecnolog\u00eda en Patrimonio Arquitect\u00f3nico (CiTPA-UGR)<\/a>, <a href=\"https:\/\/masteres.ugr.es\/mara\/\" target=\"_blank\" rel=\"noopener noreferrer\">M\u00e1ster Universitario en Rehabilitaci\u00f3n Arquitect\u00f3nica (MARA-UGR)<\/a> y del <a href=\"http:\/\/grados.ugr.es\/restauracion\/\" target=\"_blank\" rel=\"noopener noreferrer\">Grado en Conservaci\u00f3n y Restauraci\u00f3n de Bienes Culturales (UGR)<\/a><\/p>\n<p>Coordinadora: Kerstin Elert<br \/> Carlos Rodr\u00edguez-Navarro, Encarnaci\u00f3n Ruiz Agudo, Aurelia Iba\u00f1ez Velasco, Carolina Cardell Fern\u00e1ndez, Mar\u00eda del Rosario Blanc Garc\u00eda, Mar\u00eda Paz S\u00e1ez P\u00e9rez, Giuseppe Cultrone, Pedro Bel Anzue.<\/p>\n<p>[\/et_pb_text][\/et_pb_column][\/et_pb_row][\/et_pb_section]<\/p>\n","protected":false},"excerpt":{"rendered":"<p>V\u00eddeos Proyecto de Innovaci\u00f3n y Buenas Pr\u00e1cticas Docentes B\u00e1sicos 2020-2021 Difracci\u00f3n de Rayos X (DRX) \/ X-ray diffraction (XRD) An\u00e1lisis cualitativo y cuantitativo aplicados a los materiales del Patrimonio Hist\u00f3rico \/\u00a0Qualitative and quantitative analysis applied to Heritage materials Manual para estudiantes del M\u00e1ster en Ciencia y Tecnolog\u00eda en Patrimonio Arquitect\u00f3nico (CiTPA-UGR), M\u00e1ster Universitario en Rehabilitaci\u00f3n [&hellip;]<\/p>\n","protected":false},"author":1,"featured_media":0,"parent":0,"menu_order":0,"comment_status":"closed","ping_status":"closed","template":"","meta":{"_et_pb_use_builder":"on","_et_pb_old_content":"<!-- wp:divi\/placeholder \/-->","_et_gb_content_width":""},"_links":{"self":[{"href":"https:\/\/wpd.ugr.es\/~drxcitpa\/wp-json\/wp\/v2\/pages\/33"}],"collection":[{"href":"https:\/\/wpd.ugr.es\/~drxcitpa\/wp-json\/wp\/v2\/pages"}],"about":[{"href":"https:\/\/wpd.ugr.es\/~drxcitpa\/wp-json\/wp\/v2\/types\/page"}],"author":[{"embeddable":true,"href":"https:\/\/wpd.ugr.es\/~drxcitpa\/wp-json\/wp\/v2\/users\/1"}],"replies":[{"embeddable":true,"href":"https:\/\/wpd.ugr.es\/~drxcitpa\/wp-json\/wp\/v2\/comments?post=33"}],"version-history":[{"count":6,"href":"https:\/\/wpd.ugr.es\/~drxcitpa\/wp-json\/wp\/v2\/pages\/33\/revisions"}],"predecessor-version":[{"id":131,"href":"https:\/\/wpd.ugr.es\/~drxcitpa\/wp-json\/wp\/v2\/pages\/33\/revisions\/131"}],"wp:attachment":[{"href":"https:\/\/wpd.ugr.es\/~drxcitpa\/wp-json\/wp\/v2\/media?parent=33"}],"curies":[{"name":"wp","href":"https:\/\/api.w.org\/{rel}","templated":true}]}}