{"id":35,"date":"2021-01-20T12:36:42","date_gmt":"2021-01-20T12:36:42","guid":{"rendered":"https:\/\/wpd.ugr.es\/~drxcitpa\/?page_id=35"},"modified":"2021-02-08T09:00:22","modified_gmt":"2021-02-08T09:00:22","slug":"enlaces","status":"publish","type":"page","link":"https:\/\/wpd.ugr.es\/~drxcitpa\/enlaces\/","title":{"rendered":"Enlaces"},"content":{"rendered":"<p>[et_pb_section fb_built=\u00bb1&#8243; inner_shadow=\u00bbon\u00bb fullwidth=\u00bbon\u00bb _builder_version=\u00bb4.8.2&#8243; _module_preset=\u00bbdefault\u00bb][et_pb_fullwidth_header title=\u00bbEnlaces de inter\u00e9s\u00bb _builder_version=\u00bb4.8.2&#8243; _module_preset=\u00bbdefault\u00bb title_font=\u00bb|700||||on|||\u00bb title_font_size=\u00bb59px\u00bb background_enable_color=\u00bboff\u00bb background_image=\u00bbhttps:\/\/wpd.ugr.es\/~drxcitpa\/wp-content\/uploads\/2021\/02\/black-marbled-surface1920.jpg\u00bb parallax=\u00bbon\u00bb][\/et_pb_fullwidth_header][\/et_pb_section][et_pb_section fb_built=\u00bb1&#8243; custom_padding_last_edited=\u00bboff|desktop\u00bb admin_label=\u00bbServices\u00bb _builder_version=\u00bb3.26.4&#8243; overflow-x=\u00bbhidden\u00bb overflow-y=\u00bbhidden\u00bb custom_margin=\u00bb||||false|false\u00bb custom_padding=\u00bb||0px|||\u00bb custom_padding_tablet=\u00bb||0px||false|false\u00bb][et_pb_row use_custom_gutter=\u00bbon\u00bb gutter_width=\u00bb1&#8243; _builder_version=\u00bb4.8.2&#8243; background_color=\u00bb#fcfcfc\u00bb custom_padding=\u00bb0px||0px||true|false\u00bb box_shadow_style=\u00bbpreset4&#8243; box_shadow_horizontal=\u00bb-15vw\u00bb box_shadow_vertical=\u00bb0px\u00bb box_shadow_color=\u00bb#fcfcfc\u00bb box_shadow_color_tablet=\u00bbrgba(0,0,0,0)\u00bb box_shadow_color_phone=\u00bb\u00bb box_shadow_color_last_edited=\u00bbon|desktop\u00bb][et_pb_column type=\u00bb4_4&#8243; _builder_version=\u00bb3.26.4&#8243; custom_padding=\u00bb60px|60px|60px|60px|true|true\u00bb][et_pb_text _builder_version=\u00bb4.8.2&#8243; text_font=\u00bb|||on|||||\u00bb text_font_size=\u00bb16px\u00bb text_line_height=\u00bb2em\u00bb background_color=\u00bbrgba(221,196,126,0.51)\u00bb max_width=\u00bb800px\u00bb custom_padding=\u00bb30px|30px|30px|30px|false|false\u00bb text_font_size_tablet=\u00bb\u00bb text_font_size_phone=\u00bb14px\u00bb text_font_size_last_edited=\u00bbon|desktop\u00bb text_line_height_tablet=\u00bb\u00bb text_line_height_phone=\u00bb1.6em\u00bb text_line_height_last_edited=\u00bbon|desktop\u00bb locked=\u00bboff\u00bb]<\/p>\n<p style=\"text-align: left;\"><span style=\"color: #333333;\"><a href=\"https:\/\/masteres.ugr.es\/citpa\/\" target=\"_blank\" rel=\"noopener noreferrer\" style=\"color: #333333; text-decoration: underline;\"><strong>Master en Ciencia y Tecnolog\u00eda del patrimonio arquitect\u00f3nico (CiTPA)<\/strong><\/a><strong><\/strong><\/span><\/p>\n<p>[\/et_pb_text][et_pb_text _builder_version=\u00bb4.8.2&#8243; text_font=\u00bb|||on|||||\u00bb text_font_size=\u00bb16px\u00bb text_line_height=\u00bb2em\u00bb background_enable_color=\u00bboff\u00bb max_width=\u00bb800px\u00bb custom_padding=\u00bb30px|30px|30px|30px|false|false\u00bb text_font_size_tablet=\u00bb\u00bb text_font_size_phone=\u00bb14px\u00bb text_font_size_last_edited=\u00bbon|desktop\u00bb text_line_height_tablet=\u00bb\u00bb text_line_height_phone=\u00bb1.6em\u00bb text_line_height_last_edited=\u00bbon|desktop\u00bb locked=\u00bboff\u00bb]<\/p>\n<p><span style=\"color: #333333;\"><strong><a href=\"https:\/\/masteres.ugr.es\/mara\/\" id=\"enlace_stack\" target=\"_blank\" rel=\"noopener noreferrer\" style=\"color: #333333; text-decoration: underline;\">M\u00e1ster Universitario en Rehabilitaci\u00f3n Arquitect\u00f3nica (MARA)<\/a><\/strong><\/span><\/p>\n<p>[\/et_pb_text][et_pb_text _builder_version=\u00bb4.8.2&#8243; text_font=\u00bb|||on|||||\u00bb text_font_size=\u00bb16px\u00bb text_line_height=\u00bb2em\u00bb background_color=\u00bbrgba(221,196,126,0.51)\u00bb max_width=\u00bb800px\u00bb custom_padding=\u00bb30px|30px|30px|30px|false|false\u00bb hover_enabled=\u00bb0&#8243; text_font_size_tablet=\u00bb\u00bb text_font_size_phone=\u00bb14px\u00bb text_font_size_last_edited=\u00bbon|desktop\u00bb text_line_height_tablet=\u00bb\u00bb text_line_height_phone=\u00bb1.6em\u00bb text_line_height_last_edited=\u00bbon|desktop\u00bb locked=\u00bboff\u00bb sticky_enabled=\u00bb0&#8243;]<\/p>\n<p><span style=\"color: #333333;\"><strong><a href=\"http:\/\/grados.ugr.es\/restauracion\/\" target=\"_blank\" rel=\"noopener noreferrer\" style=\"color: #333333; text-decoration: underline;\">Grado en Conservaci\u00f3n y Restauraci\u00f3n del Bienes Culturales<\/a><\/strong><\/span><\/p>\n<p>[\/et_pb_text][et_pb_text _builder_version=\u00bb4.8.2&#8243; text_font=\u00bb|||on|||||\u00bb text_font_size=\u00bb16px\u00bb text_line_height=\u00bb2em\u00bb background_enable_color=\u00bboff\u00bb max_width=\u00bb800px\u00bb custom_padding=\u00bb30px|30px|30px|30px|false|false\u00bb hover_enabled=\u00bb0&#8243; text_font_size_tablet=\u00bb\u00bb text_font_size_phone=\u00bb14px\u00bb text_font_size_last_edited=\u00bbon|desktop\u00bb text_line_height_tablet=\u00bb\u00bb text_line_height_phone=\u00bb1.6em\u00bb text_line_height_last_edited=\u00bbon|desktop\u00bb locked=\u00bboff\u00bb sticky_enabled=\u00bb0&#8243;]<\/p>\n<p><span style=\"color: #333333;\"><strong><a href=\"http:\/\/www.ugr.es\/~minpet\/\" id=\"enlace_stack\" target=\"_blank\" rel=\"noopener noreferrer\" style=\"color: #333333; text-decoration: underline;\">Departamento de Mineralog\u00eda y Petrolog\u00eda (UGR)<\/a><\/strong><\/span><\/p>\n<p>[\/et_pb_text][et_pb_text _builder_version=\u00bb4.8.2&#8243; text_font=\u00bb|||on|||||\u00bb text_font_size=\u00bb16px\u00bb text_line_height=\u00bb2em\u00bb background_color=\u00bbrgba(221,196,126,0.51)\u00bb max_width=\u00bb800px\u00bb custom_padding=\u00bb30px|30px|30px|30px|false|false\u00bb hover_enabled=\u00bb0&#8243; text_font_size_tablet=\u00bb\u00bb text_font_size_phone=\u00bb14px\u00bb text_font_size_last_edited=\u00bbon|desktop\u00bb text_line_height_tablet=\u00bb\u00bb text_line_height_phone=\u00bb1.6em\u00bb text_line_height_last_edited=\u00bbon|desktop\u00bb locked=\u00bboff\u00bb sticky_enabled=\u00bb0&#8243;]<\/p>\n<p><span style=\"color: #333333;\"><strong><a href=\"https:\/\/wpd.ugr.es\/~monument\/\" target=\"_blank\" rel=\"noopener noreferrer\" style=\"color: #333333; text-decoration: underline;\"><span>Grupo de Investigaci\u00f3n UGR:<\/span><br \/><span>Estudio y Conservaci\u00f3n de los materiales de construcci\u00f3n en el Patrimonio Arquitect\u00f3nico<\/span><\/a><\/strong><\/span><\/p>\n<p>[\/et_pb_text][\/et_pb_column][\/et_pb_row][\/et_pb_section][et_pb_section fb_built=\u00bb1&#8243; _builder_version=\u00bb4.8.2&#8243; _module_preset=\u00bbdefault\u00bb background_color=\u00bb#000000&#8243; custom_padding=\u00bb||0px|||\u00bb][et_pb_row _builder_version=\u00bb4.8.2&#8243; _module_preset=\u00bbdefault\u00bb][et_pb_column type=\u00bb4_4&#8243; _builder_version=\u00bb4.8.2&#8243; _module_preset=\u00bbdefault\u00bb][et_pb_text _builder_version=\u00bb4.8.2&#8243; _module_preset=\u00bbdefault\u00bb text_font=\u00bb|||||on|||\u00bb text_font_size=\u00bb15px\u00bb]<\/p>\n<p><strong>Proyecto de Innovaci\u00f3n y Buenas Pr\u00e1cticas Docentes B\u00e1sicos 2020-2021<\/strong><\/p>\n<p>Difracci\u00f3n de Rayos X (DRX) \/ X-ray diffraction (XRD)<br \/> An\u00e1lisis cualitativo y cuantitativo aplicados a los materiales del Patrimonio Hist\u00f3rico \/\u00a0Qualitative and quantitative analysis applied to Heritage materials<\/p>\n<p>Manual para estudiantes del <a href=\"https:\/\/masteres.ugr.es\/citpa\/\" target=\"_blank\" rel=\"noopener noreferrer\">M\u00e1ster en Ciencia y Tecnolog\u00eda en Patrimonio Arquitect\u00f3nico (CiTPA-UGR)<\/a>, <a href=\"https:\/\/masteres.ugr.es\/mara\/\" target=\"_blank\" rel=\"noopener noreferrer\">M\u00e1ster Universitario en Rehabilitaci\u00f3n Arquitect\u00f3nica (MARA-UGR)<\/a> y del <a href=\"http:\/\/grados.ugr.es\/restauracion\/\" target=\"_blank\" rel=\"noopener noreferrer\">Grado en Conservaci\u00f3n y Restauraci\u00f3n de Bienes Culturales (UGR)<\/a><\/p>\n<p>Coordinadora: Kerstin Elert<br \/> Carlos Rodr\u00edguez-Navarro, Encarnaci\u00f3n Ruiz Agudo, Aurelia Iba\u00f1ez Velasco, Carolina Cardell Fern\u00e1ndez, Mar\u00eda del Rosario Blanc Garc\u00eda, Mar\u00eda Paz S\u00e1ez P\u00e9rez, Giuseppe Cultrone, Pedro Bel Anzue.<\/p>\n<p>[\/et_pb_text][\/et_pb_column][\/et_pb_row][\/et_pb_section]<\/p>\n","protected":false},"excerpt":{"rendered":"<p>Enlaces de inter\u00e9s Master en Ciencia y Tecnolog\u00eda del patrimonio arquitect\u00f3nico (CiTPA) M\u00e1ster Universitario en Rehabilitaci\u00f3n Arquitect\u00f3nica (MARA) Grado en Conservaci\u00f3n y Restauraci\u00f3n del Bienes Culturales Departamento de Mineralog\u00eda y Petrolog\u00eda (UGR) Grupo de Investigaci\u00f3n UGR:Estudio y Conservaci\u00f3n de los materiales de construcci\u00f3n en el Patrimonio Arquitect\u00f3nico Proyecto de Innovaci\u00f3n y Buenas Pr\u00e1cticas Docentes B\u00e1sicos [&hellip;]<\/p>\n","protected":false},"author":1,"featured_media":0,"parent":0,"menu_order":0,"comment_status":"closed","ping_status":"closed","template":"","meta":{"_et_pb_use_builder":"on","_et_pb_old_content":"<!-- wp:divi\/placeholder \/-->","_et_gb_content_width":""},"_links":{"self":[{"href":"https:\/\/wpd.ugr.es\/~drxcitpa\/wp-json\/wp\/v2\/pages\/35"}],"collection":[{"href":"https:\/\/wpd.ugr.es\/~drxcitpa\/wp-json\/wp\/v2\/pages"}],"about":[{"href":"https:\/\/wpd.ugr.es\/~drxcitpa\/wp-json\/wp\/v2\/types\/page"}],"author":[{"embeddable":true,"href":"https:\/\/wpd.ugr.es\/~drxcitpa\/wp-json\/wp\/v2\/users\/1"}],"replies":[{"embeddable":true,"href":"https:\/\/wpd.ugr.es\/~drxcitpa\/wp-json\/wp\/v2\/comments?post=35"}],"version-history":[{"count":10,"href":"https:\/\/wpd.ugr.es\/~drxcitpa\/wp-json\/wp\/v2\/pages\/35\/revisions"}],"predecessor-version":[{"id":144,"href":"https:\/\/wpd.ugr.es\/~drxcitpa\/wp-json\/wp\/v2\/pages\/35\/revisions\/144"}],"wp:attachment":[{"href":"https:\/\/wpd.ugr.es\/~drxcitpa\/wp-json\/wp\/v2\/media?parent=35"}],"curies":[{"name":"wp","href":"https:\/\/api.w.org\/{rel}","templated":true}]}}