{"id":27,"date":"2022-04-20T17:22:38","date_gmt":"2022-04-20T16:22:38","guid":{"rendered":"https:\/\/wpd.ugr.es\/~ecalfor\/?page_id=27"},"modified":"2022-04-21T20:57:03","modified_gmt":"2022-04-21T19:57:03","slug":"programa","status":"publish","type":"page","link":"https:\/\/wpd.ugr.es\/~ecalfor\/programa\/","title":{"rendered":"Programa"},"content":{"rendered":"\t\t<div data-elementor-type=\"wp-page\" data-elementor-id=\"27\" class=\"elementor elementor-27\" data-elementor-post-type=\"page\">\n\t\t\t\t\t\t<section class=\"elementor-section elementor-top-section elementor-element elementor-element-179bd49 elementor-section-height-min-height elementor-section-boxed elementor-section-height-default elementor-section-items-middle\" data-id=\"179bd49\" data-element_type=\"section\" data-settings=\"{&quot;background_background&quot;:&quot;classic&quot;}\">\n\t\t\t\t\t\t\t<div class=\"elementor-background-overlay\"><\/div>\n\t\t\t\t\t\t\t<div class=\"elementor-container elementor-column-gap-no\">\n\t\t\t\t\t<div class=\"elementor-column elementor-col-100 elementor-top-column elementor-element elementor-element-b00bfeb\" data-id=\"b00bfeb\" data-element_type=\"column\">\n\t\t\t<div class=\"elementor-widget-wrap elementor-element-populated\">\n\t\t\t\t\t\t<div class=\"elementor-element elementor-element-ce732ed elementor-widget elementor-widget-heading\" data-id=\"ce732ed\" data-element_type=\"widget\" data-widget_type=\"heading.default\">\n\t\t\t\t<div class=\"elementor-widget-container\">\n\t\t\t<style>\/*! elementor - v3.21.0 - 26-05-2024 *\/\n.elementor-heading-title{padding:0;margin:0;line-height:1}.elementor-widget-heading .elementor-heading-title[class*=elementor-size-]>a{color:inherit;font-size:inherit;line-height:inherit}.elementor-widget-heading .elementor-heading-title.elementor-size-small{font-size:15px}.elementor-widget-heading .elementor-heading-title.elementor-size-medium{font-size:19px}.elementor-widget-heading .elementor-heading-title.elementor-size-large{font-size:29px}.elementor-widget-heading .elementor-heading-title.elementor-size-xl{font-size:39px}.elementor-widget-heading .elementor-heading-title.elementor-size-xxl{font-size:59px}<\/style><h1 class=\"elementor-heading-title elementor-size-default\">Programa<\/h1>\t\t<\/div>\n\t\t\t\t<\/div>\n\t\t\t\t\t<\/div>\n\t\t<\/div>\n\t\t\t\t\t<\/div>\n\t\t<\/section>\n\t\t\t\t<section class=\"elementor-section elementor-top-section elementor-element elementor-element-21f30da elementor-section-boxed elementor-section-height-default elementor-section-height-default\" data-id=\"21f30da\" data-element_type=\"section\">\n\t\t\t\t\t\t<div class=\"elementor-container elementor-column-gap-default\">\n\t\t\t\t\t<div class=\"elementor-column elementor-col-100 elementor-top-column elementor-element elementor-element-2ab265d\" data-id=\"2ab265d\" data-element_type=\"column\">\n\t\t\t<div class=\"elementor-widget-wrap elementor-element-populated\">\n\t\t\t\t\t\t<div class=\"elementor-element elementor-element-8f5a870 elementor-tabs-view-vertical elementor-widget elementor-widget-tabs\" data-id=\"8f5a870\" data-element_type=\"widget\" data-widget_type=\"tabs.default\">\n\t\t\t\t<div class=\"elementor-widget-container\">\n\t\t\t<style>\/*! elementor - v3.21.0 - 26-05-2024 *\/\n.elementor-widget-tabs.elementor-tabs-view-vertical .elementor-tabs-wrapper{width:25%;flex-shrink:0}.elementor-widget-tabs.elementor-tabs-view-vertical .elementor-tab-desktop-title.elementor-active{border-inline-end-style:none}.elementor-widget-tabs.elementor-tabs-view-vertical .elementor-tab-desktop-title.elementor-active:after,.elementor-widget-tabs.elementor-tabs-view-vertical .elementor-tab-desktop-title.elementor-active:before{height:999em;width:0;right:0;border-inline-end-style:solid}.elementor-widget-tabs.elementor-tabs-view-vertical .elementor-tab-desktop-title.elementor-active:before{top:0;transform:translateY(-100%)}.elementor-widget-tabs.elementor-tabs-view-vertical .elementor-tab-desktop-title.elementor-active:after{top:100%}.elementor-widget-tabs.elementor-tabs-view-horizontal .elementor-tab-desktop-title{display:table-cell}.elementor-widget-tabs.elementor-tabs-view-horizontal .elementor-tab-desktop-title.elementor-active{border-bottom-style:none}.elementor-widget-tabs.elementor-tabs-view-horizontal .elementor-tab-desktop-title.elementor-active:after,.elementor-widget-tabs.elementor-tabs-view-horizontal .elementor-tab-desktop-title.elementor-active:before{bottom:0;height:0;width:999em;border-bottom-style:solid}.elementor-widget-tabs.elementor-tabs-view-horizontal .elementor-tab-desktop-title.elementor-active:before{right:100%}.elementor-widget-tabs.elementor-tabs-view-horizontal .elementor-tab-desktop-title.elementor-active:after{left:100%}.elementor-widget-tabs .elementor-tab-content,.elementor-widget-tabs .elementor-tab-title,.elementor-widget-tabs .elementor-tab-title:after,.elementor-widget-tabs .elementor-tab-title:before,.elementor-widget-tabs .elementor-tabs-content-wrapper{border:1px #d5d8dc}.elementor-widget-tabs .elementor-tabs{text-align:start}.elementor-widget-tabs .elementor-tabs-wrapper{overflow:hidden}.elementor-widget-tabs .elementor-tab-title{cursor:pointer;outline:var(--focus-outline,none)}.elementor-widget-tabs .elementor-tab-desktop-title{position:relative;padding:20px 25px;font-weight:700;line-height:1;border:solid transparent}.elementor-widget-tabs .elementor-tab-desktop-title.elementor-active{border-color:#d5d8dc}.elementor-widget-tabs .elementor-tab-desktop-title.elementor-active:after,.elementor-widget-tabs .elementor-tab-desktop-title.elementor-active:before{display:block;content:\"\";position:absolute}.elementor-widget-tabs .elementor-tab-desktop-title:focus-visible{border:1px solid #000}.elementor-widget-tabs .elementor-tab-mobile-title{padding:10px;cursor:pointer}.elementor-widget-tabs .elementor-tab-content{padding:20px;display:none}@media (max-width:767px){.elementor-tabs .elementor-tab-content,.elementor-tabs .elementor-tab-title{border-style:solid solid none}.elementor-tabs .elementor-tabs-wrapper{display:none}.elementor-tabs .elementor-tabs-content-wrapper{border-bottom-style:solid}.elementor-tabs .elementor-tab-content{padding:10px}}@media (min-width:768px){.elementor-widget-tabs.elementor-tabs-view-vertical .elementor-tabs{display:flex}.elementor-widget-tabs.elementor-tabs-view-vertical .elementor-tabs-wrapper{flex-direction:column}.elementor-widget-tabs.elementor-tabs-view-vertical .elementor-tabs-content-wrapper{flex-grow:1;border-style:solid solid solid none}.elementor-widget-tabs.elementor-tabs-view-horizontal .elementor-tab-content{border-style:none solid solid}.elementor-widget-tabs.elementor-tabs-alignment-center .elementor-tabs-wrapper,.elementor-widget-tabs.elementor-tabs-alignment-end .elementor-tabs-wrapper,.elementor-widget-tabs.elementor-tabs-alignment-stretch .elementor-tabs-wrapper{display:flex}.elementor-widget-tabs.elementor-tabs-alignment-center .elementor-tabs-wrapper{justify-content:center}.elementor-widget-tabs.elementor-tabs-alignment-end .elementor-tabs-wrapper{justify-content:flex-end}.elementor-widget-tabs.elementor-tabs-alignment-stretch.elementor-tabs-view-horizontal .elementor-tab-title{width:100%}.elementor-widget-tabs.elementor-tabs-alignment-stretch.elementor-tabs-view-vertical .elementor-tab-title{height:100%}.elementor-tabs .elementor-tab-mobile-title{display:none}}<\/style>\t\t<div class=\"elementor-tabs\">\n\t\t\t<div class=\"elementor-tabs-wrapper\" role=\"tablist\" >\n\t\t\t\t\t\t\t\t\t<div id=\"elementor-tab-title-1501\" class=\"elementor-tab-title elementor-tab-desktop-title\" aria-selected=\"true\" data-tab=\"1\" role=\"tab\" tabindex=\"0\" aria-controls=\"elementor-tab-content-1501\" aria-expanded=\"false\">Lunes \/ 09 de mayo de 2022<\/div>\n\t\t\t\t\t\t\t\t\t<div id=\"elementor-tab-title-1502\" class=\"elementor-tab-title elementor-tab-desktop-title\" aria-selected=\"false\" data-tab=\"2\" role=\"tab\" tabindex=\"-1\" aria-controls=\"elementor-tab-content-1502\" aria-expanded=\"false\">Martes \/ 10 de mayo de 2022<\/div>\n\t\t\t\t\t\t\t\t\t<div id=\"elementor-tab-title-1503\" class=\"elementor-tab-title elementor-tab-desktop-title\" aria-selected=\"false\" data-tab=\"3\" role=\"tab\" tabindex=\"-1\" aria-controls=\"elementor-tab-content-1503\" aria-expanded=\"false\">Miercoles \/ 11 de mayo de 2022<\/div>\n\t\t\t\t\t\t\t\t\t<div id=\"elementor-tab-title-1504\" class=\"elementor-tab-title elementor-tab-desktop-title\" aria-selected=\"false\" data-tab=\"4\" role=\"tab\" tabindex=\"-1\" aria-controls=\"elementor-tab-content-1504\" aria-expanded=\"false\">Jueces \/ 12 de mayo 2022<\/div>\n\t\t\t\t\t\t\t\t\t<div id=\"elementor-tab-title-1505\" class=\"elementor-tab-title elementor-tab-desktop-title\" aria-selected=\"false\" data-tab=\"5\" role=\"tab\" tabindex=\"-1\" aria-controls=\"elementor-tab-content-1505\" aria-expanded=\"false\">Programa Cultural y Actividades para los Acompa\u00f1antes. <\/div>\n\t\t\t\t\t\t\t<\/div>\n\t\t\t<div class=\"elementor-tabs-content-wrapper\" role=\"tablist\" aria-orientation=\"vertical\">\n\t\t\t\t\t\t\t\t\t<div class=\"elementor-tab-title elementor-tab-mobile-title\" aria-selected=\"true\" data-tab=\"1\" role=\"tab\" tabindex=\"0\" aria-controls=\"elementor-tab-content-1501\" aria-expanded=\"false\">Lunes \/ 09 de mayo de 2022<\/div>\n\t\t\t\t\t<div id=\"elementor-tab-content-1501\" class=\"elementor-tab-content elementor-clearfix\" data-tab=\"1\" role=\"tabpanel\" aria-labelledby=\"elementor-tab-title-1501\" tabindex=\"0\" hidden=\"false\"><ul><li><b>18:00h. a 19:00h.<\/b> Encuentro y salutaci\u00f3n de Congresistas<\/li><\/ul><ul><li><b>19:15h.<\/b> Presentaci\u00f3n del Congreso a cargo del Comit\u00e9 Organizador<\/li><\/ul><ul><li><b>19:30h-20:00h. <\/b>Conferencia Precongresual<ul><li>Tema: <em>\u201cFortalezas personales y eficacia docente\u201d<\/em><\/li><li>Ponente: Dra. Luc\u00eda Herrera Torres. Decana de la Facultad de Ciencias de la Educaci\u00f3n y del Deporte de Melilla<\/li><li>Presenta: Prof. Dra. Teresa Mar\u00eda Perandones Gonz\u00e1lez<\/li><\/ul><\/li><\/ul><ul><li><b>20:15h.<\/b> Visita guiada (salida desde Plaza Espa\u00f1a)<\/li><\/ul><ul><li><b>21:30h.<\/b> Vino espa\u00f1ol y palabras de recepci\u00f3n de autoridades y organizadores<\/li><\/ul><\/div>\n\t\t\t\t\t\t\t\t\t<div class=\"elementor-tab-title elementor-tab-mobile-title\" aria-selected=\"false\" data-tab=\"2\" role=\"tab\" tabindex=\"-1\" aria-controls=\"elementor-tab-content-1502\" aria-expanded=\"false\">Martes \/ 10 de mayo de 2022<\/div>\n\t\t\t\t\t<div id=\"elementor-tab-content-1502\" class=\"elementor-tab-content elementor-clearfix\" data-tab=\"2\" role=\"tabpanel\" aria-labelledby=\"elementor-tab-title-1502\" tabindex=\"0\" hidden=\"hidden\"><table>\n  <tbody>\n    <tr>\n      <td>\n        <strong>Sesi\u00f3n de ma\u00f1ana en la Facultad de Ciencias de la Educaci\u00f3n y del Deporte de Melilla\n        <\/strong>\n      <\/td>\n    <\/tr>\n  <\/tbody>\n<\/table>\n<ul>\n  <li>8:30h. Recogida de documentaci\u00f3n\/acreditaciones y recepci\u00f3n de Congresistas\n  <\/li>\n<\/ul>\n<ul>\n  <li>9:00h. \n    <b>Inauguraci\u00f3n Oficial del Congreso.\n    <\/b>\n    <ul>\n      <li>Palabras de las autoridades\n      <\/li>\n      <li>Rectora Magn\u00edfica de la Universidad de Granada.\n        <strong>Pilar Aranda Ram\u00edrez\n        <\/strong>\n      <\/li>\n      <li>Presidente de la Ciudad Aut\u00f3noma de Melilla\n        <strong>Eduardo de Castro Gonz\u00e1lez\n        <\/strong>\n      <\/li>\n      <li>E. Ministro de Educaci\u00f3n de Rep\u00fablica Dominicana.\n        <strong>Roberto Fulcar Encarnaci\u00f3n\n        <\/strong>\n      <\/li>\n      <li>Consejera de Educaci\u00f3n en Rabat.\n        <strong>Mar\u00eda Antonia Trujillo\n        <\/strong>\n      <\/li>\n      <li>Presidente de INFAD.\n        <strong>Florencio Vicente Castro\n        <\/strong>\n      <\/li>\n      <li>Vicerrectora de Internacionalizaci\u00f3n de la Universidad de Granada.\n        <strong>Dorothy Anne Kelly\n        <\/strong>\n      <\/li>\n      <li>Coordinador General del Proyecto ECALFOR.\n        <strong>Oswaldo Lorenzo Quiles\n        <\/strong>\n      <\/li>\n      <li>Decana de la Facultad de Ciencias de la Educaci\u00f3n y del Deporte.\n        <strong>Luc\u00eda Herrera Torres\n        <\/strong>\n      <\/li>\n      <li>Secretaria Ejecutiva del Convenio Andr\u00e9s Bello.\n        <strong>Delva Odalys Batista Mendieta\n        <\/strong>\n      <\/li>\n      <li>Director de la Agencia de para la Calidad del Sistema Universitario de Galicia ACSUG.\n        <strong>Jos\u00e9 Eduardo L\u00f3pez Pereira\n        <\/strong>\n      <\/li>\n      <li>Directora de Proyectos y Convenios Internacionales (Vicerrectorado de Internacionalizaci\u00f3n de la Universidad de Granada).\n        <strong>Irene Pedreira Romero\n        <\/strong>\n      <\/li>\n      <li>Directora del Gabinete de Orientaci\u00f3n Universitaria.\n        <strong>Teresa Mar\u00eda Perandones Gonz\u00e1lez\n        <\/strong>\n      <\/li>\n    <\/ul>\n  <\/li>\n  <li>10:00h. Conferencia Inaugural-Plenaria\n  <\/li>\n  <li>\n    <strong>11:10h. a 11:30h. Pausa caf\u00e9\n    <\/strong>\n  <\/li>\n  <li>11:30 a 12:15h. Conferencia Plenaria\n    <ul>\n      <li>Tema: \u00ab\n        <em>Bases para una formaci\u00f3n docente de calidad\u00bb\n        <\/em>\n      <\/li>\n      <li>Ponente: \n        <strong>Dra. Mercedes Gonz\u00e1lez Sanmamed. \n        <\/strong>Catedr\u00e1tica de Did\u00e1ctica y Organizaci\u00f3n Escolar de la Universidad de A Coru\u00f1a.\n      <\/li>\n      <li>Presenta: Prof. Dr. Manuel Fern\u00e1ndez Cruz\n      <\/li>\n    <\/ul>\n  <\/li>\n  <li>12:10h. a 13:30h. Mesa Redonda\n    <ul>\n      <li>Tema: \u201c\n        <em>Repensar la Educaci\u00f3n Universitaria desde la Experiencia\n        <\/em>\u201d\n      <\/li>\n      <li>Participantes:\n        <strong>Prof. Dr. D. Alfonso Barca Lozano; Prof\u00aa. Dr\u00aa D\u00aa. Isabel Mar\u00eda Lujan Henriquez; Prof\u00aa.Dr\u00aa D\u00aa. Leonor Buend\u00eda Eisman; Prof\u00aa. Dr\u00aa D\u00aa. Ana Isabel Isidro de Pedro; Prof\u00aa. Dr\u00aa D\u00aa. Mari Cruz P\u00e9rez Lancho\n        <\/strong>.\n      <\/li>\n      <li>Coordina y Presenta: Dr. D. Rafael Ballester Arnal (U. Jaume I de Castell\u00f3n)\n      <\/li>\n    <\/ul>\n  <\/li>\n  <li>13:30h. a 14:00h. Presentaci\u00f3n de Proyectos acad\u00e9micos y de investigaci\u00f3n\n  <\/li>\n  <li>13:30h. Simposios y comunicaciones sobre distintas tem\u00e1ticas, en paralelo\n    <ul>\n      <li>\n        <strong>En el programa se ir\u00e1n a\u00f1adiendo y completando las aportaciones de los participantes\n        <\/strong>\n      <\/li>\n    <\/ul>\n  <\/li>\n  <li>\n    <strong>14:00h-16:00h Pausa para almuerzo\n    <\/strong> \n  <\/li>\n  <table>\n    <tbody>\n      <tr>\n        <td>\n          <strong>Sesi\u00f3n de tarde en la Facultad de Ciencias de la Educaci\u00f3n y del Deporte\n          <\/strong>\n        <\/td>\n      <\/tr>\n    <\/tbody>\n  <\/table>\n  <li>16:30h. a 17:15 h. Conferencia Plenaria\n    <ul>\n      <li>Tema: \u00ab\n        <em>Garant\u00eda de la calidad de la formaci\u00f3n docente. Una aproximaci\u00f3n desde la mirada de la Organizaci\u00f3n del Convenio Andr\u00e9s Bello\u00bb\n        <\/em>.\n      <\/li>\n      <li>Ponente:\n        <strong> Dra. Delva Odalys Batista Mendieta\n        <\/strong>. Secretaria Ejecutiva del Convenio Andr\u00e9s Bello.\n      <\/li>\n      <li>Presenta: Prof. Dr. Oswaldo Lorenzo Quiles\n      <\/li>\n    <\/ul>\n  <\/li>\n  <li>17:15h. a 19:00h. Simposio Proyecto B-SPORT\n    <ul>\n      <li>Aula A.\n      <\/li>\n      <li>Participantes: A confirmar\n      <\/li>\n    <\/ul>\n  <\/li>\n  <li>17:15h. a 19:00h. Simposio Proyecto AccessCULT\n    <ul>\n      <li>Aula B\n      <\/li>\n      <li>Participantes: A confirmar\n      <\/li>\n    <\/ul>\n  <\/li>\n  <li>17:15h. a 18:00h \u2013 Presentaci\u00f3n de Libros\n  <\/li>\n  <li>18:00h a 19:00h. Conferencia Magistral:\n    <ul>\n      <li>Tema\n        <strong>:\n        <\/strong>\n        <em>\u201cS\u00edndrome de Burnout del profesorado: Una reflexi\u00f3n\u00bb\u201d.\n        <\/em>\n      <\/li>\n      <li>Ponente:\n        <strong>Dr. D. Francisco Ramos Campos\n        <\/strong>. Catedr\u00e1tico de la Univ. de Salamanca\n      <\/li>\n      <li>Presenta: Mar\u00eda Isabel Fajardo Caldera. Prof. Titular Univ. de Extremadura\n      <\/li>\n    <\/ul>\n  <\/li>\n  <ul>\n    <li>Tema: \u00ab\n      <em>Desaf\u00edos de la formaci\u00f3n docente en tiempos de la pandemia COVID-19. Principales aproximaciones al papel cambiante de los sistemas educativos\u00bb.\n      <\/em>\n    <\/li>\n    <li>Ponente: E. Ministro de Educaci\u00f3n de Rep\u00fablica Dominicana.\n      <strong>Roberto Fulcar Encarnaci\u00f3n\n      <\/strong>\n    <\/li>\n    <li>Presenta: Prof. Dr. Delva Odalys Batista Mendieta\n    <\/li>\n  <\/ul>\n  <li>19:00 a 20:00h. Simposios y Comunicaciones sobre distintas tem\u00e1ticas\n    <ul>\n      <li>\n        <strong>En el programa se ir\u00e1n a\u00f1adiendo y completando las aportaciones de los participantes.\n        <\/strong>\n      <\/li>\n    <\/ul>\n  <\/li>\n<\/ul>\n<\/div>\n\t\t\t\t\t\t\t\t\t<div class=\"elementor-tab-title elementor-tab-mobile-title\" aria-selected=\"false\" data-tab=\"3\" role=\"tab\" tabindex=\"-1\" aria-controls=\"elementor-tab-content-1503\" aria-expanded=\"false\">Miercoles \/ 11 de mayo de 2022<\/div>\n\t\t\t\t\t<div id=\"elementor-tab-content-1503\" class=\"elementor-tab-content elementor-clearfix\" data-tab=\"3\" role=\"tabpanel\" aria-labelledby=\"elementor-tab-title-1503\" tabindex=\"0\" hidden=\"hidden\"><table><tbody><tr><td><strong>Sesi\u00f3n de ma\u00f1ana en la Facultad de Ciencias de la Educaci\u00f3n y del Deporte de Melilla<\/strong><\/td><\/tr><\/tbody><\/table><ul><li>9:30h. a10:30h. Simposios y Comunicaciones sobre distintas tem\u00e1ticas<ul><li><strong>En el programa se ir\u00e1n a\u00f1adiendo y completando las aportaciones de los participan. <\/strong><\/li><\/ul><\/li><\/ul><p><strong>10:30h. \u2013 11.00h. Pausa caf\u00e9<\/strong><\/p><ul><li>11:00h. a 11:45h. Conferencia Magistral<ul><li>Tema: \u00ab<em>Resolviendo conflictos a trav\u00e9s de las emociones\u00bb<\/em><\/li><li>Ponente: <strong> Dra. Mar\u00eda del Carmen Pichardo Mart\u00ednez<\/strong>. Catedr\u00e1tica de Psicolog\u00eda Evolutiva y de la Educaci\u00f3n de la Universidad de Granada.<\/li><li>Presenta: Prof. Dra. Luc\u00eda Herrera Torres<\/li><\/ul><\/li><\/ul><ul><li>11:45h. a 12:30h. Conferencia Plenaria<ul><li>Tema: <em>\u00abCalidad en la educaci\u00f3n superior en Europa y Am\u00e9rica Latina: dos retos a distinta velocidad\u00bb<\/em><\/li><li>Ponente<strong>: Prof. Dr. Jos\u00e9 Eduardo L\u00f3pez Pereira<\/strong>. Director de la Agencia para la Calidad del Sistema Universitario de Galicia ACSUG<\/li><li>Presenta: Prof. Dra. Mercedes Gonz\u00e1lez Sanmamed.<\/li><\/ul><\/li><\/ul><ul><li>12:30h. a 14:00h. Conferencia Plenaria:<ul><li>Tema: <em>\u201cReflexi\u00f3n sobre las aulas del Futuro. Alertas universitarias, Nuevas propuestas\u201d<\/em><\/li><li>Ponente: <strong>Dr. D. Juan Jos\u00e9 Maldonado Briegas<\/strong> (Prof. Univ. de Extremadura y Director General de Universidades. Junta de Extremadura.<\/li><li>Presenta: Prof. Dr. D. Florencio Vicente Castro. Prof. Universidad de Extremadura<\/li><\/ul><\/li><\/ul><ul><li>12:30h. a 14:00h. Conferencia Plenaria:<ul><li>Tema: <em>\u201cLa Educaci\u00f3n Emocional, importantica tras la pandemia\u201d<\/em><\/li><li>Ponente: <strong>Dr\u00aa. D\u00aa. Consuelo Mor\u00e1n Astorga<\/strong>. Prof. Univ. de Le\u00f3n.<\/li><li>Presenta: Rafaela D\u00edaz Villalobos. Profesora Titular. Univ. e Extremadura<\/li><\/ul><\/li><\/ul><ul><li>12:30h a 14:00h. Simposios y Comunicaciones sobre distintas tem\u00e1ticas (<strong>en paralelo<\/strong>)<\/li><\/ul><p>\u00a0<\/p><p><strong>14:00h. \u2013 16:00h. Pausa para Almuerzo<\/strong><\/p><table><tbody><tr><td><strong>Sesi\u00f3n de tarde en Facultad de Ciencias de la Educaci\u00f3n y del Deporte de Melilla<\/strong><\/td><\/tr><\/tbody><\/table><ul><li>16:30h. a 17:15h. Conferencia Magistral en Aula 1<ul><li>Tema: <em>\u201cO p\u00f3s pandemia e os desafios da investiga\u00e7\u00e3o\u201d<\/em><\/li><li>Ponente: <strong>Sonia Costa<\/strong>. Prof. Investigadora. Instituto Polit\u00e9cnico Co\u00edmbra (Portugal)<\/li><li>Presenta: Prof. Dr. D. Florencio Vicente Castro. Presidente de INFAD<\/li><\/ul><\/li><\/ul><ul><li>16:30h. a 17:15h. Conferencia Magistral en Aula 2<ul><li>Tema: <em>\u201cEducaci\u00f3n para la Salud: El Papel del Control Personal y el Apoyo Percibido en la Calidad de los Cuidados para Personas Mayores\u201d<\/em><\/li><li>Ponente: <strong>Israel Contador<\/strong>. Prof de la Universidad de Salamanca<\/li><li>Presenta: Prof. Dr. D. Francisco Ramos Campos. Catedr\u00e1tico Universidad de Salamanca<\/li><\/ul><\/li><\/ul><ul><li>17:15h. a 18:00 h. Mesa Redonda.<ul><li>Tema: <em>\u00abAdolescentes migrantes sin referentes familiares. Gesti\u00f3n de la dimensi\u00f3n humana desde la psicolog\u00eda y la educaci\u00f3n\u00bb<\/em>.<\/li><li>Ponentes: <strong>D. Antonio Salvador Jim\u00e9nez Hern\u00e1ndez<\/strong>. Profesor Universidad de Extremadura y presidente del Consejo Independiente de Protecci\u00f3n de la Infancia.<br \/><strong>D. Otman Ghannami<\/strong>. Presidente de la Asociaci\u00f3n Infancia, Cultura y Educaci\u00f3n.<br \/><strong>D\u00aa. Mariana G\u00f3mez Vicario<\/strong>. Educadora de Inserta Andaluc\u00eda y secretaria de la Asociaci\u00f3n Infancia, Cultura y Educaci\u00f3n.<br \/><strong>D\u00aa. Sara Conesa Ramos<\/strong>. Psic\u00f3loga del Centro Asistencial Gota de Leche de Melilla. Profesora Asociada de la UGR del Dpto. de Psicolog\u00eda Social.<br \/><strong>D\u00aa. Vanesa Rubio Jim\u00e9nez<\/strong>. Educadora Social del \u00e1rea de acogimiento social y adopci\u00f3n. Direcci\u00f3n General del Menor y la Familia.<\/li><li>Presenta: Dr\u00aa. D\u00aa. Teresa Perandones. Prof. Univ. de Granada en Campus Melilla.<\/li><\/ul><\/li><\/ul><ul><li>18:00h. a 19:00h. Simposios y Comunicaciones sobre distintas tem\u00e1ticas<\/li><\/ul><ul><li>19:00h. Asamblea Plenaria INFAD \u2013 tiempo libre para miembros de ECALFOR<\/li><\/ul><ul><li>21:00h. <strong>Cena Oficial del Congreso<\/strong> en Hotel Melilla Puerto con actuaci\u00f3n musical y Entrega de Premios.<\/li><\/ul><\/div>\n\t\t\t\t\t\t\t\t\t<div class=\"elementor-tab-title elementor-tab-mobile-title\" aria-selected=\"false\" data-tab=\"4\" role=\"tab\" tabindex=\"-1\" aria-controls=\"elementor-tab-content-1504\" aria-expanded=\"false\">Jueces \/ 12 de mayo 2022<\/div>\n\t\t\t\t\t<div id=\"elementor-tab-content-1504\" class=\"elementor-tab-content elementor-clearfix\" data-tab=\"4\" role=\"tabpanel\" aria-labelledby=\"elementor-tab-title-1504\" tabindex=\"0\" hidden=\"hidden\"><table><tbody><tr><td><strong>Sesi\u00f3n Postcongresual en Facultad de Ciencias de la Educaci\u00f3n y del Deporte (excepto participantes ECALFOR) <\/strong><\/td><\/tr><\/tbody><\/table><ul><li>12:00h a 12:30h. Conferencia Magistral. A decidir por INFAD<ul><li>Tema: (Pendiente confirmaci\u00f3n)<\/li><li>Ponente: (Pendiente confirmaci\u00f3n)<\/li><li>Presenta: (Pendiente confirmaci\u00f3n)<\/li><\/ul><\/li><li>13:00h a 15:00h. Visita Cultural (excepto participantes ECALFOR)<\/li><li>15:00h. Pausa para Almuerzo<\/li><\/ul><\/div>\n\t\t\t\t\t\t\t\t\t<div class=\"elementor-tab-title elementor-tab-mobile-title\" aria-selected=\"false\" data-tab=\"5\" role=\"tab\" tabindex=\"-1\" aria-controls=\"elementor-tab-content-1505\" aria-expanded=\"false\">Programa Cultural y Actividades para los Acompa\u00f1antes. <\/div>\n\t\t\t\t\t<div id=\"elementor-tab-content-1505\" class=\"elementor-tab-content elementor-clearfix\" data-tab=\"5\" role=\"tabpanel\" aria-labelledby=\"elementor-tab-title-1505\" tabindex=\"0\" hidden=\"hidden\"><strong>D\u00eda 9 mayo 2022<\/strong>.\n<ul>\n \t<li>A las 20:15 h. visita guiada a la Ciudad desde la Plaza de Espa\u00f1a. Visita Guiada \u201cModernismo\u201d<\/li>\n \t<li>A las 21:30 h. Copa de vino de salutaci\u00f3n en el Puerto Noray.<\/li>\n<\/ul>\n<strong>D\u00eda 10 mayo 2022. <\/strong>\n<ul>\n \t<li>A las 20.30 h. Concierto al aire libre en la Ensenada de los Gal\u00e1pagos.<\/li>\n<\/ul>\n<strong>D\u00eda 11 mayo 2022.<\/strong>\n<ul>\n \t<li>\u00bfVisita de alg\u00fan museo?<\/li>\n \t<li>A las 21:30 h. Cena de Gala del Congreso. Salones del TRYP MELILLA PUERTO<\/li>\n \t<li>Espect\u00e1culo musical de La Escuela de Danza de Melilla. \u201cEspect\u00e1culo de las 5 Culturas\u201d<\/li>\n<\/ul>\n<strong>D\u00eda 12 mayo 2022<\/strong> (todo el d\u00eda).\n<ul>\n \t<li>Visita, si es posible, -tema fronteras- a Marruecos<\/li>\n \t<li>En su defecto a las 13 h. Visita guiada panor\u00e1mica para los para los miembros de Infad. \u201cMelilla la Vieja\u201d.<\/li>\n<\/ul>\n<strong>D\u00eda 13 mayo 2022<\/strong>.\n<ul>\n \t<li>Visita Panor\u00e1mica en BUS<\/li>\n<\/ul>\n<\/div>\n\t\t\t\t\t\t\t<\/div>\n\t\t<\/div>\n\t\t\t\t<\/div>\n\t\t\t\t<\/div>\n\t\t\t\t\t<\/div>\n\t\t<\/div>\n\t\t\t\t\t<\/div>\n\t\t<\/section>\n\t\t\t\t<\/div>\n\t\t","protected":false},"excerpt":{"rendered":"<p>Lunes \/ 09 de mayo de 2022 Martes \/ 10 de mayo de 2022 Miercoles \/ 11 de mayo de 2022 Jueces \/ 12 de mayo 2022 Programa Cultural y Actividades para los Acompa\u00f1antes. Lunes \/ 09 de mayo de 2022 18:00h. a 19:00h. Encuentro y salutaci\u00f3n de Congresistas 19:15h. Presentaci\u00f3n del Congreso a cargo [&hellip;]<\/p>\n","protected":false},"author":1,"featured_media":0,"parent":0,"menu_order":-6,"comment_status":"closed","ping_status":"closed","template":"elementor_header_footer","meta":{"footnotes":""},"_links":{"self":[{"href":"https:\/\/wpd.ugr.es\/~ecalfor\/wp-json\/wp\/v2\/pages\/27"}],"collection":[{"href":"https:\/\/wpd.ugr.es\/~ecalfor\/wp-json\/wp\/v2\/pages"}],"about":[{"href":"https:\/\/wpd.ugr.es\/~ecalfor\/wp-json\/wp\/v2\/types\/page"}],"author":[{"embeddable":true,"href":"https:\/\/wpd.ugr.es\/~ecalfor\/wp-json\/wp\/v2\/users\/1"}],"replies":[{"embeddable":true,"href":"https:\/\/wpd.ugr.es\/~ecalfor\/wp-json\/wp\/v2\/comments?post=27"}],"version-history":[{"count":11,"href":"https:\/\/wpd.ugr.es\/~ecalfor\/wp-json\/wp\/v2\/pages\/27\/revisions"}],"predecessor-version":[{"id":933,"href":"https:\/\/wpd.ugr.es\/~ecalfor\/wp-json\/wp\/v2\/pages\/27\/revisions\/933"}],"wp:attachment":[{"href":"https:\/\/wpd.ugr.es\/~ecalfor\/wp-json\/wp\/v2\/media?parent=27"}],"curies":[{"name":"wp","href":"https:\/\/api.w.org\/{rel}","templated":true}]}}