{"id":375,"date":"2023-09-25T20:26:41","date_gmt":"2023-09-25T19:26:41","guid":{"rendered":"https:\/\/wpd.ugr.es\/~ecalfor\/?page_id=375"},"modified":"2023-10-06T14:03:07","modified_gmt":"2023-10-06T13:03:07","slug":"presentacion","status":"publish","type":"page","link":"https:\/\/wpd.ugr.es\/~ecalfor\/segundo-congreso\/presentacion\/","title":{"rendered":"Presentaci\u00f3n"},"content":{"rendered":"\t\t<div data-elementor-type=\"wp-page\" data-elementor-id=\"375\" class=\"elementor elementor-375\" data-elementor-post-type=\"page\">\n\t\t\t\t\t\t<section class=\"elementor-section elementor-top-section elementor-element elementor-element-790d1ad elementor-section-height-min-height elementor-section-boxed elementor-section-height-default elementor-section-items-middle\" data-id=\"790d1ad\" data-element_type=\"section\" data-settings=\"{&quot;background_background&quot;:&quot;classic&quot;}\">\n\t\t\t\t\t\t\t<div class=\"elementor-background-overlay\"><\/div>\n\t\t\t\t\t\t\t<div class=\"elementor-container elementor-column-gap-no\">\n\t\t\t\t\t<div class=\"elementor-column elementor-col-100 elementor-top-column elementor-element elementor-element-f6c59bf\" data-id=\"f6c59bf\" data-element_type=\"column\">\n\t\t\t<div class=\"elementor-widget-wrap\">\n\t\t\t\t\t\t\t<\/div>\n\t\t<\/div>\n\t\t\t\t\t<\/div>\n\t\t<\/section>\n\t\t\t\t<section class=\"elementor-section elementor-top-section elementor-element elementor-element-6472217 elementor-section-boxed elementor-section-height-default elementor-section-height-default\" data-id=\"6472217\" data-element_type=\"section\">\n\t\t\t\t\t\t<div class=\"elementor-container elementor-column-gap-default\">\n\t\t\t\t\t<div class=\"elementor-column elementor-col-100 elementor-top-column elementor-element elementor-element-ef34df4\" data-id=\"ef34df4\" data-element_type=\"column\" data-settings=\"{&quot;background_background&quot;:&quot;classic&quot;}\">\n\t\t\t<div class=\"elementor-widget-wrap elementor-element-populated\">\n\t\t\t\t\t\t<div class=\"elementor-element elementor-element-3f94c76 elementor-widget elementor-widget-heading\" data-id=\"3f94c76\" data-element_type=\"widget\" data-widget_type=\"heading.default\">\n\t\t\t\t<div class=\"elementor-widget-container\">\n\t\t\t<style>\/*! elementor - v3.21.0 - 26-05-2024 *\/\n.elementor-heading-title{padding:0;margin:0;line-height:1}.elementor-widget-heading .elementor-heading-title[class*=elementor-size-]>a{color:inherit;font-size:inherit;line-height:inherit}.elementor-widget-heading .elementor-heading-title.elementor-size-small{font-size:15px}.elementor-widget-heading .elementor-heading-title.elementor-size-medium{font-size:19px}.elementor-widget-heading .elementor-heading-title.elementor-size-large{font-size:29px}.elementor-widget-heading .elementor-heading-title.elementor-size-xl{font-size:39px}.elementor-widget-heading .elementor-heading-title.elementor-size-xxl{font-size:59px}<\/style><h1 class=\"elementor-heading-title elementor-size-default\">Presentaci\u00f3n<\/h1>\t\t<\/div>\n\t\t\t\t<\/div>\n\t\t\t\t<div class=\"elementor-element elementor-element-4f95313 elementor-widget elementor-widget-text-editor\" data-id=\"4f95313\" data-element_type=\"widget\" data-widget_type=\"text-editor.default\">\n\t\t\t\t<div class=\"elementor-widget-container\">\n\t\t\t<style>\/*! elementor - v3.21.0 - 26-05-2024 *\/\n.elementor-widget-text-editor.elementor-drop-cap-view-stacked .elementor-drop-cap{background-color:#69727d;color:#fff}.elementor-widget-text-editor.elementor-drop-cap-view-framed .elementor-drop-cap{color:#69727d;border:3px solid;background-color:transparent}.elementor-widget-text-editor:not(.elementor-drop-cap-view-default) .elementor-drop-cap{margin-top:8px}.elementor-widget-text-editor:not(.elementor-drop-cap-view-default) .elementor-drop-cap-letter{width:1em;height:1em}.elementor-widget-text-editor .elementor-drop-cap{float:left;text-align:center;line-height:1;font-size:50px}.elementor-widget-text-editor .elementor-drop-cap-letter{display:inline-block}<\/style>\t\t\t\t<p>El proyecto europeo ECALFOR, \u201cEvaluaci\u00f3n de la formaci\u00f3n del profesorado en Am\u00e9rica Latina y Caribe. Garant\u00eda de la calidad de los t\u00edtulos de educaci\u00f3n\u201d, persigue objetivos coherentes con el Espacio Europeo de Educaci\u00f3n Superior en lo relativo a estructura y funcionamiento de la formaci\u00f3n universitaria y diversidad y autonom\u00eda de las Instituciones de Educaci\u00f3n Superior. En estas, la garant\u00eda de la calidad viene determinada por los protocolos e instrumentos empleados por cada instituci\u00f3n en la evaluaci\u00f3n de indicadores y resultados de la calidad de la formaci\u00f3n universitaria. ECALFOR generaliza la experiencia europea acumulada en mecanismos y procedimientos de garant\u00eda de la calidad para ser transferida, adaptada y contextualizada a los pa\u00edses del proyecto asociados en Latinoam\u00e9rica y Caribe, desde un trabajo colaborativo, horizontal y transnacional.<br><br><\/p><p>El II Congreso Internacional ECALFOR de \u00abFORMACI\u00d3N DEL PROFESORADO, CALIDAD EDUCATIVA Y COLECTIVOS SOCIALES EN SITUACI\u00d3N DE VULNERABILIDAD\u00bb supone un lugar de encuentro, de reflexi\u00f3n y planteamiento cient\u00edfico de los temas m\u00e1s preocupantes de nuestros d\u00edas para tratar de ofrecer perspectivas de futuro. Es un foro en el que todos tenemos ocasi\u00f3n de presentar nuestras reflexiones, nuestras aportaciones desde la investigaci\u00f3n y donde podemos compartir con otros compa\u00f1eros y amigos nuestros conocimientos y conclusiones cient\u00edficas, enriqueci\u00e9ndonos y enriqueciendo a los dem\u00e1s y aportando soluciones a nuestra sociedad.<\/p>\n<p>El II Congreso Internacional ECALFOR ofrece un lugar donde otros investigadores de varias universidades nos traen el trabajo realizado, las nuevas l\u00edneas de investigaci\u00f3n, la ilusi\u00f3n, el esfuerzo y mucho entusiasmo, promoviendo el acercamiento y la relaci\u00f3n entre distintos profesores de universidades europeas, brasile\u00f1as y de un alto n\u00famero de otras instituciones de educaci\u00f3n superior de Am\u00e9rica Latina y El Caribe, as\u00ed como entre varios miembros de universidades internacionales.<\/p>\n<p>Sao Luis, 18 de septiembre de 2023<\/p>\n<p>Prof. Dr. D. Oswaldo Lorenzo Quiles (Coordinador General del Proyecto ECALFOR)<br>Prof. Dr. D. Ricieri Carlini Zorzal (Universidade Federal do Maranh\u00e3o, Brasil)<br>Profesora D\u00aa Ana Lend\u00ednez (T\u00e9cnico del Proyecto ECALFOR)<\/p>\t\t\t\t\t\t<\/div>\n\t\t\t\t<\/div>\n\t\t\t\t\t<\/div>\n\t\t<\/div>\n\t\t\t\t\t<\/div>\n\t\t<\/section>\n\t\t\t\t<\/div>\n\t\t","protected":false},"excerpt":{"rendered":"<p>El proyecto europeo ECALFOR, \u201cEvaluaci\u00f3n de la formaci\u00f3n del profesorado en Am\u00e9rica Latina y Caribe. Garant\u00eda de la calidad de los t\u00edtulos de educaci\u00f3n\u201d, persigue objetivos coherentes con el Espacio Europeo de Educaci\u00f3n Superior en lo relativo a estructura y funcionamiento de la formaci\u00f3n universitaria y diversidad y autonom\u00eda de las Instituciones de Educaci\u00f3n Superior. [&hellip;]<\/p>\n","protected":false},"author":1,"featured_media":0,"parent":357,"menu_order":0,"comment_status":"closed","ping_status":"closed","template":"elementor_header_footer","meta":{"footnotes":""},"_links":{"self":[{"href":"https:\/\/wpd.ugr.es\/~ecalfor\/wp-json\/wp\/v2\/pages\/375"}],"collection":[{"href":"https:\/\/wpd.ugr.es\/~ecalfor\/wp-json\/wp\/v2\/pages"}],"about":[{"href":"https:\/\/wpd.ugr.es\/~ecalfor\/wp-json\/wp\/v2\/types\/page"}],"author":[{"embeddable":true,"href":"https:\/\/wpd.ugr.es\/~ecalfor\/wp-json\/wp\/v2\/users\/1"}],"replies":[{"embeddable":true,"href":"https:\/\/wpd.ugr.es\/~ecalfor\/wp-json\/wp\/v2\/comments?post=375"}],"version-history":[{"count":13,"href":"https:\/\/wpd.ugr.es\/~ecalfor\/wp-json\/wp\/v2\/pages\/375\/revisions"}],"predecessor-version":[{"id":551,"href":"https:\/\/wpd.ugr.es\/~ecalfor\/wp-json\/wp\/v2\/pages\/375\/revisions\/551"}],"up":[{"embeddable":true,"href":"https:\/\/wpd.ugr.es\/~ecalfor\/wp-json\/wp\/v2\/pages\/357"}],"wp:attachment":[{"href":"https:\/\/wpd.ugr.es\/~ecalfor\/wp-json\/wp\/v2\/media?parent=375"}],"curies":[{"name":"wp","href":"https:\/\/api.w.org\/{rel}","templated":true}]}}