{"id":390,"date":"2023-09-25T20:51:44","date_gmt":"2023-09-25T19:51:44","guid":{"rendered":"https:\/\/wpd.ugr.es\/~ecalfor\/?page_id=390"},"modified":"2023-11-28T11:46:25","modified_gmt":"2023-11-28T10:46:25","slug":"programa","status":"publish","type":"page","link":"https:\/\/wpd.ugr.es\/~ecalfor\/segundo-congreso\/programa\/","title":{"rendered":"Programa"},"content":{"rendered":"\t\t<div data-elementor-type=\"wp-page\" data-elementor-id=\"390\" class=\"elementor elementor-390\" data-elementor-post-type=\"page\">\n\t\t\t\t\t\t<section class=\"elementor-section elementor-top-section elementor-element elementor-element-8d06efb elementor-section-height-min-height elementor-section-boxed elementor-section-height-default elementor-section-items-middle\" data-id=\"8d06efb\" data-element_type=\"section\" data-settings=\"{&quot;background_background&quot;:&quot;classic&quot;}\">\n\t\t\t\t\t\t\t<div class=\"elementor-background-overlay\"><\/div>\n\t\t\t\t\t\t\t<div class=\"elementor-container elementor-column-gap-no\">\n\t\t\t\t\t<div class=\"elementor-column elementor-col-100 elementor-top-column elementor-element elementor-element-49dba94\" data-id=\"49dba94\" data-element_type=\"column\">\n\t\t\t<div class=\"elementor-widget-wrap elementor-element-populated\">\n\t\t\t\t\t\t<div class=\"elementor-element elementor-element-8039f88 elementor-widget elementor-widget-heading\" data-id=\"8039f88\" data-element_type=\"widget\" data-widget_type=\"heading.default\">\n\t\t\t\t<div class=\"elementor-widget-container\">\n\t\t\t<style>\/*! elementor - v3.21.0 - 26-05-2024 *\/\n.elementor-heading-title{padding:0;margin:0;line-height:1}.elementor-widget-heading .elementor-heading-title[class*=elementor-size-]>a{color:inherit;font-size:inherit;line-height:inherit}.elementor-widget-heading .elementor-heading-title.elementor-size-small{font-size:15px}.elementor-widget-heading .elementor-heading-title.elementor-size-medium{font-size:19px}.elementor-widget-heading .elementor-heading-title.elementor-size-large{font-size:29px}.elementor-widget-heading .elementor-heading-title.elementor-size-xl{font-size:39px}.elementor-widget-heading .elementor-heading-title.elementor-size-xxl{font-size:59px}<\/style><h1 class=\"elementor-heading-title elementor-size-default\">Programa<\/h1>\t\t<\/div>\n\t\t\t\t<\/div>\n\t\t\t\t\t<\/div>\n\t\t<\/div>\n\t\t\t\t\t<\/div>\n\t\t<\/section>\n\t\t\t\t<section class=\"elementor-section elementor-top-section elementor-element elementor-element-47632eb elementor-section-boxed elementor-section-height-default elementor-section-height-default\" data-id=\"47632eb\" data-element_type=\"section\">\n\t\t\t\t\t\t<div class=\"elementor-container elementor-column-gap-default\">\n\t\t\t\t\t<div class=\"elementor-column elementor-col-100 elementor-top-column elementor-element elementor-element-a70f96f\" data-id=\"a70f96f\" data-element_type=\"column\">\n\t\t\t<div class=\"elementor-widget-wrap elementor-element-populated\">\n\t\t\t\t\t\t<div class=\"elementor-element elementor-element-68c1231 elementor-tabs-view-vertical elementor-widget elementor-widget-tabs\" data-id=\"68c1231\" data-element_type=\"widget\" data-widget_type=\"tabs.default\">\n\t\t\t\t<div class=\"elementor-widget-container\">\n\t\t\t<style>\/*! elementor - v3.21.0 - 26-05-2024 *\/\n.elementor-widget-tabs.elementor-tabs-view-vertical .elementor-tabs-wrapper{width:25%;flex-shrink:0}.elementor-widget-tabs.elementor-tabs-view-vertical .elementor-tab-desktop-title.elementor-active{border-inline-end-style:none}.elementor-widget-tabs.elementor-tabs-view-vertical .elementor-tab-desktop-title.elementor-active:after,.elementor-widget-tabs.elementor-tabs-view-vertical .elementor-tab-desktop-title.elementor-active:before{height:999em;width:0;right:0;border-inline-end-style:solid}.elementor-widget-tabs.elementor-tabs-view-vertical .elementor-tab-desktop-title.elementor-active:before{top:0;transform:translateY(-100%)}.elementor-widget-tabs.elementor-tabs-view-vertical .elementor-tab-desktop-title.elementor-active:after{top:100%}.elementor-widget-tabs.elementor-tabs-view-horizontal .elementor-tab-desktop-title{display:table-cell}.elementor-widget-tabs.elementor-tabs-view-horizontal .elementor-tab-desktop-title.elementor-active{border-bottom-style:none}.elementor-widget-tabs.elementor-tabs-view-horizontal .elementor-tab-desktop-title.elementor-active:after,.elementor-widget-tabs.elementor-tabs-view-horizontal .elementor-tab-desktop-title.elementor-active:before{bottom:0;height:0;width:999em;border-bottom-style:solid}.elementor-widget-tabs.elementor-tabs-view-horizontal .elementor-tab-desktop-title.elementor-active:before{right:100%}.elementor-widget-tabs.elementor-tabs-view-horizontal .elementor-tab-desktop-title.elementor-active:after{left:100%}.elementor-widget-tabs .elementor-tab-content,.elementor-widget-tabs .elementor-tab-title,.elementor-widget-tabs .elementor-tab-title:after,.elementor-widget-tabs .elementor-tab-title:before,.elementor-widget-tabs .elementor-tabs-content-wrapper{border:1px #d5d8dc}.elementor-widget-tabs .elementor-tabs{text-align:start}.elementor-widget-tabs .elementor-tabs-wrapper{overflow:hidden}.elementor-widget-tabs .elementor-tab-title{cursor:pointer;outline:var(--focus-outline,none)}.elementor-widget-tabs .elementor-tab-desktop-title{position:relative;padding:20px 25px;font-weight:700;line-height:1;border:solid transparent}.elementor-widget-tabs .elementor-tab-desktop-title.elementor-active{border-color:#d5d8dc}.elementor-widget-tabs .elementor-tab-desktop-title.elementor-active:after,.elementor-widget-tabs .elementor-tab-desktop-title.elementor-active:before{display:block;content:\"\";position:absolute}.elementor-widget-tabs .elementor-tab-desktop-title:focus-visible{border:1px solid #000}.elementor-widget-tabs .elementor-tab-mobile-title{padding:10px;cursor:pointer}.elementor-widget-tabs .elementor-tab-content{padding:20px;display:none}@media (max-width:767px){.elementor-tabs .elementor-tab-content,.elementor-tabs .elementor-tab-title{border-style:solid solid none}.elementor-tabs .elementor-tabs-wrapper{display:none}.elementor-tabs .elementor-tabs-content-wrapper{border-bottom-style:solid}.elementor-tabs .elementor-tab-content{padding:10px}}@media (min-width:768px){.elementor-widget-tabs.elementor-tabs-view-vertical .elementor-tabs{display:flex}.elementor-widget-tabs.elementor-tabs-view-vertical .elementor-tabs-wrapper{flex-direction:column}.elementor-widget-tabs.elementor-tabs-view-vertical .elementor-tabs-content-wrapper{flex-grow:1;border-style:solid solid solid none}.elementor-widget-tabs.elementor-tabs-view-horizontal .elementor-tab-content{border-style:none solid solid}.elementor-widget-tabs.elementor-tabs-alignment-center .elementor-tabs-wrapper,.elementor-widget-tabs.elementor-tabs-alignment-end .elementor-tabs-wrapper,.elementor-widget-tabs.elementor-tabs-alignment-stretch .elementor-tabs-wrapper{display:flex}.elementor-widget-tabs.elementor-tabs-alignment-center .elementor-tabs-wrapper{justify-content:center}.elementor-widget-tabs.elementor-tabs-alignment-end .elementor-tabs-wrapper{justify-content:flex-end}.elementor-widget-tabs.elementor-tabs-alignment-stretch.elementor-tabs-view-horizontal .elementor-tab-title{width:100%}.elementor-widget-tabs.elementor-tabs-alignment-stretch.elementor-tabs-view-vertical .elementor-tab-title{height:100%}.elementor-tabs .elementor-tab-mobile-title{display:none}}<\/style>\t\t<div class=\"elementor-tabs\">\n\t\t\t<div class=\"elementor-tabs-wrapper\" role=\"tablist\" >\n\t\t\t\t\t\t\t\t\t<div id=\"elementor-tab-title-1091\" class=\"elementor-tab-title elementor-tab-desktop-title\" aria-selected=\"true\" data-tab=\"1\" role=\"tab\" tabindex=\"0\" aria-controls=\"elementor-tab-content-1091\" aria-expanded=\"false\">Miercoles 29\/11\/2023<\/div>\n\t\t\t\t\t\t\t\t\t<div id=\"elementor-tab-title-1092\" class=\"elementor-tab-title elementor-tab-desktop-title\" aria-selected=\"false\" data-tab=\"2\" role=\"tab\" tabindex=\"-1\" aria-controls=\"elementor-tab-content-1092\" aria-expanded=\"false\">Jueves 30\/11\/2023<\/div>\n\t\t\t\t\t\t\t\t\t<div id=\"elementor-tab-title-1093\" class=\"elementor-tab-title elementor-tab-desktop-title\" aria-selected=\"false\" data-tab=\"3\" role=\"tab\" tabindex=\"-1\" aria-controls=\"elementor-tab-content-1093\" aria-expanded=\"false\">Viernes 01\/12\/2023<\/div>\n\t\t\t\t\t\t\t\t\t<div id=\"elementor-tab-title-1094\" class=\"elementor-tab-title elementor-tab-desktop-title\" aria-selected=\"false\" data-tab=\"4\" role=\"tab\" tabindex=\"-1\" aria-controls=\"elementor-tab-content-1094\" aria-expanded=\"false\">S\u00e1bado 02\/12\/2023<\/div>\n\t\t\t\t\t\t\t\t\t<div id=\"elementor-tab-title-1095\" class=\"elementor-tab-title elementor-tab-desktop-title\" aria-selected=\"false\" data-tab=\"5\" role=\"tab\" tabindex=\"-1\" aria-controls=\"elementor-tab-content-1095\" aria-expanded=\"false\">Mesas de comunicaciones<\/div>\n\t\t\t\t\t\t\t<\/div>\n\t\t\t<div class=\"elementor-tabs-content-wrapper\" role=\"tablist\" aria-orientation=\"vertical\">\n\t\t\t\t\t\t\t\t\t<div class=\"elementor-tab-title elementor-tab-mobile-title\" aria-selected=\"true\" data-tab=\"1\" role=\"tab\" tabindex=\"0\" aria-controls=\"elementor-tab-content-1091\" aria-expanded=\"false\">Miercoles 29\/11\/2023<\/div>\n\t\t\t\t\t<div id=\"elementor-tab-content-1091\" class=\"elementor-tab-content elementor-clearfix\" data-tab=\"1\" role=\"tabpanel\" aria-labelledby=\"elementor-tab-title-1091\" tabindex=\"0\" hidden=\"false\"><ul><li>Llegada de los socios de ECALFOR y de asistentes al congreso.<\/li><li>Traslado al hotel por cuenta propia.<\/li><li>Cena en el hotel (La organizaci\u00f3n y pagos de las comidas son responsabilidad de cada asistente).<\/li><\/ul><\/div>\n\t\t\t\t\t\t\t\t\t<div class=\"elementor-tab-title elementor-tab-mobile-title\" aria-selected=\"false\" data-tab=\"2\" role=\"tab\" tabindex=\"-1\" aria-controls=\"elementor-tab-content-1092\" aria-expanded=\"false\">Jueves 30\/11\/2023<\/div>\n\t\t\t\t\t<div id=\"elementor-tab-content-1092\" class=\"elementor-tab-content elementor-clearfix\" data-tab=\"2\" role=\"tabpanel\" aria-labelledby=\"elementor-tab-title-1092\" tabindex=\"0\" hidden=\"hidden\"><p><b>TODAS LAS ACTIVIDADES DEL CONGRESO, EXCEPTO LAS DE LAS SALAS 1 Y 2 DE JUEVES Y VIERNES,&nbsp; TENDR\u00c1N LUGAR EN EL AUDITORIO CENTRAL: EDIFICIO DE LA RECTORIA. LA PRESENTACI\u00d3N DE COMUNICACIONES EN LAS SALAS 1 Y 2 LOS D\u00cdAS JUEVES Y VIERNES TENDR\u00c1 LUGAR EN EL SERGIO FERRETI. LOCAL: CEB VELHO <\/b><b style=\"color: var( --e-global-color-text ); font-family: var( --e-global-typography-text-font-family ), Sans-serif; font-size: 1rem;\">Y EL AUDITORIO SETORIAL DINAH GOMES-CCSO<\/b><\/p>\n<p><strong>10:00 &#8211; 10:30 Acto de inauguraci\u00f3n:<\/strong><\/p>\n<ul>\n<li>Sr. Fernando Carvalho. Rector de la Universidade Federal do Maranhao<\/li>\n<li>Sr. Eduardo L\u00f3pez Pereira, Director de la Agencia para la Calidad del Sistema<br>Universitario de Galicia (ACSUG)<\/li>\n<li>Sra. Delva Odalys Batista Mendieta, Secretaria Ejecutiva del Convenio<br>Andr\u00e9s Bello<\/li>\n<li>Sr. Gustavo Mizraim Gonz\u00e1lez. Rector de ISAE Universidad<\/li>\n<li>Sra. Luc\u00eda Herrera Torres, Decana de la Facultad de Ciencias de la Educaci\u00f3n<br>y del Deporte de Melilla<\/li>\n<li>Sr. Ricieri Carlini Zorzal, Coordinador del evento en Sao Luis<\/li>\n<li>Sr. Oswaldo Lorenzo Quiles, Coordinador General del proyecto ECALFOR.<\/li>\n<\/ul>\n<p><strong>10:30 &#8211; 11:30 Conferencia Inaugural<\/strong><\/p>\n<ul>\n<li>Conferencia Inaugural: Dr. Alfredo Bautista (The Education University of Hong Kong, China). Formaci\u00f3n docente del profesorado de Educaci\u00f3n Primaria y Secundaria. El modelo asi\u00e1tico como referencia: Singapur y Hong Kong<\/li>\n<\/ul>\n<p><strong>11:30 &#8211; 12:00&nbsp;<\/strong><\/p>\n<ul>\n<li>Informe del Coordinador General de ECALFOR sobre el desarrollo del proyecto<\/li>\n<\/ul>\n<p><strong>12:00 &#8211; 14:00&nbsp;<\/strong><\/p>\n<ul>\n<li>Almuerzo (La organizaci\u00f3n y pagos de las comidas son responsabilidad de cada asistente).<\/li>\n<\/ul>\n<p><strong>14:00 &#8211; 15:00<\/strong><\/p>\n<ul style=\"font-size: 16px; background-color: #ffffff;\">\n<li style=\"font-size: 16px;\">Reuni\u00f3n de la Comisi\u00f3n de Coordinaci\u00f3n del proyecto ECALFOR<\/li>\n<\/ul>\n<p><b style=\"background-color: transparent; color: var( --e-global-color-text ); font-family: var( --e-global-typography-text-font-family ), Sans-serif;\">14:00 &#8211; 15:30<\/b><\/p>\n<div>\n<ul>\n<li><span style=\"background-color: transparent; color: var( --e-global-color-text ); font-family: var( --e-global-typography-text-font-family ), Sans-serif; font-weight: var( --e-global-typography-text-font-weight );\">Sala 1 &#8211; II Congreso ECALFOR (Sergio Ferretti. Local: CEB Velho)<\/span><\/li>\n<li><span style=\"background-color: transparent; color: var( --e-global-color-text ); font-family: var( --e-global-typography-text-font-family ), Sans-serif; font-weight: var( --e-global-typography-text-font-weight );\">Presentaci\u00f3n de comunicaciones, simposio, etc,.<\/span><\/li>\n<li><span style=\"background-color: transparent; color: var( --e-global-color-text ); font-family: var( --e-global-typography-text-font-family ), Sans-serif; font-weight: var( --e-global-typography-text-font-weight );\">Sala 2 &#8211; II Congreso ECALFOR&nbsp;<\/span>&nbsp;(Auditorio Setorial Dinah Gomes-CCSO)<\/li>\n<li><span style=\"background-color: transparent; color: var( --e-global-color-text ); font-family: var( --e-global-typography-text-font-family ), Sans-serif; font-weight: var( --e-global-typography-text-font-weight );\">Presentaci\u00f3n de comunicaciones, simposio, etc,.<\/span><\/li>\n<\/ul>\n<p><strong style=\"background-color: transparent; font-size: 1rem; color: var( --e-global-color-text ); font-family: var( --e-global-typography-text-font-family ), Sans-serif;\">15:30 &#8211; 16:30<\/strong><br><b><br><\/b><\/p>\n<ul>\n<li>Mesa Redonda sobre Calidad en Educaci\u00f3n Superior. Coordinador: Eduardo L\u00f3pez Pereira (Director de ACSUG)<\/li>\n<li><span style=\"background-color: transparent; color: var( --e-global-color-text ); font-family: var( --e-global-typography-text-font-family ), Sans-serif; font-weight: var( --e-global-typography-text-font-weight );\">Ponentes:<\/span><\/li>\n<li><span style=\"background-color: transparent; color: var( --e-global-color-text ); font-family: var( --e-global-typography-text-font-family ), Sans-serif; font-weight: var( --e-global-typography-text-font-weight );\">&nbsp;Alfredo Bautista Arellano (EdUHK, China). Calidad de los t\u00edtulos de formaci\u00f3n del profesorado en Singapur y Hong Kong<\/span><\/li>\n<li><span style=\"background-color: transparent; color: var( --e-global-color-text ); font-family: var( --e-global-typography-text-font-family ), Sans-serif; font-weight: var( --e-global-typography-text-font-weight );\">Manuel Fern\u00e1ndez Cruz (UGR, Espa\u00f1a). Evaluaci\u00f3n de la calidad y moldeamiento de la funci\u00f3n docente<\/span><\/li>\n<li style=\"font-size: 16px;\"><span style=\"background-color: transparent; color: var( --e-global-color-text ); font-family: var( --e-global-typography-text-font-family ), Sans-serif; font-weight: var( --e-global-typography-text-font-weight );\">Margherita Ghetti (UNIBO, Italia). Calidad en la did\u00e1ctica universitaria. Una experiencia en UNIBO<\/span><\/li>\n<li><span style=\"background-color: transparent; color: var( --e-global-color-text ); font-family: var( --e-global-typography-text-font-family ), Sans-serif; font-weight: var( --e-global-typography-text-font-weight );\">Mercedes Gonz\u00e1lez Sanmamed (UDC, Espa\u00f1a). Promover la cultura de la calidad: discursos, pol\u00edticas y pr\u00e1cticas<\/span><\/li>\n<li><span style=\"background-color: transparent; color: var( --e-global-color-text ); font-family: var( --e-global-typography-text-font-family ), Sans-serif; font-weight: var( --e-global-typography-text-font-weight );\">Luc\u00eda Herrera Torres (UGR, Espa\u00f1a). La acreditaci\u00f3n institucional de las Facultades de Educaci\u00f3n como v\u00eda de mejora de la calidad<\/span><\/li>\n<\/ul>\n<p><strong>16:30 &#8211; 17:00<\/strong><\/p>\n<ul>\n<li>Justificaci\u00f3n documental de dietas de viaje por parte de los miembros de ECALFOR, as\u00ed como entrega de documentaci\u00f3n t\u00e9cnica para los informes de justificaci\u00f3n (timesheets, joint declarations, individual travel report\u2026)<\/li>\n<\/ul>\n<p><span style=\"background-color: transparent; color: var( --e-global-color-text ); font-family: var( --e-global-typography-text-font-family ), Sans-serif;\"><b>17:00 &#8211; 17:30<\/b><\/span><\/p>\n<div>\n<ul style=\"font-size: 16px; background-color: #ffffff;\">\n<li style=\"font-size: 16px;\">Informe de la situaci\u00f3n financiera del proyecto<\/li>\n<\/ul>\n<p><strong>17:30&nbsp;<\/strong><\/p>\n<ul>\n<li>Visita guiada al centro de la ciudad de Sao Luis&nbsp;do Maranh\u00e3o.<\/li>\n<\/ul>\n<\/div>\n<\/div><\/div>\n\t\t\t\t\t\t\t\t\t<div class=\"elementor-tab-title elementor-tab-mobile-title\" aria-selected=\"false\" data-tab=\"3\" role=\"tab\" tabindex=\"-1\" aria-controls=\"elementor-tab-content-1093\" aria-expanded=\"false\">Viernes 01\/12\/2023<\/div>\n\t\t\t\t\t<div id=\"elementor-tab-content-1093\" class=\"elementor-tab-content elementor-clearfix\" data-tab=\"3\" role=\"tabpanel\" aria-labelledby=\"elementor-tab-title-1093\" tabindex=\"0\" hidden=\"hidden\"><p><span style=\"color: var( --e-global-color-text ); font-family: var( --e-global-typography-text-font-family ), Sans-serif; font-size: 1rem; font-weight: bold;\">TODAS LAS ACTIVIDADES DEL CONGRESO, EXCEPTO LAS DE LAS SALAS 1 Y 2 DE JUEVES Y VIERNES,\u00a0 TENDR\u00c1N LUGAR EN EL AUDITORIO CENTRAL: EDIFICIO DE LA RECTORIA. LA PRESENTACI\u00d3N DE COMUNICACIONES EN LAS SALAS 1 Y 2 LOS D\u00cdAS JUEVES Y VIERNES TENDR\u00c1 LUGAR EN EL SERGIO FERRETI. LOCAL: CEB VELHO\u00a0<\/span><span style=\"color: var( --e-global-color-text ); font-family: var( --e-global-typography-text-font-family ), Sans-serif; font-size: 1rem; font-weight: bold;\">Y EL AUDITORIO SETORIAL DINAH GOMES-CCSO<\/span><\/p><p><strong style=\"color: var( --e-global-color-text ); font-family: var( --e-global-typography-text-font-family ), Sans-serif; font-size: 1rem;\">09:00 &#8211; 10:00\u00a0<\/strong><\/p><ul><li>Conferencia Plenaria: Dra. Ana Caroline Amorim Oliveira (Universidade Federal do Maranh\u00e3o, Brasil). \u00abEduca\u00e7\u00e3o superior indigena e interculturalidade: avan\u00e7os e desafios\u00bb<\/li><\/ul><p><strong>10:00 &#8211; 11:00\u00a0<\/strong><\/p><ul><li>Reuni\u00f3n de la Comisi\u00f3n de Calidad<\/li><\/ul><p><strong>11:00 &#8211; 11:30\u00a0<\/strong><\/p><ul><li>Presentaci\u00f3n de avances y desarrollo del plan de Calidad del proyecto ECALFOR (Equipo de UNIBO)<\/li><\/ul><p><span style=\"background-color: transparent; color: var( --e-global-color-text ); font-family: var( --e-global-typography-text-font-family ), Sans-serif;\"><b>11:30 &#8211; 12:00<\/b><\/span><\/p><div><div><ul style=\"font-size: 16px; background-color: #ffffff;\"><li style=\"font-size: 16px;\">Participaci\u00f3n de grupos focales de ECALFOR en paquete de trabajo 5<\/li><\/ul><p><strong>12:00 &#8211; 14:00\u00a0<\/strong><\/p><ul><li>Almuerzo (La organizaci\u00f3n y pagos de las comidas son responsabilidad de cada asistente).<\/li><\/ul><p><strong>14:00 &#8211; 15:00<\/strong><\/p><ul style=\"font-size: 16px; background-color: #ffffff;\"><li style=\"font-size: 16px;\">Reuni\u00f3n de la Asamblea Latinoamericana y Caribe\u00f1a<\/li><\/ul><p><b style=\"background-color: transparent; color: var( --e-global-color-text ); font-family: var( --e-global-typography-text-font-family ), Sans-serif;\">14:00 &#8211; 16:00<\/b><\/p><\/div><div><ul><li>Sala 1 &#8211;\u00a0\u00a0II Congreso ECALFOR\u00a0\u00a0(Sergio Ferretti. Local: CEB Velho)<ul><li>Presentaci\u00f3n de comunicaciones, simposios, etc,.\u00a0<\/li><\/ul><\/li><li>Sala 2 &#8211; II Congreso ECALFOR (Auditorio Setorial Dinah Gomes-CCSO)\u00a0\u00a0<ul><li>Presentaci\u00f3n de comunicaciones, simposios, etc,.<\/li><\/ul><\/li><\/ul><p><strong>16:00 &#8211; 17:00<\/strong><\/p><ul><li>Situaci\u00f3n del Paquete de Trabajo 4<\/li><\/ul><p><strong>20:00<\/strong><\/p><ul><li>Cena de gala por invitaci\u00f3n de Gobernaci\u00f3n del Estado de Mara\u00f1ao<\/li><\/ul><\/div><\/div><\/div>\n\t\t\t\t\t\t\t\t\t<div class=\"elementor-tab-title elementor-tab-mobile-title\" aria-selected=\"false\" data-tab=\"4\" role=\"tab\" tabindex=\"-1\" aria-controls=\"elementor-tab-content-1094\" aria-expanded=\"false\">S\u00e1bado 02\/12\/2023<\/div>\n\t\t\t\t\t<div id=\"elementor-tab-content-1094\" class=\"elementor-tab-content elementor-clearfix\" data-tab=\"4\" role=\"tabpanel\" aria-labelledby=\"elementor-tab-title-1094\" tabindex=\"0\" hidden=\"hidden\"><p><strong>10:00 &#8211; 11:00<\/strong><\/p>\n<ul>\n<li>Conclusiones del encuentro y preparaci\u00f3n de futuro proyecto K2 Capacity Building<\/li>\n<\/ul>\n<p><strong>11:00 &#8211; 12:00<\/strong><\/p>\n<ul>\n<li>Ceremonia de Clausura<\/li>\n<\/ul>\n<p><strong>12:00 &#8211; 13:00&nbsp;<\/strong><\/p>\n<ul>\n<li>Visita guiada a lugar de inter\u00e9s tur\u00edstico en el Estado de Maranh\u00e3o. El coste de la visita debe ser pagado en met\u00e1lico (en reales brasile\u00f1os) el d\u00eda 30 de noviembre al profesor Ricieri Carlini<\/li>\n<\/ul>\n<p><strong>20:00<\/strong><\/p>\n<ul>\n<li>Noche en Sao Luis do Maranh\u00e3o<\/li>\n<\/ul><\/div>\n\t\t\t\t\t\t\t\t\t<div class=\"elementor-tab-title elementor-tab-mobile-title\" aria-selected=\"false\" data-tab=\"5\" role=\"tab\" tabindex=\"-1\" aria-controls=\"elementor-tab-content-1095\" aria-expanded=\"false\">Mesas de comunicaciones<\/div>\n\t\t\t\t\t<div id=\"elementor-tab-content-1095\" class=\"elementor-tab-content elementor-clearfix\" data-tab=\"5\" role=\"tabpanel\" aria-labelledby=\"elementor-tab-title-1095\" tabindex=\"0\" hidden=\"hidden\"><p><a href=\"https:\/\/wpd.ugr.es\/~ecalfor\/wp-content\/uploads\/2023\/11\/COMUNICACIONES-II-CONGRESO-ECALFOR-min.pdf\">Descargar \u00abCOMUNICACIONES II CONGRESO INTERNACIONAL ECALFOR\u00bb PDF (97Kb)<\/a><\/p><\/div>\n\t\t\t\t\t\t\t<\/div>\n\t\t<\/div>\n\t\t\t\t<\/div>\n\t\t\t\t<\/div>\n\t\t\t\t\t<\/div>\n\t\t<\/div>\n\t\t\t\t\t<\/div>\n\t\t<\/section>\n\t\t\t\t<section class=\"elementor-section elementor-top-section elementor-element elementor-element-252c9d4 elementor-section-boxed elementor-section-height-default elementor-section-height-default\" data-id=\"252c9d4\" data-element_type=\"section\">\n\t\t\t\t\t\t<div class=\"elementor-container elementor-column-gap-default\">\n\t\t\t\t\t<div class=\"elementor-column elementor-col-100 elementor-top-column elementor-element elementor-element-22dd573\" data-id=\"22dd573\" data-element_type=\"column\">\n\t\t\t<div class=\"elementor-widget-wrap\">\n\t\t\t\t\t\t\t<\/div>\n\t\t<\/div>\n\t\t\t\t\t<\/div>\n\t\t<\/section>\n\t\t\t\t<\/div>\n\t\t","protected":false},"excerpt":{"rendered":"<p>Miercoles 29\/11\/2023 Jueves 30\/11\/2023 Viernes 01\/12\/2023 S\u00e1bado 02\/12\/2023 Mesas de comunicaciones Miercoles 29\/11\/2023 Llegada de los socios de ECALFOR y de asistentes al congreso. Traslado al hotel por cuenta propia. Cena en el hotel (La organizaci\u00f3n y pagos de las comidas son responsabilidad de cada asistente). Jueves 30\/11\/2023 TODAS LAS ACTIVIDADES DEL CONGRESO, EXCEPTO LAS [&hellip;]<\/p>\n","protected":false},"author":1,"featured_media":0,"parent":357,"menu_order":0,"comment_status":"closed","ping_status":"closed","template":"elementor_header_footer","meta":{"footnotes":""},"_links":{"self":[{"href":"https:\/\/wpd.ugr.es\/~ecalfor\/wp-json\/wp\/v2\/pages\/390"}],"collection":[{"href":"https:\/\/wpd.ugr.es\/~ecalfor\/wp-json\/wp\/v2\/pages"}],"about":[{"href":"https:\/\/wpd.ugr.es\/~ecalfor\/wp-json\/wp\/v2\/types\/page"}],"author":[{"embeddable":true,"href":"https:\/\/wpd.ugr.es\/~ecalfor\/wp-json\/wp\/v2\/users\/1"}],"replies":[{"embeddable":true,"href":"https:\/\/wpd.ugr.es\/~ecalfor\/wp-json\/wp\/v2\/comments?post=390"}],"version-history":[{"count":137,"href":"https:\/\/wpd.ugr.es\/~ecalfor\/wp-json\/wp\/v2\/pages\/390\/revisions"}],"predecessor-version":[{"id":850,"href":"https:\/\/wpd.ugr.es\/~ecalfor\/wp-json\/wp\/v2\/pages\/390\/revisions\/850"}],"up":[{"embeddable":true,"href":"https:\/\/wpd.ugr.es\/~ecalfor\/wp-json\/wp\/v2\/pages\/357"}],"wp:attachment":[{"href":"https:\/\/wpd.ugr.es\/~ecalfor\/wp-json\/wp\/v2\/media?parent=390"}],"curies":[{"name":"wp","href":"https:\/\/api.w.org\/{rel}","templated":true}]}}