{"id":838,"date":"2024-06-10T10:51:25","date_gmt":"2024-06-10T09:51:25","guid":{"rendered":"https:\/\/wpd.ugr.es\/~ecalfor\/?page_id=838"},"modified":"2024-06-10T10:51:25","modified_gmt":"2024-06-10T09:51:25","slug":"inscripciones-y-comunicaciones","status":"publish","type":"page","link":"https:\/\/wpd.ugr.es\/~ecalfor\/tercer-congreso\/inscripciones-y-comunicaciones\/","title":{"rendered":"Inscripciones y comunicaciones"},"content":{"rendered":"\t\t<div data-elementor-type=\"wp-page\" data-elementor-id=\"838\" class=\"elementor elementor-838\" data-elementor-post-type=\"page\">\n\t\t\t\t\t\t<section class=\"elementor-section elementor-top-section elementor-element elementor-element-a9a9c2b elementor-section-boxed elementor-section-height-default elementor-section-height-default\" data-id=\"a9a9c2b\" data-element_type=\"section\">\n\t\t\t\t\t\t<div class=\"elementor-container elementor-column-gap-default\">\n\t\t\t\t\t<div class=\"elementor-column elementor-col-100 elementor-top-column elementor-element elementor-element-f58ff4a\" data-id=\"f58ff4a\" data-element_type=\"column\">\n\t\t\t<div class=\"elementor-widget-wrap elementor-element-populated\">\n\t\t\t\t\t\t<div class=\"elementor-element elementor-element-df95170 elementor-widget__width-initial elementor-widget elementor-widget-text-editor\" data-id=\"df95170\" data-element_type=\"widget\" data-widget_type=\"text-editor.default\">\n\t\t\t\t<div class=\"elementor-widget-container\">\n\t\t\t<style>\/*! elementor - v3.21.0 - 26-05-2024 *\/\n.elementor-widget-text-editor.elementor-drop-cap-view-stacked .elementor-drop-cap{background-color:#69727d;color:#fff}.elementor-widget-text-editor.elementor-drop-cap-view-framed .elementor-drop-cap{color:#69727d;border:3px solid;background-color:transparent}.elementor-widget-text-editor:not(.elementor-drop-cap-view-default) .elementor-drop-cap{margin-top:8px}.elementor-widget-text-editor:not(.elementor-drop-cap-view-default) .elementor-drop-cap-letter{width:1em;height:1em}.elementor-widget-text-editor .elementor-drop-cap{float:left;text-align:center;line-height:1;font-size:50px}.elementor-widget-text-editor .elementor-drop-cap-letter{display:inline-block}<\/style>\t\t\t\t<div data-id=\"9f0c327\" data-element_type=\"widget\" data-widget_type=\"heading.default\"><h2>Inscripci\u00f3n Gratuita para miembros de ECALFOR<\/h2><h2>Aquellos asistentes al Congreso que no formen parte del proyecto ECALFOR deben solicitar su inscripci\u00f3n en el Congreso escribiendo un correo electr\u00f3nico a:<\/h2><h4><a href=\"mailto:dir.relacionesinstitucionales@isaeuniversidad.ac.pa\">dir.relacionesinstitucionales@isaeuniversidad.ac.pa<\/a><\/h4><ul><li>Publicaci\u00f3n de actas electr\u00f3nicas con ISBN.<\/li><li>Idioma del congreso: espa\u00f1ol e ingl\u00e9s.<\/li><li>Consultar informaci\u00f3n de alojamientos en Panam\u00e1 en el apartado <a href=\"https:\/\/wpd.ugr.es\/~ecalfor\/tercer-congreso\/programa\/\">PROGRAMA<\/a> de esta p\u00e1gina web.<\/li><\/ul><ul><li><a href=\"https:\/\/forms.gle\/hcY9NbKshtfLkDB98\">Enlace de inscripci\u00f3n<\/a><\/li><li><a href=\"https:\/\/forms.gle\/zppi11pjPYmFJpfw7\">Enlace de env\u00edo<\/a><\/li><\/ul><h3>Normativa y env\u00edo<\/h3><\/div><div data-id=\"3bc5201\" data-element_type=\"widget\" data-widget_type=\"text-editor.default\"><div><div><p>\u00a0<strong>Comunicaciones:<\/strong><\/p><\/div><ul><li><b>Abstract (enviar en espa\u00f1ol e ingl\u00e9s):<\/b> m\u00e1ximo 200 palabras cada idioma.<\/li><li><strong>Extensi\u00f3n<\/strong>: m\u00e1ximo 5000 palabras.<\/li><li><strong>Idioma del congreso<\/strong>: espa\u00f1ol e ingl\u00e9s.<\/li><li><strong>Env\u00edo<\/strong>: a trav\u00e9s del\u00a0formulario de inscripci\u00f3n\u00a0(en formato Word).<\/li><li><strong>M\u00e1rgenes<\/strong>: inferior, superior, izquierda y derecha: 2,5 cm.<\/li><li style=\"text-align: justify;\"><strong>T\u00edtulos de los apartados<\/strong>: en may\u00fasculas, negrita, numerados, tama\u00f1o 12 de la letra Times New Roman e interlineado sencillo.<\/li><li style=\"text-align: justify;\"><strong>T\u00edtulos de los subapartados<\/strong>: en min\u00fascula, negrita, numerados, tama\u00f1o 12 de la letra Times New Roman e interlineado sencillo.<\/li><li style=\"text-align: justify;\"><strong>Cuerpo del documento<\/strong>: interlineado sencillo, texto justificado, tama\u00f1o 12 de letra Times New Roman. La comunicaci\u00f3n ha de contener los siguientes apartados:<ul><li>Introducci\u00f3n y objetivos del trabajo.<\/li><li>Metodolog\u00eda propuesta\/empleada.<\/li><li>Resultados<\/li><li>Discusi\u00f3n\/Conclusiones.<\/li><\/ul><\/li><li><strong>Referencias<\/strong>: American Psychological Association (APA, 7\u00ba edici\u00f3n).<\/li><\/ul><\/div><\/div><div data-id=\"4d453ec\" data-element_type=\"widget\" data-widget_type=\"text-editor.default\"><div><div><p><strong style=\"color: var( --e-global-color-text ); font-family: var( --e-global-typography-text-font-family ), Sans-serif; font-size: 1rem;\">\u00a0<\/strong><\/p><p><strong style=\"color: var( --e-global-color-text ); font-family: var( --e-global-typography-text-font-family ), Sans-serif; font-size: 1rem;\">Simposios:<\/strong><\/p><\/div><\/div><\/div><div data-id=\"c3ba221\" data-element_type=\"widget\" data-widget_type=\"text-editor.default\"><div><div><p style=\"text-align: justify;\">Los simposios son sesiones centradas en un tema o problema com\u00fan y con coherencia l\u00f3gica de uni\u00f3n entre las distintas aportaciones y que ser\u00e1 el objeto central de las intervenciones de los participantes. Se trata de sesiones planificadas de forma previa, en las que el coordinador realiza un resumen al inicio y ofrece una perspectiva general del tema del simposio.<\/p><p style=\"text-align: justify;\">Cada simposio deber\u00e1 contar con un m\u00ednimo de 5 ponencias, con sus correspondientes inscripciones, incluida la del coordinador. La propuesta de Simposio ha de enviarse obligatoriamente a trav\u00e9s de la p\u00e1gina web del congreso, lo antes posible a efectos de organizaci\u00f3n.<\/p><p>La presentaci\u00f3n del Simposio da derecho a 1 matr\u00edcula gratis.<\/p><p>El coordinador debe enviar obligatoriamente:<\/p><p>Documento de Word \u00fanico, que debe incluir:<\/p><p>\u2013 La presentaci\u00f3n general del Simposio (no m\u00e1s de 400 palabras)<\/p><p>\u2013 T\u00edtulo.<\/p><p>\u2013 Informaci\u00f3n de contacto.<\/p><p>\u2013 Resumen de todas y cada una de las comunicaciones del Simposio con sus palabras claves, t\u00edtulos y autores siguiendo la normativa APA. El coordinador debe enviar el resumen de cada comunicaci\u00f3n y si son aceptados entonces enviar\u00e1n el trabajo completo.<\/p><p><b>Caricaturas e ideolog\u00edas en la formaci\u00f3n inicial del docente:<\/b><\/p><p style=\"text-align: justify;\">Dirigido principalmente al contexto paname\u00f1o, este formato de presentaci\u00f3n guarda relaci\u00f3n con la presencia en medios de comunicaci\u00f3n y prensa escrita de caricaturas con car\u00e1cter de s\u00e1tira. Los interesados deben enviar, a trav\u00e9s del Google Form indicado, la caricatura completa (imagen y texto) en un archivo de PDF.\u00a0<\/p><\/div><\/div><\/div>\t\t\t\t\t\t<\/div>\n\t\t\t\t<\/div>\n\t\t\t\t<div class=\"elementor-element elementor-element-05dd585 elementor-widget elementor-widget-heading\" data-id=\"05dd585\" data-element_type=\"widget\" data-widget_type=\"heading.default\">\n\t\t\t\t<div class=\"elementor-widget-container\">\n\t\t\t<style>\/*! elementor - v3.21.0 - 26-05-2024 *\/\n.elementor-heading-title{padding:0;margin:0;line-height:1}.elementor-widget-heading .elementor-heading-title[class*=elementor-size-]>a{color:inherit;font-size:inherit;line-height:inherit}.elementor-widget-heading .elementor-heading-title.elementor-size-small{font-size:15px}.elementor-widget-heading .elementor-heading-title.elementor-size-medium{font-size:19px}.elementor-widget-heading .elementor-heading-title.elementor-size-large{font-size:29px}.elementor-widget-heading .elementor-heading-title.elementor-size-xl{font-size:39px}.elementor-widget-heading .elementor-heading-title.elementor-size-xxl{font-size:59px}<\/style><h2 class=\"elementor-heading-title elementor-size-default\">Descargar plantillas<\/h2>\t\t<\/div>\n\t\t\t\t<\/div>\n\t\t\t\t<div class=\"elementor-element elementor-element-2d0e77e elementor-list-item-link-inline elementor-icon-list--layout-traditional elementor-widget elementor-widget-icon-list\" data-id=\"2d0e77e\" data-element_type=\"widget\" data-widget_type=\"icon-list.default\">\n\t\t\t\t<div class=\"elementor-widget-container\">\n\t\t\t<link rel=\"stylesheet\" href=\"https:\/\/wpd.ugr.es\/~ecalfor\/wp-content\/plugins\/elementor\/assets\/css\/widget-icon-list.min.css\">\t\t<ul class=\"elementor-icon-list-items\">\n\t\t\t\t\t\t\t<li class=\"elementor-icon-list-item\">\n\t\t\t\t\t\t\t\t\t\t\t<a href=\"https:\/\/wpd.ugr.es\/~ecalfor\/wp-content\/uploads\/2023\/09\/PLANTILLA-PARA-COMUNICACION.docx\" target=\"_blank\" rel=\"nofollow\">\n\n\t\t\t\t\t\t\t\t\t\t\t\t<span class=\"elementor-icon-list-icon\">\n\t\t\t\t\t\t\t<i aria-hidden=\"true\" class=\"far fa-file-pdf\"><\/i>\t\t\t\t\t\t<\/span>\n\t\t\t\t\t\t\t\t\t\t<span class=\"elementor-icon-list-text\">Plantilla para la comunicaci\u00f3n<\/span>\n\t\t\t\t\t\t\t\t\t\t\t<\/a>\n\t\t\t\t\t\t\t\t\t<\/li>\n\t\t\t\t\t\t\t\t<li class=\"elementor-icon-list-item\">\n\t\t\t\t\t\t\t\t\t\t\t<a href=\"https:\/\/wpd.ugr.es\/~ecalfor\/wp-content\/uploads\/2024\/05\/Simposios_plantilla-ecalfor-tercer-congreso-2024-panama.docx\" target=\"_blank\" rel=\"nofollow\">\n\n\t\t\t\t\t\t\t\t\t\t\t\t<span class=\"elementor-icon-list-icon\">\n\t\t\t\t\t\t\t<i aria-hidden=\"true\" class=\"far fa-file-pdf\"><\/i>\t\t\t\t\t\t<\/span>\n\t\t\t\t\t\t\t\t\t\t<span class=\"elementor-icon-list-text\">Plantilla para el simposio<\/span>\n\t\t\t\t\t\t\t\t\t\t\t<\/a>\n\t\t\t\t\t\t\t\t\t<\/li>\n\t\t\t\t\t\t<\/ul>\n\t\t\t\t<\/div>\n\t\t\t\t<\/div>\n\t\t\t\t\t<\/div>\n\t\t<\/div>\n\t\t\t\t\t<\/div>\n\t\t<\/section>\n\t\t\t\t<\/div>\n\t\t","protected":false},"excerpt":{"rendered":"<p>Inscripci\u00f3n Gratuita para miembros de ECALFOR Aquellos asistentes al Congreso que no formen parte del proyecto ECALFOR deben solicitar su inscripci\u00f3n en el Congreso escribiendo un correo electr\u00f3nico a: dir.relacionesinstitucionales@isaeuniversidad.ac.pa Publicaci\u00f3n de actas electr\u00f3nicas con ISBN. Idioma del congreso: espa\u00f1ol e ingl\u00e9s. Consultar informaci\u00f3n de alojamientos en Panam\u00e1 en el apartado PROGRAMA de esta p\u00e1gina [&hellip;]<\/p>\n","protected":false},"author":1,"featured_media":254,"parent":823,"menu_order":0,"comment_status":"closed","ping_status":"closed","template":"elementor_header_footer","meta":{"footnotes":""},"_links":{"self":[{"href":"https:\/\/wpd.ugr.es\/~ecalfor\/wp-json\/wp\/v2\/pages\/838"}],"collection":[{"href":"https:\/\/wpd.ugr.es\/~ecalfor\/wp-json\/wp\/v2\/pages"}],"about":[{"href":"https:\/\/wpd.ugr.es\/~ecalfor\/wp-json\/wp\/v2\/types\/page"}],"author":[{"embeddable":true,"href":"https:\/\/wpd.ugr.es\/~ecalfor\/wp-json\/wp\/v2\/users\/1"}],"replies":[{"embeddable":true,"href":"https:\/\/wpd.ugr.es\/~ecalfor\/wp-json\/wp\/v2\/comments?post=838"}],"version-history":[{"count":61,"href":"https:\/\/wpd.ugr.es\/~ecalfor\/wp-json\/wp\/v2\/pages\/838\/revisions"}],"predecessor-version":[{"id":1387,"href":"https:\/\/wpd.ugr.es\/~ecalfor\/wp-json\/wp\/v2\/pages\/838\/revisions\/1387"}],"up":[{"embeddable":true,"href":"https:\/\/wpd.ugr.es\/~ecalfor\/wp-json\/wp\/v2\/pages\/823"}],"wp:featuredmedia":[{"embeddable":true,"href":"https:\/\/wpd.ugr.es\/~ecalfor\/wp-json\/wp\/v2\/media\/254"}],"wp:attachment":[{"href":"https:\/\/wpd.ugr.es\/~ecalfor\/wp-json\/wp\/v2\/media?parent=838"}],"curies":[{"name":"wp","href":"https:\/\/api.w.org\/{rel}","templated":true}]}}