{"id":10,"date":"2017-05-02T12:42:28","date_gmt":"2017-05-02T12:42:28","guid":{"rendered":"http:\/\/wpd.ugr.es\/~edperez\/en\/?page_id=10"},"modified":"2022-02-17T07:48:48","modified_gmt":"2022-02-17T07:48:48","slug":"talks","status":"publish","type":"page","link":"https:\/\/wpd.ugr.es\/~edperez\/en\/talks\/","title":{"rendered":"Talks"},"content":{"rendered":"<ul>\n<li>&#8220;The way things go: Moral relativism and suspension of judgment&#8221;, at the X Conference of the SLMFCE (Salamanca, Spain, 16<span style=\"font-size: inherit;\">\u201319 November 2021).<\/span><\/li>\n<li>&#8220;El efecto resistente de los <em>slurs<\/em>. Una propuesta presuposicional no proposicional&#8221; (with Alba Moreno), at the Buenos Aires Linguistics and Philosophy of Language Group (online, 3 November 2021).<\/li>\n<li>&#8220;Relative felicity and its applications: Misgendering and deadnaming&#8221;, at the 14th Conference of the Italian Society for Analytic Philosophy (Noto, Italy, 22<span style=\"font-size: inherit;\">\u2013<\/span>24 September 2021).<\/li>\n<li>Session on Maria Baghramian and Annalisa Coliva&#8217;s\u00a0<em>Relativism<\/em>, along with the authors, Paul Boghossian, Max K\u00f6lbel, and John MacFarlane, at Truth 2021 (online, 22 July 2021).<\/li>\n<li>&#8220;No matter who: What makes one a relativist?&#8221;, at the 2021 Workshop on Context: Semantics, Pragmatics and Cognition (online, 21<span style=\"font-size: inherit;\">\u2013<\/span>22 June 2021).<\/li>\n<li>&#8220;Indexical relativism?&#8221;, at PhiLang 2021 (online, 14<span style=\"font-size: inherit;\">\u2013<\/span>16 May 2021).<\/li>\n<li>&#8220;The way things go: Moral relativism and suspension of judgment&#8221;, at ALEF: A Reading Group Dedicated to Logic, Analytic Philosophy and Epistemology (online, 20 November 2020).<\/li>\n<li>&#8220;Epistemic justice without moral realism: An evaluativist externalism&#8221; (with Manuel Almagro), at the Tenth European Congress of Analytic Philosophy (online, 24<span style=\"font-size: inherit;\">\u2013<\/span>28 August 2020).<\/li>\n<li>&#8220;Beyond the conversation: A non-propositional account of slurs&#8221; (with Alba Moreno), at\u00a0the 9th\u00a0Meeting of the Spanish Society for Analytic Philosophy (Valencia, Spain, 21<span style=\"font-size: inherit;\">\u2013<\/span>23 November\u00a02019).<\/li>\n<li>&#8220;Relativism, contextualism, expressivism, and the relativist stance&#8221;, at SOPhiA 2019 (Salzburg, Austria, 18<span style=\"font-size: inherit;\">\u2013<\/span>20 September 2019).<\/li>\n<li>&#8220;Beyond the conversation: A non-propositional account of slurs&#8221; (with Alba Moreno), at FiloLab International Summer School 2019 (Granada, Spain, 8<span style=\"font-size: inherit;\">\u2013<\/span>12 July 2019).<\/li>\n<li>&#8220;Relativism, contextualism, expressivism, and the relativist stance&#8221;, at the IV Postgraduate Conference of the SLMFCE (Donostia, Spain, 6<span style=\"font-size: inherit;\">\u2013<\/span>7 June 2019).<\/li>\n<li>&#8220;\u00bfPuede el inferencialismo acomodar la distinci\u00f3n descriptivo-normativo?&#8221; (with Llanos Navarro), at the 2nd PhDialogues Meeting (Val\u00e8ncia, Spain, 30<span style=\"font-size: inherit;\">\u2013<\/span>31 May 2019).<\/li>\n<li>&#8220;Slurs and non-propositional content&#8221; (with Alba Moreno), at EvalLang-2019 (Paris, France, 6<span style=\"font-size: inherit;\">\u2013<\/span>7 May 2019).<\/li>\n<li>&#8220;The concept of a proposition in the philosophy of language&#8221;, at the 2018 HSSA Symposium (Berkeley, California, USA, 16 November 2018).<\/li>\n<li>&#8220;Relativismo y verdad&#8221; and &#8220;Expresivismo din\u00e1mico&#8221;, invited talks at the Autonomous University of Nayarit (Tepic, Mexico, 25<span style=\"font-size: inherit;\">\u2013<\/span>26 October 2018).<\/li>\n<li>&#8220;Is injustice in speech a form of distributive injustice?&#8221;, at the II Workshop Physis-Filosof\u00eda y An\u00e1lisis (Granada, Spain, 26<span style=\"font-size: inherit;\">\u2013<\/span>27 April 2018).<\/li>\n<li>&#8220;Relativismo y opacidad&#8221; (with Neftal\u00ed Villanueva), at the <em>Primer Encuentro Conjunto Physis-Filosof\u00eda y An\u00e1lisis de Filosof\u00eda Anal\u00edtica<\/em>\u00a0(Madrid, Spain, 24 November 2017).<\/li>\n<li>&#8220;Relativism and opacity&#8221; (with Neftal\u00ed Villanueva), at the Ninth European Congress of Analytic Philosophy (Munich, Germany, 21<span style=\"font-size: inherit;\">\u2013<\/span>26 August 2017).<\/li>\n<li>&#8220;Relativism and opacity&#8221; (with Neftal\u00ed Villanueva), at PhiLang 2017 (\u0141\u00f3d\u017a, Poland, 12<span style=\"font-size: inherit;\">\u2013<\/span>14 May 2017).<\/li>\n<li>\u201cNot expressivist enough: Normative disagreement about belief attribution\u201d (with V\u00edctor Fern\u00e1ndez Castro), at the\u00a0Granada Workshop on Epistemic Expressivism\u00a0(Granada, Spain, 10<span style=\"font-size: inherit;\">\u2013<\/span>11 January 2017).<\/li>\n<li>\u201cExpresivismo, relativismo y estados mentales h\u00edbridos\u201d (with Jos\u00e9 Ram\u00f3n Torices), at the 8th\u00a0Meeting of the Spanish Society for Analytic Philosophy (Oviedo, Spain, 10<span style=\"font-size: inherit;\">\u2013<\/span>12 November\u00a02016).<\/li>\n<li>\u201cNot expressivist enough: Normative disagreement about belief attribution\u201d (with V\u00edctor Fern\u00e1ndez Castro), at the\u00a0<em>New Directions for Expressivism<\/em>\u00a0workshop (Sheffield, UK, 17<span style=\"font-size: inherit;\">\u2013<\/span>19 August\u00a02016).<\/li>\n<\/ul>\n","protected":false},"excerpt":{"rendered":"<p>&#8220;The way things go: Moral relativism and suspension of judgment&#8221;, at the X Conference of the SLMFCE (Salamanca, Spain, 16\u201319 November 2021). &#8220;El efecto resistente de los slurs. Una propuesta presuposicional no proposicional&#8221; (with Alba Moreno), at the Buenos Aires Linguistics and Philosophy of Language Group (online, 3 November 2021). &#8220;Relative felicity and its applications: &hellip; <a href=\"https:\/\/wpd.ugr.es\/~edperez\/en\/talks\/\" class=\"more-link\">Continue reading<span class=\"screen-reader-text\"> &#8220;Talks&#8221;<\/span><\/a><\/p>\n","protected":false},"author":1,"featured_media":0,"parent":0,"menu_order":0,"comment_status":"closed","ping_status":"closed","template":"","meta":[],"_links":{"self":[{"href":"https:\/\/wpd.ugr.es\/~edperez\/en\/wp-json\/wp\/v2\/pages\/10"}],"collection":[{"href":"https:\/\/wpd.ugr.es\/~edperez\/en\/wp-json\/wp\/v2\/pages"}],"about":[{"href":"https:\/\/wpd.ugr.es\/~edperez\/en\/wp-json\/wp\/v2\/types\/page"}],"author":[{"embeddable":true,"href":"https:\/\/wpd.ugr.es\/~edperez\/en\/wp-json\/wp\/v2\/users\/1"}],"replies":[{"embeddable":true,"href":"https:\/\/wpd.ugr.es\/~edperez\/en\/wp-json\/wp\/v2\/comments?post=10"}],"version-history":[{"count":20,"href":"https:\/\/wpd.ugr.es\/~edperez\/en\/wp-json\/wp\/v2\/pages\/10\/revisions"}],"predecessor-version":[{"id":216,"href":"https:\/\/wpd.ugr.es\/~edperez\/en\/wp-json\/wp\/v2\/pages\/10\/revisions\/216"}],"wp:attachment":[{"href":"https:\/\/wpd.ugr.es\/~edperez\/en\/wp-json\/wp\/v2\/media?parent=10"}],"curies":[{"name":"wp","href":"https:\/\/api.w.org\/{rel}","templated":true}]}}