{"id":12,"date":"2017-05-02T12:43:07","date_gmt":"2017-05-02T12:43:07","guid":{"rendered":"http:\/\/wpd.ugr.es\/~edperez\/en\/?page_id=12"},"modified":"2021-06-05T11:13:46","modified_gmt":"2021-06-05T11:13:46","slug":"teaching","status":"publish","type":"page","link":"https:\/\/wpd.ugr.es\/~edperez\/en\/teaching\/","title":{"rendered":"Teaching"},"content":{"rendered":"<h4>Year 2020-2021<\/h4>\n<ul>\n<li><em>Filosof\u00eda del Lenguaje<\/em>\u00a0(&#8220;Philosophy of Language&#8221;, compulsory course at the 2nd year of the University of Granada&#8217;s B.A.\u00a0Degree in Philosophy, 3 ECTS).<\/li>\n<li><em>Epistemolog\u00eda<\/em> (&#8220;Epistemology&#8221;, compulsory course at the 2nd year of the University of Granada&#8217;s B.A. Degree in Philosophy, 2 ECTS).<\/li>\n<li><em>La L\u00f3gica y su Filosof\u00eda<\/em>\u00a0(&#8220;Logic and Its Philosophy&#8221;, optional course at the 2nd year of the University of Granada&#8217;s B.A. Degree in Philosophy, 2 ECTS).<\/li>\n<\/ul>\n<h4>Year 2018-2019<\/h4>\n<ul>\n<li><em>M\u00e9todos de Investigaci\u00f3n en Filosof\u00eda<\/em> (&#8220;Research Methods in Philosophy&#8221;, compulsory course at the 1st year of the University of Granada&#8217;s B.A. Degree in Philosophy, 1,5 ECTS).<\/li>\n<li><em>La L\u00f3gica y su Filosof\u00eda<\/em>\u00a0(&#8220;Logic and Its Philosophy&#8221;, optional course at the 2nd year of the University of Granada&#8217;s B.A. Degree in Philosophy, 2 ECTS).<\/li>\n<\/ul>\n<h4>Year 2017-2018<\/h4>\n<ul>\n<li><em>M\u00e9todos de Investigaci\u00f3n en Filosof\u00eda<\/em> (&#8220;Research Methods in Philosophy&#8221;, compulsory course at the 1st year of the University of Granada&#8217;s B.A. Degree in Philosophy, 1,5 ECTS).<\/li>\n<li><em>La L\u00f3gica y su Filosof\u00eda<\/em>\u00a0(&#8220;Logic and Its Philosophy&#8221;, optional course at the 2nd year of the University of Granada&#8217;s B.A. Degree in Philosophy, 2 ECTS).<\/li>\n<\/ul>\n<h4>Year 2016-2017<\/h4>\n<ul>\n<li><em>Filosof\u00eda del Lenguaje<\/em>\u00a0(&#8220;Philosophy of Language&#8221;, compulsory course at the 2nd year of the University of Granada&#8217;s B.A.\u00a0Degree in Philosophy, 2 ECTS).<\/li>\n<li><em>La L\u00f3gica y su Filosof\u00eda<\/em>\u00a0(&#8220;Logic and Its Philosophy&#8221;, optional course at the 2nd year of the University of Granada&#8217;s B.A. Degree in Philosophy, 1 ECTS).<\/li>\n<\/ul>\n","protected":false},"excerpt":{"rendered":"<p>Year 2020-2021 Filosof\u00eda del Lenguaje\u00a0(&#8220;Philosophy of Language&#8221;, compulsory course at the 2nd year of the University of Granada&#8217;s B.A.\u00a0Degree in Philosophy, 3 ECTS). Epistemolog\u00eda (&#8220;Epistemology&#8221;, compulsory course at the 2nd year of the University of Granada&#8217;s B.A. Degree in Philosophy, 2 ECTS). La L\u00f3gica y su Filosof\u00eda\u00a0(&#8220;Logic and Its Philosophy&#8221;, optional course at the 2nd &hellip; <a href=\"https:\/\/wpd.ugr.es\/~edperez\/en\/teaching\/\" class=\"more-link\">Continue reading<span class=\"screen-reader-text\"> &#8220;Teaching&#8221;<\/span><\/a><\/p>\n","protected":false},"author":1,"featured_media":0,"parent":0,"menu_order":0,"comment_status":"closed","ping_status":"closed","template":"","meta":[],"_links":{"self":[{"href":"https:\/\/wpd.ugr.es\/~edperez\/en\/wp-json\/wp\/v2\/pages\/12"}],"collection":[{"href":"https:\/\/wpd.ugr.es\/~edperez\/en\/wp-json\/wp\/v2\/pages"}],"about":[{"href":"https:\/\/wpd.ugr.es\/~edperez\/en\/wp-json\/wp\/v2\/types\/page"}],"author":[{"embeddable":true,"href":"https:\/\/wpd.ugr.es\/~edperez\/en\/wp-json\/wp\/v2\/users\/1"}],"replies":[{"embeddable":true,"href":"https:\/\/wpd.ugr.es\/~edperez\/en\/wp-json\/wp\/v2\/comments?post=12"}],"version-history":[{"count":7,"href":"https:\/\/wpd.ugr.es\/~edperez\/en\/wp-json\/wp\/v2\/pages\/12\/revisions"}],"predecessor-version":[{"id":186,"href":"https:\/\/wpd.ugr.es\/~edperez\/en\/wp-json\/wp\/v2\/pages\/12\/revisions\/186"}],"wp:attachment":[{"href":"https:\/\/wpd.ugr.es\/~edperez\/en\/wp-json\/wp\/v2\/media?parent=12"}],"curies":[{"name":"wp","href":"https:\/\/api.w.org\/{rel}","templated":true}]}}