{"id":6,"date":"2017-05-02T12:41:00","date_gmt":"2017-05-02T12:41:00","guid":{"rendered":"http:\/\/wpd.ugr.es\/~edperez\/en\/?page_id=6"},"modified":"2022-02-17T07:48:11","modified_gmt":"2022-02-17T07:48:11","slug":"home","status":"publish","type":"page","link":"https:\/\/wpd.ugr.es\/~edperez\/en\/","title":{"rendered":"Home"},"content":{"rendered":"<p><img loading=\"lazy\" class=\"size-medium wp-image-82 alignleft\" src=\"http:\/\/wpd.ugr.es\/~edperez\/en\/wp-content\/uploads\/sites\/2\/2019\/06\/f831929b-3d90-4bbd-a0c5-275b7d4dda4b-225x300.jpg\" alt=\"\" width=\"225\" height=\"300\" srcset=\"https:\/\/wpd.ugr.es\/~edperez\/en\/wp-content\/uploads\/sites\/2\/2019\/06\/f831929b-3d90-4bbd-a0c5-275b7d4dda4b-225x300.jpg 225w, https:\/\/wpd.ugr.es\/~edperez\/en\/wp-content\/uploads\/sites\/2\/2019\/06\/f831929b-3d90-4bbd-a0c5-275b7d4dda4b-768x1024.jpg 768w, https:\/\/wpd.ugr.es\/~edperez\/en\/wp-content\/uploads\/sites\/2\/2019\/06\/f831929b-3d90-4bbd-a0c5-275b7d4dda4b.jpg 1200w\" sizes=\"(max-width: 225px) 85vw, 225px\" \/>I am a Margarita Salas postdoctoral fellow at the <a href=\"http:\/\/filosofia1.ugr.es\/?lang=en\">Department of Philosophy I<\/a>, <a href=\"http:\/\/www.ugr.es\/en\/\">University of Granada<\/a>, Spain, currently visiting the <a href=\"https:\/\/ppls.ed.ac.uk\">School of Philosophy, Psychology and Language Sciences<\/a> at the <a href=\"https:\/\/www.ed.ac.uk\">University of Edinburgh<\/a>. I am part of the\u00a0<a href=\"http:\/\/wpd.ugr.es\/~fya\/en\">Filosof\u00eda y An\u00e1lisis<\/a>\u00a0research group<span style=\"font-size: inherit;\">\u00a0and the excellence unit <\/span><a style=\"font-size: inherit;\" href=\"http:\/\/wpd.ugr.es\/~filolab\/wordpress\/en\/filolab-philosophy-and-public-controversies-2\/\">FiloLab-UGR<\/a><span style=\"font-size: inherit;\">.\u00a0My interest area is philosophy of language. I am particularly intrigued by the peculiar behavior exhibited by evaluative uses of language, which I try to explain through a semantic framework that combines relativist and expressivist elements.<\/span><\/p>\n<p>I wrote my\u00a0<a href=\"http:\/\/wpd.ugr.es\/~edperez\/wp-content\/uploads\/2019\/09\/tesis.pdf\">PhD thesis<\/a>, entitled <em>Ways of Living: The Semantics of the Relativist Stance<\/em> and\u00a0supervised by\u00a0<a href=\"http:\/\/www.ugr.es\/~frapolli\/\">Mar\u00eda Jos\u00e9 Fr\u00e1polli<\/a>, at the University of Granada. As part of the completion of my thesis, I was a visiting PhD student at the <a href=\"http:\/\/www.institutnicod.org\">Institut Jean Nicod<\/a> in Paris under the supervision of <a href=\"http:\/\/parles.upf.edu\/llocs\/istojanovic\/index.html\">Isidora Stojanovic<\/a>\u00a0and at the <a href=\"http:\/\/philosophy.berkeley.edu\">Department of Philosophy<\/a> at the\u00a0<a href=\"http:\/\/berkeley.edu\">University of California, Berkeley<\/a> under the supervision of <a href=\"http:\/\/johnmacfarlane.net\">John MacFarlane<\/a>.<\/p>\n<p>In this site you can find my <a href=\"http:\/\/wpd.ugr.es\/~edperez\/en\/papers\/\">papers<\/a>, my <a href=\"http:\/\/wpd.ugr.es\/~edperez\/en\/talks\/\">talks<\/a>, my\u00a0<a href=\"http:\/\/wpd.ugr.es\/~edperez\/en\/teaching\/\">courses<\/a>, my <a href=\"http:\/\/wpd.ugr.es\/~edperez\/en\/projects\/\">projects<\/a> and my <a href=\"http:\/\/wpd.ugr.es\/~edperez\/en\/contact\/\">contact data,<\/a> as well as my <a href=\"http:\/\/wpd.ugr.es\/~edperez\/en\/wp-content\/uploads\/sites\/2\/2022\/02\/CV.pdf\">CV<\/a>.<\/p>\n","protected":false},"excerpt":{"rendered":"<p>I am a Margarita Salas postdoctoral fellow at the Department of Philosophy I, University of Granada, Spain, currently visiting the School of Philosophy, Psychology and Language Sciences at the University of Edinburgh. I am part of the\u00a0Filosof\u00eda y An\u00e1lisis\u00a0research group\u00a0and the excellence unit FiloLab-UGR.\u00a0My interest area is philosophy of language. I am particularly intrigued by &hellip; <a href=\"https:\/\/wpd.ugr.es\/~edperez\/en\/\" class=\"more-link\">Continue reading<span class=\"screen-reader-text\"> &#8220;Home&#8221;<\/span><\/a><\/p>\n","protected":false},"author":1,"featured_media":0,"parent":0,"menu_order":0,"comment_status":"closed","ping_status":"closed","template":"","meta":[],"_links":{"self":[{"href":"https:\/\/wpd.ugr.es\/~edperez\/en\/wp-json\/wp\/v2\/pages\/6"}],"collection":[{"href":"https:\/\/wpd.ugr.es\/~edperez\/en\/wp-json\/wp\/v2\/pages"}],"about":[{"href":"https:\/\/wpd.ugr.es\/~edperez\/en\/wp-json\/wp\/v2\/types\/page"}],"author":[{"embeddable":true,"href":"https:\/\/wpd.ugr.es\/~edperez\/en\/wp-json\/wp\/v2\/users\/1"}],"replies":[{"embeddable":true,"href":"https:\/\/wpd.ugr.es\/~edperez\/en\/wp-json\/wp\/v2\/comments?post=6"}],"version-history":[{"count":38,"href":"https:\/\/wpd.ugr.es\/~edperez\/en\/wp-json\/wp\/v2\/pages\/6\/revisions"}],"predecessor-version":[{"id":215,"href":"https:\/\/wpd.ugr.es\/~edperez\/en\/wp-json\/wp\/v2\/pages\/6\/revisions\/215"}],"wp:attachment":[{"href":"https:\/\/wpd.ugr.es\/~edperez\/en\/wp-json\/wp\/v2\/media?parent=6"}],"curies":[{"name":"wp","href":"https:\/\/api.w.org\/{rel}","templated":true}]}}