{"id":8,"date":"2017-05-02T12:41:37","date_gmt":"2017-05-02T12:41:37","guid":{"rendered":"http:\/\/wpd.ugr.es\/~edperez\/en\/?page_id=8"},"modified":"2022-01-24T09:29:46","modified_gmt":"2022-01-24T09:29:46","slug":"papers","status":"publish","type":"page","link":"https:\/\/wpd.ugr.es\/~edperez\/en\/papers\/","title":{"rendered":"Publications"},"content":{"rendered":"<h4>Papers<\/h4>\n<ul>\n<li>P\u00e9rez-Navarro, E. (2022). <a href=\"https:\/\/www.solofici.org\/wp-content\/uploads\/2022\/01\/Revista-de-la-Sociedad-de-L\u00f3gica-Metodolog%C3%ADa-y-Filosof%C3%ADa-de-la-Ciencia-en-Espa\u00f1a-num.-66-enero-2022.pdf\">Valor sem\u00e1ntico y contenido asert\u00f3rico en Frege<\/a>.\u00a0<em>Revista de la Sociedad de L\u00f3gica, Metodolog\u00eda y Filosof\u00eda de la Ciencia en Espa\u00f1a<\/em>, 66, 44-46.<\/li>\n<li>P\u00e9rez-Navarro, E. (2022). <a href=\"https:\/\/link.springer.com\/article\/10.1007\/s11098-021-01650-z\">The way things go: Moral relativism and suspension of judgment<\/a>.\u00a0<em>Philosophical Studies<\/em>, 179(1), 49-64<span style=\"font-size: inherit;\">.<\/span><\/li>\n<li>P\u00e9rez-Navarro, E. (2021). <a href=\"https:\/\/doi.org\/10.1007\/s11406-021-00441-4\">Indexical relativism?<\/a> <em>Philosophia<\/em>. DOI:\u00a0<span style=\"font-size: revert;\">10.1007\/s11406-021-00441-4.<\/span><\/li>\n<li>Moreno, A. &amp; P\u00e9rez-Navarro, E. (2021). <a href=\"https:\/\/www.organonf.com\/journal\/orgf-2021-28311\/\">Beyond the conversation: The pervasive danger of slurs<\/a>. <em>Organon F<\/em>, 28(3), 708<span style=\"font-size: inherit;\">\u2013<\/span>725.<\/li>\n<li>Moreno, A. &amp; P\u00e9rez-Navarro, E. (2021). <a href=\"https:\/\/revistas.um.es\/daimon\/article\/view\/481381\">The resistant effect of slurs: A nonpropositional, presuppositional account<\/a>.\u00a0<em>Daimon<\/em>, 84, 31<span style=\"font-size: inherit;\">\u2013<\/span>46.<\/li>\n<li>P\u00e9rez-Navarro, E. &amp; Fr\u00e1polli, M. J. (2021). <a href=\"https:\/\/revistas.um.es\/daimon\/article\/view\/485241\">Presentaci\u00f3n del n\u00famero monogr\u00e1fico sobre\u00a0<em>Expressing Hatred: The Political Dimension of Expressives<\/em><\/a>.\u00a0<em>Daimon<\/em>, 84, 5<span style=\"font-size: inherit;\">\u2013<\/span>9.<\/li>\n<li>P\u00e9rez-Navarro, E. (2021). <a href=\"https:\/\/ojs.ehu.eus\/index.php\/THEORIA\/article\/view\/22067\">No matter who: What makes one a relativist?<\/a> <em>Theoria: An International Journal for Theory, History and Foundations of Science<\/em>, 36(2), 231<span style=\"font-size: inherit;\">\u2013242<\/span>.<\/li>\n<li>P\u00e9rez-Navarro, E. (2021). <a href=\"https:\/\/dialnet.unirioja.es\/servlet\/articulo?codigo=7871316\">Fregean themes in the\u00a0<em>Tractatus<\/em>: Context, compositionality, and nonsense<\/a>.\u00a0<em>Teorema<\/em>, 40(2), 117<span style=\"font-size: inherit;\">\u2013132<\/span>.<\/li>\n<li>P\u00e9rez-Navarro, E. (2020). <a href=\"https:\/\/brill.com\/view\/journals\/gps\/97\/2\/article-p223_223.xml\">Are Frege&#8217;s thoughts Fregean propositions?<\/a>\u00a0<em>Grazer Philosophische Studien<\/em>, 97(2), 223<span style=\"font-size: inherit;\">\u2013<\/span>244.<\/li>\n<li>P\u00e9rez-Navarro, E., Fern\u00e1ndez Castro, V., Gonz\u00e1lez de Prado Salas, J., &amp; Heras-Escribano, M. (2019). <a href=\"https:\/\/www.pdcnet.org\/resphilosophica\/content\/resphilosophica_2019_0999_8_8_95\">Not expressivist enough: Normative disagreement about belief attribution<\/a>.\u00a0<em>Res Philosophica<\/em> 96(4), 409<span style=\"font-size: inherit;\">\u2013<\/span>430.<\/li>\n<li>P\u00e9rez-Navarro, E. (2019). <a href=\"https:\/\/www.solofici.org\/wp-content\/uploads\/2021\/02\/Revista-de-la-Sociedad-de-Lo%CC%81gica-Metodologi%CC%81a-y-Filosofi%CC%81a-de-la-Ciencia-en-Espan%CC%83a-Especial-IV-Conferencia-de-Graduados-octubre-2019.pdf\">Relativism, contextualism, expressivism, and the relativist stance<\/a>.\u00a0<em>Revista de la Sociedad de L\u00f3gica, Metodolog\u00eda y Filosof\u00eda de la Ciencia en Espa\u00f1a<\/em>, special issue (October 2019), 51<span style=\"font-size: inherit;\">\u2013<\/span>54.<\/li>\n<\/ul>\n<p><span style=\"color: revert; font-size: 19px; font-weight: 900; letter-spacing: 0.13333em; text-transform: uppercase;\">Book chapters<\/span><\/p>\n<ul>\n<li>P\u00e9rez-Navarro, E. &amp; Villanueva, N. (forthcoming). Expresivismo contempor\u00e1neo: nuevos retos y nuevas soluciones. In I. Vicario (ed.),\u00a0<em>Filosof\u00eda del Lenguaje<\/em>, Madrid: Tecnos.<\/li>\n<\/ul>\n<h4>Special issues<\/h4>\n<ul>\n<li>P\u00e9rez-Navarro, E. &amp; Fr\u00e1polli, M. J. (eds., 2021).\u00a0<a href=\"https:\/\/revistas.um.es\/daimon\/issue\/view\/19171\"><em>Expressing Hatred: The Political Dimension of Expressives<\/em><\/a>. Special issue of\u00a0<em>Daimon<\/em>, 84.<\/li>\n<\/ul>\n<h4>Critical notices<\/h4>\n<ul>\n<li>P\u00e9rez-Navarro, E. (2017). <a href=\"https:\/\/www.jstor.org\/stable\/26384598?seq=1#page_scan_tab_contents\">The role of the ascribee&#8217;s representations in belief ascriptions<\/a> (critical notice of Mark Richard&#8217;s\u00a0<em>Context and the Attitudes (Meaning in Context, Volume I<\/em><em>)<\/em>).\u00a0<em>Teorema<\/em>, 36(1), 113<span style=\"font-size: inherit;\">\u2013<\/span>125.<\/li>\n<\/ul>\n\n\n<p><\/p>\n","protected":false},"excerpt":{"rendered":"<p>Papers P\u00e9rez-Navarro, E. (2022). Valor sem\u00e1ntico y contenido asert\u00f3rico en Frege.\u00a0Revista de la Sociedad de L\u00f3gica, Metodolog\u00eda y Filosof\u00eda de la Ciencia en Espa\u00f1a, 66, 44-46. P\u00e9rez-Navarro, E. (2022). The way things go: Moral relativism and suspension of judgment.\u00a0Philosophical Studies, 179(1), 49-64. P\u00e9rez-Navarro, E. (2021). Indexical relativism? Philosophia. DOI:\u00a010.1007\/s11406-021-00441-4. Moreno, A. &amp; P\u00e9rez-Navarro, E. (2021). &hellip; <a href=\"https:\/\/wpd.ugr.es\/~edperez\/en\/papers\/\" class=\"more-link\">Continue reading<span class=\"screen-reader-text\"> &#8220;Publications&#8221;<\/span><\/a><\/p>\n","protected":false},"author":1,"featured_media":0,"parent":0,"menu_order":0,"comment_status":"closed","ping_status":"closed","template":"","meta":[],"_links":{"self":[{"href":"https:\/\/wpd.ugr.es\/~edperez\/en\/wp-json\/wp\/v2\/pages\/8"}],"collection":[{"href":"https:\/\/wpd.ugr.es\/~edperez\/en\/wp-json\/wp\/v2\/pages"}],"about":[{"href":"https:\/\/wpd.ugr.es\/~edperez\/en\/wp-json\/wp\/v2\/types\/page"}],"author":[{"embeddable":true,"href":"https:\/\/wpd.ugr.es\/~edperez\/en\/wp-json\/wp\/v2\/users\/1"}],"replies":[{"embeddable":true,"href":"https:\/\/wpd.ugr.es\/~edperez\/en\/wp-json\/wp\/v2\/comments?post=8"}],"version-history":[{"count":26,"href":"https:\/\/wpd.ugr.es\/~edperez\/en\/wp-json\/wp\/v2\/pages\/8\/revisions"}],"predecessor-version":[{"id":213,"href":"https:\/\/wpd.ugr.es\/~edperez\/en\/wp-json\/wp\/v2\/pages\/8\/revisions\/213"}],"wp:attachment":[{"href":"https:\/\/wpd.ugr.es\/~edperez\/en\/wp-json\/wp\/v2\/media?parent=8"}],"curies":[{"name":"wp","href":"https:\/\/api.w.org\/{rel}","templated":true}]}}