{"id":10,"date":"2017-05-02T12:16:41","date_gmt":"2017-05-02T12:16:41","guid":{"rendered":"http:\/\/wpd.ugr.es\/~edperez\/?page_id=10"},"modified":"2021-06-05T11:15:35","modified_gmt":"2021-06-05T11:15:35","slug":"docencia","status":"publish","type":"page","link":"https:\/\/wpd.ugr.es\/~edperez\/docencia\/","title":{"rendered":"Docencia"},"content":{"rendered":"<h4>Curso 2020-2021<\/h4>\n<ul>\n<li><em>Filosof\u00eda del Lenguaje<\/em> (asignatura obligatoria del 2\u00ba curso del Grado en Filosof\u00eda de la Universidad de Granada, 3 cr\u00e9ditos).<\/li>\n<li><em>Epistemolog\u00eda<\/em> (asignatura obligatoria del 2\u00ba curso del Grado en Filosof\u00eda de la Universidad de Granada, 2 cr\u00e9ditos).<\/li>\n<li><em>La L\u00f3gica y su Filosof\u00eda<\/em> (asignatura optativa del 2\u00ba curso del Grado en Filosof\u00eda de la Universidad de Granada, 2 cr\u00e9ditos).<\/li>\n<\/ul>\n<h4>Curso 2018-2019<\/h4>\n<ul>\n<li><em>M\u00e9todos de Investigaci\u00f3n en Filosof\u00eda<\/em> (asignatura obligatoria del 1\u00ba curso del Grado en Filosof\u00eda de la Universidad de Granada, 1,5 cr\u00e9ditos).<\/li>\n<li><em>La L\u00f3gica y su Filosof\u00eda<\/em> (asignatura optativa del 2\u00ba curso del Grado en Filosof\u00eda de la Universidad de Granada, 2 cr\u00e9ditos).<\/li>\n<\/ul>\n<h4>Curso 2017-2018<\/h4>\n<ul>\n<li><em>M\u00e9todos de Investigaci\u00f3n en Filosof\u00eda<\/em> (asignatura obligatoria del 1\u00ba curso del Grado en Filosof\u00eda de la Universidad de Granada, 1,5 cr\u00e9ditos).<\/li>\n<li><em>La L\u00f3gica y su Filosof\u00eda<\/em> (asignatura optativa del 2\u00ba curso del Grado en Filosof\u00eda de la Universidad de Granada, 2 cr\u00e9ditos).<\/li>\n<\/ul>\n<h4>Curso 2016-2017<\/h4>\n<ul>\n<li><em>Filosof\u00eda del Lenguaje<\/em> (asignatura obligatoria del 2\u00ba curso del Grado en Filosof\u00eda de\u00a0la Universidad de Granada, 2 cr\u00e9ditos).<\/li>\n<li><em>La L\u00f3gica y su Filosof\u00eda<\/em> (asignatura optativa del 2\u00ba curso del Grado en Filosof\u00eda de\u00a0la Universidad de Granada, 1 cr\u00e9dito).<\/li>\n<\/ul>\n","protected":false},"excerpt":{"rendered":"<p>Curso 2020-2021 Filosof\u00eda del Lenguaje (asignatura obligatoria del 2\u00ba curso del Grado en Filosof\u00eda de la Universidad de Granada, 3 cr\u00e9ditos). Epistemolog\u00eda (asignatura obligatoria del 2\u00ba curso del Grado en Filosof\u00eda de la Universidad de Granada, 2 cr\u00e9ditos). La L\u00f3gica y su Filosof\u00eda (asignatura optativa del 2\u00ba curso del Grado en Filosof\u00eda de la Universidad &hellip; <a href=\"https:\/\/wpd.ugr.es\/~edperez\/docencia\/\" class=\"more-link\">Continuar leyendo<span class=\"screen-reader-text\"> \u00abDocencia\u00bb<\/span><\/a><\/p>\n","protected":false},"author":1,"featured_media":0,"parent":0,"menu_order":0,"comment_status":"closed","ping_status":"closed","template":"","meta":[],"_links":{"self":[{"href":"https:\/\/wpd.ugr.es\/~edperez\/wp-json\/wp\/v2\/pages\/10"}],"collection":[{"href":"https:\/\/wpd.ugr.es\/~edperez\/wp-json\/wp\/v2\/pages"}],"about":[{"href":"https:\/\/wpd.ugr.es\/~edperez\/wp-json\/wp\/v2\/types\/page"}],"author":[{"embeddable":true,"href":"https:\/\/wpd.ugr.es\/~edperez\/wp-json\/wp\/v2\/users\/1"}],"replies":[{"embeddable":true,"href":"https:\/\/wpd.ugr.es\/~edperez\/wp-json\/wp\/v2\/comments?post=10"}],"version-history":[{"count":6,"href":"https:\/\/wpd.ugr.es\/~edperez\/wp-json\/wp\/v2\/pages\/10\/revisions"}],"predecessor-version":[{"id":162,"href":"https:\/\/wpd.ugr.es\/~edperez\/wp-json\/wp\/v2\/pages\/10\/revisions\/162"}],"wp:attachment":[{"href":"https:\/\/wpd.ugr.es\/~edperez\/wp-json\/wp\/v2\/media?parent=10"}],"curies":[{"name":"wp","href":"https:\/\/api.w.org\/{rel}","templated":true}]}}