{"id":12,"date":"2017-05-02T12:18:06","date_gmt":"2017-05-02T12:18:06","guid":{"rendered":"http:\/\/wpd.ugr.es\/~edperez\/?page_id=12"},"modified":"2022-02-17T07:46:43","modified_gmt":"2022-02-17T07:46:43","slug":"conferencias","status":"publish","type":"page","link":"https:\/\/wpd.ugr.es\/~edperez\/conferencias\/","title":{"rendered":"Conferencias"},"content":{"rendered":"<ul>\n<li>\u00abThe way things go: Moral relativism and suspension of judgment\u00bb, en el X Congreso de la SLMFCE (Salamanca, 16-19 de noviembre de 2021).<\/li>\n<li>\u00abEl efecto resistente de los <em>slurs<\/em>. Una propuesta presuposicional no proposicional\u00bb (con Alba Moreno), en el Grupo de Ling\u00fc\u00edstica y Filosof\u00eda del Lenguaje de Buenos Aires (<em>online<\/em>, 3 de noviembre de 2021).<\/li>\n<li>\u00abRelative felicity and its applications: Misgendering and deadnaming\u00bb, en el 14\u00ba Congreso de la Sociedad Italiana de Filosof\u00eda Anal\u00edtica (Noto, Italia, 22-24 de septiembre de 2021).<\/li>\n<li>Sesi\u00f3n sobre\u00a0<em>Relativism<\/em>, de Maria Baghramian y Annalisa Coliva, junto con las autoras, Paul Boghossian, Max K\u00f6lbel y John MacFarlane, en Truth 2021 (<em>online<\/em>, 22 de julio de 2021).<\/li>\n<li>\u00abIndexical relativism?\u00bb, en PhiLang 2021 (<em>online<\/em>, 14-16 de mayo de 2021).<\/li>\n<li>\u00abThe way things go: Moral relativism and suspension of judgment\u00bb, en ALEF: A Reading Group Dedicated to Logic, Analytic Philosophy and Epistemology (<em>online<\/em>, 20 de noviembre de 2020).<\/li>\n<li>\u00abEpistemic justice without moral realism: An evaluativist externalism\u00bb (con Manuel Almagro), en el Tenth European Congress of Analytic Philosophy (<em>online<\/em>, 24-28 de agosto de 2020).<\/li>\n<li>\u00abBeyond the conversation: A non-propositional account of slurs\u00bb (con Alba Moreno), en el IV Congreso de la Sociedad Espa\u00f1ola de Filosof\u00eda Anal\u00edtica (Val\u00e8ncia, 21-23 de noviembre de 2019).<\/li>\n<li>\u00abRelativism, contextualism, expressivism, and the relativist stance\u00bb, en SOPhiA 2019 (Salzburgo, Austria, 18-20 de septiembre de 2019).<\/li>\n<li>\u00abBeyond the conversation: A non-propositional account of slurs\u00bb (con Alba Moreno), en la Escuela Internacional de Verano FiloLab 2019 (Granada, 8-12 de julio de 2019).<\/li>\n<li>\u00abRelativism, contextualism, expressivism, and the relativist stance\u00bb, en el IV Congreso de Postgrado de la SLMFCE (Donostia, 6-7 de junio de 2019).<\/li>\n<li>\u00ab\u00bfPuede el inferencialismo acomodar la distinci\u00f3n descriptivo-normativo?\u00bb (con Llanos Navarro), en el 2nd PhDialogues Meeting (Val\u00e8ncia, 30-31 de mayo de 2019).<\/li>\n<li>\u00abSlurs and non-propositional content\u00bb (con Alba Moreno), en EvalLang-2019 (Par\u00eds, Francia, 6-7 de mayo de 2019).<\/li>\n<li>\u00abThe concept of a proposition in the philosophy of language\u00bb, en el HSSA Symposium 2018 (Berkeley, California, EE.UU., 16 de noviembre de 2018).<\/li>\n<li>\u00abRelativismo y verdad\u00bb y \u00abExpresivismo din\u00e1mico\u00bb, conferencias invitadas en la Universidad Aut\u00f3noma de Nayarit (Tepic, M\u00e9xico, 25-26 de octubre de 2018).<\/li>\n<li>\u00abIs injustice in speech a form of distributive injustice?\u00bb, en el II <em>Workshop<\/em> Physis-Filosof\u00eda y An\u00e1lisis (Granada, 26-27 de abril de 2018).<\/li>\n<li>\u00abRelativismo y opacidad\u00bb (con Neftal\u00ed Villanueva), en el Primer Encuentro Conjunto Physis-Filosof\u00eda y An\u00e1lisis de Filosof\u00eda Anal\u00edtica (Madrid, 24 de noviembre de 2017).<\/li>\n<li>\u00abRelativism and opacity\u00bb (con Neftal\u00ed Villanueva), en el\u00a0Ninth European Congress of Analytic Philosophy (M\u00fanich, Alemania, 21-26 de agosto de 2017).<\/li>\n<li>\u00abRelativism and opacity\u00bb (con Neftal\u00ed Villanueva), en PhiLang 2017\u00a0(\u0141\u00f3d\u017a, Polonia, 12-14 de mayo de 2017).<\/li>\n<li>\u00abNot expressivist enough: Normative disagreement about belief attribution\u00bb (con V\u00edctor Fern\u00e1ndez Castro), en el\u00a0Granada Workshop on Epistemic Expressivism (Granada, 10-11 de enero de 2017).<\/li>\n<li>\u00abExpresivismo, relativismo y estados mentales h\u00edbridos\u00bb (con Jos\u00e9 Ram\u00f3n Torices), en el VIII Congreso de la Sociedad Espa\u00f1ola de Filosof\u00eda Anal\u00edtica (Oviedo, 10-12 de noviembre de 2016).<\/li>\n<li>\u00abNot expressivist enough: Normative disagreement about belief attribution\u00bb (con V\u00edctor Fern\u00e1ndez Castro), en el congreso\u00a0<em>New Directions for Expressivism<\/em> (Sheffield, Reino Unido, 17-19 de agosto de 2016).<\/li>\n<\/ul>\n","protected":false},"excerpt":{"rendered":"<p>\u00abThe way things go: Moral relativism and suspension of judgment\u00bb, en el X Congreso de la SLMFCE (Salamanca, 16-19 de noviembre de 2021). \u00abEl efecto resistente de los slurs. Una propuesta presuposicional no proposicional\u00bb (con Alba Moreno), en el Grupo de Ling\u00fc\u00edstica y Filosof\u00eda del Lenguaje de Buenos Aires (online, 3 de noviembre de 2021). &hellip; <a href=\"https:\/\/wpd.ugr.es\/~edperez\/conferencias\/\" class=\"more-link\">Continuar leyendo<span class=\"screen-reader-text\"> \u00abConferencias\u00bb<\/span><\/a><\/p>\n","protected":false},"author":1,"featured_media":0,"parent":0,"menu_order":0,"comment_status":"closed","ping_status":"closed","template":"","meta":[],"_links":{"self":[{"href":"https:\/\/wpd.ugr.es\/~edperez\/wp-json\/wp\/v2\/pages\/12"}],"collection":[{"href":"https:\/\/wpd.ugr.es\/~edperez\/wp-json\/wp\/v2\/pages"}],"about":[{"href":"https:\/\/wpd.ugr.es\/~edperez\/wp-json\/wp\/v2\/types\/page"}],"author":[{"embeddable":true,"href":"https:\/\/wpd.ugr.es\/~edperez\/wp-json\/wp\/v2\/users\/1"}],"replies":[{"embeddable":true,"href":"https:\/\/wpd.ugr.es\/~edperez\/wp-json\/wp\/v2\/comments?post=12"}],"version-history":[{"count":20,"href":"https:\/\/wpd.ugr.es\/~edperez\/wp-json\/wp\/v2\/pages\/12\/revisions"}],"predecessor-version":[{"id":193,"href":"https:\/\/wpd.ugr.es\/~edperez\/wp-json\/wp\/v2\/pages\/12\/revisions\/193"}],"wp:attachment":[{"href":"https:\/\/wpd.ugr.es\/~edperez\/wp-json\/wp\/v2\/media?parent=12"}],"curies":[{"name":"wp","href":"https:\/\/api.w.org\/{rel}","templated":true}]}}