{"id":5,"date":"2017-05-02T12:16:26","date_gmt":"2017-05-02T12:16:26","guid":{"rendered":"http:\/\/wpd.ugr.es\/~edperez\/?page_id=5"},"modified":"2022-02-28T13:32:55","modified_gmt":"2022-02-28T13:32:55","slug":"inicio","status":"publish","type":"page","link":"https:\/\/wpd.ugr.es\/~edperez\/","title":{"rendered":"Inicio"},"content":{"rendered":"<p><img loading=\"lazy\" class=\"size-medium wp-image-89 alignleft\" src=\"http:\/\/wpd.ugr.es\/~edperez\/wp-content\/uploads\/2019\/06\/f831929b-3d90-4bbd-a0c5-275b7d4dda4b-225x300.jpg\" alt=\"\" width=\"225\" height=\"300\" srcset=\"https:\/\/wpd.ugr.es\/~edperez\/wp-content\/uploads\/2019\/06\/f831929b-3d90-4bbd-a0c5-275b7d4dda4b-225x300.jpg 225w, https:\/\/wpd.ugr.es\/~edperez\/wp-content\/uploads\/2019\/06\/f831929b-3d90-4bbd-a0c5-275b7d4dda4b-768x1024.jpg 768w, https:\/\/wpd.ugr.es\/~edperez\/wp-content\/uploads\/2019\/06\/f831929b-3d90-4bbd-a0c5-275b7d4dda4b.jpg 1200w\" sizes=\"(max-width: 225px) 85vw, 225px\" \/>Soy contratado postdoctoral Margarita Salas en el\u00a0<a href=\"http:\/\/filosofia1.ugr.es\">Departamento de Filosof\u00eda I<\/a> de la <a href=\"http:\/\/www.ugr.es\">Universidad de Granada<\/a>\u00a0y, actualmente, investigador visitante en la <a href=\"https:\/\/www.ed.ac.uk\/ppls\">Escuela de Filosof\u00eda, Psicolog\u00eda y Ciencias del Lenguaje<\/a> de la <a href=\"https:\/\/www.ed.ac.uk\">Universidad de Edimburgo<\/a>. Estoy adscrito al grupo de investigaci\u00f3n <a href=\"http:\/\/wpd.ugr.es\/~fya\">Filosof\u00eda y An\u00e1lisis<\/a>\u00a0y la unidad de excelencia <a href=\"http:\/\/wpd.ugr.es\/~filolab\/wordpress\/\">FiloLab-UGR<\/a>. Mi \u00e1rea de inter\u00e9s es la filosof\u00eda del lenguaje. Me intriga particularmente el comportamiento peculiar exhibido por los usos evaluativos del lenguaje, que intento explicar a trav\u00e9s de un marco sem\u00e1ntico que combina elementos relativistas y expresivistas.<\/p>\n<p>Hice mi\u00a0<a href=\"http:\/\/wpd.ugr.es\/~edperez\/wp-content\/uploads\/2019\/09\/tesis.pdf\">tesis doctoral<\/a>, titulada <em>Ways of Living: The Semantics of the Relativist Stance<\/em>\u00a0y dirigida por <a href=\"http:\/\/www.ugr.es\/~frapolli\/\">Mar\u00eda Jos\u00e9 Fr\u00e1polli<\/a>, en la Universidad de Granada.\u00a0Como parte de la realizaci\u00f3n de la tesis\u00a0fui doctorando visitante en el <a href=\"http:\/\/www.institutnicod.org\">Instituto Jean Nicod<\/a> de Par\u00eds bajo la supervisi\u00f3n de <a href=\"http:\/\/parles.upf.edu\/llocs\/istojanovic\/index.html\">Isidora Stojanovic<\/a>\u00a0y en el <a href=\"http:\/\/philosophy.berkeley.edu\">Departamento de Filosof\u00eda<\/a> de la <a href=\"http:\/\/berkeley.edu\">Universidad de California, Berkeley<\/a> bajo la supervisi\u00f3n de <a href=\"http:\/\/johnmacfarlane.net\">John MacFarlane<\/a>.<\/p>\n<p>En este\u00a0sitio puedes encontrar mis\u00a0<a href=\"http:\/\/wpd.ugr.es\/~edperez\/publicaciones\/\">publicaciones<\/a>, mis <a href=\"http:\/\/wpd.ugr.es\/~edperez\/conferencias\">conferencias<\/a>,\u00a0mis\u00a0<a href=\"http:\/\/wpd.ugr.es\/~edperez\/docencia\/\">clases<\/a>, mis <a href=\"http:\/\/wpd.ugr.es\/~edperez\/proyectos\/\">proyectos<\/a> y mis\u00a0<a href=\"http:\/\/wpd.ugr.es\/~edperez\/contacto\">datos de contacto<\/a>, adem\u00e1s de mi <a href=\"http:\/\/wpd.ugr.es\/~edperez\/wp-content\/uploads\/2022\/02\/CVN.pdf\">CV<\/a>.<\/p>\n","protected":false},"excerpt":{"rendered":"<p>Soy contratado postdoctoral Margarita Salas en el\u00a0Departamento de Filosof\u00eda I de la Universidad de Granada\u00a0y, actualmente, investigador visitante en la Escuela de Filosof\u00eda, Psicolog\u00eda y Ciencias del Lenguaje de la Universidad de Edimburgo. Estoy adscrito al grupo de investigaci\u00f3n Filosof\u00eda y An\u00e1lisis\u00a0y la unidad de excelencia FiloLab-UGR. Mi \u00e1rea de inter\u00e9s es la filosof\u00eda del &hellip; <a href=\"https:\/\/wpd.ugr.es\/~edperez\/\" class=\"more-link\">Continuar leyendo<span class=\"screen-reader-text\"> \u00abInicio\u00bb<\/span><\/a><\/p>\n","protected":false},"author":1,"featured_media":0,"parent":0,"menu_order":0,"comment_status":"closed","ping_status":"closed","template":"","meta":[],"_links":{"self":[{"href":"https:\/\/wpd.ugr.es\/~edperez\/wp-json\/wp\/v2\/pages\/5"}],"collection":[{"href":"https:\/\/wpd.ugr.es\/~edperez\/wp-json\/wp\/v2\/pages"}],"about":[{"href":"https:\/\/wpd.ugr.es\/~edperez\/wp-json\/wp\/v2\/types\/page"}],"author":[{"embeddable":true,"href":"https:\/\/wpd.ugr.es\/~edperez\/wp-json\/wp\/v2\/users\/1"}],"replies":[{"embeddable":true,"href":"https:\/\/wpd.ugr.es\/~edperez\/wp-json\/wp\/v2\/comments?post=5"}],"version-history":[{"count":36,"href":"https:\/\/wpd.ugr.es\/~edperez\/wp-json\/wp\/v2\/pages\/5\/revisions"}],"predecessor-version":[{"id":196,"href":"https:\/\/wpd.ugr.es\/~edperez\/wp-json\/wp\/v2\/pages\/5\/revisions\/196"}],"wp:attachment":[{"href":"https:\/\/wpd.ugr.es\/~edperez\/wp-json\/wp\/v2\/media?parent=5"}],"curies":[{"name":"wp","href":"https:\/\/api.w.org\/{rel}","templated":true}]}}