{"id":65,"date":"2018-10-29T05:12:11","date_gmt":"2018-10-29T05:12:11","guid":{"rendered":"http:\/\/wpd.ugr.es\/~edperez\/?page_id=65"},"modified":"2021-11-11T09:30:21","modified_gmt":"2021-11-11T09:30:21","slug":"proyectos","status":"publish","type":"page","link":"https:\/\/wpd.ugr.es\/~edperez\/proyectos\/","title":{"rendered":"Proyectos"},"content":{"rendered":"<p>Art\u00edculos en proceso de escritura o publicaci\u00f3n:<\/p>\n<h6 style=\"padding-left: 30px;\">What goes semantically wrong in deadnaming?<\/h6>\n<p style=\"padding-left: 30px;\">En este art\u00edculo, aplico el relativismo del evaluador de MacFarlane para explicar en qu\u00e9 sentido son sem\u00e1nticamente defectuosas las oraciones que contienen&nbsp;<em>deadnaming<\/em>.<\/p>\n<h6 style=\"padding-left: 30px;\">Relativism and opacity (con <a href=\"https:\/\/www.ugr.es\/~nef\/\">Neftal\u00ed Villanueva<\/a>)<\/h6>\n<p style=\"padding-left: 30px;\">En este art\u00edculo, argumentamos que el relativismo con respecto a la atribuci\u00f3n opaca de creencias permite resolver el puzzle de Frege.<\/p>\n<h6 style=\"padding-left: 30px;\">Relativism and expressivism: Bridging the gap (con <a href=\"https:\/\/joseramontorices.wordpress.com\">Jos\u00e9 Ram\u00f3n Torices<\/a>)<\/h6>\n<p style=\"padding-left: 30px;\">En este art\u00edculo, argumentamos, contra MacFarlane, que el relativismo y el expresivismo no son incompatibles y sugerimos c\u00f3mo podr\u00edan combinarse.<\/p>\n<p>Si tienes inter\u00e9s en leer la versi\u00f3n actual de cualquiera de estos art\u00edculos, no dudes en <a href=\"http:\/\/wpd.ugr.es\/~edperez\/contacto\/\">contactar conmigo<\/a>.<\/p>\n","protected":false},"excerpt":{"rendered":"<p>Art\u00edculos en proceso de escritura o publicaci\u00f3n: What goes semantically wrong in deadnaming? En este art\u00edculo, aplico el relativismo del evaluador de MacFarlane para explicar en qu\u00e9 sentido son sem\u00e1nticamente defectuosas las oraciones que contienen&nbsp;deadnaming. Relativism and opacity (con Neftal\u00ed Villanueva) En este art\u00edculo, argumentamos que el relativismo con respecto a la atribuci\u00f3n opaca de &hellip; <a href=\"https:\/\/wpd.ugr.es\/~edperez\/proyectos\/\" class=\"more-link\">Continuar leyendo<span class=\"screen-reader-text\"> \u00abProyectos\u00bb<\/span><\/a><\/p>\n","protected":false},"author":1,"featured_media":0,"parent":0,"menu_order":0,"comment_status":"closed","ping_status":"closed","template":"","meta":[],"_links":{"self":[{"href":"https:\/\/wpd.ugr.es\/~edperez\/wp-json\/wp\/v2\/pages\/65"}],"collection":[{"href":"https:\/\/wpd.ugr.es\/~edperez\/wp-json\/wp\/v2\/pages"}],"about":[{"href":"https:\/\/wpd.ugr.es\/~edperez\/wp-json\/wp\/v2\/types\/page"}],"author":[{"embeddable":true,"href":"https:\/\/wpd.ugr.es\/~edperez\/wp-json\/wp\/v2\/users\/1"}],"replies":[{"embeddable":true,"href":"https:\/\/wpd.ugr.es\/~edperez\/wp-json\/wp\/v2\/comments?post=65"}],"version-history":[{"count":17,"href":"https:\/\/wpd.ugr.es\/~edperez\/wp-json\/wp\/v2\/pages\/65\/revisions"}],"predecessor-version":[{"id":170,"href":"https:\/\/wpd.ugr.es\/~edperez\/wp-json\/wp\/v2\/pages\/65\/revisions\/170"}],"wp:attachment":[{"href":"https:\/\/wpd.ugr.es\/~edperez\/wp-json\/wp\/v2\/media?parent=65"}],"curies":[{"name":"wp","href":"https:\/\/api.w.org\/{rel}","templated":true}]}}